{"id":10024,"date":"2023-07-11T13:00:37","date_gmt":"2023-07-11T11:00:37","guid":{"rendered":"https:\/\/www.laboratoire-diamex.com\/catalogue\/diamex-aloe-vera-shampoo\/"},"modified":"2024-07-02T12:34:36","modified_gmt":"2024-07-02T10:34:36","slug":"diamex-aloe-vera-shampoo","status":"publish","type":"product","link":"https:\/\/www.laboratoire-diamex.com\/de\/katalog\/diamex-aloe-vera-shampoo\/","title":{"rendered":"Diamex Aloe Vera Shampoo"},"content":{"rendered":"<h2>Beschreibung<\/h2>\n<p>Diamex Aloe Vera Shampoo ist daf\u00fcr bekannt, dass es gesch\u00e4digtes Fell wieder mit Feuchtigkeit versorgt, den PH-Wert der Haut stabilisiert, die Blutzirkulation anregt und die Produktion neuer Zellen beschleunigt, es wirkt gegen trockene Seborrhoe (Schuppen).<\/p>\n<h2>Verpackungen<\/h2>\n<p>250 Milliliter, 1 Liter, 5 Liter und 25 Liter.<\/p>\n<h2>Gebrauchsanweisung<\/h2>\n<p>Gr\u00fcndlich anfeuchten und das Shampoo mit einer leichten Massage auf das gesamte Fell auftragen, 2 bis 3 Minuten einwirken lassen und anschlie\u00dfend gr\u00fcndlich aussp\u00fclen. Vermeiden Sie den Kontakt mit den Augen.<\/p>\n<h2>Verd\u00fcnnung<\/h2>\n<p>125 Milliliter Shampoo auf 1 Liter Wasser.<\/p>\n<h2>Eigenschaften<\/h2>\n<p>&#8211;<\/p>\n<h2>Tipps zur Verwendung<\/h2>\n<p>&#8211;<\/p>\n<h2>Zusammensetzung<\/h2>\n<p>Aqua, Sodium Laureth Sulfate, Tea-Lauryl Sulfate, Glycerin, Cocamide Dea and Glycerol, Sodium Chloride, Cocamidopropyl Betaine, Aloe Barbadensis Leaf Powder, Octyldodecanol, Sorbitan Laurate, Perfume, Citric Acid, Sodium Benzoate, F\u00e4rbemittel, Kalium Sorbate.<\/p>\n<h2>EAN-Codes<\/h2>\n<ul>\n<li>250 Milliliter: 54 250 1685 453 2<\/li>\n<li>1 Liter: 54 250 1685 454 9<\/li>\n<li>5 Liter: 54 250 1685 455 6<\/li>\n<li>25 Liter: 54 250 1685 456 3<\/li>\n<\/ul>\n<h2>Referenzen<\/h2>\n<ul>\n<li>250 Milliliter: 5301150<\/li>\n<li>1 Liter: 5301160<\/li>\n<li>5 Liter: 5301170<\/li>\n<li>25 Liter: 5301180<\/li>\n<\/ul>\n","protected":false},"excerpt":{"rendered":"<p>Diamex Aloe Vera Shampoo ist daf\u00fcr bekannt, dass es gesch\u00e4digtes Fell wieder mit Feuchtigkeit versorgt, den PH-Wert der Haut stabilisiert, die Blutzirkulation anregt und die Produktion neuer Zellen beschleunigt, es wirkt gegen trockene Seborrhoe (Schuppen).<\/p>\n","protected":false},"featured_media":10032,"template":"","meta":{"site-sidebar-layout":"default","site-content-layout":"default","ast-site-content-layout":"default","site-content-style":"default","site-sidebar-style":"default","ast-global-header-display":"","ast-banner-title-visibility":"","ast-main-header-display":"","ast-hfb-above-header-display":"","ast-hfb-below-header-display":"","ast-hfb-mobile-header-display":"","site-post-title":"","ast-breadcrumbs-content":"","ast-featured-img":"","footer-sml-layout":"","ast-disable-related-posts":"","theme-transparent-header-meta":"default","adv-header-id-meta":"","stick-header-meta":"default","header-above-stick-meta":"","header-main-stick-meta":"","header-below-stick-meta":"","astra-migrate-meta-layouts":"default","ast-page-background-enabled":"default","ast-page-background-meta":{"desktop":{"background-color":"var(--ast-global-color-4)","background-image":"","background-repeat":"repeat","background-position":"center center","background-size":"auto","background-attachment":"scroll","background-type":"","background-media":"","overlay-type":"","overlay-color":"","overlay-opacity":"","overlay-gradient":""},"tablet":{"background-color":"","background-image":"","background-repeat":"repeat","background-position":"center center","background-size":"auto","background-attachment":"scroll","background-type":"","background-media":"","overlay-type":"","overlay-color":"","overlay-opacity":"","overlay-gradient":""},"mobile":{"background-color":"","background-image":"","background-repeat":"repeat","background-position":"center center","background-size":"auto","background-attachment":"scroll","background-type":"","background-media":"","overlay-type":"","overlay-color":"","overlay-opacity":"","overlay-gradient":""}},"ast-content-background-meta":{"desktop":{"background-color":"var(--ast-global-color-5)","background-image":"","background-repeat":"repeat","background-position":"center center","background-size":"auto","background-attachment":"scroll","background-type":"","background-media":"","overlay-type":"","overlay-color":"","overlay-opacity":"","overlay-gradient":""},"tablet":{"background-color":"var(--ast-global-color-5)","background-image":"","background-repeat":"repeat","background-position":"center center","background-size":"auto","background-attachment":"scroll","background-type":"","background-media":"","overlay-type":"","overlay-color":"","overlay-opacity":"","overlay-gradient":""},"mobile":{"background-color":"var(--ast-global-color-5)","background-image":"","background-repeat":"repeat","background-position":"center center","background-size":"auto","background-attachment":"scroll","background-type":"","background-media":"","overlay-type":"","overlay-color":"","overlay-opacity":"","overlay-gradient":""}}},"product_brand":[],"product_cat":[753],"product_tag":[],"class_list":{"0":"post-10024","1":"product","2":"type-product","3":"status-publish","4":"has-post-thumbnail","6":"product_cat-classique-de","7":"pa_animal-hund","8":"pa_proprietes-anti-schuppen","9":"pa_proprietes-entfetter","10":"pa_proprietes-feuchtigkeitscreme","11":"pa_proprietes-reparateur-de-2","12":"pa_specificites-empfindliche-haut","13":"pa_type-de-poils-alle-arten","14":"pa_type-de-poils-kurzes-haar","15":"pa_type-de-poils-lange-haare","16":"desktop-align-left","17":"tablet-align-left","18":"mobile-align-left","19":"ast-product-gallery-layout-horizontal-slider","20":"ast-product-gallery-with-no-image","21":"ast-product-tabs-layout-horizontal","23":"first","24":"instock","25":"shipping-taxable","26":"product-type-simple"},"_links":{"self":[{"href":"https:\/\/www.laboratoire-diamex.com\/de\/wp-json\/wp\/v2\/product\/10024","targetHints":{"allow":["GET"]}}],"collection":[{"href":"https:\/\/www.laboratoire-diamex.com\/de\/wp-json\/wp\/v2\/product"}],"about":[{"href":"https:\/\/www.laboratoire-diamex.com\/de\/wp-json\/wp\/v2\/types\/product"}],"version-history":[{"count":0,"href":"https:\/\/www.laboratoire-diamex.com\/de\/wp-json\/wp\/v2\/product\/10024\/revisions"}],"wp:featuredmedia":[{"embeddable":true,"href":"https:\/\/www.laboratoire-diamex.com\/de\/wp-json\/wp\/v2\/media\/10032"}],"wp:attachment":[{"href":"https:\/\/www.laboratoire-diamex.com\/de\/wp-json\/wp\/v2\/media?parent=10024"}],"wp:term":[{"taxonomy":"product_brand","embeddable":true,"href":"https:\/\/www.laboratoire-diamex.com\/de\/wp-json\/wp\/v2\/product_brand?post=10024"},{"taxonomy":"product_cat","embeddable":true,"href":"https:\/\/www.laboratoire-diamex.com\/de\/wp-json\/wp\/v2\/product_cat?post=10024"},{"taxonomy":"product_tag","embeddable":true,"href":"https:\/\/www.laboratoire-diamex.com\/de\/wp-json\/wp\/v2\/product_tag?post=10024"}],"curies":[{"name":"wp","href":"https:\/\/api.w.org\/{rel}","templated":true}]}}