{"id":10145,"date":"2023-07-11T13:00:35","date_gmt":"2023-07-11T11:00:35","guid":{"rendered":"https:\/\/www.laboratoire-diamex.com\/catalogue\/diamex-bio-technic-shampoo-farbauffrischung\/"},"modified":"2024-07-02T12:35:24","modified_gmt":"2024-07-02T10:35:24","slug":"diamex-bio-technic-shampoo-farbauffrischung","status":"publish","type":"product","link":"https:\/\/www.laboratoire-diamex.com\/de\/katalog\/diamex-bio-technic-shampoo-farbauffrischung\/","title":{"rendered":"Shampooing Diamex BIO-TECHNIC Farbverst\u00e4rkendes Shampoo"},"content":{"rendered":"<h2>Beschreibung<\/h2>\n<p>Dieses pflanzliche Shampoo, das zu 99,9 % aus Inhaltsstoffen nat\u00fcrlichen Ursprungs besteht. Angereichert mit Aloe-Vera-Gel und Extrakten aus Seifenkrautbl\u00e4ttern ist es f\u00fcr alle Haartypen geeignet.<\/p>\n<p>Pflanzliche Ceramide, die aus Sonnenblumen\u00f6l gewonnen werden, sch\u00fctzen die Farbbrillanz, umh\u00fcllen das Fell, machen es gl\u00e4nzend und leicht zu b\u00fcrsten. H\u00f4-Holz\u00f6l hingegen hat adstringierende Eigenschaften, die der Haut neue Vitalit\u00e4t verleihen.<\/p>\n<p>Garantiert frei von petrochemischen Produkten, Parabenen, Farbstoffen, synthetischen Duftstoffen und Silikonen.<\/p>\n<h2>Verpackungen<\/h2>\n<p>200 Milliliter, 1 Liter und 5 Liter.<\/p>\n<h2>Gebrauchsanweisung<\/h2>\n<p>Das Shampoo gr\u00fcndlich anfeuchten und auf das gesamte Fell auftragen, dabei leicht einmassieren und anschlie\u00dfend gr\u00fcndlich aussp\u00fclen. Vermeiden Sie den Kontakt mit den Augen.<\/p>\n<h2>Verd\u00fcnnung<\/h2>\n<p>60ml des Produkts auf 1 Liter Wasser.<\/p>\n<h2>Eigenschaften<\/h2>\n<p>&#8211;<\/p>\n<h2>Tipps zur Verwendung<\/h2>\n<p>&#8211;<\/p>\n<h2>Zusammensetzung<\/h2>\n<p>&#8211;<\/p>\n<h2>EAN-Codes<\/h2>\n<ul>\n<li>200 Milliliter: 54 250 1685 652 9<\/li>\n<li>1 Liter :<\/li>\n<li>5 Liter :<\/li>\n<\/ul>\n<h2>Referenzen<\/h2>\n<ul>\n<li>200 Milliliter: 5301410<\/li>\n<li>1 Liter: 5301590<\/li>\n<li>5 Liter: 5301600<\/li>\n<\/ul>\n","protected":false},"excerpt":{"rendered":"<p>Dieses pflanzliche Shampoo, das zu 99,9 % aus Inhaltsstoffen nat\u00fcrlichen Ursprungs besteht. Angereichert mit Aloe-Vera-Gel und Extrakten aus Seifenkrautbl\u00e4ttern ist es f\u00fcr alle Haartypen geeignet.<\/p>\n","protected":false},"featured_media":10158,"template":"","meta":{"site-sidebar-layout":"default","site-content-layout":"default","ast-site-content-layout":"default","site-content-style":"default","site-sidebar-style":"default","ast-global-header-display":"","ast-banner-title-visibility":"","ast-main-header-display":"","ast-hfb-above-header-display":"","ast-hfb-below-header-display":"","ast-hfb-mobile-header-display":"","site-post-title":"","ast-breadcrumbs-content":"","ast-featured-img":"","footer-sml-layout":"","ast-disable-related-posts":"","theme-transparent-header-meta":"default","adv-header-id-meta":"","stick-header-meta":"default","header-above-stick-meta":"","header-main-stick-meta":"","header-below-stick-meta":"","astra-migrate-meta-layouts":"default","ast-page-background-enabled":"default","ast-page-background-meta":{"desktop":{"background-color":"var(--ast-global-color-4)","background-image":"","background-repeat":"repeat","background-position":"center center","background-size":"auto","background-attachment":"scroll","background-type":"","background-media":"","overlay-type":"","overlay-color":"","overlay-opacity":"","overlay-gradient":""},"tablet":{"background-color":"","background-image":"","background-repeat":"repeat","background-position":"center center","background-size":"auto","background-attachment":"scroll","background-type":"","background-media":"","overlay-type":"","overlay-color":"","overlay-opacity":"","overlay-gradient":""},"mobile":{"background-color":"","background-image":"","background-repeat":"repeat","background-position":"center center","background-size":"auto","background-attachment":"scroll","background-type":"","background-media":"","overlay-type":"","overlay-color":"","overlay-opacity":"","overlay-gradient":""}},"ast-content-background-meta":{"desktop":{"background-color":"var(--ast-global-color-5)","background-image":"","background-repeat":"repeat","background-position":"center center","background-size":"auto","background-attachment":"scroll","background-type":"","background-media":"","overlay-type":"","overlay-color":"","overlay-opacity":"","overlay-gradient":""},"tablet":{"background-color":"var(--ast-global-color-5)","background-image":"","background-repeat":"repeat","background-position":"center center","background-size":"auto","background-attachment":"scroll","background-type":"","background-media":"","overlay-type":"","overlay-color":"","overlay-opacity":"","overlay-gradient":""},"mobile":{"background-color":"var(--ast-global-color-5)","background-image":"","background-repeat":"repeat","background-position":"center center","background-size":"auto","background-attachment":"scroll","background-type":"","background-media":"","overlay-type":"","overlay-color":"","overlay-opacity":"","overlay-gradient":""}}},"product_brand":[],"product_cat":[822],"product_tag":[],"class_list":{"0":"post-10145","1":"product","2":"type-product","3":"status-publish","4":"has-post-thumbnail","6":"product_cat-vegetale-de","7":"pa_animal-hund","8":"pa_proprietes-farbauffrischer","9":"pa_specificites-pflanzlich","10":"pa_type-de-poils-alle-arten","11":"pa_type-de-poils-kurzes-haar","12":"pa_type-de-poils-lange-haare","13":"desktop-align-left","14":"tablet-align-left","15":"mobile-align-left","16":"ast-product-gallery-layout-horizontal-slider","17":"ast-product-gallery-with-no-image","18":"ast-product-tabs-layout-horizontal","20":"first","21":"instock","22":"shipping-taxable","23":"product-type-simple"},"_links":{"self":[{"href":"https:\/\/www.laboratoire-diamex.com\/de\/wp-json\/wp\/v2\/product\/10145","targetHints":{"allow":["GET"]}}],"collection":[{"href":"https:\/\/www.laboratoire-diamex.com\/de\/wp-json\/wp\/v2\/product"}],"about":[{"href":"https:\/\/www.laboratoire-diamex.com\/de\/wp-json\/wp\/v2\/types\/product"}],"version-history":[{"count":0,"href":"https:\/\/www.laboratoire-diamex.com\/de\/wp-json\/wp\/v2\/product\/10145\/revisions"}],"wp:featuredmedia":[{"embeddable":true,"href":"https:\/\/www.laboratoire-diamex.com\/de\/wp-json\/wp\/v2\/media\/10158"}],"wp:attachment":[{"href":"https:\/\/www.laboratoire-diamex.com\/de\/wp-json\/wp\/v2\/media?parent=10145"}],"wp:term":[{"taxonomy":"product_brand","embeddable":true,"href":"https:\/\/www.laboratoire-diamex.com\/de\/wp-json\/wp\/v2\/product_brand?post=10145"},{"taxonomy":"product_cat","embeddable":true,"href":"https:\/\/www.laboratoire-diamex.com\/de\/wp-json\/wp\/v2\/product_cat?post=10145"},{"taxonomy":"product_tag","embeddable":true,"href":"https:\/\/www.laboratoire-diamex.com\/de\/wp-json\/wp\/v2\/product_tag?post=10145"}],"curies":[{"name":"wp","href":"https:\/\/api.w.org\/{rel}","templated":true}]}}