{"id":10240,"date":"2023-07-11T13:00:55","date_gmt":"2023-07-11T11:00:55","guid":{"rendered":"https:\/\/www.laboratoire-diamex.com\/catalogue\/diamex-conditioner-conditioner-coco-bio\/"},"modified":"2024-07-03T10:03:36","modified_gmt":"2024-07-03T08:03:36","slug":"diamex-conditioner-conditioner-coco-bio","status":"publish","type":"product","link":"https:\/\/www.laboratoire-diamex.com\/de\/katalog\/diamex-conditioner-conditioner-coco-bio\/","title":{"rendered":"Diamex Coco Bio Conditioner"},"content":{"rendered":"<h2>Beschreibung<\/h2>\n<p>Conditioner, der f\u00fcr trockenes und br\u00fcchiges Haar empfohlen wird. Besonders geeignet f\u00fcr Hunde mit dichtem Fell und viel Unterwolle, die schwer zu entwirren ist. Dieses Produkt spendet Feuchtigkeit und n\u00e4hrt das Fell bis in die Tiefe, verleiht ihm wieder Glanz und Gl\u00e4tte und lindert Hautr\u00f6tungen.<\/p>\n<h2>Verpackungen<\/h2>\n<p>350 Milliliter und 800 Milliliter.<\/p>\n<h2>Gebrauchsanweisung<\/h2>\n<p><strong>Zum Reparieren:<\/strong> Das Produkt pur auf das trockene Fell auftragen, 10-20 Minuten einwirken lassen, gr\u00fcndlich aussp\u00fclen und anschlie\u00dfend shampoonieren. Um die Wirksamkeit zu erh\u00f6hen, tragen Sie das Produkt erneut auf die handtuchtrockenen L\u00e4ngen auf und sp\u00fclen Sie es anschlie\u00dfend gr\u00fcndlich aus.<\/p>\n<p><strong>Zum Entwirren:<\/strong> Das verd\u00fcnnte Produkt auf das trockene Fell auftragen, einmassieren und b\u00fcrsten, damit es einzieht, einige Minuten einwirken lassen, gr\u00fcndlich aussp\u00fclen und anschlie\u00dfend shampoonieren.<\/p>\n<p><strong>Zum F\u00fcttern:<\/strong> Nach dem Shampoonieren das Produkt pur oder verd\u00fcnnt auf das ausgewrungene Fell auftragen, einige Minuten einwirken lassen und dann gr\u00fcndlich aussp\u00fclen.<br \/>\nVerd\u00fcnnung<\/p>\n<h2>Eigenschaften<\/h2>\n<p>&#8211;<\/p>\n<h2>Produkttipps<\/h2>\n<p>&#8211;<\/p>\n<h2>Zusammensetzung<\/h2>\n<p>Aqua, cetearyl alcohol (and) dipalmitoylethyl hydroxyethylmonium methosulfate (and) ceteareth-20, cetrimonium chloride, octyldodecanol, cocos nucifera oil, guar hydroxypropyltrimonium chloride, citric acid, perfume, sodium benzoate, potassium sorbate.<br \/>\nErg\u00e4nzende Produkte<\/p>\n<h2>EAN-Codes<\/h2>\n<ul>\n<li>350 Milliliter: 54 250 1685 485 3<\/li>\n<li>800 Milliliter: 54 250 1685 484 6<\/li>\n<\/ul>\n<h2>Referenzen<\/h2>\n<ul>\n<li>350 Milliliter: 5301210<\/li>\n<li>800 Milliliter: 5301201<\/li>\n<\/ul>\n","protected":false},"excerpt":{"rendered":"<p>Conditioner, der f\u00fcr trockenes und br\u00fcchiges Haar empfohlen wird.<\/p>\n","protected":false},"featured_media":10254,"template":"","meta":{"site-sidebar-layout":"default","site-content-layout":"default","ast-site-content-layout":"default","site-content-style":"default","site-sidebar-style":"default","ast-global-header-display":"","ast-banner-title-visibility":"","ast-main-header-display":"","ast-hfb-above-header-display":"","ast-hfb-below-header-display":"","ast-hfb-mobile-header-display":"","site-post-title":"","ast-breadcrumbs-content":"","ast-featured-img":"","footer-sml-layout":"","ast-disable-related-posts":"","theme-transparent-header-meta":"default","adv-header-id-meta":"","stick-header-meta":"default","header-above-stick-meta":"","header-main-stick-meta":"","header-below-stick-meta":"","astra-migrate-meta-layouts":"default","ast-page-background-enabled":"default","ast-page-background-meta":{"desktop":{"background-color":"var(--ast-global-color-4)","background-image":"","background-repeat":"repeat","background-position":"center center","background-size":"auto","background-attachment":"scroll","background-type":"","background-media":"","overlay-type":"","overlay-color":"","overlay-opacity":"","overlay-gradient":""},"tablet":{"background-color":"","background-image":"","background-repeat":"repeat","background-position":"center center","background-size":"auto","background-attachment":"scroll","background-type":"","background-media":"","overlay-type":"","overlay-color":"","overlay-opacity":"","overlay-gradient":""},"mobile":{"background-color":"","background-image":"","background-repeat":"repeat","background-position":"center center","background-size":"auto","background-attachment":"scroll","background-type":"","background-media":"","overlay-type":"","overlay-color":"","overlay-opacity":"","overlay-gradient":""}},"ast-content-background-meta":{"desktop":{"background-color":"var(--ast-global-color-5)","background-image":"","background-repeat":"repeat","background-position":"center center","background-size":"auto","background-attachment":"scroll","background-type":"","background-media":"","overlay-type":"","overlay-color":"","overlay-opacity":"","overlay-gradient":""},"tablet":{"background-color":"var(--ast-global-color-5)","background-image":"","background-repeat":"repeat","background-position":"center center","background-size":"auto","background-attachment":"scroll","background-type":"","background-media":"","overlay-type":"","overlay-color":"","overlay-opacity":"","overlay-gradient":""},"mobile":{"background-color":"var(--ast-global-color-5)","background-image":"","background-repeat":"repeat","background-position":"center center","background-size":"auto","background-attachment":"scroll","background-type":"","background-media":"","overlay-type":"","overlay-color":"","overlay-opacity":"","overlay-gradient":""}}},"product_brand":[],"product_cat":[753],"product_tag":[],"class_list":{"0":"post-10240","1":"product","2":"type-product","3":"status-publish","4":"has-post-thumbnail","6":"product_cat-classique-de","7":"pa_animal-hund","8":"pa_proprietes-beruhigend","9":"pa_proprietes-entwirrer","10":"pa_proprietes-feuchtigkeitscreme","11":"pa_proprietes-futtern","12":"pa_proprietes-reparateur-de-2","13":"pa_proprietes-spulung","14":"pa_specificites-empfindliche-haut","15":"pa_specificites-pflanzlich","16":"pa_type-de-poils-lange-haare","17":"desktop-align-left","18":"tablet-align-left","19":"mobile-align-left","20":"ast-product-gallery-layout-horizontal-slider","21":"ast-product-tabs-layout-horizontal","23":"first","24":"instock","25":"shipping-taxable","26":"product-type-simple"},"_links":{"self":[{"href":"https:\/\/www.laboratoire-diamex.com\/de\/wp-json\/wp\/v2\/product\/10240","targetHints":{"allow":["GET"]}}],"collection":[{"href":"https:\/\/www.laboratoire-diamex.com\/de\/wp-json\/wp\/v2\/product"}],"about":[{"href":"https:\/\/www.laboratoire-diamex.com\/de\/wp-json\/wp\/v2\/types\/product"}],"version-history":[{"count":0,"href":"https:\/\/www.laboratoire-diamex.com\/de\/wp-json\/wp\/v2\/product\/10240\/revisions"}],"wp:featuredmedia":[{"embeddable":true,"href":"https:\/\/www.laboratoire-diamex.com\/de\/wp-json\/wp\/v2\/media\/10254"}],"wp:attachment":[{"href":"https:\/\/www.laboratoire-diamex.com\/de\/wp-json\/wp\/v2\/media?parent=10240"}],"wp:term":[{"taxonomy":"product_brand","embeddable":true,"href":"https:\/\/www.laboratoire-diamex.com\/de\/wp-json\/wp\/v2\/product_brand?post=10240"},{"taxonomy":"product_cat","embeddable":true,"href":"https:\/\/www.laboratoire-diamex.com\/de\/wp-json\/wp\/v2\/product_cat?post=10240"},{"taxonomy":"product_tag","embeddable":true,"href":"https:\/\/www.laboratoire-diamex.com\/de\/wp-json\/wp\/v2\/product_tag?post=10240"}],"curies":[{"name":"wp","href":"https:\/\/api.w.org\/{rel}","templated":true}]}}