{"id":10335,"date":"2023-07-11T13:00:55","date_gmt":"2023-07-11T11:00:55","guid":{"rendered":"https:\/\/www.laboratoire-diamex.com\/catalogue\/diamex-tahiti-dog-balsam-conditioner\/"},"modified":"2024-07-03T10:03:39","modified_gmt":"2024-07-03T08:03:39","slug":"diamex-tahiti-dog-balsam-conditioner","status":"publish","type":"product","link":"https:\/\/www.laboratoire-diamex.com\/de\/katalog\/diamex-tahiti-dog-balsam-conditioner\/","title":{"rendered":"Diamex TAHITI DOG Monoi-Haarsp\u00fclung"},"content":{"rendered":"<h2>Beschreibung<\/h2>\n<p>Der Balsam Conditioner aus der Tahiti Dog Serie ist ein Entwirrungsprodukt, das statische Elektrizit\u00e4t neutralisiert. Es macht das Fell strahlend und gl\u00e4nzend und hinterl\u00e4sst auf dem Fell einen sanften Monoi-Duft.<\/p>\n<h2>Verpackungen<\/h2>\n<p>250 Milliliter, 1 Liter und 5 Liter.<\/p>\n<h2>Gebrauchsanweisung<\/h2>\n<p>Verteilen Sie nach der Haarw\u00e4sche den verd\u00fcnnten oder puren Balsam auf den L\u00e4ngen und Spitzen. Einige Minuten einwirken lassen und dann gr\u00fcndlich absp\u00fclen.<\/p>\n<h2>Verd\u00fcnnung<\/h2>\n<p>125 Milliliter Shampoo auf 1 Liter Wasser.<\/p>\n<h2>Eigenschaften<\/h2>\n<p>&#8211;<\/p>\n<h2>Produkttipps<\/h2>\n<p>&#8211;<\/p>\n<h2>Zusammensetzung<\/h2>\n<p>Aqua, cetearyl alcohol (and) dipalmitoylethyl hydroxyethylmonium, methosulfate (and) ceteareth-20, octyldodecanol, cetrimonium chloride, glycerin, guar hydroxypropyltrimonium chloride, perfume, citric acid, dye, sodium benzoate, potassium sorbate.<\/p>\n<h2>Ean-Codes<\/h2>\n<ul>\n<li>250 Milliliter: 54 250 1685 320 7<\/li>\n<li>1 Liter: 54 250 1685 420 4<\/li>\n<li>5 Liter: 54 250 1685 369 6<\/li>\n<\/ul>\n<h2>Referenzen<\/h2>\n<ul>\n<li>250 Milliliter: 020257<\/li>\n<li>1 Liter: 020258<\/li>\n<li>5 Liter: 020259<\/li>\n<\/ul>\n","protected":false},"excerpt":{"rendered":"<p>Der Balsam Conditioner aus der Tahiti Dog Serie ist ein Entwirrungsprodukt, das statische Elektrizit\u00e4t neutralisiert.<\/p>\n","protected":false},"featured_media":10338,"template":"","meta":{"site-sidebar-layout":"default","site-content-layout":"default","ast-site-content-layout":"default","site-content-style":"default","site-sidebar-style":"default","ast-global-header-display":"","ast-banner-title-visibility":"","ast-main-header-display":"","ast-hfb-above-header-display":"","ast-hfb-below-header-display":"","ast-hfb-mobile-header-display":"","site-post-title":"","ast-breadcrumbs-content":"","ast-featured-img":"","footer-sml-layout":"","ast-disable-related-posts":"","theme-transparent-header-meta":"default","adv-header-id-meta":"","stick-header-meta":"default","header-above-stick-meta":"","header-main-stick-meta":"","header-below-stick-meta":"","astra-migrate-meta-layouts":"default","ast-page-background-enabled":"default","ast-page-background-meta":{"desktop":{"background-color":"var(--ast-global-color-4)","background-image":"","background-repeat":"repeat","background-position":"center center","background-size":"auto","background-attachment":"scroll","background-type":"","background-media":"","overlay-type":"","overlay-color":"","overlay-opacity":"","overlay-gradient":""},"tablet":{"background-color":"","background-image":"","background-repeat":"repeat","background-position":"center center","background-size":"auto","background-attachment":"scroll","background-type":"","background-media":"","overlay-type":"","overlay-color":"","overlay-opacity":"","overlay-gradient":""},"mobile":{"background-color":"","background-image":"","background-repeat":"repeat","background-position":"center center","background-size":"auto","background-attachment":"scroll","background-type":"","background-media":"","overlay-type":"","overlay-color":"","overlay-opacity":"","overlay-gradient":""}},"ast-content-background-meta":{"desktop":{"background-color":"var(--ast-global-color-5)","background-image":"","background-repeat":"repeat","background-position":"center center","background-size":"auto","background-attachment":"scroll","background-type":"","background-media":"","overlay-type":"","overlay-color":"","overlay-opacity":"","overlay-gradient":""},"tablet":{"background-color":"var(--ast-global-color-5)","background-image":"","background-repeat":"repeat","background-position":"center center","background-size":"auto","background-attachment":"scroll","background-type":"","background-media":"","overlay-type":"","overlay-color":"","overlay-opacity":"","overlay-gradient":""},"mobile":{"background-color":"var(--ast-global-color-5)","background-image":"","background-repeat":"repeat","background-position":"center center","background-size":"auto","background-attachment":"scroll","background-type":"","background-media":"","overlay-type":"","overlay-color":"","overlay-opacity":"","overlay-gradient":""}}},"product_brand":[],"product_cat":[792],"product_tag":[],"class_list":{"0":"post-10335","1":"product","2":"type-product","3":"status-publish","4":"has-post-thumbnail","6":"product_cat-tahiti-dog-de","7":"pa_animal-hund","8":"pa_proprietes-antistatisch-de","9":"pa_proprietes-entwirrer","10":"pa_proprietes-feuchtigkeitscreme","11":"pa_proprietes-volumengebend","12":"pa_type-de-poils-alle-arten","13":"pa_type-de-poils-kurzes-haar","14":"pa_type-de-poils-lange-haare","15":"desktop-align-left","16":"tablet-align-left","17":"mobile-align-left","18":"ast-product-gallery-layout-horizontal-slider","19":"ast-product-gallery-with-no-image","20":"ast-product-tabs-layout-horizontal","22":"first","23":"instock","24":"shipping-taxable","25":"product-type-simple"},"_links":{"self":[{"href":"https:\/\/www.laboratoire-diamex.com\/de\/wp-json\/wp\/v2\/product\/10335","targetHints":{"allow":["GET"]}}],"collection":[{"href":"https:\/\/www.laboratoire-diamex.com\/de\/wp-json\/wp\/v2\/product"}],"about":[{"href":"https:\/\/www.laboratoire-diamex.com\/de\/wp-json\/wp\/v2\/types\/product"}],"version-history":[{"count":0,"href":"https:\/\/www.laboratoire-diamex.com\/de\/wp-json\/wp\/v2\/product\/10335\/revisions"}],"wp:featuredmedia":[{"embeddable":true,"href":"https:\/\/www.laboratoire-diamex.com\/de\/wp-json\/wp\/v2\/media\/10338"}],"wp:attachment":[{"href":"https:\/\/www.laboratoire-diamex.com\/de\/wp-json\/wp\/v2\/media?parent=10335"}],"wp:term":[{"taxonomy":"product_brand","embeddable":true,"href":"https:\/\/www.laboratoire-diamex.com\/de\/wp-json\/wp\/v2\/product_brand?post=10335"},{"taxonomy":"product_cat","embeddable":true,"href":"https:\/\/www.laboratoire-diamex.com\/de\/wp-json\/wp\/v2\/product_cat?post=10335"},{"taxonomy":"product_tag","embeddable":true,"href":"https:\/\/www.laboratoire-diamex.com\/de\/wp-json\/wp\/v2\/product_tag?post=10335"}],"curies":[{"name":"wp","href":"https:\/\/api.w.org\/{rel}","templated":true}]}}