{"id":10455,"date":"2023-07-11T13:00:53","date_gmt":"2023-07-11T11:00:53","guid":{"rendered":"https:\/\/www.laboratoire-diamex.com\/catalogue\/diamex-clean-face-body-shampoo\/"},"modified":"2024-07-03T10:04:13","modified_gmt":"2024-07-03T08:04:13","slug":"diamex-clean-face-body-shampoo","status":"publish","type":"product","link":"https:\/\/www.laboratoire-diamex.com\/de\/katalog\/diamex-clean-face-body-shampoo\/","title":{"rendered":"Diamex Clean Face &amp; Body Pflanzenshampoo"},"content":{"rendered":"<h2>Beschreibung<\/h2>\n<p>Das Clean Face &amp; Body Shampoo ist ein 100% pflanzliches Shampoo, das speziell f\u00fcr die gr\u00fcndliche Reinigung des Gesichts entwickelt wurde. Es brennt nicht in den Augen und reizt die Haut nicht.<\/p>\n<p>Garantiert ohne Parabene, Farbstoffe, Duftstoffe und Sulfate.<\/p>\n<p>Dieses Produkt wurde auf einer zertifizierten gr\u00fcnen Basis entwickelt, die von den folgenden Organisationen anerkannt ist: Cosmos, Ecocent, Natural Product Association und vom TSCA (Toxic Substances Control Act) genehmigt.<\/p>\n<h2>Verpackungen<\/h2>\n<p>500 Milliliter, 5 Liter und 10 Liter.<\/p>\n<h2>Gebrauchsanweisung<\/h2>\n<p>Das Shampoo gr\u00fcndlich anfeuchten und auf das gesamte Fell auftragen, dabei leicht einmassieren und anschlie\u00dfend gr\u00fcndlich aussp\u00fclen. Sticht und reizt die Augen nicht.<\/p>\n<h2>Verd\u00fcnnung<\/h2>\n<p>&#8211;<\/p>\n<h2>Eigenschaften<\/h2>\n<p>&#8211;<\/p>\n<h2>Produkttipps<\/h2>\n<p>&#8211;<\/p>\n<h2>Zusammensetzung<\/h2>\n<p>Aqua, Sodium Lauryl Glucose Carboxylat (and) Lauryl Glucoside, Glycerin, Peg-4 Rapeseedamide, Citric Acid, Sodium Benzoate.<\/p>\n<h2>Ean-Codes<\/h2>\n<ul>\n<li>500 Milliliter: 54 250 1685 471 6<\/li>\n<li>5 Liter: 54 250 1685 461 7<\/li>\n<li>10 Liter: 54 250 1685 462 4<\/li>\n<\/ul>\n<h2>Referenzen<\/h2>\n<ul>\n<li>500 Milliliter: 020282<\/li>\n<li>5 Liter: 020277<\/li>\n<li>10 Liter: 020278<\/li>\n<\/ul>\n","protected":false},"excerpt":{"rendered":"<p>Das Clean Face &amp; Body Shampoo ist ein 100% pflanzliches Shampoo, das speziell f\u00fcr die gr\u00fcndliche Reinigung des Gesichts entwickelt wurde.<\/p>\n","protected":false},"featured_media":10466,"template":"","meta":{"site-sidebar-layout":"default","site-content-layout":"default","ast-site-content-layout":"default","site-content-style":"default","site-sidebar-style":"default","ast-global-header-display":"","ast-banner-title-visibility":"","ast-main-header-display":"","ast-hfb-above-header-display":"","ast-hfb-below-header-display":"","ast-hfb-mobile-header-display":"","site-post-title":"","ast-breadcrumbs-content":"","ast-featured-img":"","footer-sml-layout":"","ast-disable-related-posts":"","theme-transparent-header-meta":"default","adv-header-id-meta":"","stick-header-meta":"default","header-above-stick-meta":"","header-main-stick-meta":"","header-below-stick-meta":"","astra-migrate-meta-layouts":"default","ast-page-background-enabled":"default","ast-page-background-meta":{"desktop":{"background-color":"var(--ast-global-color-4)","background-image":"","background-repeat":"repeat","background-position":"center center","background-size":"auto","background-attachment":"scroll","background-type":"","background-media":"","overlay-type":"","overlay-color":"","overlay-opacity":"","overlay-gradient":""},"tablet":{"background-color":"","background-image":"","background-repeat":"repeat","background-position":"center center","background-size":"auto","background-attachment":"scroll","background-type":"","background-media":"","overlay-type":"","overlay-color":"","overlay-opacity":"","overlay-gradient":""},"mobile":{"background-color":"","background-image":"","background-repeat":"repeat","background-position":"center center","background-size":"auto","background-attachment":"scroll","background-type":"","background-media":"","overlay-type":"","overlay-color":"","overlay-opacity":"","overlay-gradient":""}},"ast-content-background-meta":{"desktop":{"background-color":"var(--ast-global-color-5)","background-image":"","background-repeat":"repeat","background-position":"center center","background-size":"auto","background-attachment":"scroll","background-type":"","background-media":"","overlay-type":"","overlay-color":"","overlay-opacity":"","overlay-gradient":""},"tablet":{"background-color":"var(--ast-global-color-5)","background-image":"","background-repeat":"repeat","background-position":"center center","background-size":"auto","background-attachment":"scroll","background-type":"","background-media":"","overlay-type":"","overlay-color":"","overlay-opacity":"","overlay-gradient":""},"mobile":{"background-color":"var(--ast-global-color-5)","background-image":"","background-repeat":"repeat","background-position":"center center","background-size":"auto","background-attachment":"scroll","background-type":"","background-media":"","overlay-type":"","overlay-color":"","overlay-opacity":"","overlay-gradient":""}}},"product_brand":[],"product_cat":[822],"product_tag":[],"class_list":{"0":"post-10455","1":"product","2":"type-product","3":"status-publish","4":"has-post-thumbnail","6":"product_cat-vegetale-de","7":"pa_animal-hund","8":"pa_proprietes-reiniger","9":"pa_specificites-pflanzlich","10":"pa_type-de-poils-alle-arten","11":"pa_type-de-poils-kurzes-haar","12":"pa_type-de-poils-lange-haare","13":"desktop-align-left","14":"tablet-align-left","15":"mobile-align-left","16":"ast-product-gallery-layout-horizontal-slider","17":"ast-product-tabs-layout-horizontal","19":"first","20":"instock","21":"shipping-taxable","22":"product-type-simple"},"_links":{"self":[{"href":"https:\/\/www.laboratoire-diamex.com\/de\/wp-json\/wp\/v2\/product\/10455","targetHints":{"allow":["GET"]}}],"collection":[{"href":"https:\/\/www.laboratoire-diamex.com\/de\/wp-json\/wp\/v2\/product"}],"about":[{"href":"https:\/\/www.laboratoire-diamex.com\/de\/wp-json\/wp\/v2\/types\/product"}],"version-history":[{"count":0,"href":"https:\/\/www.laboratoire-diamex.com\/de\/wp-json\/wp\/v2\/product\/10455\/revisions"}],"wp:featuredmedia":[{"embeddable":true,"href":"https:\/\/www.laboratoire-diamex.com\/de\/wp-json\/wp\/v2\/media\/10466"}],"wp:attachment":[{"href":"https:\/\/www.laboratoire-diamex.com\/de\/wp-json\/wp\/v2\/media?parent=10455"}],"wp:term":[{"taxonomy":"product_brand","embeddable":true,"href":"https:\/\/www.laboratoire-diamex.com\/de\/wp-json\/wp\/v2\/product_brand?post=10455"},{"taxonomy":"product_cat","embeddable":true,"href":"https:\/\/www.laboratoire-diamex.com\/de\/wp-json\/wp\/v2\/product_cat?post=10455"},{"taxonomy":"product_tag","embeddable":true,"href":"https:\/\/www.laboratoire-diamex.com\/de\/wp-json\/wp\/v2\/product_tag?post=10455"}],"curies":[{"name":"wp","href":"https:\/\/api.w.org\/{rel}","templated":true}]}}