{"id":10488,"date":"2023-07-11T13:00:52","date_gmt":"2023-07-11T11:00:52","guid":{"rendered":"https:\/\/www.laboratoire-diamex.com\/catalogue\/bodenreiniger-diamex-cleaner-salon-provencal\/"},"modified":"2024-07-02T12:21:28","modified_gmt":"2024-07-02T10:21:28","slug":"bodenreiniger-diamex-cleaner-salon-provencal","status":"publish","type":"product","link":"https:\/\/www.laboratoire-diamex.com\/de\/katalog\/bodenreiniger-diamex-cleaner-salon-provencal\/","title":{"rendered":"Bodenreiniger Diamex Cleaner Salon Proven\u00e7al"},"content":{"rendered":"<h2>Beschreibung<\/h2>\n<p>Reinigungsmittel f\u00fcr B\u00f6den und abwaschbare Oberfl\u00e4chen, erfrischt, desodoriert und hinterl\u00e4sst mehrere Stunden lang einen angenehmen, blumigen Duft in Ihren R\u00e4umen. Garantiert frei von sch\u00e4dlichen Stoffen.<\/p>\n<h2>Verpackungen<\/h2>\n<p>1 Liter, 5 Liter und 25 Liter.<\/p>\n<h2>Gebrauchsanweisung<\/h2>\n<p>Geben Sie das Produkt in lauwarmes bis hei\u00dfes Wasser und reinigen Sie den Boden.<\/p>\n<h2>Verd\u00fcnnung<\/h2>\n<p>1 Kappe des Produkts auf 5 Liter Wasser.<\/p>\n<h2>Eigenschaften<\/h2>\n<p>&#8211;<\/p>\n<h2>Tipps zur Verwendung<\/h2>\n<p>&#8211;<\/p>\n<h2>Zusammensetzung<\/h2>\n<p>Aqua, Sodium laureth sulfate, peg-160 sorbitan triisostearate, perfume, benzalkonium chloride.<\/p>\n<h2>EAN-Codes<\/h2>\n<ul>\n<li>1 Liter: 54 250 1685 039 8<\/li>\n<li>5 Liter: 54 250 1685 209 5<\/li>\n<li>25 Liter: 54 250 1685 323 8<\/li>\n<\/ul>\n<h2>Referenzen<\/h2>\n<ul>\n<li>1 Liter: 020147<\/li>\n<li>5 Liter: 020148<\/li>\n<li>25 Liter: 020149<\/li>\n<\/ul>\n","protected":false},"excerpt":{"rendered":"<p>Reinigungsmittel f\u00fcr B\u00f6den und abwaschbare Oberfl\u00e4chen, erfrischt, desodoriert und hinterl\u00e4sst mehrere Stunden lang einen angenehmen, blumigen Duft in Ihren R\u00e4umen.<\/p>\n","protected":false},"featured_media":10498,"template":"","meta":{"site-sidebar-layout":"default","site-content-layout":"default","ast-site-content-layout":"default","site-content-style":"default","site-sidebar-style":"default","ast-global-header-display":"","ast-banner-title-visibility":"","ast-main-header-display":"","ast-hfb-above-header-display":"","ast-hfb-below-header-display":"","ast-hfb-mobile-header-display":"","site-post-title":"","ast-breadcrumbs-content":"","ast-featured-img":"","footer-sml-layout":"","ast-disable-related-posts":"","theme-transparent-header-meta":"default","adv-header-id-meta":"","stick-header-meta":"default","header-above-stick-meta":"","header-main-stick-meta":"","header-below-stick-meta":"","astra-migrate-meta-layouts":"default","ast-page-background-enabled":"default","ast-page-background-meta":{"desktop":{"background-color":"var(--ast-global-color-4)","background-image":"","background-repeat":"repeat","background-position":"center center","background-size":"auto","background-attachment":"scroll","background-type":"","background-media":"","overlay-type":"","overlay-color":"","overlay-opacity":"","overlay-gradient":""},"tablet":{"background-color":"","background-image":"","background-repeat":"repeat","background-position":"center center","background-size":"auto","background-attachment":"scroll","background-type":"","background-media":"","overlay-type":"","overlay-color":"","overlay-opacity":"","overlay-gradient":""},"mobile":{"background-color":"","background-image":"","background-repeat":"repeat","background-position":"center center","background-size":"auto","background-attachment":"scroll","background-type":"","background-media":"","overlay-type":"","overlay-color":"","overlay-opacity":"","overlay-gradient":""}},"ast-content-background-meta":{"desktop":{"background-color":"var(--ast-global-color-5)","background-image":"","background-repeat":"repeat","background-position":"center center","background-size":"auto","background-attachment":"scroll","background-type":"","background-media":"","overlay-type":"","overlay-color":"","overlay-opacity":"","overlay-gradient":""},"tablet":{"background-color":"var(--ast-global-color-5)","background-image":"","background-repeat":"repeat","background-position":"center center","background-size":"auto","background-attachment":"scroll","background-type":"","background-media":"","overlay-type":"","overlay-color":"","overlay-opacity":"","overlay-gradient":""},"mobile":{"background-color":"var(--ast-global-color-5)","background-image":"","background-repeat":"repeat","background-position":"center center","background-size":"auto","background-attachment":"scroll","background-type":"","background-media":"","overlay-type":"","overlay-color":"","overlay-opacity":"","overlay-gradient":""}}},"product_brand":[],"product_cat":[808],"product_tag":[],"class_list":{"0":"post-10488","1":"product","2":"type-product","3":"status-publish","4":"has-post-thumbnail","6":"product_cat-hygine-et-entretien-de","7":"desktop-align-left","8":"tablet-align-left","9":"mobile-align-left","10":"ast-product-gallery-layout-horizontal-slider","11":"ast-product-gallery-with-no-image","12":"ast-product-tabs-layout-horizontal","14":"first","15":"instock","16":"shipping-taxable","17":"product-type-simple"},"_links":{"self":[{"href":"https:\/\/www.laboratoire-diamex.com\/de\/wp-json\/wp\/v2\/product\/10488","targetHints":{"allow":["GET"]}}],"collection":[{"href":"https:\/\/www.laboratoire-diamex.com\/de\/wp-json\/wp\/v2\/product"}],"about":[{"href":"https:\/\/www.laboratoire-diamex.com\/de\/wp-json\/wp\/v2\/types\/product"}],"version-history":[{"count":0,"href":"https:\/\/www.laboratoire-diamex.com\/de\/wp-json\/wp\/v2\/product\/10488\/revisions"}],"wp:featuredmedia":[{"embeddable":true,"href":"https:\/\/www.laboratoire-diamex.com\/de\/wp-json\/wp\/v2\/media\/10498"}],"wp:attachment":[{"href":"https:\/\/www.laboratoire-diamex.com\/de\/wp-json\/wp\/v2\/media?parent=10488"}],"wp:term":[{"taxonomy":"product_brand","embeddable":true,"href":"https:\/\/www.laboratoire-diamex.com\/de\/wp-json\/wp\/v2\/product_brand?post=10488"},{"taxonomy":"product_cat","embeddable":true,"href":"https:\/\/www.laboratoire-diamex.com\/de\/wp-json\/wp\/v2\/product_cat?post=10488"},{"taxonomy":"product_tag","embeddable":true,"href":"https:\/\/www.laboratoire-diamex.com\/de\/wp-json\/wp\/v2\/product_tag?post=10488"}],"curies":[{"name":"wp","href":"https:\/\/api.w.org\/{rel}","templated":true}]}}