{"id":10763,"date":"2023-07-11T13:00:25","date_gmt":"2023-07-11T11:00:25","guid":{"rendered":"https:\/\/www.laboratoire-diamex.com\/catalogue\/diamex-macarons-shampoo-liebesapfel\/"},"modified":"2024-07-02T12:37:50","modified_gmt":"2024-07-02T10:37:50","slug":"diamex-macarons-shampoo-liebesapfel","status":"publish","type":"product","link":"https:\/\/www.laboratoire-diamex.com\/de\/katalog\/diamex-macarons-shampoo-liebesapfel\/","title":{"rendered":"Diamex MACARONS Liebesapfel Shampoo"},"content":{"rendered":"<h2>Beschreibung<\/h2>\n<p>Das Shampoo Macarons Pomme d&#8217;amour, das mit Protein B5 angereichert ist, st\u00e4rkt und versch\u00f6nert, f\u00f6rdert das Haarwachstum und beruhigt empfindliche Haut. Dieses Shampoo ist mit allen Felltypen vertr\u00e4glich und hinterl\u00e4sst den k\u00f6stlichen Duft eines Macarons mit Liebesapfelgeschmack. Dieses Shampoo ist eine limitierte Auflage.<\/p>\n<h2>Verpackung<\/h2>\n<p>5 Liter.<\/p>\n<h2>Gebrauchsanweisung<\/h2>\n<p>Das Shampoo gr\u00fcndlich anfeuchten und auf das gesamte Fell auftragen, dabei leicht einmassieren und anschlie\u00dfend gr\u00fcndlich aussp\u00fclen. Vermeiden Sie den Kontakt mit den Augen.<\/p>\n<h2>Verd\u00fcnnung<\/h2>\n<p>125 Milliliter Shampoo auf 1 Liter Wasser.<\/p>\n<h2>Eigenschaften<\/h2>\n<p>&#8211;<\/p>\n<h2>Tipps zur Verwendung<\/h2>\n<p>&#8211;<\/p>\n<h2>Zusammensetzung<\/h2>\n<p>&#8211;<\/p>\n<h2>EAN-Code<\/h2>\n<p>5 Liter :<\/p>\n<h2>Referenz<\/h2>\n<p>5 Liter :<\/p>\n","protected":false},"excerpt":{"rendered":"<p>Das Shampoo Macarons Pomme d&#8217;amour, das mit Protein B5 angereichert ist, st\u00e4rkt und versch\u00f6nert, f\u00f6rdert das Haarwachstum und beruhigt empfindliche Haut.<\/p>\n","protected":false},"featured_media":10771,"template":"","meta":{"site-sidebar-layout":"default","site-content-layout":"default","ast-site-content-layout":"default","site-content-style":"default","site-sidebar-style":"default","ast-global-header-display":"","ast-banner-title-visibility":"","ast-main-header-display":"","ast-hfb-above-header-display":"","ast-hfb-below-header-display":"","ast-hfb-mobile-header-display":"","site-post-title":"","ast-breadcrumbs-content":"","ast-featured-img":"","footer-sml-layout":"","ast-disable-related-posts":"","theme-transparent-header-meta":"default","adv-header-id-meta":"","stick-header-meta":"default","header-above-stick-meta":"","header-main-stick-meta":"","header-below-stick-meta":"","astra-migrate-meta-layouts":"default","ast-page-background-enabled":"default","ast-page-background-meta":{"desktop":{"background-color":"var(--ast-global-color-4)","background-image":"","background-repeat":"repeat","background-position":"center center","background-size":"auto","background-attachment":"scroll","background-type":"","background-media":"","overlay-type":"","overlay-color":"","overlay-opacity":"","overlay-gradient":""},"tablet":{"background-color":"","background-image":"","background-repeat":"repeat","background-position":"center center","background-size":"auto","background-attachment":"scroll","background-type":"","background-media":"","overlay-type":"","overlay-color":"","overlay-opacity":"","overlay-gradient":""},"mobile":{"background-color":"","background-image":"","background-repeat":"repeat","background-position":"center center","background-size":"auto","background-attachment":"scroll","background-type":"","background-media":"","overlay-type":"","overlay-color":"","overlay-opacity":"","overlay-gradient":""}},"ast-content-background-meta":{"desktop":{"background-color":"var(--ast-global-color-5)","background-image":"","background-repeat":"repeat","background-position":"center center","background-size":"auto","background-attachment":"scroll","background-type":"","background-media":"","overlay-type":"","overlay-color":"","overlay-opacity":"","overlay-gradient":""},"tablet":{"background-color":"var(--ast-global-color-5)","background-image":"","background-repeat":"repeat","background-position":"center center","background-size":"auto","background-attachment":"scroll","background-type":"","background-media":"","overlay-type":"","overlay-color":"","overlay-opacity":"","overlay-gradient":""},"mobile":{"background-color":"var(--ast-global-color-5)","background-image":"","background-repeat":"repeat","background-position":"center center","background-size":"auto","background-attachment":"scroll","background-type":"","background-media":"","overlay-type":"","overlay-color":"","overlay-opacity":"","overlay-gradient":""}}},"product_brand":[],"product_cat":[760],"product_tag":[],"class_list":{"0":"post-10763","1":"product","2":"type-product","3":"status-publish","4":"has-post-thumbnail","6":"product_cat-gourmande-de","7":"pa_proprietes-beruhigend","8":"pa_proprietes-starkend","9":"pa_specificites-empfindliche-haut","10":"pa_type-de-poils-alle-arten","11":"pa_type-de-poils-kurzes-haar","12":"pa_type-de-poils-lange-haare","13":"desktop-align-left","14":"tablet-align-left","15":"mobile-align-left","16":"ast-product-gallery-layout-horizontal-slider","17":"ast-product-gallery-with-no-image","18":"ast-product-tabs-layout-horizontal","20":"first","21":"instock","22":"shipping-taxable","23":"product-type-simple"},"_links":{"self":[{"href":"https:\/\/www.laboratoire-diamex.com\/de\/wp-json\/wp\/v2\/product\/10763","targetHints":{"allow":["GET"]}}],"collection":[{"href":"https:\/\/www.laboratoire-diamex.com\/de\/wp-json\/wp\/v2\/product"}],"about":[{"href":"https:\/\/www.laboratoire-diamex.com\/de\/wp-json\/wp\/v2\/types\/product"}],"version-history":[{"count":0,"href":"https:\/\/www.laboratoire-diamex.com\/de\/wp-json\/wp\/v2\/product\/10763\/revisions"}],"wp:featuredmedia":[{"embeddable":true,"href":"https:\/\/www.laboratoire-diamex.com\/de\/wp-json\/wp\/v2\/media\/10771"}],"wp:attachment":[{"href":"https:\/\/www.laboratoire-diamex.com\/de\/wp-json\/wp\/v2\/media?parent=10763"}],"wp:term":[{"taxonomy":"product_brand","embeddable":true,"href":"https:\/\/www.laboratoire-diamex.com\/de\/wp-json\/wp\/v2\/product_brand?post=10763"},{"taxonomy":"product_cat","embeddable":true,"href":"https:\/\/www.laboratoire-diamex.com\/de\/wp-json\/wp\/v2\/product_cat?post=10763"},{"taxonomy":"product_tag","embeddable":true,"href":"https:\/\/www.laboratoire-diamex.com\/de\/wp-json\/wp\/v2\/product_tag?post=10763"}],"curies":[{"name":"wp","href":"https:\/\/api.w.org\/{rel}","templated":true}]}}