{"id":10953,"date":"2023-07-11T13:00:22","date_gmt":"2023-07-11T11:00:22","guid":{"rendered":"https:\/\/www.laboratoire-diamex.com\/catalogue\/diamex-universal-shampoo-chevrefeuille\/"},"modified":"2024-07-02T12:40:54","modified_gmt":"2024-07-02T10:40:54","slug":"diamex-universal-shampoo-chevrefeuille","status":"publish","type":"product","link":"https:\/\/www.laboratoire-diamex.com\/de\/katalog\/diamex-universal-shampoo-chevrefeuille\/","title":{"rendered":"Diamex Universal Gei\u00dfblatt Shampoo"},"content":{"rendered":"<h2>Beschreibung<\/h2>\n<p>Shampoo mit dem nat\u00fcrlichen Duft von Gei\u00dfblatt. Geeignet f\u00fcr kurzhaarige Hunde. Kann auch vor einem behandelnden oder f\u00e4rbenden Shampoo verwendet werden.<\/p>\n<h2>Verpackungen<\/h2>\n<p>1 Liter, 5 Liter und 25 Liter.<\/p>\n<h2>Gebrauchsanweisung<\/h2>\n<p>Das Shampoo gr\u00fcndlich anfeuchten und auf das gesamte Fell auftragen, dabei leicht einmassieren und anschlie\u00dfend gr\u00fcndlich aussp\u00fclen. Vermeiden Sie den Kontakt mit den Augen<\/p>\n<h2>Verd\u00fcnnung<\/h2>\n<p>125 Milliliter Shampoo auf 1 Liter Wasser.<\/p>\n<h2>Eigenschaften<\/h2>\n<p>Tipps zur Verwendung<\/p>\n<h2>Zusammensetzung<\/h2>\n<p>Aqua, Sodium Laureth Sulfate, Cocamide Dea and Glycerol, Sodium Chloride, Tea-Lauryl Sulfate, Glycerin, Perfume, Citric Acid, Sodium Benzoate, Potassium Sorbate.<\/p>\n<h2>EAN-Codes<\/h2>\n<ul>\n<li>1 Liter: 54 250 1685 248 4<\/li>\n<li>5 Liter: 54 250 1685 249 1<\/li>\n<li>25 Liter: 54 250 1685 349 8<\/li>\n<\/ul>\n<h2>Referenzen<\/h2>\n<ul>\n<li>1 Liter: 020017<\/li>\n<li>5 Liter: 020018<\/li>\n<li>25 Liter: 020019<\/li>\n<\/ul>\n","protected":false},"excerpt":{"rendered":"<p>Beschreibung Shampoo mit dem nat\u00fcrlichen Duft von Gei\u00dfblatt. Geeignet f\u00fcr kurzhaarige Hunde. Kann auch vor einem behandelnden oder f\u00e4rbenden Shampoo verwendet werden. Verpackungen 1 Liter, 5 Liter und 25 Liter. Gebrauchsanweisung Das Shampoo gr\u00fcndlich anfeuchten und auf das gesamte Fell auftragen, dabei leicht einmassieren und anschlie\u00dfend gr\u00fcndlich aussp\u00fclen. Vermeiden Sie den Kontakt mit den Augen [&hellip;]<\/p>\n","protected":false},"featured_media":10964,"template":"","meta":{"site-sidebar-layout":"default","site-content-layout":"default","ast-site-content-layout":"default","site-content-style":"default","site-sidebar-style":"default","ast-global-header-display":"","ast-banner-title-visibility":"","ast-main-header-display":"","ast-hfb-above-header-display":"","ast-hfb-below-header-display":"","ast-hfb-mobile-header-display":"","site-post-title":"","ast-breadcrumbs-content":"","ast-featured-img":"","footer-sml-layout":"","ast-disable-related-posts":"","theme-transparent-header-meta":"default","adv-header-id-meta":"","stick-header-meta":"default","header-above-stick-meta":"","header-main-stick-meta":"","header-below-stick-meta":"","astra-migrate-meta-layouts":"default","ast-page-background-enabled":"default","ast-page-background-meta":{"desktop":{"background-color":"var(--ast-global-color-4)","background-image":"","background-repeat":"repeat","background-position":"center center","background-size":"auto","background-attachment":"scroll","background-type":"","background-media":"","overlay-type":"","overlay-color":"","overlay-opacity":"","overlay-gradient":""},"tablet":{"background-color":"","background-image":"","background-repeat":"repeat","background-position":"center center","background-size":"auto","background-attachment":"scroll","background-type":"","background-media":"","overlay-type":"","overlay-color":"","overlay-opacity":"","overlay-gradient":""},"mobile":{"background-color":"","background-image":"","background-repeat":"repeat","background-position":"center center","background-size":"auto","background-attachment":"scroll","background-type":"","background-media":"","overlay-type":"","overlay-color":"","overlay-opacity":"","overlay-gradient":""}},"ast-content-background-meta":{"desktop":{"background-color":"var(--ast-global-color-5)","background-image":"","background-repeat":"repeat","background-position":"center center","background-size":"auto","background-attachment":"scroll","background-type":"","background-media":"","overlay-type":"","overlay-color":"","overlay-opacity":"","overlay-gradient":""},"tablet":{"background-color":"var(--ast-global-color-5)","background-image":"","background-repeat":"repeat","background-position":"center center","background-size":"auto","background-attachment":"scroll","background-type":"","background-media":"","overlay-type":"","overlay-color":"","overlay-opacity":"","overlay-gradient":""},"mobile":{"background-color":"var(--ast-global-color-5)","background-image":"","background-repeat":"repeat","background-position":"center center","background-size":"auto","background-attachment":"scroll","background-type":"","background-media":"","overlay-type":"","overlay-color":"","overlay-opacity":"","overlay-gradient":""}}},"product_brand":[],"product_cat":[753],"product_tag":[],"class_list":{"0":"post-10953","1":"product","2":"type-product","3":"status-publish","4":"has-post-thumbnail","6":"product_cat-classique-de","7":"pa_animal-hund","8":"pa_proprietes-reiniger","9":"pa_type-de-poils-alle-arten","10":"pa_type-de-poils-kurzes-haar","11":"pa_type-de-poils-lange-haare","12":"desktop-align-left","13":"tablet-align-left","14":"mobile-align-left","15":"ast-product-gallery-layout-horizontal-slider","16":"ast-product-gallery-with-no-image","17":"ast-product-tabs-layout-horizontal","19":"first","20":"instock","21":"shipping-taxable","22":"product-type-simple"},"_links":{"self":[{"href":"https:\/\/www.laboratoire-diamex.com\/de\/wp-json\/wp\/v2\/product\/10953","targetHints":{"allow":["GET"]}}],"collection":[{"href":"https:\/\/www.laboratoire-diamex.com\/de\/wp-json\/wp\/v2\/product"}],"about":[{"href":"https:\/\/www.laboratoire-diamex.com\/de\/wp-json\/wp\/v2\/types\/product"}],"version-history":[{"count":0,"href":"https:\/\/www.laboratoire-diamex.com\/de\/wp-json\/wp\/v2\/product\/10953\/revisions"}],"wp:featuredmedia":[{"embeddable":true,"href":"https:\/\/www.laboratoire-diamex.com\/de\/wp-json\/wp\/v2\/media\/10964"}],"wp:attachment":[{"href":"https:\/\/www.laboratoire-diamex.com\/de\/wp-json\/wp\/v2\/media?parent=10953"}],"wp:term":[{"taxonomy":"product_brand","embeddable":true,"href":"https:\/\/www.laboratoire-diamex.com\/de\/wp-json\/wp\/v2\/product_brand?post=10953"},{"taxonomy":"product_cat","embeddable":true,"href":"https:\/\/www.laboratoire-diamex.com\/de\/wp-json\/wp\/v2\/product_cat?post=10953"},{"taxonomy":"product_tag","embeddable":true,"href":"https:\/\/www.laboratoire-diamex.com\/de\/wp-json\/wp\/v2\/product_tag?post=10953"}],"curies":[{"name":"wp","href":"https:\/\/api.w.org\/{rel}","templated":true}]}}