{"id":11034,"date":"2023-07-11T13:00:18","date_gmt":"2023-07-11T11:00:18","guid":{"rendered":"https:\/\/www.laboratoire-diamex.com\/catalogue\/diamex-provencal-honig-shampoo\/"},"modified":"2024-07-02T12:43:38","modified_gmt":"2024-07-02T10:43:38","slug":"diamex-provencal-honig-shampoo","status":"publish","type":"product","link":"https:\/\/www.laboratoire-diamex.com\/de\/katalog\/diamex-provencal-honig-shampoo\/","title":{"rendered":"Diamex PROVEN\u00c7AL Honig Shampoo"},"content":{"rendered":"<h2>Beschreibung<\/h2>\n<p>Das Honig-Shampoo der Serie Proven\u00e7al ist mit Honig aus der Provence angereichert, der f\u00fcr seine feuchtigkeitsspendenden und reparierenden Eigenschaften bekannt ist. Dieses Shampoo n\u00e4hrt trockenes und gesch\u00e4digtes Fell, sodass es gesund wachsen kann. Au\u00dferdem verleiht es dem Fell seinen Glanz zur\u00fcck.<\/p>\n<h2>Verpackungen<\/h2>\n<p>200 Milliliter, 1 Liter, 5 Liter und 25 Liter.<\/p>\n<h2>Gebrauchsanweisung<\/h2>\n<p>Machen Sie das Fell nass, tragen Sie das Shampoo verd\u00fcnnt oder pur auf den ganzen K\u00f6rper auf, w\u00e4hrend Sie es leicht einmassieren, und sp\u00fclen Sie es anschlie\u00dfend gr\u00fcndlich aus. Vermeiden Sie den Kontakt mit den Augen.<\/p>\n<h2>Verd\u00fcnnung<\/h2>\n<p>125 Milliliter des Produkts auf 1 Liter Wasser.<\/p>\n<h2>Zusammensetzung<\/h2>\n<p>Aqua, Sodium Laureth Sulfate, Tea-Lauryl Sulfate, Cocamidopropyl Betaine, Cocamide Dea and Glycerol, Sodium Chloride, Glycerin, Mel, Perfume, Citric Acid, Dye, Sodium Benzoate, Potassium Sorbate.<\/p>\n<h2>EAN-Codes<\/h2>\n<ul>\n<li>200 Milliliter: 54 250 1685 122 7<\/li>\n<li>1 Liter: 54 250 1685 265 1<\/li>\n<li>5 Liter: 54 250 1685 266 8<\/li>\n<li>25 Liter: 54 250 1685 339 9<\/li>\n<\/ul>\n<h2>Referenzen<\/h2>\n<ul>\n<li>250 Milliliter: 020086<\/li>\n<li>1 Liter: 020087<\/li>\n<li>5 Liter: 020088<\/li>\n<li>25 Liter: 020089<\/li>\n<\/ul>\n","protected":false},"excerpt":{"rendered":"<p>Das Honig-Shampoo der Serie Proven\u00e7al ist mit Honig aus der Provence angereichert, der f\u00fcr seine feuchtigkeitsspendenden und reparierenden Eigenschaften bekannt ist.<\/p>\n","protected":false},"featured_media":11052,"template":"","meta":{"site-sidebar-layout":"default","site-content-layout":"default","ast-site-content-layout":"default","site-content-style":"default","site-sidebar-style":"default","ast-global-header-display":"","ast-banner-title-visibility":"","ast-main-header-display":"","ast-hfb-above-header-display":"","ast-hfb-below-header-display":"","ast-hfb-mobile-header-display":"","site-post-title":"","ast-breadcrumbs-content":"","ast-featured-img":"","footer-sml-layout":"","ast-disable-related-posts":"","theme-transparent-header-meta":"default","adv-header-id-meta":"","stick-header-meta":"default","header-above-stick-meta":"","header-main-stick-meta":"","header-below-stick-meta":"","astra-migrate-meta-layouts":"default","ast-page-background-enabled":"default","ast-page-background-meta":{"desktop":{"background-color":"var(--ast-global-color-4)","background-image":"","background-repeat":"repeat","background-position":"center center","background-size":"auto","background-attachment":"scroll","background-type":"","background-media":"","overlay-type":"","overlay-color":"","overlay-opacity":"","overlay-gradient":""},"tablet":{"background-color":"","background-image":"","background-repeat":"repeat","background-position":"center center","background-size":"auto","background-attachment":"scroll","background-type":"","background-media":"","overlay-type":"","overlay-color":"","overlay-opacity":"","overlay-gradient":""},"mobile":{"background-color":"","background-image":"","background-repeat":"repeat","background-position":"center center","background-size":"auto","background-attachment":"scroll","background-type":"","background-media":"","overlay-type":"","overlay-color":"","overlay-opacity":"","overlay-gradient":""}},"ast-content-background-meta":{"desktop":{"background-color":"var(--ast-global-color-5)","background-image":"","background-repeat":"repeat","background-position":"center center","background-size":"auto","background-attachment":"scroll","background-type":"","background-media":"","overlay-type":"","overlay-color":"","overlay-opacity":"","overlay-gradient":""},"tablet":{"background-color":"var(--ast-global-color-5)","background-image":"","background-repeat":"repeat","background-position":"center center","background-size":"auto","background-attachment":"scroll","background-type":"","background-media":"","overlay-type":"","overlay-color":"","overlay-opacity":"","overlay-gradient":""},"mobile":{"background-color":"var(--ast-global-color-5)","background-image":"","background-repeat":"repeat","background-position":"center center","background-size":"auto","background-attachment":"scroll","background-type":"","background-media":"","overlay-type":"","overlay-color":"","overlay-opacity":"","overlay-gradient":""}}},"product_brand":[],"product_cat":[811],"product_tag":[],"class_list":{"0":"post-11034","1":"product","2":"type-product","3":"status-publish","4":"has-post-thumbnail","6":"product_cat-provencal-de","7":"pa_animal-hund","8":"pa_proprietes-beruhigend","9":"pa_proprietes-feuchtigkeitscreme","10":"pa_proprietes-futtern","11":"pa_proprietes-reparateur-de-2","12":"pa_proprietes-starkend","13":"pa_specificites-empfindliche-haut","14":"pa_type-de-poils-alle-arten","15":"pa_type-de-poils-kurzes-haar","16":"pa_type-de-poils-lange-haare","17":"desktop-align-left","18":"tablet-align-left","19":"mobile-align-left","20":"ast-product-gallery-layout-horizontal-slider","21":"ast-product-gallery-with-no-image","22":"ast-product-tabs-layout-horizontal","24":"first","25":"instock","26":"shipping-taxable","27":"product-type-simple"},"_links":{"self":[{"href":"https:\/\/www.laboratoire-diamex.com\/de\/wp-json\/wp\/v2\/product\/11034","targetHints":{"allow":["GET"]}}],"collection":[{"href":"https:\/\/www.laboratoire-diamex.com\/de\/wp-json\/wp\/v2\/product"}],"about":[{"href":"https:\/\/www.laboratoire-diamex.com\/de\/wp-json\/wp\/v2\/types\/product"}],"version-history":[{"count":0,"href":"https:\/\/www.laboratoire-diamex.com\/de\/wp-json\/wp\/v2\/product\/11034\/revisions"}],"wp:featuredmedia":[{"embeddable":true,"href":"https:\/\/www.laboratoire-diamex.com\/de\/wp-json\/wp\/v2\/media\/11052"}],"wp:attachment":[{"href":"https:\/\/www.laboratoire-diamex.com\/de\/wp-json\/wp\/v2\/media?parent=11034"}],"wp:term":[{"taxonomy":"product_brand","embeddable":true,"href":"https:\/\/www.laboratoire-diamex.com\/de\/wp-json\/wp\/v2\/product_brand?post=11034"},{"taxonomy":"product_cat","embeddable":true,"href":"https:\/\/www.laboratoire-diamex.com\/de\/wp-json\/wp\/v2\/product_cat?post=11034"},{"taxonomy":"product_tag","embeddable":true,"href":"https:\/\/www.laboratoire-diamex.com\/de\/wp-json\/wp\/v2\/product_tag?post=11034"}],"curies":[{"name":"wp","href":"https:\/\/api.w.org\/{rel}","templated":true}]}}