{"id":11522,"date":"2023-07-11T13:00:14","date_gmt":"2023-07-11T11:00:14","guid":{"rendered":"https:\/\/www.laboratoire-diamex.com\/catalogue\/diamex-revital-care-fellpflege\/"},"modified":"2024-07-03T11:14:29","modified_gmt":"2024-07-03T09:14:29","slug":"diamex-revital-care-fellpflege","status":"publish","type":"product","link":"https:\/\/www.laboratoire-diamex.com\/de\/katalog\/diamex-revital-care-fellpflege\/","title":{"rendered":"Diamex Revital Care Serum"},"content":{"rendered":"<h2>Beschreibung<\/h2>\n<p>Dieses Serum n\u00e4hrt, repariert stumpfes und gesch\u00e4digtes Fell. Es verleiht ihr einen sch\u00f6nen Glanz und eine seidig-glatte Textur. Es hat auch eine entwirrende Wirkung. Es wird auf trockenem, nassem Fell angewendet.<\/p>\n<h2>Verpackungen<\/h2>\n<p>30 Milliliter.<\/p>\n<h2>Gebrauchsanweisung<\/h2>\n<p>Als revitalisierende oder reparierende Kur: Nehmen Sie eine oder zwei Dosen, verreiben Sie sie in den H\u00e4nden und verteilen Sie sie auf das gesamte trockene oder nasse Fell. Zum Entwirren: 1 Portion direkt auf den Knoten auftragen.<\/p>\n<h2>Verd\u00fcnnung<\/h2>\n<p>&#8211;<\/p>\n<h2>Eigenschaften<\/h2>\n<p>&#8211;<\/p>\n<h2>Tipps zur Verwendung<\/h2>\n<p>&#8211;<\/p>\n<h2>Zusammensetzung<\/h2>\n<p>Dimethicone.<\/p>\n<h2>EAN-Code<\/h2>\n<p>30 Milliliter: 54 250 1685 180 7<\/p>\n<h2>Referenz<\/h2>\n<p>30 Milliliter: 020210<\/p>\n","protected":false},"excerpt":{"rendered":"<p>Dieses Serum n\u00e4hrt, repariert stumpfes und gesch\u00e4digtes Fell.<\/p>\n","protected":false},"featured_media":11533,"template":"","meta":{"site-sidebar-layout":"default","site-content-layout":"default","ast-site-content-layout":"default","site-content-style":"default","site-sidebar-style":"default","ast-global-header-display":"","ast-banner-title-visibility":"","ast-main-header-display":"","ast-hfb-above-header-display":"","ast-hfb-below-header-display":"","ast-hfb-mobile-header-display":"","site-post-title":"","ast-breadcrumbs-content":"","ast-featured-img":"","footer-sml-layout":"","ast-disable-related-posts":"","theme-transparent-header-meta":"default","adv-header-id-meta":"","stick-header-meta":"default","header-above-stick-meta":"","header-main-stick-meta":"","header-below-stick-meta":"","astra-migrate-meta-layouts":"default","ast-page-background-enabled":"default","ast-page-background-meta":{"desktop":{"background-color":"var(--ast-global-color-4)","background-image":"","background-repeat":"repeat","background-position":"center center","background-size":"auto","background-attachment":"scroll","background-type":"","background-media":"","overlay-type":"","overlay-color":"","overlay-opacity":"","overlay-gradient":""},"tablet":{"background-color":"","background-image":"","background-repeat":"repeat","background-position":"center center","background-size":"auto","background-attachment":"scroll","background-type":"","background-media":"","overlay-type":"","overlay-color":"","overlay-opacity":"","overlay-gradient":""},"mobile":{"background-color":"","background-image":"","background-repeat":"repeat","background-position":"center center","background-size":"auto","background-attachment":"scroll","background-type":"","background-media":"","overlay-type":"","overlay-color":"","overlay-opacity":"","overlay-gradient":""}},"ast-content-background-meta":{"desktop":{"background-color":"var(--ast-global-color-5)","background-image":"","background-repeat":"repeat","background-position":"center center","background-size":"auto","background-attachment":"scroll","background-type":"","background-media":"","overlay-type":"","overlay-color":"","overlay-opacity":"","overlay-gradient":""},"tablet":{"background-color":"var(--ast-global-color-5)","background-image":"","background-repeat":"repeat","background-position":"center center","background-size":"auto","background-attachment":"scroll","background-type":"","background-media":"","overlay-type":"","overlay-color":"","overlay-opacity":"","overlay-gradient":""},"mobile":{"background-color":"var(--ast-global-color-5)","background-image":"","background-repeat":"repeat","background-position":"center center","background-size":"auto","background-attachment":"scroll","background-type":"","background-media":"","overlay-type":"","overlay-color":"","overlay-opacity":"","overlay-gradient":""}}},"product_brand":[],"product_cat":[753],"product_tag":[],"class_list":{"0":"post-11522","1":"product","2":"type-product","3":"status-publish","4":"has-post-thumbnail","6":"product_cat-classique-de","7":"pa_animal-hund","8":"pa_animal-katze","9":"pa_proprietes-entwirrer","10":"pa_proprietes-feuchtigkeitscreme","11":"pa_proprietes-spulung","12":"pa_type-de-poils-alle-arten","13":"pa_type-de-poils-kurzes-haar","14":"pa_type-de-poils-lange-haare","15":"desktop-align-left","16":"tablet-align-left","17":"mobile-align-left","18":"ast-product-gallery-layout-horizontal-slider","19":"ast-product-gallery-with-no-image","20":"ast-product-tabs-layout-horizontal","22":"first","23":"instock","24":"shipping-taxable","25":"product-type-simple"},"_links":{"self":[{"href":"https:\/\/www.laboratoire-diamex.com\/de\/wp-json\/wp\/v2\/product\/11522","targetHints":{"allow":["GET"]}}],"collection":[{"href":"https:\/\/www.laboratoire-diamex.com\/de\/wp-json\/wp\/v2\/product"}],"about":[{"href":"https:\/\/www.laboratoire-diamex.com\/de\/wp-json\/wp\/v2\/types\/product"}],"version-history":[{"count":0,"href":"https:\/\/www.laboratoire-diamex.com\/de\/wp-json\/wp\/v2\/product\/11522\/revisions"}],"wp:featuredmedia":[{"embeddable":true,"href":"https:\/\/www.laboratoire-diamex.com\/de\/wp-json\/wp\/v2\/media\/11533"}],"wp:attachment":[{"href":"https:\/\/www.laboratoire-diamex.com\/de\/wp-json\/wp\/v2\/media?parent=11522"}],"wp:term":[{"taxonomy":"product_brand","embeddable":true,"href":"https:\/\/www.laboratoire-diamex.com\/de\/wp-json\/wp\/v2\/product_brand?post=11522"},{"taxonomy":"product_cat","embeddable":true,"href":"https:\/\/www.laboratoire-diamex.com\/de\/wp-json\/wp\/v2\/product_cat?post=11522"},{"taxonomy":"product_tag","embeddable":true,"href":"https:\/\/www.laboratoire-diamex.com\/de\/wp-json\/wp\/v2\/product_tag?post=11522"}],"curies":[{"name":"wp","href":"https:\/\/api.w.org\/{rel}","templated":true}]}}