{"id":11555,"date":"2023-07-11T13:00:13","date_gmt":"2023-07-11T11:00:13","guid":{"rendered":"https:\/\/www.laboratoire-diamex.com\/catalogue\/diamex-cleaner-cascade-reiniger\/"},"modified":"2024-07-02T12:56:11","modified_gmt":"2024-07-02T10:56:11","slug":"diamex-cleaner-cascade-reiniger","status":"publish","type":"product","link":"https:\/\/www.laboratoire-diamex.com\/de\/katalog\/diamex-cleaner-cascade-reiniger\/","title":{"rendered":"Diamex Cleaner Cascade Oberfl\u00e4chenreiniger"},"content":{"rendered":"<h2>Beschreibung<\/h2>\n<p>Reinigungsmittel mit Wasserfallduft, das aus starken Wirkstoffen besteht.<br \/>\nIdeal f\u00fcr die Reinigung von Edelstahl-Tierarzttischen, Grooming-Tischen, Badewannen, M\u00f6beln und Zubeh\u00f6r&#8230;<\/p>\n<h2>Verpackungen<\/h2>\n<p>500 Milliliter, 5 Liter und 25 Liter.<\/p>\n<h2>Gebrauchsanweisung<\/h2>\n<p>Spr\u00fche aus 20 cm Entfernung Cascade Cleaner Spray auf und wische mit einem feuchten Tuch oder K\u00fcchenpapier nach.<\/p>\n<h2>Verd\u00fcnnung<\/h2>\n<p>&#8211;<\/p>\n<h2>Eigenschaften<\/h2>\n<p>&#8211;<\/p>\n<h2>Tipps zur Verwendung<\/h2>\n<p>&#8211;<\/p>\n<h2>Zusammensetzung<\/h2>\n<p>Aqua, Benzalkoniumchlorid, Natriumlaurethsulfat, Natriumhydroxid, Alkohole c12-14 ethoxylated, Perfume.<\/p>\n<h2>EAN-Codes<\/h2>\n<ul>\n<li>500 Milliliter: 54 250 1685 041 1<\/li>\n<li>5 Liter: 54 250 1685 415 0<\/li>\n<li>25 Liter: 54 250 1685 351 1<\/li>\n<\/ul>\n<h2>Referenzen<\/h2>\n<ul>\n<li>500 Milliliter: 020156<\/li>\n<li>5 Liter: 020157<\/li>\n<li>25 Liter: 020158<\/li>\n<\/ul>\n","protected":false},"excerpt":{"rendered":"<p>Reinigungsmittel mit Wasserfallduft, das aus starken Wirkstoffen besteht. Ideal f\u00fcr die Reinigung von Edelstahl-Tierarzttischen, Grooming-Tischen, Badewannen, M\u00f6beln und Zubeh\u00f6r &#8230;<\/p>\n","protected":false},"featured_media":15428,"template":"","meta":{"site-sidebar-layout":"default","site-content-layout":"default","ast-site-content-layout":"default","site-content-style":"default","site-sidebar-style":"default","ast-global-header-display":"","ast-banner-title-visibility":"","ast-main-header-display":"","ast-hfb-above-header-display":"","ast-hfb-below-header-display":"","ast-hfb-mobile-header-display":"","site-post-title":"","ast-breadcrumbs-content":"","ast-featured-img":"","footer-sml-layout":"","ast-disable-related-posts":"","theme-transparent-header-meta":"default","adv-header-id-meta":"","stick-header-meta":"default","header-above-stick-meta":"","header-main-stick-meta":"","header-below-stick-meta":"","astra-migrate-meta-layouts":"default","ast-page-background-enabled":"default","ast-page-background-meta":{"desktop":{"background-color":"var(--ast-global-color-4)","background-image":"","background-repeat":"repeat","background-position":"center center","background-size":"auto","background-attachment":"scroll","background-type":"","background-media":"","overlay-type":"","overlay-color":"","overlay-opacity":"","overlay-gradient":""},"tablet":{"background-color":"","background-image":"","background-repeat":"repeat","background-position":"center center","background-size":"auto","background-attachment":"scroll","background-type":"","background-media":"","overlay-type":"","overlay-color":"","overlay-opacity":"","overlay-gradient":""},"mobile":{"background-color":"","background-image":"","background-repeat":"repeat","background-position":"center center","background-size":"auto","background-attachment":"scroll","background-type":"","background-media":"","overlay-type":"","overlay-color":"","overlay-opacity":"","overlay-gradient":""}},"ast-content-background-meta":{"desktop":{"background-color":"var(--ast-global-color-5)","background-image":"","background-repeat":"repeat","background-position":"center center","background-size":"auto","background-attachment":"scroll","background-type":"","background-media":"","overlay-type":"","overlay-color":"","overlay-opacity":"","overlay-gradient":""},"tablet":{"background-color":"var(--ast-global-color-5)","background-image":"","background-repeat":"repeat","background-position":"center center","background-size":"auto","background-attachment":"scroll","background-type":"","background-media":"","overlay-type":"","overlay-color":"","overlay-opacity":"","overlay-gradient":""},"mobile":{"background-color":"var(--ast-global-color-5)","background-image":"","background-repeat":"repeat","background-position":"center center","background-size":"auto","background-attachment":"scroll","background-type":"","background-media":"","overlay-type":"","overlay-color":"","overlay-opacity":"","overlay-gradient":""}}},"product_brand":[],"product_cat":[808],"product_tag":[],"class_list":{"0":"post-11555","1":"product","2":"type-product","3":"status-publish","4":"has-post-thumbnail","6":"product_cat-hygine-et-entretien-de","7":"desktop-align-left","8":"tablet-align-left","9":"mobile-align-left","10":"ast-product-gallery-layout-horizontal-slider","11":"ast-product-tabs-layout-horizontal","13":"first","14":"instock","15":"shipping-taxable","16":"product-type-simple"},"_links":{"self":[{"href":"https:\/\/www.laboratoire-diamex.com\/de\/wp-json\/wp\/v2\/product\/11555","targetHints":{"allow":["GET"]}}],"collection":[{"href":"https:\/\/www.laboratoire-diamex.com\/de\/wp-json\/wp\/v2\/product"}],"about":[{"href":"https:\/\/www.laboratoire-diamex.com\/de\/wp-json\/wp\/v2\/types\/product"}],"version-history":[{"count":0,"href":"https:\/\/www.laboratoire-diamex.com\/de\/wp-json\/wp\/v2\/product\/11555\/revisions"}],"wp:featuredmedia":[{"embeddable":true,"href":"https:\/\/www.laboratoire-diamex.com\/de\/wp-json\/wp\/v2\/media\/15428"}],"wp:attachment":[{"href":"https:\/\/www.laboratoire-diamex.com\/de\/wp-json\/wp\/v2\/media?parent=11555"}],"wp:term":[{"taxonomy":"product_brand","embeddable":true,"href":"https:\/\/www.laboratoire-diamex.com\/de\/wp-json\/wp\/v2\/product_brand?post=11555"},{"taxonomy":"product_cat","embeddable":true,"href":"https:\/\/www.laboratoire-diamex.com\/de\/wp-json\/wp\/v2\/product_cat?post=11555"},{"taxonomy":"product_tag","embeddable":true,"href":"https:\/\/www.laboratoire-diamex.com\/de\/wp-json\/wp\/v2\/product_tag?post=11555"}],"curies":[{"name":"wp","href":"https:\/\/api.w.org\/{rel}","templated":true}]}}