{"id":11727,"date":"2023-07-11T13:00:12","date_gmt":"2023-07-11T11:00:12","guid":{"rendered":"https:\/\/www.laboratoire-diamex.com\/catalogue\/diamex-cool-cleaner\/"},"modified":"2024-07-02T12:56:39","modified_gmt":"2024-07-02T10:56:39","slug":"diamex-cool-cleaner","status":"publish","type":"product","link":"https:\/\/www.laboratoire-diamex.com\/de\/katalog\/diamex-cool-cleaner\/","title":{"rendered":"Diamex Cool Cleaner Schneidkopf-Reiniger"},"content":{"rendered":"<h2>Beschreibung<\/h2>\n<p>Das Cool Cleaner Spray ist ein Pflegemittel f\u00fcr M\u00e4hk\u00f6pfe. Durch dessen Verwendung wird die Lebensdauer von Scherk\u00f6pfen und Rasenm\u00e4hern verl\u00e4ngert. Wenn Sie das Produkt w\u00e4hrend der Arbeit auf die M\u00e4hk\u00f6pfe auftragen, werden diese gereinigt, geschmiert und gek\u00fchlt, was den Motor Ihrer Rasenm\u00e4her schont.<\/p>\n<h2>Verpackung<\/h2>\n<p>400 Milliliter.<\/p>\n<h2>Gebrauchsanweisung<\/h2>\n<p>Spr\u00fchen Sie auf den Scherkopf, w\u00e4hrend Sie den M\u00e4her 30 Sekunden lang laufen lassen, und setzen Sie dann die Arbeit fort.<\/p>\n<h2>Verd\u00fcnnung<\/h2>\n<p>&#8211;<\/p>\n<h2>Eigenschaften<\/h2>\n<p>&#8211;<\/p>\n<h2>Tipps zur Verwendung<\/h2>\n<p>&#8211;<\/p>\n<h2>Zusammensetzung<\/h2>\n<p>Isopropylalkohol, Ethylacetat, Paraffinum liquidum, Isopropylmyristat.<\/p>\n<h2>EAN-Code<\/h2>\n<p>400 Milliliter: 54 250 1685 056 5<\/p>\n<h2>Referenz<\/h2>\n<p>400 Milliliter: 020161<\/p>\n","protected":false},"excerpt":{"rendered":"<p>Das Cool Cleaner Spray ist ein Pflegemittel f\u00fcr M\u00e4hk\u00f6pfe. Durch dessen Verwendung wird die Lebensdauer von Scherk\u00f6pfen und Rasenm\u00e4hern verl\u00e4ngert.<\/p>\n","protected":false},"featured_media":15418,"template":"","meta":{"site-sidebar-layout":"default","site-content-layout":"default","ast-site-content-layout":"default","site-content-style":"default","site-sidebar-style":"default","ast-global-header-display":"","ast-banner-title-visibility":"","ast-main-header-display":"","ast-hfb-above-header-display":"","ast-hfb-below-header-display":"","ast-hfb-mobile-header-display":"","site-post-title":"","ast-breadcrumbs-content":"","ast-featured-img":"","footer-sml-layout":"","ast-disable-related-posts":"","theme-transparent-header-meta":"default","adv-header-id-meta":"","stick-header-meta":"default","header-above-stick-meta":"","header-main-stick-meta":"","header-below-stick-meta":"","astra-migrate-meta-layouts":"default","ast-page-background-enabled":"default","ast-page-background-meta":{"desktop":{"background-color":"var(--ast-global-color-4)","background-image":"","background-repeat":"repeat","background-position":"center center","background-size":"auto","background-attachment":"scroll","background-type":"","background-media":"","overlay-type":"","overlay-color":"","overlay-opacity":"","overlay-gradient":""},"tablet":{"background-color":"","background-image":"","background-repeat":"repeat","background-position":"center center","background-size":"auto","background-attachment":"scroll","background-type":"","background-media":"","overlay-type":"","overlay-color":"","overlay-opacity":"","overlay-gradient":""},"mobile":{"background-color":"","background-image":"","background-repeat":"repeat","background-position":"center center","background-size":"auto","background-attachment":"scroll","background-type":"","background-media":"","overlay-type":"","overlay-color":"","overlay-opacity":"","overlay-gradient":""}},"ast-content-background-meta":{"desktop":{"background-color":"var(--ast-global-color-5)","background-image":"","background-repeat":"repeat","background-position":"center center","background-size":"auto","background-attachment":"scroll","background-type":"","background-media":"","overlay-type":"","overlay-color":"","overlay-opacity":"","overlay-gradient":""},"tablet":{"background-color":"var(--ast-global-color-5)","background-image":"","background-repeat":"repeat","background-position":"center center","background-size":"auto","background-attachment":"scroll","background-type":"","background-media":"","overlay-type":"","overlay-color":"","overlay-opacity":"","overlay-gradient":""},"mobile":{"background-color":"var(--ast-global-color-5)","background-image":"","background-repeat":"repeat","background-position":"center center","background-size":"auto","background-attachment":"scroll","background-type":"","background-media":"","overlay-type":"","overlay-color":"","overlay-opacity":"","overlay-gradient":""}}},"product_brand":[],"product_cat":[808],"product_tag":[],"class_list":{"0":"post-11727","1":"product","2":"type-product","3":"status-publish","4":"has-post-thumbnail","6":"product_cat-hygine-et-entretien-de","7":"desktop-align-left","8":"tablet-align-left","9":"mobile-align-left","10":"ast-product-gallery-layout-horizontal-slider","11":"ast-product-gallery-with-no-image","12":"ast-product-tabs-layout-horizontal","14":"first","15":"instock","16":"shipping-taxable","17":"product-type-simple"},"_links":{"self":[{"href":"https:\/\/www.laboratoire-diamex.com\/de\/wp-json\/wp\/v2\/product\/11727","targetHints":{"allow":["GET"]}}],"collection":[{"href":"https:\/\/www.laboratoire-diamex.com\/de\/wp-json\/wp\/v2\/product"}],"about":[{"href":"https:\/\/www.laboratoire-diamex.com\/de\/wp-json\/wp\/v2\/types\/product"}],"version-history":[{"count":0,"href":"https:\/\/www.laboratoire-diamex.com\/de\/wp-json\/wp\/v2\/product\/11727\/revisions"}],"wp:featuredmedia":[{"embeddable":true,"href":"https:\/\/www.laboratoire-diamex.com\/de\/wp-json\/wp\/v2\/media\/15418"}],"wp:attachment":[{"href":"https:\/\/www.laboratoire-diamex.com\/de\/wp-json\/wp\/v2\/media?parent=11727"}],"wp:term":[{"taxonomy":"product_brand","embeddable":true,"href":"https:\/\/www.laboratoire-diamex.com\/de\/wp-json\/wp\/v2\/product_brand?post=11727"},{"taxonomy":"product_cat","embeddable":true,"href":"https:\/\/www.laboratoire-diamex.com\/de\/wp-json\/wp\/v2\/product_cat?post=11727"},{"taxonomy":"product_tag","embeddable":true,"href":"https:\/\/www.laboratoire-diamex.com\/de\/wp-json\/wp\/v2\/product_tag?post=11727"}],"curies":[{"name":"wp","href":"https:\/\/api.w.org\/{rel}","templated":true}]}}