{"id":11740,"date":"2023-07-11T13:00:13","date_gmt":"2023-07-11T11:00:13","guid":{"rendered":"https:\/\/www.laboratoire-diamex.com\/catalogue\/fellpflege-diamex-tahiti-dog-spray-splendid\/"},"modified":"2024-07-02T12:55:47","modified_gmt":"2024-07-02T10:55:47","slug":"fellpflege-diamex-tahiti-dog-spray-splendid","status":"publish","type":"product","link":"https:\/\/www.laboratoire-diamex.com\/de\/katalog\/fellpflege-diamex-tahiti-dog-spray-splendid\/","title":{"rendered":"Diamex TAHITI DOG Spray Splendid Monoi Spray"},"content":{"rendered":"<h2>Beschreibung<\/h2>\n<p>Das Splendid-Spray aus dem Tahiti Dog Sortiment ist ein n\u00e4hrendes Spray, das das Fell und die Haut Ihres Hundes sch\u00fctzt und revitalisiert. Dieses Pflegeprodukt verleiht dem Fell wieder Glanz und Gl\u00e4tte, f\u00f6rdert das Nachwachsen des Fells und beugt Verfilzungen und br\u00fcchigen Haaren vor. Es erleichtert auch das K\u00e4mmen und kann als Finishing-Spray verwendet werden. Dank des milden Monoi-Geruchs wird das Fell Ihres Hundes mit einem Duft durchtr\u00e4nkt, der an die sch\u00f6nsten exotischen Str\u00e4nde erinnert, ohne ihn zu bel\u00e4stigen.<\/p>\n<h2>Verpackung<\/h2>\n<p>400 Milliliter.<\/p>\n<h2>Gebrauchsanweisung<\/h2>\n<p>Vor Gebrauch sch\u00fctteln und aus 20 cm Entfernung gleichm\u00e4\u00dfig aufspr\u00fchen, 2 Minuten einwirken lassen. Ein Kamm oder eine B\u00fcrste bringt die ganze Sch\u00f6nheit des Fells zum Vorschein.<\/p>\n<h2>Eigenschaften<\/h2>\n<p>&#8211;<\/p>\n<h2>Tipps zur Verwendung<\/h2>\n<p>&#8211;<\/p>\n<h2>Zusammensetzung<\/h2>\n<p>Alcohol denat, Dichlormethan, Butan, Propan, Butylester von pvm\/ma, Copolymer, Ethylester von pvm\/ma Copolymer, n-Butylalkohol, Perfume.<\/p>\n<h2>EAN-Code<\/h2>\n<p>400 Milliliter: 54 250 1685 417 4<\/p>\n<h2>Referenz<\/h2>\n<p>400 Milliliter: 020263<\/p>\n","protected":false},"excerpt":{"rendered":"<p>Das Splendid-Spray aus dem Tahiti Dog Sortiment ist ein n\u00e4hrendes Spray, das das Fell und die Haut Ihres Hundes sch\u00fctzt und revitalisiert.<\/p>\n","protected":false},"featured_media":11749,"template":"","meta":{"site-sidebar-layout":"default","site-content-layout":"default","ast-site-content-layout":"default","site-content-style":"default","site-sidebar-style":"default","ast-global-header-display":"","ast-banner-title-visibility":"","ast-main-header-display":"","ast-hfb-above-header-display":"","ast-hfb-below-header-display":"","ast-hfb-mobile-header-display":"","site-post-title":"","ast-breadcrumbs-content":"","ast-featured-img":"","footer-sml-layout":"","ast-disable-related-posts":"","theme-transparent-header-meta":"default","adv-header-id-meta":"","stick-header-meta":"default","header-above-stick-meta":"","header-main-stick-meta":"","header-below-stick-meta":"","astra-migrate-meta-layouts":"default","ast-page-background-enabled":"default","ast-page-background-meta":{"desktop":{"background-color":"var(--ast-global-color-4)","background-image":"","background-repeat":"repeat","background-position":"center center","background-size":"auto","background-attachment":"scroll","background-type":"","background-media":"","overlay-type":"","overlay-color":"","overlay-opacity":"","overlay-gradient":""},"tablet":{"background-color":"","background-image":"","background-repeat":"repeat","background-position":"center center","background-size":"auto","background-attachment":"scroll","background-type":"","background-media":"","overlay-type":"","overlay-color":"","overlay-opacity":"","overlay-gradient":""},"mobile":{"background-color":"","background-image":"","background-repeat":"repeat","background-position":"center center","background-size":"auto","background-attachment":"scroll","background-type":"","background-media":"","overlay-type":"","overlay-color":"","overlay-opacity":"","overlay-gradient":""}},"ast-content-background-meta":{"desktop":{"background-color":"var(--ast-global-color-5)","background-image":"","background-repeat":"repeat","background-position":"center center","background-size":"auto","background-attachment":"scroll","background-type":"","background-media":"","overlay-type":"","overlay-color":"","overlay-opacity":"","overlay-gradient":""},"tablet":{"background-color":"var(--ast-global-color-5)","background-image":"","background-repeat":"repeat","background-position":"center center","background-size":"auto","background-attachment":"scroll","background-type":"","background-media":"","overlay-type":"","overlay-color":"","overlay-opacity":"","overlay-gradient":""},"mobile":{"background-color":"var(--ast-global-color-5)","background-image":"","background-repeat":"repeat","background-position":"center center","background-size":"auto","background-attachment":"scroll","background-type":"","background-media":"","overlay-type":"","overlay-color":"","overlay-opacity":"","overlay-gradient":""}}},"product_brand":[],"product_cat":[792],"product_tag":[],"class_list":{"0":"post-11740","1":"product","2":"type-product","3":"status-publish","4":"has-post-thumbnail","6":"product_cat-tahiti-dog-de","7":"pa_animal-hund","8":"pa_proprietes-entwirrer","9":"pa_proprietes-futtern","10":"pa_proprietes-polieren","11":"pa_proprietes-spulung","12":"pa_type-de-poils-alle-arten","13":"pa_type-de-poils-kurzes-haar","14":"pa_type-de-poils-lange-haare","15":"desktop-align-left","16":"tablet-align-left","17":"mobile-align-left","18":"ast-product-gallery-layout-horizontal-slider","19":"ast-product-gallery-with-no-image","20":"ast-product-tabs-layout-horizontal","22":"first","23":"instock","24":"shipping-taxable","25":"product-type-simple"},"_links":{"self":[{"href":"https:\/\/www.laboratoire-diamex.com\/de\/wp-json\/wp\/v2\/product\/11740","targetHints":{"allow":["GET"]}}],"collection":[{"href":"https:\/\/www.laboratoire-diamex.com\/de\/wp-json\/wp\/v2\/product"}],"about":[{"href":"https:\/\/www.laboratoire-diamex.com\/de\/wp-json\/wp\/v2\/types\/product"}],"version-history":[{"count":0,"href":"https:\/\/www.laboratoire-diamex.com\/de\/wp-json\/wp\/v2\/product\/11740\/revisions"}],"wp:featuredmedia":[{"embeddable":true,"href":"https:\/\/www.laboratoire-diamex.com\/de\/wp-json\/wp\/v2\/media\/11749"}],"wp:attachment":[{"href":"https:\/\/www.laboratoire-diamex.com\/de\/wp-json\/wp\/v2\/media?parent=11740"}],"wp:term":[{"taxonomy":"product_brand","embeddable":true,"href":"https:\/\/www.laboratoire-diamex.com\/de\/wp-json\/wp\/v2\/product_brand?post=11740"},{"taxonomy":"product_cat","embeddable":true,"href":"https:\/\/www.laboratoire-diamex.com\/de\/wp-json\/wp\/v2\/product_cat?post=11740"},{"taxonomy":"product_tag","embeddable":true,"href":"https:\/\/www.laboratoire-diamex.com\/de\/wp-json\/wp\/v2\/product_tag?post=11740"}],"curies":[{"name":"wp","href":"https:\/\/api.w.org\/{rel}","templated":true}]}}