{"id":13425,"date":"2024-05-30T08:48:13","date_gmt":"2024-05-30T06:48:13","guid":{"rendered":"https:\/\/www.laboratoire-diamex.com\/?post_type=product&#038;p=13425"},"modified":"2025-02-25T14:59:55","modified_gmt":"2025-02-25T13:59:55","slug":"balsam-diamex-pure-volumizing-treatment-copie","status":"publish","type":"product","link":"https:\/\/www.laboratoire-diamex.com\/de\/katalog\/balsam-diamex-pure-volumizing-treatment-copie\/","title":{"rendered":"Diamex PURE Wachstum &amp; St\u00e4rke lotion"},"content":{"rendered":"<h2>Beschreibung<\/h2>\n<p>  Diamex <strong>FORCE &amp; CROISSANCE<\/strong> Lotion aus der <strong>PURE<\/strong> Serie ist eine revolution\u00e4re Lotion, die das Haarwachstum stimuliert, das Fell umh\u00fcllt und ihm Glanz verleiht, die Haarfaser st\u00e4rkt und kr\u00e4ftigt und das Fell und die Haut tiefgehend mit Feuchtigkeit versorgt. Produkt ohne Aussp\u00fclen, das das Haar nicht fettet. <strong>Milchs\u00e4ure<\/strong> bietet mehrere Vorteile f\u00fcr Fell und Haut. Als sanftes Peeling hilft es, abgestorbene Hautzellen zu entfernen. Diese Peelingwirkung sorgt auch daf\u00fcr, dass die Haarfollikel besser atmen k\u00f6nnen, was das Haarwachstum anregt. Dank ihrer feuchtigkeitsspendenden Eigenschaften bewahrt Milchs\u00e4ure die Feuchtigkeit im Fell und in der Haut, sie macht das Fell weich und gl\u00e4nzend. Schlie\u00dflich gleicht es den pH-Wert der Haut aus und tr\u00e4gt zu einer besseren Gesundheit von Fell und Haut bei. <strong>Hyalurons\u00e4ure<\/strong> ist ein starker Feuchtigkeitsspender, der sowohl f\u00fcr die Haare als auch f\u00fcr die Haut von Vorteil ist. Es speichert die Feuchtigkeit in der Haut, verbessert ihre Elastizit\u00e4t und f\u00f6rdert die Kollagenproduktion. Au\u00dferdem beugt es Trockenheit und Irritationen vor. Dank ihrer zahlreichen Vorteile versorgt Hyalurons\u00e4ure das Haar tief im Inneren mit Feuchtigkeit, repariert es, st\u00e4rkt es, verleiht ihm Geschmeidigkeit und macht es gl\u00e4nzend, weich und seidig. <strong>Rizinus\u00f6l <\/strong> ist f\u00fcr seine zahlreichen Vorteile f\u00fcr Fell und Haut bekannt. Sie ist reich an essentiellen Fetts\u00e4uren und versorgt die Haut tiefgreifend mit Feuchtigkeit. Es n\u00e4hrt die Haarfollikel, f\u00f6rdert das Haarwachstum und st\u00e4rkt sie gleichzeitig, was Haarbruch und Spliss vorbeugt. Es verleiht dem Fell Glanz und Geschmeidigkeit. <strong>Pflanzliches Keratin<\/strong>, das reich an Aminos\u00e4uren ist, st\u00e4rkt die Haarfaser, wodurch Spliss reduziert wird. Es verbessert die Textur des Haares und macht es glatter, gl\u00e4nzender und leichter k\u00e4mmbar. Keratin bewahrt au\u00dferdem die Feuchtigkeit, Elastizit\u00e4t und Festigkeit der Haut und macht sie widerstandsf\u00e4higer gegen \u00e4u\u00dfere Einfl\u00fcsse. Indem es die Hautbarriere repariert und sch\u00fctzt, f\u00f6rdert es eine ges\u00fcndere Haut.  <strong>Formuliert ohne Alkohol, Silikon oder Farbstoffe.<\/strong><\/p>\n<h2>Gebrauchsanweisung<\/h2>\n<p>  Spr\u00fchen Sie das Produkt von der Wurzel bis zu den Spitzen auf das gesamte Fell oder auf die Bereiche, die stimuliert werden sollen. Einreiben, um das Eindringen der Wirkstoffe zu f\u00f6rdern. Bei Bedarf b\u00fcrsten. Vermeiden Sie den Kontakt mit den Augen.  <\/p>\n<h2>Eigenschaften<\/h2>\n<p><strong>Beschleunigt das Wachstum:<\/strong> Enth\u00e4lt Wirkstoffe, die die Haarfollikel stimulieren, wodurch das Haarwachstum erheblich beschleunigt wird.  <strong>Kr\u00e4ftigend:<\/strong> Enth\u00e4lt starke Wirkstoffe, die die Struktur des Haars st\u00e4rken und es weniger br\u00fcchig machen.  <strong>Spendet Feuchtigkeit:<\/strong> Versorgt das Fell und die Haut mit lang anhaltender und wirksamer Feuchtigkeit.  Gl\u00e4nzend<strong>:<\/strong> Verleiht dem Fell Glanz.  <\/p>\n<h2>Tipps zur Verwendung<\/h2>\n<p>  Die Lotion  <strong>ST\u00c4RKE &amp; WACHSTUM<\/strong><strong> <\/strong>aus dem PURE-Sortiment ist ein Premiumprodukt, das speziell f\u00fcr Turnier- und Ausstellungshunde entwickelt wurde, deren Fell besondere Aufmerksamkeit ben\u00f6tigt. Sie optimiert die Zeit, in der der Flor zwischen den Wettbewerben aufgestellt wird, und verbessert gleichzeitig die Qualit\u00e4t des Flors.  <\/p>\n<h2>Verpackungen<\/h2>\n<p>  300 Milliliter.  <\/p>\n<h2>Zusammensetzung<\/h2>\n<p>  OSMOTISCHES WASSER, HYDROLYSIERTES WEIZENPROTEIN, CASTOR\u00d6L (RIZINUS\u00d6L), MILCHS\u00c4URE, PARF\u00dcM, SODIUM BENZOAT.  <\/p>\n<h2>EAN-Code<\/h2>\n<p>  300 Milliliter: 54 250 1685 693 2  <\/p>\n<h2>Referenz<\/h2>\n<p>  300 Milliliter: 5301720<\/p>\n","protected":false},"excerpt":{"rendered":"<p>Eine Lotion, die die Haarstruktur st\u00e4rkt und das Haarwachstum beschleunigt.  &nbsp;<\/p>\n","protected":false},"featured_media":13441,"template":"","meta":{"site-sidebar-layout":"default","site-content-layout":"default","ast-site-content-layout":"default","site-content-style":"default","site-sidebar-style":"default","ast-global-header-display":"","ast-banner-title-visibility":"","ast-main-header-display":"","ast-hfb-above-header-display":"","ast-hfb-below-header-display":"","ast-hfb-mobile-header-display":"","site-post-title":"","ast-breadcrumbs-content":"","ast-featured-img":"","footer-sml-layout":"","ast-disable-related-posts":"","theme-transparent-header-meta":"default","adv-header-id-meta":"","stick-header-meta":"default","header-above-stick-meta":"","header-main-stick-meta":"","header-below-stick-meta":"","astra-migrate-meta-layouts":"set","ast-page-background-enabled":"default","ast-page-background-meta":{"desktop":{"background-color":"var(--ast-global-color-4)","background-image":"","background-repeat":"repeat","background-position":"center center","background-size":"auto","background-attachment":"scroll","background-type":"","background-media":"","overlay-type":"","overlay-color":"","overlay-opacity":"","overlay-gradient":""},"tablet":{"background-color":"","background-image":"","background-repeat":"repeat","background-position":"center center","background-size":"auto","background-attachment":"scroll","background-type":"","background-media":"","overlay-type":"","overlay-color":"","overlay-opacity":"","overlay-gradient":""},"mobile":{"background-color":"","background-image":"","background-repeat":"repeat","background-position":"center center","background-size":"auto","background-attachment":"scroll","background-type":"","background-media":"","overlay-type":"","overlay-color":"","overlay-opacity":"","overlay-gradient":""}},"ast-content-background-meta":{"desktop":{"background-color":"var(--ast-global-color-5)","background-image":"","background-repeat":"repeat","background-position":"center center","background-size":"auto","background-attachment":"scroll","background-type":"","background-media":"","overlay-type":"","overlay-color":"","overlay-opacity":"","overlay-gradient":""},"tablet":{"background-color":"var(--ast-global-color-5)","background-image":"","background-repeat":"repeat","background-position":"center center","background-size":"auto","background-attachment":"scroll","background-type":"","background-media":"","overlay-type":"","overlay-color":"","overlay-opacity":"","overlay-gradient":""},"mobile":{"background-color":"var(--ast-global-color-5)","background-image":"","background-repeat":"repeat","background-position":"center center","background-size":"auto","background-attachment":"scroll","background-type":"","background-media":"","overlay-type":"","overlay-color":"","overlay-opacity":"","overlay-gradient":""}}},"product_brand":[],"product_cat":[783],"product_tag":[],"class_list":{"0":"post-13425","1":"product","2":"type-product","3":"status-publish","4":"has-post-thumbnail","6":"product_cat-pure-de","7":"pa_animal-hund","8":"pa_proprietes-anti-sturz","9":"pa_proprietes-feuchtigkeitscreme","10":"pa_proprietes-reparateur-de-2","11":"pa_proprietes-starkend","12":"pa_type-de-poils-lange-haare","13":"desktop-align-left","14":"tablet-align-left","15":"mobile-align-left","16":"ast-product-gallery-layout-horizontal-slider","17":"ast-product-gallery-with-no-image","18":"ast-product-tabs-layout-horizontal","20":"first","21":"instock","22":"shipping-taxable","23":"product-type-simple"},"_links":{"self":[{"href":"https:\/\/www.laboratoire-diamex.com\/de\/wp-json\/wp\/v2\/product\/13425","targetHints":{"allow":["GET"]}}],"collection":[{"href":"https:\/\/www.laboratoire-diamex.com\/de\/wp-json\/wp\/v2\/product"}],"about":[{"href":"https:\/\/www.laboratoire-diamex.com\/de\/wp-json\/wp\/v2\/types\/product"}],"version-history":[{"count":0,"href":"https:\/\/www.laboratoire-diamex.com\/de\/wp-json\/wp\/v2\/product\/13425\/revisions"}],"wp:featuredmedia":[{"embeddable":true,"href":"https:\/\/www.laboratoire-diamex.com\/de\/wp-json\/wp\/v2\/media\/13441"}],"wp:attachment":[{"href":"https:\/\/www.laboratoire-diamex.com\/de\/wp-json\/wp\/v2\/media?parent=13425"}],"wp:term":[{"taxonomy":"product_brand","embeddable":true,"href":"https:\/\/www.laboratoire-diamex.com\/de\/wp-json\/wp\/v2\/product_brand?post=13425"},{"taxonomy":"product_cat","embeddable":true,"href":"https:\/\/www.laboratoire-diamex.com\/de\/wp-json\/wp\/v2\/product_cat?post=13425"},{"taxonomy":"product_tag","embeddable":true,"href":"https:\/\/www.laboratoire-diamex.com\/de\/wp-json\/wp\/v2\/product_tag?post=13425"}],"curies":[{"name":"wp","href":"https:\/\/api.w.org\/{rel}","templated":true}]}}