{"id":13461,"date":"2024-05-30T10:18:13","date_gmt":"2024-05-30T08:18:13","guid":{"rendered":"https:\/\/www.laboratoire-diamex.com\/?post_type=product&#038;p=13461"},"modified":"2024-07-03T10:02:59","modified_gmt":"2024-07-03T08:02:59","slug":"balsam-diamex-pure-volumizing-treatment-copie-copie","status":"publish","type":"product","link":"https:\/\/www.laboratoire-diamex.com\/de\/katalog\/balsam-diamex-pure-volumizing-treatment-copie-copie\/","title":{"rendered":"Diamex PURE Trockenw\u00e4sche &amp; Volumen-Trockenshampoo"},"content":{"rendered":"<h2>Beschreibung<\/h2>\n<p><strong>TROCKENW\u00c4SCHE &amp; VOLUMEN<\/strong> Shampoo ist ein Zwei-in-Eins-Produkt, das das Fell reinigt, ohne es nass zu machen, und das Haar vor dem Schneiden pflegt und ihm Volumen verleiht. Es ist jedoch kein Produkt wie jedes andere, sondern wurde speziell so formuliert, dass es <strong>UNSICHTBAR<\/strong> ist! Es hinterl\u00e4sst keine sichtbaren R\u00fcckst\u00e4nde auf dem Fell und sorgt so f\u00fcr ein makelloses Fell, selbst bei Hunden mit dunklem Fell. Indem es \u00fcbersch\u00fcssiges \u00d6l absorbiert, verleiht es den Haaren sofort wieder Leichtigkeit und Volumen und schafft so ein dichteres und gepflegteres Aussehen.<\/p>\n<p><strong>Formuliert ohne Silikone und Farbstoffe.<\/strong><\/p>\n<h2>Verpackung<\/h2>\n<p>300 Milliliter.<\/p>\n<h2>Gebrauchsanweisung<\/h2>\n<p><strong>Reinigen: <\/strong> Das Produkt aus 20 cm Entfernung aufspr\u00fchen und dabei den Kontakt mit den Augen vermeiden. Etwa 30 Sekunden einwirken lassen und dann mit einem sauberen Tuch einreiben.<br \/>\n<strong>Konditionieren:<\/strong> Das Produkt aus 20 Zentimetern Entfernung aufspr\u00fchen und dabei den Kontakt mit den Augen vermeiden. Direkt mit einem sauberen Tuch einreiben.<\/p>\n<h2>Eigenschaften<\/h2>\n<p><strong>Absorbierend:<\/strong> h\u00e4lt Unreinheiten fest und absorbiert \u00fcbersch\u00fcssigen Talg, so dass sie beim B\u00fcrsten leichter entfernt werden k\u00f6nnen.<br \/>\n<strong>Reinigt:<\/strong> Entfernt Unreinheiten, Schmutzpartikel und Ger\u00fcche und erfrischt das Fell zwischen der Fellpflege oder wenn ein Bad unpraktisch ist.<br \/>\nVerleiht F\u00fclle<strong>:<\/strong> quillt die Haarfaser auf und verbessert die Textur des Haares, so dass es sofort einen sch\u00f6nen Volumeneffekt erh\u00e4lt.<br \/>\n<strong>Erleichtert das B\u00fcrsten: Er<\/strong> leichtert das B\u00fcrsten und Schneiden durch besseren Halt, erm\u00f6glicht langlebige und stilvolle Schnitte.<\/p>\n<h2>Produkttipps<\/h2>\n<p>TROCKENW\u00c4SCHE &amp; VOLUMEN<strong><\/strong><strong> <\/strong>aus dem PURE-Sortiment ist ein Premiumprodukt, das speziell f\u00fcr Turnier- und Ausstellungshunde entwickelt wurde, deren Fell besondere Aufmerksamkeit ben\u00f6tigt. Damit l\u00e4sst sich das Fell des Hundes nicht nur schnell waschen, sondern es verleiht dem Fell beim Wettkampf auch Volumen, ohne auch nur eine Spur zu hinterlassen.<\/p>\n<h2>Zusammensetzung<\/h2>\n<p>&#8211;<\/p>\n<h2>EAN-Code<\/h2>\n<p>300 Milliliter: 54 250 1685 687 1<\/p>\n<h2>Referenz<\/h2>\n<p>300 Milliliter: 5301640<\/p>\n","protected":false},"excerpt":{"rendered":"<p><strong>TROCKENW\u00c4SCHE &amp; VOLUMEN<\/strong> ist ein <strong>UNSICHTBARES<\/strong> Zwei-in-Eins-Produkt, das das Fell reinigt, ohne es nass zu machen, und das Fell vor dem Trimmen konditioniert und ihm gleichzeitig Volumen verleiht.<\/p>\n<p><strong>Formuliert ohne Silikone und Farbstoffe.<\/strong><\/p>\n<p>&nbsp;<\/p>\n","protected":false},"featured_media":13451,"template":"","meta":{"site-sidebar-layout":"default","site-content-layout":"default","ast-site-content-layout":"default","site-content-style":"default","site-sidebar-style":"default","ast-global-header-display":"","ast-banner-title-visibility":"","ast-main-header-display":"","ast-hfb-above-header-display":"","ast-hfb-below-header-display":"","ast-hfb-mobile-header-display":"","site-post-title":"","ast-breadcrumbs-content":"","ast-featured-img":"","footer-sml-layout":"","ast-disable-related-posts":"","theme-transparent-header-meta":"default","adv-header-id-meta":"","stick-header-meta":"default","header-above-stick-meta":"","header-main-stick-meta":"","header-below-stick-meta":"","astra-migrate-meta-layouts":"set","ast-page-background-enabled":"default","ast-page-background-meta":{"desktop":{"background-color":"var(--ast-global-color-4)","background-image":"","background-repeat":"repeat","background-position":"center center","background-size":"auto","background-attachment":"scroll","background-type":"","background-media":"","overlay-type":"","overlay-color":"","overlay-opacity":"","overlay-gradient":""},"tablet":{"background-color":"","background-image":"","background-repeat":"repeat","background-position":"center center","background-size":"auto","background-attachment":"scroll","background-type":"","background-media":"","overlay-type":"","overlay-color":"","overlay-opacity":"","overlay-gradient":""},"mobile":{"background-color":"","background-image":"","background-repeat":"repeat","background-position":"center center","background-size":"auto","background-attachment":"scroll","background-type":"","background-media":"","overlay-type":"","overlay-color":"","overlay-opacity":"","overlay-gradient":""}},"ast-content-background-meta":{"desktop":{"background-color":"var(--ast-global-color-5)","background-image":"","background-repeat":"repeat","background-position":"center center","background-size":"auto","background-attachment":"scroll","background-type":"","background-media":"","overlay-type":"","overlay-color":"","overlay-opacity":"","overlay-gradient":""},"tablet":{"background-color":"var(--ast-global-color-5)","background-image":"","background-repeat":"repeat","background-position":"center center","background-size":"auto","background-attachment":"scroll","background-type":"","background-media":"","overlay-type":"","overlay-color":"","overlay-opacity":"","overlay-gradient":""},"mobile":{"background-color":"var(--ast-global-color-5)","background-image":"","background-repeat":"repeat","background-position":"center center","background-size":"auto","background-attachment":"scroll","background-type":"","background-media":"","overlay-type":"","overlay-color":"","overlay-opacity":"","overlay-gradient":""}}},"product_brand":[],"product_cat":[783],"product_tag":[],"class_list":{"0":"post-13461","1":"product","2":"type-product","3":"status-publish","4":"has-post-thumbnail","6":"product_cat-pure-de","7":"pa_animal-hund","8":"pa_proprietes-reiniger","9":"pa_proprietes-volumengebend","10":"pa_type-de-poils-alle-arten","11":"pa_type-de-poils-lange-haare","12":"desktop-align-left","13":"tablet-align-left","14":"mobile-align-left","15":"ast-product-gallery-layout-horizontal-slider","16":"ast-product-gallery-with-no-image","17":"ast-product-tabs-layout-horizontal","19":"first","20":"instock","21":"shipping-taxable","22":"product-type-simple"},"_links":{"self":[{"href":"https:\/\/www.laboratoire-diamex.com\/de\/wp-json\/wp\/v2\/product\/13461","targetHints":{"allow":["GET"]}}],"collection":[{"href":"https:\/\/www.laboratoire-diamex.com\/de\/wp-json\/wp\/v2\/product"}],"about":[{"href":"https:\/\/www.laboratoire-diamex.com\/de\/wp-json\/wp\/v2\/types\/product"}],"version-history":[{"count":0,"href":"https:\/\/www.laboratoire-diamex.com\/de\/wp-json\/wp\/v2\/product\/13461\/revisions"}],"wp:featuredmedia":[{"embeddable":true,"href":"https:\/\/www.laboratoire-diamex.com\/de\/wp-json\/wp\/v2\/media\/13451"}],"wp:attachment":[{"href":"https:\/\/www.laboratoire-diamex.com\/de\/wp-json\/wp\/v2\/media?parent=13461"}],"wp:term":[{"taxonomy":"product_brand","embeddable":true,"href":"https:\/\/www.laboratoire-diamex.com\/de\/wp-json\/wp\/v2\/product_brand?post=13461"},{"taxonomy":"product_cat","embeddable":true,"href":"https:\/\/www.laboratoire-diamex.com\/de\/wp-json\/wp\/v2\/product_cat?post=13461"},{"taxonomy":"product_tag","embeddable":true,"href":"https:\/\/www.laboratoire-diamex.com\/de\/wp-json\/wp\/v2\/product_tag?post=13461"}],"curies":[{"name":"wp","href":"https:\/\/api.w.org\/{rel}","templated":true}]}}