{"id":19276,"date":"2024-12-02T13:30:07","date_gmt":"2024-12-02T12:30:07","guid":{"rendered":"https:\/\/www.laboratoire-diamex.com\/?post_type=product&#038;p=19276"},"modified":"2025-02-25T15:27:13","modified_gmt":"2025-02-25T14:27:13","slug":"diamex-macarons-gruner-tee-jasmin-parfum-copie","status":"publish","type":"product","link":"https:\/\/www.laboratoire-diamex.com\/de\/katalog\/diamex-macarons-gruner-tee-jasmin-parfum-copie\/","title":{"rendered":"Parfum Diamex MACARONS Grapefruit &#8211; Mandarine"},"content":{"rendered":"<h2>Beschreibung<\/h2>\n<p>Das Parfum Diamex <strong>PAMPLEMOUSSE &#8211; MANDARINE<\/strong> aus der Reihe <strong>MACARONS<\/strong> ist ein Parfum mit einem s\u00fc\u00dfen Zitrusduft. Es parf\u00fcmiert das Fell Ihres Hundes sanft, ohne ihn zu bel\u00e4stigen.<\/p>\n<h2>Gebrauchsanweisung<\/h2>\n<p>Auf das Fell spr\u00fchen und dabei den Kontakt mit den Augen vermeiden.<\/p>\n<h2>Verpackungen<\/h2>\n<p>100 Milliliter.<\/p>\n<h2>Zusammensetzung<\/h2>\n<p>ALCOHOL DENAT, OSMOSEWASSER, PARF\u00dcM.<\/p>\n<h2>EAN-Code<\/h2>\n<p>54 250 1685 705 2<\/p>\n<h2>Referenz<\/h2>\n<p>5301750<\/p>\n","protected":false},"excerpt":{"rendered":"<p>Parf\u00fcm mit einem s\u00fc\u00dfen Zitrusduft.<\/p>\n","protected":false},"featured_media":19299,"template":"","meta":{"site-sidebar-layout":"default","site-content-layout":"default","ast-site-content-layout":"default","site-content-style":"default","site-sidebar-style":"default","ast-global-header-display":"","ast-banner-title-visibility":"","ast-main-header-display":"","ast-hfb-above-header-display":"","ast-hfb-below-header-display":"","ast-hfb-mobile-header-display":"","site-post-title":"","ast-breadcrumbs-content":"","ast-featured-img":"","footer-sml-layout":"","ast-disable-related-posts":"","theme-transparent-header-meta":"default","adv-header-id-meta":"","stick-header-meta":"default","header-above-stick-meta":"","header-main-stick-meta":"","header-below-stick-meta":"","astra-migrate-meta-layouts":"set","ast-page-background-enabled":"default","ast-page-background-meta":{"desktop":{"background-color":"var(--ast-global-color-4)","background-image":"","background-repeat":"repeat","background-position":"center center","background-size":"auto","background-attachment":"scroll","background-type":"","background-media":"","overlay-type":"","overlay-color":"","overlay-opacity":"","overlay-gradient":""},"tablet":{"background-color":"","background-image":"","background-repeat":"repeat","background-position":"center center","background-size":"auto","background-attachment":"scroll","background-type":"","background-media":"","overlay-type":"","overlay-color":"","overlay-opacity":"","overlay-gradient":""},"mobile":{"background-color":"","background-image":"","background-repeat":"repeat","background-position":"center center","background-size":"auto","background-attachment":"scroll","background-type":"","background-media":"","overlay-type":"","overlay-color":"","overlay-opacity":"","overlay-gradient":""}},"ast-content-background-meta":{"desktop":{"background-color":"var(--ast-global-color-5)","background-image":"","background-repeat":"repeat","background-position":"center center","background-size":"auto","background-attachment":"scroll","background-type":"","background-media":"","overlay-type":"","overlay-color":"","overlay-opacity":"","overlay-gradient":""},"tablet":{"background-color":"var(--ast-global-color-5)","background-image":"","background-repeat":"repeat","background-position":"center center","background-size":"auto","background-attachment":"scroll","background-type":"","background-media":"","overlay-type":"","overlay-color":"","overlay-opacity":"","overlay-gradient":""},"mobile":{"background-color":"var(--ast-global-color-5)","background-image":"","background-repeat":"repeat","background-position":"center center","background-size":"auto","background-attachment":"scroll","background-type":"","background-media":"","overlay-type":"","overlay-color":"","overlay-opacity":"","overlay-gradient":""}}},"product_brand":[],"product_cat":[760],"product_tag":[],"class_list":{"0":"post-19276","1":"product","2":"type-product","3":"status-publish","4":"has-post-thumbnail","6":"product_cat-gourmande-de","7":"pa_animal-hund","8":"desktop-align-left","9":"tablet-align-left","10":"mobile-align-left","11":"ast-product-gallery-layout-horizontal-slider","12":"ast-product-gallery-with-no-image","13":"ast-product-tabs-layout-horizontal","15":"first","16":"instock","17":"shipping-taxable","18":"product-type-simple"},"_links":{"self":[{"href":"https:\/\/www.laboratoire-diamex.com\/de\/wp-json\/wp\/v2\/product\/19276","targetHints":{"allow":["GET"]}}],"collection":[{"href":"https:\/\/www.laboratoire-diamex.com\/de\/wp-json\/wp\/v2\/product"}],"about":[{"href":"https:\/\/www.laboratoire-diamex.com\/de\/wp-json\/wp\/v2\/types\/product"}],"version-history":[{"count":0,"href":"https:\/\/www.laboratoire-diamex.com\/de\/wp-json\/wp\/v2\/product\/19276\/revisions"}],"wp:featuredmedia":[{"embeddable":true,"href":"https:\/\/www.laboratoire-diamex.com\/de\/wp-json\/wp\/v2\/media\/19299"}],"wp:attachment":[{"href":"https:\/\/www.laboratoire-diamex.com\/de\/wp-json\/wp\/v2\/media?parent=19276"}],"wp:term":[{"taxonomy":"product_brand","embeddable":true,"href":"https:\/\/www.laboratoire-diamex.com\/de\/wp-json\/wp\/v2\/product_brand?post=19276"},{"taxonomy":"product_cat","embeddable":true,"href":"https:\/\/www.laboratoire-diamex.com\/de\/wp-json\/wp\/v2\/product_cat?post=19276"},{"taxonomy":"product_tag","embeddable":true,"href":"https:\/\/www.laboratoire-diamex.com\/de\/wp-json\/wp\/v2\/product_tag?post=19276"}],"curies":[{"name":"wp","href":"https:\/\/api.w.org\/{rel}","templated":true}]}}