{"id":22579,"date":"2025-04-30T10:06:54","date_gmt":"2025-04-30T08:06:54","guid":{"rendered":"https:\/\/www.laboratoire-diamex.com\/?post_type=product&#038;p=22579"},"modified":"2025-04-30T11:29:10","modified_gmt":"2025-04-30T09:29:10","slug":"diamex-pure-glattender-strukturierender-schaum-copie","status":"publish","type":"product","link":"https:\/\/www.laboratoire-diamex.com\/de\/katalog\/diamex-pure-glattender-strukturierender-schaum-copie\/","title":{"rendered":"Diamex PURE Texture &amp; Volume Puder"},"content":{"rendered":"<h2>Beschreibung<\/h2>\n<p>Der ultrafeine Diamex <strong>TEXTURE &amp; VOLUME<\/strong> Puder aus der <strong>PURE<\/strong> Serie,    <span class=\"OYPEnA font-feature-liga-off font-feature-clig-off font-feature-calt-off text-decoration-none text-strikethrough-none\">ist ein Mehrzweckprodukt, das entwickelt wurde, um das Fell zu veredeln. Ideal, um dem Fell Volumen und Halt zu geben und gleichzeitig ein nat\u00fcrliches Finish zu erzielen. Perfekt f\u00fcr hartes Fell, verbessert die Griffigkeit und erleichtert die Haarentfernung. Geeignet f\u00fcr Hunde und Katzen mit langem oder kurzem Haar, ohne zu beschweren oder zu verkleben. Hinterl\u00e4sst keine sichtbaren R\u00fcckst\u00e4nde und respektiert die Natur des Fells und der Haut.    <\/span><\/p>\n<h2>Gebrauchsanweisung<\/h2>\n<p class=\"cvGsUA direction-ltr align-start para-style-body\"><em><strong><span class=\"OYPEnA font-feature-liga-off font-feature-clig-off font-feature-calt-off text-decoration-none text-strikethrough-none\">Haltung und Volumen :<\/span><\/strong><\/em> <span class=\"OYPEnA font-feature-liga-off font-feature-clig-off font-feature-calt-off text-decoration-none text-strikethrough-none\">Best\u00e4uben Sie den Haaransatz und konzentrieren Sie sich dabei auf die Bereiche, in denen Sie Volumen und Halt erzeugen m\u00f6chten (Koteletten, Top Knot etc.). K\u00e4mmen Sie das Haar sanft durch, um es gleichm\u00e4\u00dfig zu formen und zu strukturieren. <\/span><\/p>\n<p class=\"cvGsUA direction-ltr align-start para-style-body\"><em><strong><span class=\"OYPEnA font-feature-liga-off font-feature-clig-off font-feature-calt-off text-decoration-none text-strikethrough-none\">Haarentfernung<\/span><span class=\"OYPEnA font-feature-liga-off font-feature-clig-off font-feature-calt-off text-decoration-none text-strikethrough-none\"> :<\/span><\/strong><\/em> <span class=\"OYPEnA font-feature-liga-off font-feature-clig-off font-feature-calt-off text-decoration-none text-strikethrough-none\">auf das zu enthaarende Haar streuen. Fahren Sie mit dem Epilieren fort. Bestreuen Sie die nicht epilierten L\u00e4ngen und k\u00e4mmen Sie sie sanft, um dem Haar mehr Halt und Struktur zu geben.  <\/span><\/p>\n<h2>Verpackungen<\/h2>\n<p>30 Gramm<\/p>\n<h2>EAN-Code<\/h2>\n<p>30 Gramm :  <span class=\"OYPEnA font-feature-liga-off font-feature-clig-off font-feature-calt-off text-decoration-none text-strikethrough-none\">54 250 1685 812 7<\/span><\/p>\n<h2>Referenz<\/h2>\n<p>30 Gramm :  <span class=\"OYPEnA font-feature-liga-off font-feature-clig-off font-feature-calt-off text-decoration-none text-strikethrough-none\">020330<\/span><\/p>\n","protected":false},"excerpt":{"rendered":"<p><span class=\"OYPEnA font-feature-liga-off font-feature-clig-off font-feature-calt-off text-decoration-none text-strikethrough-none\">Gibt dem Fell Halt und erleichtert die Entfernung von hartem Haar.<\/span><\/p>\n<p>&nbsp;<\/p>\n","protected":false},"featured_media":22666,"template":"","meta":{"site-sidebar-layout":"default","site-content-layout":"default","ast-site-content-layout":"default","site-content-style":"default","site-sidebar-style":"default","ast-global-header-display":"","ast-banner-title-visibility":"","ast-main-header-display":"","ast-hfb-above-header-display":"","ast-hfb-below-header-display":"","ast-hfb-mobile-header-display":"","site-post-title":"","ast-breadcrumbs-content":"","ast-featured-img":"","footer-sml-layout":"","ast-disable-related-posts":"","theme-transparent-header-meta":"default","adv-header-id-meta":"","stick-header-meta":"default","header-above-stick-meta":"","header-main-stick-meta":"","header-below-stick-meta":"","astra-migrate-meta-layouts":"set","ast-page-background-enabled":"default","ast-page-background-meta":{"desktop":{"background-color":"var(--ast-global-color-4)","background-image":"","background-repeat":"repeat","background-position":"center center","background-size":"auto","background-attachment":"scroll","background-type":"","background-media":"","overlay-type":"","overlay-color":"","overlay-opacity":"","overlay-gradient":""},"tablet":{"background-color":"","background-image":"","background-repeat":"repeat","background-position":"center center","background-size":"auto","background-attachment":"scroll","background-type":"","background-media":"","overlay-type":"","overlay-color":"","overlay-opacity":"","overlay-gradient":""},"mobile":{"background-color":"","background-image":"","background-repeat":"repeat","background-position":"center center","background-size":"auto","background-attachment":"scroll","background-type":"","background-media":"","overlay-type":"","overlay-color":"","overlay-opacity":"","overlay-gradient":""}},"ast-content-background-meta":{"desktop":{"background-color":"var(--ast-global-color-5)","background-image":"","background-repeat":"repeat","background-position":"center center","background-size":"auto","background-attachment":"scroll","background-type":"","background-media":"","overlay-type":"","overlay-color":"","overlay-opacity":"","overlay-gradient":""},"tablet":{"background-color":"var(--ast-global-color-5)","background-image":"","background-repeat":"repeat","background-position":"center center","background-size":"auto","background-attachment":"scroll","background-type":"","background-media":"","overlay-type":"","overlay-color":"","overlay-opacity":"","overlay-gradient":""},"mobile":{"background-color":"var(--ast-global-color-5)","background-image":"","background-repeat":"repeat","background-position":"center center","background-size":"auto","background-attachment":"scroll","background-type":"","background-media":"","overlay-type":"","overlay-color":"","overlay-opacity":"","overlay-gradient":""}}},"product_brand":[],"product_cat":[783],"product_tag":[],"class_list":{"0":"post-22579","1":"product","2":"type-product","3":"status-publish","4":"has-post-thumbnail","6":"product_cat-pure-de","7":"pa_animal-hund","8":"pa_animal-katze","9":"pa_proprietes-volumengebend","10":"pa_type-de-poils-hartes-haar","11":"desktop-align-left","12":"tablet-align-left","13":"mobile-align-left","14":"ast-product-gallery-layout-horizontal-slider","15":"ast-product-gallery-with-no-image","16":"ast-product-tabs-layout-horizontal","18":"first","19":"instock","20":"shipping-taxable","21":"product-type-simple"},"_links":{"self":[{"href":"https:\/\/www.laboratoire-diamex.com\/de\/wp-json\/wp\/v2\/product\/22579","targetHints":{"allow":["GET"]}}],"collection":[{"href":"https:\/\/www.laboratoire-diamex.com\/de\/wp-json\/wp\/v2\/product"}],"about":[{"href":"https:\/\/www.laboratoire-diamex.com\/de\/wp-json\/wp\/v2\/types\/product"}],"version-history":[{"count":0,"href":"https:\/\/www.laboratoire-diamex.com\/de\/wp-json\/wp\/v2\/product\/22579\/revisions"}],"wp:featuredmedia":[{"embeddable":true,"href":"https:\/\/www.laboratoire-diamex.com\/de\/wp-json\/wp\/v2\/media\/22666"}],"wp:attachment":[{"href":"https:\/\/www.laboratoire-diamex.com\/de\/wp-json\/wp\/v2\/media?parent=22579"}],"wp:term":[{"taxonomy":"product_brand","embeddable":true,"href":"https:\/\/www.laboratoire-diamex.com\/de\/wp-json\/wp\/v2\/product_brand?post=22579"},{"taxonomy":"product_cat","embeddable":true,"href":"https:\/\/www.laboratoire-diamex.com\/de\/wp-json\/wp\/v2\/product_cat?post=22579"},{"taxonomy":"product_tag","embeddable":true,"href":"https:\/\/www.laboratoire-diamex.com\/de\/wp-json\/wp\/v2\/product_tag?post=22579"}],"curies":[{"name":"wp","href":"https:\/\/api.w.org\/{rel}","templated":true}]}}