{"id":22741,"date":"2025-04-30T11:25:41","date_gmt":"2025-04-30T09:25:41","guid":{"rendered":"https:\/\/www.laboratoire-diamex.com\/catalogue\/diamex-pure-entwirrende-schuetzende-lotion\/"},"modified":"2025-04-30T11:25:41","modified_gmt":"2025-04-30T09:25:41","slug":"diamex-pure-entwirrende-schuetzende-lotion","status":"publish","type":"product","link":"https:\/\/www.laboratoire-diamex.com\/de\/katalog\/diamex-pure-entwirrende-schuetzende-lotion\/","title":{"rendered":"Diamex PURE Entwirrende &amp; Sch\u00fctzende Lotion"},"content":{"rendered":"<h2>Beschreibung<\/h2>\n<p><span class=\"OYPEnA font-feature-liga-off font-feature-clig-off font-feature-calt-off text-decoration-none text-strikethrough-none\">Diamex Spray <b>D\u00c9M\u00caLANT &amp; PROTECTEUR <\/b>aus der <strong>PURE<\/strong> Serie ist ein Hochleistungsprodukt, das Wirksamkeit und Schutz kombiniert. Es wurde entwickelt, um das K\u00e4mmen zu erleichtern, das Haar leicht zu halten und eine Schutzbarriere gegen \u00e4u\u00dfere Einfl\u00fcsse (Hitze, UV-Strahlen, Verschmutzung usw.) zu schaffen. Dank der fettfreien Formel ist das Fell seidig, gl\u00e4nzend und weich. Ideal, um das Fell zu verfeinern und die Form des Haarschnitts zu perfektionieren.   <\/span><\/p>\n<p><strong>Ohne Alkohol und Farbstoffe.  <\/strong><\/p>\n<h2>Gebrauchsanweisung<\/h2>\n<p class=\"cvGsUA direction-ltr align-start para-style-body\"><em><strong><span class=\"OYPEnA font-feature-liga-off font-feature-clig-off font-feature-calt-off text-decoration-none text-strikethrough-none\">Vor dem Baden :<\/span><\/strong><\/em><span class=\"OYPEnA font-feature-liga-off font-feature-clig-off font-feature-calt-off text-decoration-none text-strikethrough-none\"> Gro\u00dfz\u00fcgig auf das trockene Fell spr\u00fchen und anschlie\u00dfend b\u00fcrsten.<br \/>\n<\/span><em><strong><span class=\"OYPEnA font-feature-liga-off font-feature-clig-off font-feature-calt-off text-decoration-none text-strikethrough-none\">Nach dem Baden:<\/span><\/strong><\/em><span class=\"OYPEnA font-feature-liga-off font-feature-clig-off font-feature-calt-off text-decoration-none text-strikethrough-none\">  Das Fell auswringen, ohne es zu reiben. Leichtes Vorfetten. Spr\u00fchen Sie auf das Fell. Trocknen Sie das Fell.   <\/span><\/p>\n<p><em><strong><span class=\"OYPEnA font-feature-liga-off font-feature-clig-off font-feature-calt-off text-decoration-none text-strikethrough-none\">Rat :  <\/span><\/strong><\/em><span class=\"OYPEnA font-feature-liga-off font-feature-clig-off font-feature-calt-off text-decoration-none text-strikethrough-none\">Dieses Produkt enth\u00e4lt Silikon, das f\u00fcr ein perfektes Finish sorgt. Silikon dringt jedoch nicht in die Haarfaser ein. Um das Haar mit Feuchtigkeit zu versorgen, empfehlen wir Ihnen, n\u00e4hrende Pflegeprodukte wie PURE Conditioner oder Balsam in Ihre Routine einzubauen.  <\/span><\/p>\n<h2>Verpackungen<\/h2>\n<p>300 Milliliter<\/p>\n<h2>EAN-Code<\/h2>\n<p>300 Milliliter :  <span class=\"OYPEnA font-feature-liga-off font-feature-clig-off font-feature-calt-off text-decoration-none text-strikethrough-none\">54 250 1685 815 8<\/span><\/p>\n<h2>Referenz<\/h2>\n<p>300 Milliliter :  <span class=\"OYPEnA font-feature-liga-off font-feature-clig-off font-feature-calt-off text-decoration-none text-strikethrough-none\">020334<\/span><\/p>\n","protected":false},"excerpt":{"rendered":"<p>Entwirrt sanft, sch\u00fctzt langanhaltend und enth\u00fcllt die Sch\u00f6nheit des Haars<\/p>\n","protected":false},"featured_media":22719,"template":"","meta":{"site-sidebar-layout":"default","site-content-layout":"","ast-site-content-layout":"default","site-content-style":"default","site-sidebar-style":"default","ast-global-header-display":"","ast-banner-title-visibility":"","ast-main-header-display":"","ast-hfb-above-header-display":"","ast-hfb-below-header-display":"","ast-hfb-mobile-header-display":"","site-post-title":"","ast-breadcrumbs-content":"","ast-featured-img":"","footer-sml-layout":"","ast-disable-related-posts":"","theme-transparent-header-meta":"default","adv-header-id-meta":"","stick-header-meta":"default","header-above-stick-meta":"","header-main-stick-meta":"","header-below-stick-meta":"","astra-migrate-meta-layouts":"default","ast-page-background-enabled":"default","ast-page-background-meta":{"desktop":{"background-color":"var(--ast-global-color-4)","background-image":"","background-repeat":"repeat","background-position":"center center","background-size":"auto","background-attachment":"scroll","background-type":"","background-media":"","overlay-type":"","overlay-color":"","overlay-opacity":"","overlay-gradient":""},"tablet":{"background-color":"","background-image":"","background-repeat":"repeat","background-position":"center center","background-size":"auto","background-attachment":"scroll","background-type":"","background-media":"","overlay-type":"","overlay-color":"","overlay-opacity":"","overlay-gradient":""},"mobile":{"background-color":"","background-image":"","background-repeat":"repeat","background-position":"center center","background-size":"auto","background-attachment":"scroll","background-type":"","background-media":"","overlay-type":"","overlay-color":"","overlay-opacity":"","overlay-gradient":""}},"ast-content-background-meta":{"desktop":{"background-color":"var(--ast-global-color-5)","background-image":"","background-repeat":"repeat","background-position":"center center","background-size":"auto","background-attachment":"scroll","background-type":"","background-media":"","overlay-type":"","overlay-color":"","overlay-opacity":"","overlay-gradient":""},"tablet":{"background-color":"var(--ast-global-color-5)","background-image":"","background-repeat":"repeat","background-position":"center center","background-size":"auto","background-attachment":"scroll","background-type":"","background-media":"","overlay-type":"","overlay-color":"","overlay-opacity":"","overlay-gradient":""},"mobile":{"background-color":"var(--ast-global-color-5)","background-image":"","background-repeat":"repeat","background-position":"center center","background-size":"auto","background-attachment":"scroll","background-type":"","background-media":"","overlay-type":"","overlay-color":"","overlay-opacity":"","overlay-gradient":""}}},"product_brand":[],"product_cat":[783],"product_tag":[],"class_list":{"0":"post-22741","1":"product","2":"type-product","3":"status-publish","4":"has-post-thumbnail","6":"product_cat-pure-de","7":"pa_animal-hund","8":"pa_proprietes-entwirrer","9":"pa_proprietes-polieren","10":"pa_proprietes-schutzend","11":"pa_type-de-poils-lange-haare","12":"desktop-align-left","13":"tablet-align-left","14":"mobile-align-left","15":"ast-product-gallery-layout-horizontal-slider","16":"ast-product-gallery-with-no-image","17":"ast-product-tabs-layout-horizontal","19":"first","20":"instock","21":"shipping-taxable","22":"product-type-simple"},"_links":{"self":[{"href":"https:\/\/www.laboratoire-diamex.com\/de\/wp-json\/wp\/v2\/product\/22741","targetHints":{"allow":["GET"]}}],"collection":[{"href":"https:\/\/www.laboratoire-diamex.com\/de\/wp-json\/wp\/v2\/product"}],"about":[{"href":"https:\/\/www.laboratoire-diamex.com\/de\/wp-json\/wp\/v2\/types\/product"}],"version-history":[{"count":0,"href":"https:\/\/www.laboratoire-diamex.com\/de\/wp-json\/wp\/v2\/product\/22741\/revisions"}],"wp:featuredmedia":[{"embeddable":true,"href":"https:\/\/www.laboratoire-diamex.com\/de\/wp-json\/wp\/v2\/media\/22719"}],"wp:attachment":[{"href":"https:\/\/www.laboratoire-diamex.com\/de\/wp-json\/wp\/v2\/media?parent=22741"}],"wp:term":[{"taxonomy":"product_brand","embeddable":true,"href":"https:\/\/www.laboratoire-diamex.com\/de\/wp-json\/wp\/v2\/product_brand?post=22741"},{"taxonomy":"product_cat","embeddable":true,"href":"https:\/\/www.laboratoire-diamex.com\/de\/wp-json\/wp\/v2\/product_cat?post=22741"},{"taxonomy":"product_tag","embeddable":true,"href":"https:\/\/www.laboratoire-diamex.com\/de\/wp-json\/wp\/v2\/product_tag?post=22741"}],"curies":[{"name":"wp","href":"https:\/\/api.w.org\/{rel}","templated":true}]}}