{"id":24366,"date":"2025-08-11T11:42:17","date_gmt":"2025-08-11T09:42:17","guid":{"rendered":"https:\/\/www.laboratoire-diamex.com\/catalogue\/diamex-shedcontrol-shampoo\/"},"modified":"2025-08-11T11:42:17","modified_gmt":"2025-08-11T09:42:17","slug":"diamex-shedcontrol-shampoo","status":"publish","type":"product","link":"https:\/\/www.laboratoire-diamex.com\/de\/katalog\/diamex-shedcontrol-shampoo\/","title":{"rendered":"Diamex ShedControl Shampoo"},"content":{"rendered":"<h2>Beschreibung<\/h2>\n<p>Das Diamex-Shampoo<strong>  SHEDCONTROL<\/strong> <span class=\"OYPEnA font-feature-liga-off font-feature-clig-off font-feature-calt-off text-decoration-none text-strikethrough-none\">erf\u00fcllt die Bed\u00fcrfnisse von Tieren mit dichtem Fell oder anf\u00e4lligem Haarausfall. Es eignet sich besonders f\u00fcr Hunde mit doppeltem Fell, kurzhaarige Hunde mit starkem Haarausfall und Katzen. Dieses milde Shampoo hilft, abgestorbene Haare zu entfernen, den Haarwechsel zu begrenzen und ein gesundes Nachwachsen zu f\u00f6rdern. Es ist mit feuchtigkeitsspendenden Wirkstoffen angereichert, die die Haut und das Fell schonen.   <\/span><\/p>\n<h2>Gebrauchsanweisung<\/h2>\n<p><span class=\"OYPEnA font-feature-liga-off font-feature-clig-off font-feature-calt-off text-decoration-none text-strikethrough-none\">Eine erste Dosis Shampoo gleichm\u00e4\u00dfig auf das zuvor mit lauwarmem Wasser angefeuchtete Fell auftragen. Massieren und teilweise aussp\u00fclen. Tragen Sie eine zweite Dosis auf. 2 bis 5 Minuten einwirken lassen. Noch einmal gr\u00fcndlich einmassieren. B\u00fcrsten, um abgestorbene Haare zu entfernen. Gr\u00fcndlich absp\u00fclen und trocken f\u00f6hnen oder pulsieren.      <\/span><\/p>\n<h2>Verpackungen<\/h2>\n<p>1 Liter und 5 Liter.<\/p>\n<h2>EAN-Codes<\/h2>\n<p>1 Liter :  <span class=\"OYPEnA font-feature-liga-off font-feature-clig-off font-feature-calt-off text-decoration-none text-strikethrough-none\">54 250 1685 822 6<\/span><br \/>\n<span style=\"font-size: 16px;\">5 Liter: 54 250 1685 <span class=\"OYPEnA font-feature-liga-off font-feature-clig-off font-feature-calt-off text-decoration-none text-strikethrough-none\">823 3<\/span><\/span><\/p>\n<h2>Referenzen<\/h2>\n<p><span style=\"font-size: 16px;\">1 Liter: <span class=\"OYPEnA font-feature-liga-off font-feature-clig-off font-feature-calt-off text-decoration-none text-strikethrough-none\">020345<\/span><br \/>\n<\/span>5 Liter: <span class=\"OYPEnA font-feature-liga-off font-feature-clig-off font-feature-calt-off text-decoration-none text-strikethrough-none\">020346<\/span><\/p>\n","protected":false},"excerpt":{"rendered":"<p>Shampoo, das abgestorbene Haare wirksam entfernt und gesundes Nachwachsen f\u00f6rdert. Ideal f\u00fcr Tiere mit dichtem Fell oder starkem Haarausfall.<\/p>\n","protected":false},"featured_media":24308,"template":"","meta":{"site-sidebar-layout":"default","site-content-layout":"","ast-site-content-layout":"default","site-content-style":"default","site-sidebar-style":"default","ast-global-header-display":"","ast-banner-title-visibility":"","ast-main-header-display":"","ast-hfb-above-header-display":"","ast-hfb-below-header-display":"","ast-hfb-mobile-header-display":"","site-post-title":"","ast-breadcrumbs-content":"","ast-featured-img":"","footer-sml-layout":"","ast-disable-related-posts":"","theme-transparent-header-meta":"default","adv-header-id-meta":"","stick-header-meta":"default","header-above-stick-meta":"","header-main-stick-meta":"","header-below-stick-meta":"","astra-migrate-meta-layouts":"default","ast-page-background-enabled":"default","ast-page-background-meta":{"desktop":{"background-color":"var(--ast-global-color-4)","background-image":"","background-repeat":"repeat","background-position":"center center","background-size":"auto","background-attachment":"scroll","background-type":"","background-media":"","overlay-type":"","overlay-color":"","overlay-opacity":"","overlay-gradient":""},"tablet":{"background-color":"","background-image":"","background-repeat":"repeat","background-position":"center center","background-size":"auto","background-attachment":"scroll","background-type":"","background-media":"","overlay-type":"","overlay-color":"","overlay-opacity":"","overlay-gradient":""},"mobile":{"background-color":"","background-image":"","background-repeat":"repeat","background-position":"center center","background-size":"auto","background-attachment":"scroll","background-type":"","background-media":"","overlay-type":"","overlay-color":"","overlay-opacity":"","overlay-gradient":""}},"ast-content-background-meta":{"desktop":{"background-color":"var(--ast-global-color-5)","background-image":"","background-repeat":"repeat","background-position":"center center","background-size":"auto","background-attachment":"scroll","background-type":"","background-media":"","overlay-type":"","overlay-color":"","overlay-opacity":"","overlay-gradient":""},"tablet":{"background-color":"var(--ast-global-color-5)","background-image":"","background-repeat":"repeat","background-position":"center center","background-size":"auto","background-attachment":"scroll","background-type":"","background-media":"","overlay-type":"","overlay-color":"","overlay-opacity":"","overlay-gradient":""},"mobile":{"background-color":"var(--ast-global-color-5)","background-image":"","background-repeat":"repeat","background-position":"center center","background-size":"auto","background-attachment":"scroll","background-type":"","background-media":"","overlay-type":"","overlay-color":"","overlay-opacity":"","overlay-gradient":""}}},"product_brand":[],"product_cat":[753],"product_tag":[],"class_list":{"0":"post-24366","1":"product","2":"type-product","3":"status-publish","4":"has-post-thumbnail","6":"product_cat-classique-de","7":"pa_animal-hund","8":"pa_animal-katze","9":"pa_proprietes-anti-sturz","10":"pa_proprietes-feuchtigkeitscreme","11":"pa_proprietes-starkend","12":"pa_type-de-poils-alle-arten","13":"pa_type-de-poils-hartes-haar","14":"pa_type-de-poils-kurzes-haar","15":"pa_type-de-poils-lange-haare","16":"desktop-align-left","17":"tablet-align-left","18":"mobile-align-left","19":"ast-product-gallery-layout-horizontal-slider","20":"ast-product-tabs-layout-horizontal","22":"first","23":"instock","24":"shipping-taxable","25":"product-type-simple"},"_links":{"self":[{"href":"https:\/\/www.laboratoire-diamex.com\/de\/wp-json\/wp\/v2\/product\/24366","targetHints":{"allow":["GET"]}}],"collection":[{"href":"https:\/\/www.laboratoire-diamex.com\/de\/wp-json\/wp\/v2\/product"}],"about":[{"href":"https:\/\/www.laboratoire-diamex.com\/de\/wp-json\/wp\/v2\/types\/product"}],"version-history":[{"count":0,"href":"https:\/\/www.laboratoire-diamex.com\/de\/wp-json\/wp\/v2\/product\/24366\/revisions"}],"wp:featuredmedia":[{"embeddable":true,"href":"https:\/\/www.laboratoire-diamex.com\/de\/wp-json\/wp\/v2\/media\/24308"}],"wp:attachment":[{"href":"https:\/\/www.laboratoire-diamex.com\/de\/wp-json\/wp\/v2\/media?parent=24366"}],"wp:term":[{"taxonomy":"product_brand","embeddable":true,"href":"https:\/\/www.laboratoire-diamex.com\/de\/wp-json\/wp\/v2\/product_brand?post=24366"},{"taxonomy":"product_cat","embeddable":true,"href":"https:\/\/www.laboratoire-diamex.com\/de\/wp-json\/wp\/v2\/product_cat?post=24366"},{"taxonomy":"product_tag","embeddable":true,"href":"https:\/\/www.laboratoire-diamex.com\/de\/wp-json\/wp\/v2\/product_tag?post=24366"}],"curies":[{"name":"wp","href":"https:\/\/api.w.org\/{rel}","templated":true}]}}