{"id":9832,"date":"2023-07-11T13:00:46","date_gmt":"2023-07-11T11:00:46","guid":{"rendered":"https:\/\/www.laboratoire-diamex.com\/catalogue\/diamex-hollywood-parfum\/"},"modified":"2024-07-02T12:32:51","modified_gmt":"2024-07-02T10:32:51","slug":"diamex-hollywood-parfum","status":"publish","type":"product","link":"https:\/\/www.laboratoire-diamex.com\/de\/katalog\/diamex-hollywood-parfum\/","title":{"rendered":"Diamex Hollywood Parfum"},"content":{"rendered":"<h2>Beschreibung<\/h2>\n<p>Das Hollywood-Parfum hat einen s\u00fc\u00dfen, fruchtig-w\u00fcrzigen Duft. Es parf\u00fcmiert das Fell Ihres Hundes sanft, ohne ihn zu bel\u00e4stigen.<\/p>\n<h2>Verpackungen<\/h2>\n<p>100 Milliliter, 1 Liter und 5 Liter.<\/p>\n<h2>Gebrauchsanweisung<\/h2>\n<p>Auf das Fell spr\u00fchen und dabei den Kontakt mit den Augen vermeiden.<\/p>\n<h2>Zusammensetzung<\/h2>\n<p>Alcohol denat, aqua, perfume.<\/p>\n<h2>EAN-Codes<\/h2>\n<ul>\n<li>100 Milliliter: 54 2501685 074 9<\/li>\n<li>1 Liter: 54 250 1685 277 4<\/li>\n<li>5 Liter :<\/li>\n<\/ul>\n<h2>Referenzen<\/h2>\n<ul>\n<li>100 Milliliter: 020126<\/li>\n<li>1 Liter: 020127<\/li>\n<li>5 Liter: 020238<\/li>\n<\/ul>\n","protected":false},"excerpt":{"rendered":"<p>Beschreibung Das Hollywood-Parfum hat einen s\u00fc\u00dfen, fruchtig-w\u00fcrzigen Duft. Es parf\u00fcmiert das Fell Ihres Hundes sanft, ohne ihn zu bel\u00e4stigen. Verpackungen 100 Milliliter, 1 Liter und 5 Liter. Gebrauchsanweisung Auf das Fell spr\u00fchen und dabei den Kontakt mit den Augen vermeiden. Zusammensetzung Alcohol denat, aqua, perfume. EAN-Codes 100 Milliliter: 54 2501685 074 9 1 Liter: 54 [&hellip;]<\/p>\n","protected":false},"featured_media":9842,"template":"","meta":{"site-sidebar-layout":"default","site-content-layout":"default","ast-site-content-layout":"default","site-content-style":"default","site-sidebar-style":"default","ast-global-header-display":"","ast-banner-title-visibility":"","ast-main-header-display":"","ast-hfb-above-header-display":"","ast-hfb-below-header-display":"","ast-hfb-mobile-header-display":"","site-post-title":"","ast-breadcrumbs-content":"","ast-featured-img":"","footer-sml-layout":"","ast-disable-related-posts":"","theme-transparent-header-meta":"default","adv-header-id-meta":"","stick-header-meta":"default","header-above-stick-meta":"","header-main-stick-meta":"","header-below-stick-meta":"","astra-migrate-meta-layouts":"default","ast-page-background-enabled":"default","ast-page-background-meta":{"desktop":{"background-color":"var(--ast-global-color-4)","background-image":"","background-repeat":"repeat","background-position":"center center","background-size":"auto","background-attachment":"scroll","background-type":"","background-media":"","overlay-type":"","overlay-color":"","overlay-opacity":"","overlay-gradient":""},"tablet":{"background-color":"","background-image":"","background-repeat":"repeat","background-position":"center center","background-size":"auto","background-attachment":"scroll","background-type":"","background-media":"","overlay-type":"","overlay-color":"","overlay-opacity":"","overlay-gradient":""},"mobile":{"background-color":"","background-image":"","background-repeat":"repeat","background-position":"center center","background-size":"auto","background-attachment":"scroll","background-type":"","background-media":"","overlay-type":"","overlay-color":"","overlay-opacity":"","overlay-gradient":""}},"ast-content-background-meta":{"desktop":{"background-color":"var(--ast-global-color-5)","background-image":"","background-repeat":"repeat","background-position":"center center","background-size":"auto","background-attachment":"scroll","background-type":"","background-media":"","overlay-type":"","overlay-color":"","overlay-opacity":"","overlay-gradient":""},"tablet":{"background-color":"var(--ast-global-color-5)","background-image":"","background-repeat":"repeat","background-position":"center center","background-size":"auto","background-attachment":"scroll","background-type":"","background-media":"","overlay-type":"","overlay-color":"","overlay-opacity":"","overlay-gradient":""},"mobile":{"background-color":"var(--ast-global-color-5)","background-image":"","background-repeat":"repeat","background-position":"center center","background-size":"auto","background-attachment":"scroll","background-type":"","background-media":"","overlay-type":"","overlay-color":"","overlay-opacity":"","overlay-gradient":""}}},"product_brand":[],"product_cat":[780],"product_tag":[],"class_list":{"0":"post-9832","1":"product","2":"type-product","3":"status-publish","4":"has-post-thumbnail","6":"product_cat-parfums-de","7":"pa_animal-hund","8":"desktop-align-left","9":"tablet-align-left","10":"mobile-align-left","11":"ast-product-gallery-layout-horizontal-slider","12":"ast-product-gallery-with-no-image","13":"ast-product-tabs-layout-horizontal","15":"first","16":"instock","17":"shipping-taxable","18":"product-type-simple"},"_links":{"self":[{"href":"https:\/\/www.laboratoire-diamex.com\/de\/wp-json\/wp\/v2\/product\/9832","targetHints":{"allow":["GET"]}}],"collection":[{"href":"https:\/\/www.laboratoire-diamex.com\/de\/wp-json\/wp\/v2\/product"}],"about":[{"href":"https:\/\/www.laboratoire-diamex.com\/de\/wp-json\/wp\/v2\/types\/product"}],"version-history":[{"count":0,"href":"https:\/\/www.laboratoire-diamex.com\/de\/wp-json\/wp\/v2\/product\/9832\/revisions"}],"wp:featuredmedia":[{"embeddable":true,"href":"https:\/\/www.laboratoire-diamex.com\/de\/wp-json\/wp\/v2\/media\/9842"}],"wp:attachment":[{"href":"https:\/\/www.laboratoire-diamex.com\/de\/wp-json\/wp\/v2\/media?parent=9832"}],"wp:term":[{"taxonomy":"product_brand","embeddable":true,"href":"https:\/\/www.laboratoire-diamex.com\/de\/wp-json\/wp\/v2\/product_brand?post=9832"},{"taxonomy":"product_cat","embeddable":true,"href":"https:\/\/www.laboratoire-diamex.com\/de\/wp-json\/wp\/v2\/product_cat?post=9832"},{"taxonomy":"product_tag","embeddable":true,"href":"https:\/\/www.laboratoire-diamex.com\/de\/wp-json\/wp\/v2\/product_tag?post=9832"}],"curies":[{"name":"wp","href":"https:\/\/api.w.org\/{rel}","templated":true}]}}