{"id":10342,"date":"2023-07-11T13:00:55","date_gmt":"2023-07-11T11:00:55","guid":{"rendered":"https:\/\/www.laboratoire-diamex.com\/catalogue\/balsamo-diamex-mineral\/"},"modified":"2024-07-10T14:20:33","modified_gmt":"2024-07-10T12:20:33","slug":"balsamo-diamex-mineral","status":"publish","type":"product","link":"https:\/\/www.laboratoire-diamex.com\/es\/cat\u00e1logo\/balsamo-diamex-mineral\/","title":{"rendered":"B\u00e1lsamo desenredante Diamex MINERAL"},"content":{"rendered":"<h2>Descripci\u00f3n<\/h2>\n<p>El B\u00e1lsamo Mineral es un producto ultra-desenredante dise\u00f1ado para suavizar e hidratar profundamente el cabello. Enriquecido con minerales esenciales y un complejo de aceites secos, este producto garantiza un desenredado suave. Tras aplicar el b\u00e1lsamo, el cabello queda suave como la seda durante varios d\u00edas.<\/p>\n<h2>Embalaje<\/h2>\n<p>250 mililitros, 1 litro y 5 litros.<\/p>\n<h2>Instrucciones de uso<\/h2>\n<p>Con el pelo seco: aplicar el producto por todo el cuerpo y dejar actuar el mayor tiempo posible antes del ba\u00f1o.<\/p>\n<p>Sobre una capa h\u00fameda: aplicar el producto sobre la capa lavada y escurrida. Masajear suavemente distribuyendo el producto, dejar actuar unos minutos y aclarar con abundante agua.<\/p>\n<p>Para obtener mejores resultados, aplicar el producto antes y despu\u00e9s del ba\u00f1o.<\/p>\n<h2>Diluci\u00f3n<\/h2>\n<p>&#8211;<\/p>\n<h2>Propiedades<\/h2>\n<p>&#8211;<\/p>\n<h2>Consejos sobre el producto<\/h2>\n<p>&#8211;<\/p>\n<h2>Composici\u00f3n<\/h2>\n<p>Agua, alcohol cetear\u00edlico (y) dipalmitoiletilhidroxietilmonio, metosulfato (y) ceteareth-20, octildodecanol, cloruro de cetrimonio, glicerina, perfume, \u00e1cido c\u00edtrico, benzoato s\u00f3dico, sorbato pot\u00e1sico.<\/p>\n<h2>Productos complementarios<\/h2>\n<p>Champ\u00fa mineral | Loci\u00f3n mineral<\/p>\n<h2>C\u00f3digos EAN<\/h2>\n<ul>\n<li>250 mililitros: 54 250 1685 438 9<\/li>\n<li>1 litro: 54 250 1685 479 2<\/li>\n<li>5 litros: 54 250 1685 482 2<\/li>\n<\/ul>\n<h2>Referencias<\/h2>\n<ul>\n<li>250 mililitros : 5301040<\/li>\n<li>1 litro : 5301050<\/li>\n<li>5 litros : 5301060<\/li>\n<\/ul>\n","protected":false},"excerpt":{"rendered":"<p>El B\u00e1lsamo Mineral es un producto ultra-desenredante dise\u00f1ado para suavizar e hidratar profundamente el cabello.<\/p>\n","protected":false},"featured_media":10345,"template":"","meta":{"site-sidebar-layout":"default","site-content-layout":"default","ast-site-content-layout":"default","site-content-style":"default","site-sidebar-style":"default","ast-global-header-display":"","ast-banner-title-visibility":"","ast-main-header-display":"","ast-hfb-above-header-display":"","ast-hfb-below-header-display":"","ast-hfb-mobile-header-display":"","site-post-title":"","ast-breadcrumbs-content":"","ast-featured-img":"","footer-sml-layout":"","ast-disable-related-posts":"","theme-transparent-header-meta":"default","adv-header-id-meta":"","stick-header-meta":"default","header-above-stick-meta":"","header-main-stick-meta":"","header-below-stick-meta":"","astra-migrate-meta-layouts":"default","ast-page-background-enabled":"default","ast-page-background-meta":{"desktop":{"background-color":"var(--ast-global-color-4)","background-image":"","background-repeat":"repeat","background-position":"center center","background-size":"auto","background-attachment":"scroll","background-type":"","background-media":"","overlay-type":"","overlay-color":"","overlay-opacity":"","overlay-gradient":""},"tablet":{"background-color":"","background-image":"","background-repeat":"repeat","background-position":"center center","background-size":"auto","background-attachment":"scroll","background-type":"","background-media":"","overlay-type":"","overlay-color":"","overlay-opacity":"","overlay-gradient":""},"mobile":{"background-color":"","background-image":"","background-repeat":"repeat","background-position":"center center","background-size":"auto","background-attachment":"scroll","background-type":"","background-media":"","overlay-type":"","overlay-color":"","overlay-opacity":"","overlay-gradient":""}},"ast-content-background-meta":{"desktop":{"background-color":"var(--ast-global-color-5)","background-image":"","background-repeat":"repeat","background-position":"center center","background-size":"auto","background-attachment":"scroll","background-type":"","background-media":"","overlay-type":"","overlay-color":"","overlay-opacity":"","overlay-gradient":""},"tablet":{"background-color":"var(--ast-global-color-5)","background-image":"","background-repeat":"repeat","background-position":"center center","background-size":"auto","background-attachment":"scroll","background-type":"","background-media":"","overlay-type":"","overlay-color":"","overlay-opacity":"","overlay-gradient":""},"mobile":{"background-color":"var(--ast-global-color-5)","background-image":"","background-repeat":"repeat","background-position":"center center","background-size":"auto","background-attachment":"scroll","background-type":"","background-media":"","overlay-type":"","overlay-color":"","overlay-opacity":"","overlay-gradient":""}}},"product_brand":[],"product_cat":[770],"product_tag":[],"class_list":{"0":"post-10342","1":"product","2":"type-product","3":"status-publish","4":"has-post-thumbnail","6":"product_cat-mineral-es","7":"pa_animal-perro","8":"pa_proprietes-desenredante","9":"pa_proprietes-reparador","10":"pa_type-de-poils-pelo-largo","11":"desktop-align-left","12":"tablet-align-left","13":"mobile-align-left","14":"ast-product-gallery-layout-horizontal-slider","15":"ast-product-gallery-with-no-image","16":"ast-product-tabs-layout-horizontal","18":"first","19":"instock","20":"shipping-taxable","21":"product-type-simple"},"_links":{"self":[{"href":"https:\/\/www.laboratoire-diamex.com\/es\/wp-json\/wp\/v2\/product\/10342","targetHints":{"allow":["GET"]}}],"collection":[{"href":"https:\/\/www.laboratoire-diamex.com\/es\/wp-json\/wp\/v2\/product"}],"about":[{"href":"https:\/\/www.laboratoire-diamex.com\/es\/wp-json\/wp\/v2\/types\/product"}],"version-history":[{"count":0,"href":"https:\/\/www.laboratoire-diamex.com\/es\/wp-json\/wp\/v2\/product\/10342\/revisions"}],"wp:featuredmedia":[{"embeddable":true,"href":"https:\/\/www.laboratoire-diamex.com\/es\/wp-json\/wp\/v2\/media\/10345"}],"wp:attachment":[{"href":"https:\/\/www.laboratoire-diamex.com\/es\/wp-json\/wp\/v2\/media?parent=10342"}],"wp:term":[{"taxonomy":"product_brand","embeddable":true,"href":"https:\/\/www.laboratoire-diamex.com\/es\/wp-json\/wp\/v2\/product_brand?post=10342"},{"taxonomy":"product_cat","embeddable":true,"href":"https:\/\/www.laboratoire-diamex.com\/es\/wp-json\/wp\/v2\/product_cat?post=10342"},{"taxonomy":"product_tag","embeddable":true,"href":"https:\/\/www.laboratoire-diamex.com\/es\/wp-json\/wp\/v2\/product_tag?post=10342"}],"curies":[{"name":"wp","href":"https:\/\/api.w.org\/{rel}","templated":true}]}}