{"id":10355,"date":"2023-07-11T13:00:54","date_gmt":"2023-07-11T11:00:54","guid":{"rendered":"https:\/\/www.laboratoire-diamex.com\/catalogue\/balsamo-alisador-y-protector-diamex-pure\/"},"modified":"2024-07-10T14:25:52","modified_gmt":"2024-07-10T12:25:52","slug":"balsamo-alisador-y-protector-diamex-pure","status":"publish","type":"product","link":"https:\/\/www.laboratoire-diamex.com\/es\/cat\u00e1logo\/balsamo-alisador-y-protector-diamex-pure\/","title":{"rendered":"B\u00e1lsamo Diamex PURE Alisador &amp; Protector"},"content":{"rendered":"<h2>Descripci\u00f3n<\/h2>\n<p>El b\u00e1lsamo <strong>ALISADOR &amp; PROTECTOR<\/strong> est\u00e1 enriquecido con prote\u00ednas de seda y soja, que hidratan, reparan y fortalecen el cabello a la vez que forman un escudo para protegerlo de las agresiones externas. El pelaje es suave, brillante y sedoso.<\/p>\n<p>La <strong>prote\u00edna de seda<\/strong> es un ingrediente lujoso y eficaz apreciado por sus m\u00faltiples beneficios para el cabello y la piel. Tiene propiedades hidratantes, fortificantes y protectoras.<\/p>\n<p>La <strong>prote\u00edna de soja<\/strong>, rica en amino\u00e1cidos esenciales, es un potente revitalizante del pelaje y la piel. Fortalece, hidrata y da volumen al cabello.<\/p>\n<p><strong>Formulado sin alcohol, silicona ni colorantes.<\/strong><\/p>\n<h2>Embalaje<\/h2>\n<p>500 mililitros.<\/p>\n<h2>Instrucciones de uso<\/h2>\n<p>Con el pelo seco: aplicar la mascarilla generosamente por todo el cuerpo, dejar actuar durante 20 minutos, aclarar y ba\u00f1arse a continuaci\u00f3n. Sobre el cabello h\u00famedo: sobre el cabello lavado y secado con toalla, aplicar la mascarilla en los largos, extendiendo el producto desde la ra\u00edz hasta las puntas, dejar actuar unos minutos y aclarar con abundante agua.<\/p>\n<h2>Diluci\u00f3n<\/h2>\n<p>Puede utilizarse puro o diluido.<\/p>\n<h2>Propiedades<\/h2>\n<p><strong>Refuerza: <\/strong> repara contribuye a la salud del cabello reforzando su estructura, reduciendo la rotura y las puntas abiertas.<br \/>\n<strong>Hidrata: <\/strong> mejora la retenci\u00f3n de humedad en el pelo, haci\u00e9ndolo m\u00e1s suave y f\u00e1cil de cepillar.<br \/>\n<strong>Protege:<\/strong> forma una barrera protectora frente a agresiones externas como el calor y la contaminaci\u00f3n.<span style=\"font-size: 16px;\"> <\/span><br \/>\n<strong>Suaviza:<\/strong> contiene ingredientes activos que ayudan a suavizar la cut\u00edcula del cabello.<br \/>\n<strong>Aporta brillo:<\/strong> aporta brillo al pelaje.<\/p>\n<h2>Consejos sobre el producto<\/h2>\n<p>El b\u00e1lsamo <strong>ALISADOR &amp; PROTECTOR <\/strong> de la gama es un producto de primera calidad especialmente dise\u00f1ado para perros de exposici\u00f3n cuyo pelaje necesita una atenci\u00f3n especial. Suaviza y da brillo al cabello a la vez que lo protege de los da\u00f1os externos.<\/p>\n<h2>Composici\u00f3n<\/h2>\n<p>&#8211;<\/p>\n<h2>C\u00f3digo EAN<\/h2>\n<p>500 mililitros: 54 250 1685 656 7<\/p>\n<h2>Referencia<\/h2>\n<p>500 mililitros: 5301340<\/p>\n","protected":false},"excerpt":{"rendered":"<p>El b\u00e1lsamo <strong>ALISADOR &amp; PROTECTOR<\/strong> est\u00e1 enriquecido con prote\u00ednas de seda y soja, que hidratan, reparan y fortalecen el cabello a la vez que forman un escudo para protegerlo de las agresiones externas. El pelaje es suave, brillante y sedoso.<\/p>\n<p><strong>Formulado sin alcohol, silicona ni colorantes.<\/strong><\/p>\n","protected":false},"featured_media":13422,"template":"","meta":{"site-sidebar-layout":"default","site-content-layout":"default","ast-site-content-layout":"default","site-content-style":"default","site-sidebar-style":"default","ast-global-header-display":"","ast-banner-title-visibility":"","ast-main-header-display":"","ast-hfb-above-header-display":"","ast-hfb-below-header-display":"","ast-hfb-mobile-header-display":"","site-post-title":"","ast-breadcrumbs-content":"","ast-featured-img":"","footer-sml-layout":"","ast-disable-related-posts":"","theme-transparent-header-meta":"default","adv-header-id-meta":"","stick-header-meta":"default","header-above-stick-meta":"","header-main-stick-meta":"","header-below-stick-meta":"","astra-migrate-meta-layouts":"default","ast-page-background-enabled":"default","ast-page-background-meta":{"desktop":{"background-color":"var(--ast-global-color-4)","background-image":"","background-repeat":"repeat","background-position":"center center","background-size":"auto","background-attachment":"scroll","background-type":"","background-media":"","overlay-type":"","overlay-color":"","overlay-opacity":"","overlay-gradient":""},"tablet":{"background-color":"","background-image":"","background-repeat":"repeat","background-position":"center center","background-size":"auto","background-attachment":"scroll","background-type":"","background-media":"","overlay-type":"","overlay-color":"","overlay-opacity":"","overlay-gradient":""},"mobile":{"background-color":"","background-image":"","background-repeat":"repeat","background-position":"center center","background-size":"auto","background-attachment":"scroll","background-type":"","background-media":"","overlay-type":"","overlay-color":"","overlay-opacity":"","overlay-gradient":""}},"ast-content-background-meta":{"desktop":{"background-color":"var(--ast-global-color-5)","background-image":"","background-repeat":"repeat","background-position":"center center","background-size":"auto","background-attachment":"scroll","background-type":"","background-media":"","overlay-type":"","overlay-color":"","overlay-opacity":"","overlay-gradient":""},"tablet":{"background-color":"var(--ast-global-color-5)","background-image":"","background-repeat":"repeat","background-position":"center center","background-size":"auto","background-attachment":"scroll","background-type":"","background-media":"","overlay-type":"","overlay-color":"","overlay-opacity":"","overlay-gradient":""},"mobile":{"background-color":"var(--ast-global-color-5)","background-image":"","background-repeat":"repeat","background-position":"center center","background-size":"auto","background-attachment":"scroll","background-type":"","background-media":"","overlay-type":"","overlay-color":"","overlay-opacity":"","overlay-gradient":""}}},"product_brand":[],"product_cat":[784],"product_tag":[],"class_list":{"0":"post-10355","1":"product","2":"type-product","3":"status-publish","4":"has-post-thumbnail","6":"product_cat-pure-es","7":"pa_animal-perro","8":"pa_proprietes-desenredante","9":"pa_proprietes-fortificante","10":"pa_proprietes-hidratante","11":"pa_proprietes-protector","12":"pa_proprietes-reparador","13":"pa_proprietes-suavizado","14":"pa_type-de-poils-pelo-largo","15":"desktop-align-left","16":"tablet-align-left","17":"mobile-align-left","18":"ast-product-gallery-layout-horizontal-slider","19":"ast-product-gallery-with-no-image","20":"ast-product-tabs-layout-horizontal","22":"first","23":"instock","24":"shipping-taxable","25":"product-type-simple"},"_links":{"self":[{"href":"https:\/\/www.laboratoire-diamex.com\/es\/wp-json\/wp\/v2\/product\/10355","targetHints":{"allow":["GET"]}}],"collection":[{"href":"https:\/\/www.laboratoire-diamex.com\/es\/wp-json\/wp\/v2\/product"}],"about":[{"href":"https:\/\/www.laboratoire-diamex.com\/es\/wp-json\/wp\/v2\/types\/product"}],"version-history":[{"count":0,"href":"https:\/\/www.laboratoire-diamex.com\/es\/wp-json\/wp\/v2\/product\/10355\/revisions"}],"wp:featuredmedia":[{"embeddable":true,"href":"https:\/\/www.laboratoire-diamex.com\/es\/wp-json\/wp\/v2\/media\/13422"}],"wp:attachment":[{"href":"https:\/\/www.laboratoire-diamex.com\/es\/wp-json\/wp\/v2\/media?parent=10355"}],"wp:term":[{"taxonomy":"product_brand","embeddable":true,"href":"https:\/\/www.laboratoire-diamex.com\/es\/wp-json\/wp\/v2\/product_brand?post=10355"},{"taxonomy":"product_cat","embeddable":true,"href":"https:\/\/www.laboratoire-diamex.com\/es\/wp-json\/wp\/v2\/product_cat?post=10355"},{"taxonomy":"product_tag","embeddable":true,"href":"https:\/\/www.laboratoire-diamex.com\/es\/wp-json\/wp\/v2\/product_tag?post=10355"}],"curies":[{"name":"wp","href":"https:\/\/api.w.org\/{rel}","templated":true}]}}