{"id":10384,"date":"2023-07-11T13:00:55","date_gmt":"2023-07-11T11:00:55","guid":{"rendered":"https:\/\/www.laboratoire-diamex.com\/catalogue\/acondicionador-diamex-oleogine\/"},"modified":"2024-07-10T14:19:25","modified_gmt":"2024-07-10T12:19:25","slug":"acondicionador-diamex-oleogine","status":"publish","type":"product","link":"https:\/\/www.laboratoire-diamex.com\/es\/cat\u00e1logo\/acondicionador-diamex-oleogine\/","title":{"rendered":"Acondicionador Diamex Ol\u00e9ogine"},"content":{"rendered":"<h2>Descripci\u00f3n<\/h2>\n<p>Acondicionador en crema lacto-coloidal dise\u00f1ado para nutrir el cabello apagado y sin vida. Con aceite de coco org\u00e1nico.<\/p>\n<h2>Embalaje<\/h2>\n<p>250 mililitros, 1 litro, 5 litros y 25 litros.<\/p>\n<h2>Instrucciones de uso<\/h2>\n<p>Despu\u00e9s del champ\u00fa, extender el producto, diluido o sin diluir, sobre las puntas del cabello, dejar actuar unos minutos y aclarar abundantemente. En una capa muy da\u00f1ada, es aconsejable no aclarar completamente.<\/p>\n<h2>Diluci\u00f3n<\/h2>\n<p>&#8211;<\/p>\n<h2>Propiedades<\/h2>\n<p>&#8211;<\/p>\n<h2>Consejos sobre el producto<\/h2>\n<p>&#8211;<\/p>\n<h2>Composici\u00f3n<\/h2>\n<p>Agua, estearato de glicerilo, alcohol cetear\u00edlico (y) aceite de ricino peg-40 (y) sulfato cetear\u00edlico de sodio, cloruro de cetrimonio, alcohol cetear\u00edlico, propilenglicol, octildodecanol, polisorbato 20, cocamida dea, \u00e1cido c\u00edtrico, perfume, benzoato s\u00f3dico, sorbato pot\u00e1sico.<br \/>\nProductos complementarios<\/p>\n<h2>C\u00f3digos EAN<\/h2>\n<ul>\n<li>250 mililitros: 54 250 1685 018 3<\/li>\n<li>1 litro: 54 250 1685 204 0<\/li>\n<li>5 litros: 54 250 1685 254 5<\/li>\n<li>25 litros: 54 250 1685 337 5<\/li>\n<\/ul>\n<h2>Referencias<\/h2>\n<ul>\n<li>250 mililitros: 020098<\/li>\n<li>1 litro : 020099<\/li>\n<li>5 litros : 020100<\/li>\n<li>25 litros : 020101<\/li>\n<\/ul>\n","protected":false},"excerpt":{"rendered":"<p>Acondicionador en crema lacto-coloidal dise\u00f1ado para nutrir el cabello apagado y sin vida.<\/p>\n","protected":false},"featured_media":10392,"template":"","meta":{"site-sidebar-layout":"default","site-content-layout":"default","ast-site-content-layout":"default","site-content-style":"default","site-sidebar-style":"default","ast-global-header-display":"","ast-banner-title-visibility":"","ast-main-header-display":"","ast-hfb-above-header-display":"","ast-hfb-below-header-display":"","ast-hfb-mobile-header-display":"","site-post-title":"","ast-breadcrumbs-content":"","ast-featured-img":"","footer-sml-layout":"","ast-disable-related-posts":"","theme-transparent-header-meta":"default","adv-header-id-meta":"","stick-header-meta":"default","header-above-stick-meta":"","header-main-stick-meta":"","header-below-stick-meta":"","astra-migrate-meta-layouts":"default","ast-page-background-enabled":"default","ast-page-background-meta":{"desktop":{"background-color":"var(--ast-global-color-4)","background-image":"","background-repeat":"repeat","background-position":"center center","background-size":"auto","background-attachment":"scroll","background-type":"","background-media":"","overlay-type":"","overlay-color":"","overlay-opacity":"","overlay-gradient":""},"tablet":{"background-color":"","background-image":"","background-repeat":"repeat","background-position":"center center","background-size":"auto","background-attachment":"scroll","background-type":"","background-media":"","overlay-type":"","overlay-color":"","overlay-opacity":"","overlay-gradient":""},"mobile":{"background-color":"","background-image":"","background-repeat":"repeat","background-position":"center center","background-size":"auto","background-attachment":"scroll","background-type":"","background-media":"","overlay-type":"","overlay-color":"","overlay-opacity":"","overlay-gradient":""}},"ast-content-background-meta":{"desktop":{"background-color":"var(--ast-global-color-5)","background-image":"","background-repeat":"repeat","background-position":"center center","background-size":"auto","background-attachment":"scroll","background-type":"","background-media":"","overlay-type":"","overlay-color":"","overlay-opacity":"","overlay-gradient":""},"tablet":{"background-color":"var(--ast-global-color-5)","background-image":"","background-repeat":"repeat","background-position":"center center","background-size":"auto","background-attachment":"scroll","background-type":"","background-media":"","overlay-type":"","overlay-color":"","overlay-opacity":"","overlay-gradient":""},"mobile":{"background-color":"var(--ast-global-color-5)","background-image":"","background-repeat":"repeat","background-position":"center center","background-size":"auto","background-attachment":"scroll","background-type":"","background-media":"","overlay-type":"","overlay-color":"","overlay-opacity":"","overlay-gradient":""}}},"product_brand":[],"product_cat":[754],"product_tag":[],"class_list":{"0":"post-10384","1":"product","2":"type-product","3":"status-publish","4":"has-post-thumbnail","6":"product_cat-classique-es","7":"pa_animal-perro","8":"pa_proprietes-desenredante","9":"pa_proprietes-nutritivo","10":"pa_type-de-poils-pelo-largo","11":"desktop-align-left","12":"tablet-align-left","13":"mobile-align-left","14":"ast-product-gallery-layout-horizontal-slider","15":"ast-product-gallery-with-no-image","16":"ast-product-tabs-layout-horizontal","18":"first","19":"instock","20":"shipping-taxable","21":"product-type-simple"},"_links":{"self":[{"href":"https:\/\/www.laboratoire-diamex.com\/es\/wp-json\/wp\/v2\/product\/10384","targetHints":{"allow":["GET"]}}],"collection":[{"href":"https:\/\/www.laboratoire-diamex.com\/es\/wp-json\/wp\/v2\/product"}],"about":[{"href":"https:\/\/www.laboratoire-diamex.com\/es\/wp-json\/wp\/v2\/types\/product"}],"version-history":[{"count":0,"href":"https:\/\/www.laboratoire-diamex.com\/es\/wp-json\/wp\/v2\/product\/10384\/revisions"}],"wp:featuredmedia":[{"embeddable":true,"href":"https:\/\/www.laboratoire-diamex.com\/es\/wp-json\/wp\/v2\/media\/10392"}],"wp:attachment":[{"href":"https:\/\/www.laboratoire-diamex.com\/es\/wp-json\/wp\/v2\/media?parent=10384"}],"wp:term":[{"taxonomy":"product_brand","embeddable":true,"href":"https:\/\/www.laboratoire-diamex.com\/es\/wp-json\/wp\/v2\/product_brand?post=10384"},{"taxonomy":"product_cat","embeddable":true,"href":"https:\/\/www.laboratoire-diamex.com\/es\/wp-json\/wp\/v2\/product_cat?post=10384"},{"taxonomy":"product_tag","embeddable":true,"href":"https:\/\/www.laboratoire-diamex.com\/es\/wp-json\/wp\/v2\/product_tag?post=10384"}],"curies":[{"name":"wp","href":"https:\/\/api.w.org\/{rel}","templated":true}]}}