{"id":10449,"date":"2023-07-11T13:00:53","date_gmt":"2023-07-11T11:00:53","guid":{"rendered":"https:\/\/www.laboratoire-diamex.com\/catalogue\/diamex-clean-champu-facial-y-corporal\/"},"modified":"2024-07-10T14:29:18","modified_gmt":"2024-07-10T12:29:18","slug":"diamex-clean-champu-facial-y-corporal","status":"publish","type":"product","link":"https:\/\/www.laboratoire-diamex.com\/es\/cat\u00e1logo\/diamex-clean-champu-facial-y-corporal\/","title":{"rendered":"Champ\u00fa vegetal Diamex Clean Face &amp; Body"},"content":{"rendered":"<h2>Descripci\u00f3n<\/h2>\n<p>El champ\u00fa Clean Face &amp; Body es un champ\u00fa 100% vegetal dise\u00f1ado espec\u00edficamente para la limpieza a fondo del rostro. No pica en los ojos ni irrita la piel.<\/p>\n<p>Garantizado sin parabenos, sin colorantes, sin perfume y sin sulfatos.<\/p>\n<p>Este producto ha sido desarrollado sobre una base ecol\u00f3gica certificada reconocida por las siguientes organizaciones: Cosmos, Ecocent, Natural Product Association y aprobada por la TSCA (Toxic Substances Control Act).<\/p>\n<h2>Embalaje<\/h2>\n<p>500 mililitros, 5 litros y 10 litros.<\/p>\n<h2>Instrucciones de uso<\/h2>\n<p>Moje bien el pelo con el champ\u00fa, masaj\u00e9elo y acl\u00e1relo con abundante agua. No pica ni irrita los ojos.<\/p>\n<h2>Diluci\u00f3n<\/h2>\n<p>&#8211;<\/p>\n<h2>Propiedades<\/h2>\n<p>&#8211;<\/p>\n<h2>Consejos sobre el producto<\/h2>\n<p>&#8211;<\/p>\n<h2>Composici\u00f3n<\/h2>\n<p>Agua, lauril carboxilato s\u00f3dico de glucosa (y) lauril gluc\u00f3sido, glicerina, peg-4 rapeseedamida, \u00e1cido c\u00edtrico, benzoato s\u00f3dico.<\/p>\n<h2>C\u00f3digos EAN<\/h2>\n<ul>\n<li>500 mililitros: 54 250 1685 471 6<\/li>\n<li>5 litros: 54 250 1685 461 7<\/li>\n<li>10 litros: 54 250 1685 462 4<\/li>\n<\/ul>\n<h2>Referencias<\/h2>\n<ul>\n<li>500 mililitros: 020282<\/li>\n<li>5 litros : 020277<\/li>\n<li>10 litros : 020278<\/li>\n<\/ul>\n","protected":false},"excerpt":{"rendered":"<p>El champ\u00fa Clean Face &amp; Body es un champ\u00fa 100% vegetal dise\u00f1ado espec\u00edficamente para la limpieza a fondo del rostro.<\/p>\n","protected":false},"featured_media":10462,"template":"","meta":{"site-sidebar-layout":"default","site-content-layout":"default","ast-site-content-layout":"default","site-content-style":"default","site-sidebar-style":"default","ast-global-header-display":"","ast-banner-title-visibility":"","ast-main-header-display":"","ast-hfb-above-header-display":"","ast-hfb-below-header-display":"","ast-hfb-mobile-header-display":"","site-post-title":"","ast-breadcrumbs-content":"","ast-featured-img":"","footer-sml-layout":"","ast-disable-related-posts":"","theme-transparent-header-meta":"default","adv-header-id-meta":"","stick-header-meta":"default","header-above-stick-meta":"","header-main-stick-meta":"","header-below-stick-meta":"","astra-migrate-meta-layouts":"default","ast-page-background-enabled":"default","ast-page-background-meta":{"desktop":{"background-color":"var(--ast-global-color-4)","background-image":"","background-repeat":"repeat","background-position":"center center","background-size":"auto","background-attachment":"scroll","background-type":"","background-media":"","overlay-type":"","overlay-color":"","overlay-opacity":"","overlay-gradient":""},"tablet":{"background-color":"","background-image":"","background-repeat":"repeat","background-position":"center center","background-size":"auto","background-attachment":"scroll","background-type":"","background-media":"","overlay-type":"","overlay-color":"","overlay-opacity":"","overlay-gradient":""},"mobile":{"background-color":"","background-image":"","background-repeat":"repeat","background-position":"center center","background-size":"auto","background-attachment":"scroll","background-type":"","background-media":"","overlay-type":"","overlay-color":"","overlay-opacity":"","overlay-gradient":""}},"ast-content-background-meta":{"desktop":{"background-color":"var(--ast-global-color-5)","background-image":"","background-repeat":"repeat","background-position":"center center","background-size":"auto","background-attachment":"scroll","background-type":"","background-media":"","overlay-type":"","overlay-color":"","overlay-opacity":"","overlay-gradient":""},"tablet":{"background-color":"var(--ast-global-color-5)","background-image":"","background-repeat":"repeat","background-position":"center center","background-size":"auto","background-attachment":"scroll","background-type":"","background-media":"","overlay-type":"","overlay-color":"","overlay-opacity":"","overlay-gradient":""},"mobile":{"background-color":"var(--ast-global-color-5)","background-image":"","background-repeat":"repeat","background-position":"center center","background-size":"auto","background-attachment":"scroll","background-type":"","background-media":"","overlay-type":"","overlay-color":"","overlay-opacity":"","overlay-gradient":""}}},"product_brand":[],"product_cat":[819],"product_tag":[],"class_list":{"0":"post-10449","1":"product","2":"type-product","3":"status-publish","4":"has-post-thumbnail","6":"product_cat-vegetale-es","7":"pa_animal-perro","8":"pa_proprietes-limpiador","9":"pa_specificites-vegetal-es-2","10":"pa_type-de-poils-cabello-corto","11":"pa_type-de-poils-cada-tipo","12":"pa_type-de-poils-pelo-largo","13":"desktop-align-left","14":"tablet-align-left","15":"mobile-align-left","16":"ast-product-gallery-layout-horizontal-slider","17":"ast-product-tabs-layout-horizontal","19":"first","20":"instock","21":"shipping-taxable","22":"product-type-simple"},"_links":{"self":[{"href":"https:\/\/www.laboratoire-diamex.com\/es\/wp-json\/wp\/v2\/product\/10449","targetHints":{"allow":["GET"]}}],"collection":[{"href":"https:\/\/www.laboratoire-diamex.com\/es\/wp-json\/wp\/v2\/product"}],"about":[{"href":"https:\/\/www.laboratoire-diamex.com\/es\/wp-json\/wp\/v2\/types\/product"}],"version-history":[{"count":0,"href":"https:\/\/www.laboratoire-diamex.com\/es\/wp-json\/wp\/v2\/product\/10449\/revisions"}],"wp:featuredmedia":[{"embeddable":true,"href":"https:\/\/www.laboratoire-diamex.com\/es\/wp-json\/wp\/v2\/media\/10462"}],"wp:attachment":[{"href":"https:\/\/www.laboratoire-diamex.com\/es\/wp-json\/wp\/v2\/media?parent=10449"}],"wp:term":[{"taxonomy":"product_brand","embeddable":true,"href":"https:\/\/www.laboratoire-diamex.com\/es\/wp-json\/wp\/v2\/product_brand?post=10449"},{"taxonomy":"product_cat","embeddable":true,"href":"https:\/\/www.laboratoire-diamex.com\/es\/wp-json\/wp\/v2\/product_cat?post=10449"},{"taxonomy":"product_tag","embeddable":true,"href":"https:\/\/www.laboratoire-diamex.com\/es\/wp-json\/wp\/v2\/product_tag?post=10449"}],"curies":[{"name":"wp","href":"https:\/\/api.w.org\/{rel}","templated":true}]}}