{"id":10501,"date":"2023-07-11T13:00:35","date_gmt":"2023-07-11T11:00:35","guid":{"rendered":"https:\/\/www.laboratoire-diamex.com\/catalogue\/champu-revitalizante-del-color-bio-technic-de-diamex\/"},"modified":"2024-07-10T14:46:28","modified_gmt":"2024-07-10T12:46:28","slug":"champu-revitalizante-del-color-bio-technic-de-diamex","status":"publish","type":"product","link":"https:\/\/www.laboratoire-diamex.com\/es\/cat\u00e1logo\/champu-revitalizante-del-color-bio-technic-de-diamex\/","title":{"rendered":"Champ\u00fa Diamex BIO-TECHNIC Realzador del Color"},"content":{"rendered":"<h2>Descripci\u00f3n<\/h2>\n<p>Este champ\u00fa a base de plantas contiene un 99,9% de ingredientes de origen natural. Enriquecido con gel de Aloe Vera y extractos de hojas de Saponaria, es adecuado para todo tipo de cabellos.<\/p>\n<p>Las ceramidas vegetales, derivadas del aceite de girasol, protegen el brillo de los colores y recubren el cabello, dej\u00e1ndolo brillante y f\u00e1cil de cepillar. El aceite de madera de H\u00f4 tiene propiedades astringentes que devuelven la vitalidad a la piel.<\/p>\n<p>Garantizado sin petroqu\u00edmicos, sin parabenos, sin colorantes, sin fragancias sint\u00e9ticas y sin siliconas.<\/p>\n<h2>Embalaje<\/h2>\n<p>200 mililitros, 1 litro y 5 litros.<\/p>\n<h2>Instrucciones de uso<\/h2>\n<p>Moje bien el pelo con el champ\u00fa, masaj\u00e9elo y acl\u00e1relo con abundante agua. Evitar el contacto con los ojos.<\/p>\n<h2>Diluci\u00f3n<\/h2>\n<p>60 ml de producto para 1 litro de agua.<\/p>\n<h2>Propiedades<\/h2>\n<p>&#8211;<\/p>\n<h2>Instrucciones de uso<\/h2>\n<p>&#8211;<\/p>\n<h2>Composici\u00f3n<\/h2>\n<p>&#8211;<\/p>\n<h2>c\u00f3digos ean<\/h2>\n<ul>\n<li>200 mililitros: 54 250 1685 652 9<\/li>\n<li>1 litro :<\/li>\n<li>5 litros :<\/li>\n<\/ul>\n<h2>Referencias<\/h2>\n<ul>\n<li>200 mililitros : 5301410<\/li>\n<li>1 litro : 5301590<\/li>\n<li>5 litros : 5301600<\/li>\n<\/ul>\n","protected":false},"excerpt":{"rendered":"<p>Este champ\u00fa a base de plantas contiene un 99,9% de ingredientes de origen natural. Enriquecido con gel de Aloe Vera y extractos de hojas de Saponaria, es adecuado para todo tipo de cabellos.<\/p>\n","protected":false},"featured_media":10514,"template":"","meta":{"site-sidebar-layout":"default","site-content-layout":"default","ast-site-content-layout":"default","site-content-style":"default","site-sidebar-style":"default","ast-global-header-display":"","ast-banner-title-visibility":"","ast-main-header-display":"","ast-hfb-above-header-display":"","ast-hfb-below-header-display":"","ast-hfb-mobile-header-display":"","site-post-title":"","ast-breadcrumbs-content":"","ast-featured-img":"","footer-sml-layout":"","ast-disable-related-posts":"","theme-transparent-header-meta":"default","adv-header-id-meta":"","stick-header-meta":"default","header-above-stick-meta":"","header-main-stick-meta":"","header-below-stick-meta":"","astra-migrate-meta-layouts":"default","ast-page-background-enabled":"default","ast-page-background-meta":{"desktop":{"background-color":"var(--ast-global-color-4)","background-image":"","background-repeat":"repeat","background-position":"center center","background-size":"auto","background-attachment":"scroll","background-type":"","background-media":"","overlay-type":"","overlay-color":"","overlay-opacity":"","overlay-gradient":""},"tablet":{"background-color":"","background-image":"","background-repeat":"repeat","background-position":"center center","background-size":"auto","background-attachment":"scroll","background-type":"","background-media":"","overlay-type":"","overlay-color":"","overlay-opacity":"","overlay-gradient":""},"mobile":{"background-color":"","background-image":"","background-repeat":"repeat","background-position":"center center","background-size":"auto","background-attachment":"scroll","background-type":"","background-media":"","overlay-type":"","overlay-color":"","overlay-opacity":"","overlay-gradient":""}},"ast-content-background-meta":{"desktop":{"background-color":"var(--ast-global-color-5)","background-image":"","background-repeat":"repeat","background-position":"center center","background-size":"auto","background-attachment":"scroll","background-type":"","background-media":"","overlay-type":"","overlay-color":"","overlay-opacity":"","overlay-gradient":""},"tablet":{"background-color":"var(--ast-global-color-5)","background-image":"","background-repeat":"repeat","background-position":"center center","background-size":"auto","background-attachment":"scroll","background-type":"","background-media":"","overlay-type":"","overlay-color":"","overlay-opacity":"","overlay-gradient":""},"mobile":{"background-color":"var(--ast-global-color-5)","background-image":"","background-repeat":"repeat","background-position":"center center","background-size":"auto","background-attachment":"scroll","background-type":"","background-media":"","overlay-type":"","overlay-color":"","overlay-opacity":"","overlay-gradient":""}}},"product_brand":[],"product_cat":[819],"product_tag":[],"class_list":{"0":"post-10501","1":"product","2":"type-product","3":"status-publish","4":"has-post-thumbnail","6":"product_cat-vegetale-es","7":"pa_animal-perro","8":"pa_proprietes-revitalizador-de-color","9":"pa_specificites-vegetal-es-2","10":"pa_type-de-poils-cabello-corto","11":"pa_type-de-poils-cada-tipo","12":"pa_type-de-poils-pelo-largo","13":"desktop-align-left","14":"tablet-align-left","15":"mobile-align-left","16":"ast-product-gallery-layout-horizontal-slider","17":"ast-product-gallery-with-no-image","18":"ast-product-tabs-layout-horizontal","20":"first","21":"instock","22":"shipping-taxable","23":"product-type-simple"},"_links":{"self":[{"href":"https:\/\/www.laboratoire-diamex.com\/es\/wp-json\/wp\/v2\/product\/10501","targetHints":{"allow":["GET"]}}],"collection":[{"href":"https:\/\/www.laboratoire-diamex.com\/es\/wp-json\/wp\/v2\/product"}],"about":[{"href":"https:\/\/www.laboratoire-diamex.com\/es\/wp-json\/wp\/v2\/types\/product"}],"version-history":[{"count":0,"href":"https:\/\/www.laboratoire-diamex.com\/es\/wp-json\/wp\/v2\/product\/10501\/revisions"}],"wp:featuredmedia":[{"embeddable":true,"href":"https:\/\/www.laboratoire-diamex.com\/es\/wp-json\/wp\/v2\/media\/10514"}],"wp:attachment":[{"href":"https:\/\/www.laboratoire-diamex.com\/es\/wp-json\/wp\/v2\/media?parent=10501"}],"wp:term":[{"taxonomy":"product_brand","embeddable":true,"href":"https:\/\/www.laboratoire-diamex.com\/es\/wp-json\/wp\/v2\/product_brand?post=10501"},{"taxonomy":"product_cat","embeddable":true,"href":"https:\/\/www.laboratoire-diamex.com\/es\/wp-json\/wp\/v2\/product_cat?post=10501"},{"taxonomy":"product_tag","embeddable":true,"href":"https:\/\/www.laboratoire-diamex.com\/es\/wp-json\/wp\/v2\/product_tag?post=10501"}],"curies":[{"name":"wp","href":"https:\/\/api.w.org\/{rel}","templated":true}]}}