{"id":10614,"date":"2023-07-11T13:00:34","date_gmt":"2023-07-11T11:00:34","guid":{"rendered":"https:\/\/www.laboratoire-diamex.com\/catalogue\/diamex-diano-champu-especial\/"},"modified":"2024-07-10T14:42:23","modified_gmt":"2024-07-10T12:42:23","slug":"diamex-diano-champu-especial","status":"publish","type":"product","link":"https:\/\/www.laboratoire-diamex.com\/es\/cat\u00e1logo\/diamex-diano-champu-especial\/","title":{"rendered":"Diamex Diano Champ\u00fa especial"},"content":{"rendered":"<h2>Descripci\u00f3n<\/h2>\n<p>Champ\u00fa autodesenredante con aceite de almendras dulces, garantizado sin siliconas, especialmente dise\u00f1ado para facilitar el desenredado.<br \/>\nAdecuado para afganos, caniches, bichones,&#8230;<\/p>\n<h2>Embalaje<\/h2>\n<p>250 mililitros, 1 litro, 5 litros y 25 litros.<\/p>\n<h2>Instrucciones de uso<\/h2>\n<p>Moje bien el pelo con el champ\u00fa, masaj\u00e9elo y acl\u00e1relo con abundante agua. Evitar el contacto con los ojos.<\/p>\n<h2>Diluci\u00f3n<\/h2>\n<p>125 mililitros de champ\u00fa por 1 litro de agua.<\/p>\n<h2>Propiedades<\/h2>\n<p>&#8211;<\/p>\n<h2>Instrucciones de uso<\/h2>\n<p>&#8211;<\/p>\n<h2>Composici\u00f3n<\/h2>\n<p>Agua, lauril sulfato s\u00f3dico, lauril sulfato s\u00f3dico, peg-15 cocopoliamina, glicerina, cloruro s\u00f3dico, cocamida dea y glicerol, lauril sulfato de t\u00e9, \u00e1cido c\u00edtrico, colorante, perfume, benzoato s\u00f3dico, sorbato pot\u00e1sico.<\/p>\n<h2>c\u00f3digos ean<\/h2>\n<p>250 mililitros: 54 250 1685 009 1<\/p>\n<p>1 litro: 54 250 1685 222 4<\/p>\n<p>5 litros: 54 250 1685 223 1<\/p>\n<p>25 litros: 54 250 1685 331 3<\/p>\n<h2>Referencias<\/h2>\n<p>250 mililitros: 020031<\/p>\n<p>1 litro : 020032<\/p>\n<p>5 litros : 020033<\/p>\n<p>25 litros : 020034<\/p>\n","protected":false},"excerpt":{"rendered":"<p>Descripci\u00f3n Champ\u00fa autodesenredante con aceite de almendras dulces, garantizado sin siliconas, especialmente dise\u00f1ado para facilitar el desenredado. Adecuado para afganos, caniches, bichones,&#8230; Embalaje 250 mililitros, 1 litro, 5 litros y 25 litros. Instrucciones de uso Moje bien el pelo con el champ\u00fa, masaj\u00e9elo y acl\u00e1relo con abundante agua. Evitar el contacto con los ojos. Diluci\u00f3n [&hellip;]<\/p>\n","protected":false},"featured_media":10623,"template":"","meta":{"site-sidebar-layout":"default","site-content-layout":"default","ast-site-content-layout":"default","site-content-style":"default","site-sidebar-style":"default","ast-global-header-display":"","ast-banner-title-visibility":"","ast-main-header-display":"","ast-hfb-above-header-display":"","ast-hfb-below-header-display":"","ast-hfb-mobile-header-display":"","site-post-title":"","ast-breadcrumbs-content":"","ast-featured-img":"","footer-sml-layout":"","ast-disable-related-posts":"","theme-transparent-header-meta":"default","adv-header-id-meta":"","stick-header-meta":"default","header-above-stick-meta":"","header-main-stick-meta":"","header-below-stick-meta":"","astra-migrate-meta-layouts":"default","ast-page-background-enabled":"default","ast-page-background-meta":{"desktop":{"background-color":"var(--ast-global-color-4)","background-image":"","background-repeat":"repeat","background-position":"center center","background-size":"auto","background-attachment":"scroll","background-type":"","background-media":"","overlay-type":"","overlay-color":"","overlay-opacity":"","overlay-gradient":""},"tablet":{"background-color":"","background-image":"","background-repeat":"repeat","background-position":"center center","background-size":"auto","background-attachment":"scroll","background-type":"","background-media":"","overlay-type":"","overlay-color":"","overlay-opacity":"","overlay-gradient":""},"mobile":{"background-color":"","background-image":"","background-repeat":"repeat","background-position":"center center","background-size":"auto","background-attachment":"scroll","background-type":"","background-media":"","overlay-type":"","overlay-color":"","overlay-opacity":"","overlay-gradient":""}},"ast-content-background-meta":{"desktop":{"background-color":"var(--ast-global-color-5)","background-image":"","background-repeat":"repeat","background-position":"center center","background-size":"auto","background-attachment":"scroll","background-type":"","background-media":"","overlay-type":"","overlay-color":"","overlay-opacity":"","overlay-gradient":""},"tablet":{"background-color":"var(--ast-global-color-5)","background-image":"","background-repeat":"repeat","background-position":"center center","background-size":"auto","background-attachment":"scroll","background-type":"","background-media":"","overlay-type":"","overlay-color":"","overlay-opacity":"","overlay-gradient":""},"mobile":{"background-color":"var(--ast-global-color-5)","background-image":"","background-repeat":"repeat","background-position":"center center","background-size":"auto","background-attachment":"scroll","background-type":"","background-media":"","overlay-type":"","overlay-color":"","overlay-opacity":"","overlay-gradient":""}}},"product_brand":[],"product_cat":[754],"product_tag":[],"class_list":{"0":"post-10614","1":"product","2":"type-product","3":"status-publish","4":"has-post-thumbnail","6":"product_cat-classique-es","7":"pa_animal-perro","8":"pa_proprietes-desenredante","9":"pa_proprietes-reparador","10":"pa_type-de-poils-pelo-largo","11":"desktop-align-left","12":"tablet-align-left","13":"mobile-align-left","14":"ast-product-gallery-layout-horizontal-slider","15":"ast-product-gallery-with-no-image","16":"ast-product-tabs-layout-horizontal","18":"first","19":"instock","20":"shipping-taxable","21":"product-type-simple"},"_links":{"self":[{"href":"https:\/\/www.laboratoire-diamex.com\/es\/wp-json\/wp\/v2\/product\/10614","targetHints":{"allow":["GET"]}}],"collection":[{"href":"https:\/\/www.laboratoire-diamex.com\/es\/wp-json\/wp\/v2\/product"}],"about":[{"href":"https:\/\/www.laboratoire-diamex.com\/es\/wp-json\/wp\/v2\/types\/product"}],"version-history":[{"count":0,"href":"https:\/\/www.laboratoire-diamex.com\/es\/wp-json\/wp\/v2\/product\/10614\/revisions"}],"wp:featuredmedia":[{"embeddable":true,"href":"https:\/\/www.laboratoire-diamex.com\/es\/wp-json\/wp\/v2\/media\/10623"}],"wp:attachment":[{"href":"https:\/\/www.laboratoire-diamex.com\/es\/wp-json\/wp\/v2\/media?parent=10614"}],"wp:term":[{"taxonomy":"product_brand","embeddable":true,"href":"https:\/\/www.laboratoire-diamex.com\/es\/wp-json\/wp\/v2\/product_brand?post=10614"},{"taxonomy":"product_cat","embeddable":true,"href":"https:\/\/www.laboratoire-diamex.com\/es\/wp-json\/wp\/v2\/product_cat?post=10614"},{"taxonomy":"product_tag","embeddable":true,"href":"https:\/\/www.laboratoire-diamex.com\/es\/wp-json\/wp\/v2\/product_tag?post=10614"}],"curies":[{"name":"wp","href":"https:\/\/api.w.org\/{rel}","templated":true}]}}