{"id":10828,"date":"2023-07-11T13:00:24","date_gmt":"2023-07-11T11:00:24","guid":{"rendered":"https:\/\/www.laboratoire-diamex.com\/catalogue\/diamex-champu-profesional-oceano\/"},"modified":"2024-07-10T14:59:26","modified_gmt":"2024-07-10T12:59:26","slug":"diamex-champu-profesional-oceano","status":"publish","type":"product","link":"https:\/\/www.laboratoire-diamex.com\/es\/cat\u00e1logo\/diamex-champu-profesional-oceano\/","title":{"rendered":"Champ\u00fa Diamex Profesional Oc\u00e9ano"},"content":{"rendered":"<h2>Descripci\u00f3n<\/h2>\n<p>Champ\u00fa para uso profesional. Adecuado para todo tipo de cabellos. Para los perros de pelo largo, es aconsejable utilizar un segundo champ\u00fa espec\u00edfico.<\/p>\n<h2>Embalaje<\/h2>\n<p>5 litros y 20 litros.<\/p>\n<h2>Instrucciones de uso<\/h2>\n<p>Moje bien el pelo con el champ\u00fa, masaj\u00e9elo y acl\u00e1relo con abundante agua. Evitar el contacto con los ojos.<\/p>\n<h2>Diluci\u00f3n<\/h2>\n<p>125 mililitros de champ\u00fa por 1 litro de agua.<\/p>\n<h2>Propiedades<\/h2>\n<p>&#8211;<\/p>\n<h2>Instrucciones de uso<\/h2>\n<p>&#8211;<\/p>\n<h2>Composici\u00f3n<\/h2>\n<p>Agua, lauril sulfato s\u00f3dico, cloruro s\u00f3dico, lauril sulfato de t\u00e9, cocamida dea y glicerol, perfume, \u00e1cido c\u00edtrico, benzoato s\u00f3dico, colorante, sorbato pot\u00e1sico.<\/p>\n<h2>c\u00f3digos ean<\/h2>\n<ul>\n<li>5 litros: 54 250 1685 205 7<\/li>\n<li>20 litros: 54 250 1685 366 5<\/li>\n<\/ul>\n<h2>Referencias<\/h2>\n<ul>\n<li>5 litros : 020195<\/li>\n<li>20 litros : 020196<\/li>\n<\/ul>\n","protected":false},"excerpt":{"rendered":"<p>Descripci\u00f3n Champ\u00fa para uso profesional. Adecuado para todo tipo de cabellos. Para los perros de pelo largo, es aconsejable utilizar un segundo champ\u00fa espec\u00edfico. Embalaje 5 litros y 20 litros. Instrucciones de uso Moje bien el pelo con el champ\u00fa, masaj\u00e9elo y acl\u00e1relo con abundante agua. Evitar el contacto con los ojos. Diluci\u00f3n 125 mililitros [&hellip;]<\/p>\n","protected":false},"featured_media":10839,"template":"","meta":{"site-sidebar-layout":"default","site-content-layout":"default","ast-site-content-layout":"default","site-content-style":"default","site-sidebar-style":"default","ast-global-header-display":"","ast-banner-title-visibility":"","ast-main-header-display":"","ast-hfb-above-header-display":"","ast-hfb-below-header-display":"","ast-hfb-mobile-header-display":"","site-post-title":"","ast-breadcrumbs-content":"","ast-featured-img":"","footer-sml-layout":"","ast-disable-related-posts":"","theme-transparent-header-meta":"default","adv-header-id-meta":"","stick-header-meta":"default","header-above-stick-meta":"","header-main-stick-meta":"","header-below-stick-meta":"","astra-migrate-meta-layouts":"default","ast-page-background-enabled":"default","ast-page-background-meta":{"desktop":{"background-color":"var(--ast-global-color-4)","background-image":"","background-repeat":"repeat","background-position":"center center","background-size":"auto","background-attachment":"scroll","background-type":"","background-media":"","overlay-type":"","overlay-color":"","overlay-opacity":"","overlay-gradient":""},"tablet":{"background-color":"","background-image":"","background-repeat":"repeat","background-position":"center center","background-size":"auto","background-attachment":"scroll","background-type":"","background-media":"","overlay-type":"","overlay-color":"","overlay-opacity":"","overlay-gradient":""},"mobile":{"background-color":"","background-image":"","background-repeat":"repeat","background-position":"center center","background-size":"auto","background-attachment":"scroll","background-type":"","background-media":"","overlay-type":"","overlay-color":"","overlay-opacity":"","overlay-gradient":""}},"ast-content-background-meta":{"desktop":{"background-color":"var(--ast-global-color-5)","background-image":"","background-repeat":"repeat","background-position":"center center","background-size":"auto","background-attachment":"scroll","background-type":"","background-media":"","overlay-type":"","overlay-color":"","overlay-opacity":"","overlay-gradient":""},"tablet":{"background-color":"var(--ast-global-color-5)","background-image":"","background-repeat":"repeat","background-position":"center center","background-size":"auto","background-attachment":"scroll","background-type":"","background-media":"","overlay-type":"","overlay-color":"","overlay-opacity":"","overlay-gradient":""},"mobile":{"background-color":"var(--ast-global-color-5)","background-image":"","background-repeat":"repeat","background-position":"center center","background-size":"auto","background-attachment":"scroll","background-type":"","background-media":"","overlay-type":"","overlay-color":"","overlay-opacity":"","overlay-gradient":""}}},"product_brand":[],"product_cat":[754],"product_tag":[],"class_list":{"0":"post-10828","1":"product","2":"type-product","3":"status-publish","4":"has-post-thumbnail","6":"product_cat-classique-es","7":"pa_animal-perro","8":"pa_proprietes-limpiador","9":"pa_specificites-uso-profesional","10":"pa_type-de-poils-cabello-corto","11":"pa_type-de-poils-cada-tipo","12":"pa_type-de-poils-pelo-largo","13":"desktop-align-left","14":"tablet-align-left","15":"mobile-align-left","16":"ast-product-gallery-layout-horizontal-slider","17":"ast-product-gallery-with-no-image","18":"ast-product-tabs-layout-horizontal","20":"first","21":"instock","22":"shipping-taxable","23":"product-type-simple"},"_links":{"self":[{"href":"https:\/\/www.laboratoire-diamex.com\/es\/wp-json\/wp\/v2\/product\/10828","targetHints":{"allow":["GET"]}}],"collection":[{"href":"https:\/\/www.laboratoire-diamex.com\/es\/wp-json\/wp\/v2\/product"}],"about":[{"href":"https:\/\/www.laboratoire-diamex.com\/es\/wp-json\/wp\/v2\/types\/product"}],"version-history":[{"count":0,"href":"https:\/\/www.laboratoire-diamex.com\/es\/wp-json\/wp\/v2\/product\/10828\/revisions"}],"wp:featuredmedia":[{"embeddable":true,"href":"https:\/\/www.laboratoire-diamex.com\/es\/wp-json\/wp\/v2\/media\/10839"}],"wp:attachment":[{"href":"https:\/\/www.laboratoire-diamex.com\/es\/wp-json\/wp\/v2\/media?parent=10828"}],"wp:term":[{"taxonomy":"product_brand","embeddable":true,"href":"https:\/\/www.laboratoire-diamex.com\/es\/wp-json\/wp\/v2\/product_brand?post=10828"},{"taxonomy":"product_cat","embeddable":true,"href":"https:\/\/www.laboratoire-diamex.com\/es\/wp-json\/wp\/v2\/product_cat?post=10828"},{"taxonomy":"product_tag","embeddable":true,"href":"https:\/\/www.laboratoire-diamex.com\/es\/wp-json\/wp\/v2\/product_tag?post=10828"}],"curies":[{"name":"wp","href":"https:\/\/api.w.org\/{rel}","templated":true}]}}