{"id":10956,"date":"2023-07-11T13:00:22","date_gmt":"2023-07-11T11:00:22","guid":{"rendered":"https:\/\/www.laboratoire-diamex.com\/catalogue\/diamex-champu-universal-madreselva\/"},"modified":"2024-07-10T15:02:13","modified_gmt":"2024-07-10T13:02:13","slug":"diamex-champu-universal-madreselva","status":"publish","type":"product","link":"https:\/\/www.laboratoire-diamex.com\/es\/cat\u00e1logo\/diamex-champu-universal-madreselva\/","title":{"rendered":"Champ\u00fa Diamex Universal Madreselva"},"content":{"rendered":"<h2>Descripci\u00f3n<\/h2>\n<p>Champ\u00fa con fragancia natural de madreselva. Adecuado para perros de pelo corto. Tambi\u00e9n puede utilizarse antes de un tratamiento o champ\u00fa colorante.<\/p>\n<h2>Embalaje<\/h2>\n<p>1 litro, 5 litros y 25 litros.<\/p>\n<h2>Instrucciones de uso<\/h2>\n<p>Moje bien el pelo con el champ\u00fa, masaj\u00e9elo y acl\u00e1relo con abundante agua. Evitar el contacto con los ojos<\/p>\n<h2>Diluci\u00f3n<\/h2>\n<p>125 mililitros de champ\u00fa por 1 litro de agua.<\/p>\n<h2>Propiedades<\/h2>\n<p>Instrucciones de uso<\/p>\n<h2>Composici\u00f3n<\/h2>\n<p>Agua, lauril sulfato s\u00f3dico, cocamida dea y glicerol, cloruro s\u00f3dico, lauril sulfato de t\u00e9, glicerina, perfume, \u00e1cido c\u00edtrico, benzoato s\u00f3dico, sorbato pot\u00e1sico.<\/p>\n<h2>c\u00f3digos ean<\/h2>\n<ul>\n<li>1 litro: 54 250 1685 248 4<\/li>\n<li>5 litros: 54 250 1685 249 1<\/li>\n<li>25 litros: 54 250 1685 349 8<\/li>\n<\/ul>\n<h2>Referencias<\/h2>\n<ul>\n<li>1 litro : 020017<\/li>\n<li>5 litros : 020018<\/li>\n<li>25 litros : 020019<\/li>\n<\/ul>\n","protected":false},"excerpt":{"rendered":"<p>Descripci\u00f3n Champ\u00fa con fragancia natural de madreselva. Adecuado para perros de pelo corto. Tambi\u00e9n puede utilizarse antes de un tratamiento o champ\u00fa colorante. Embalaje 1 litro, 5 litros y 25 litros. Instrucciones de uso Moje bien el pelo con el champ\u00fa, masaj\u00e9elo y acl\u00e1relo con abundante agua. Evitar el contacto con los ojos Diluci\u00f3n 125 [&hellip;]<\/p>\n","protected":false},"featured_media":10969,"template":"","meta":{"site-sidebar-layout":"default","site-content-layout":"default","ast-site-content-layout":"default","site-content-style":"default","site-sidebar-style":"default","ast-global-header-display":"","ast-banner-title-visibility":"","ast-main-header-display":"","ast-hfb-above-header-display":"","ast-hfb-below-header-display":"","ast-hfb-mobile-header-display":"","site-post-title":"","ast-breadcrumbs-content":"","ast-featured-img":"","footer-sml-layout":"","ast-disable-related-posts":"","theme-transparent-header-meta":"default","adv-header-id-meta":"","stick-header-meta":"default","header-above-stick-meta":"","header-main-stick-meta":"","header-below-stick-meta":"","astra-migrate-meta-layouts":"default","ast-page-background-enabled":"default","ast-page-background-meta":{"desktop":{"background-color":"var(--ast-global-color-4)","background-image":"","background-repeat":"repeat","background-position":"center center","background-size":"auto","background-attachment":"scroll","background-type":"","background-media":"","overlay-type":"","overlay-color":"","overlay-opacity":"","overlay-gradient":""},"tablet":{"background-color":"","background-image":"","background-repeat":"repeat","background-position":"center center","background-size":"auto","background-attachment":"scroll","background-type":"","background-media":"","overlay-type":"","overlay-color":"","overlay-opacity":"","overlay-gradient":""},"mobile":{"background-color":"","background-image":"","background-repeat":"repeat","background-position":"center center","background-size":"auto","background-attachment":"scroll","background-type":"","background-media":"","overlay-type":"","overlay-color":"","overlay-opacity":"","overlay-gradient":""}},"ast-content-background-meta":{"desktop":{"background-color":"var(--ast-global-color-5)","background-image":"","background-repeat":"repeat","background-position":"center center","background-size":"auto","background-attachment":"scroll","background-type":"","background-media":"","overlay-type":"","overlay-color":"","overlay-opacity":"","overlay-gradient":""},"tablet":{"background-color":"var(--ast-global-color-5)","background-image":"","background-repeat":"repeat","background-position":"center center","background-size":"auto","background-attachment":"scroll","background-type":"","background-media":"","overlay-type":"","overlay-color":"","overlay-opacity":"","overlay-gradient":""},"mobile":{"background-color":"var(--ast-global-color-5)","background-image":"","background-repeat":"repeat","background-position":"center center","background-size":"auto","background-attachment":"scroll","background-type":"","background-media":"","overlay-type":"","overlay-color":"","overlay-opacity":"","overlay-gradient":""}}},"product_brand":[],"product_cat":[754],"product_tag":[],"class_list":{"0":"post-10956","1":"product","2":"type-product","3":"status-publish","4":"has-post-thumbnail","6":"product_cat-classique-es","7":"pa_animal-perro","8":"pa_proprietes-limpiador","9":"pa_type-de-poils-cabello-corto","10":"pa_type-de-poils-cada-tipo","11":"pa_type-de-poils-pelo-largo","12":"desktop-align-left","13":"tablet-align-left","14":"mobile-align-left","15":"ast-product-gallery-layout-horizontal-slider","16":"ast-product-gallery-with-no-image","17":"ast-product-tabs-layout-horizontal","19":"first","20":"instock","21":"shipping-taxable","22":"product-type-simple"},"_links":{"self":[{"href":"https:\/\/www.laboratoire-diamex.com\/es\/wp-json\/wp\/v2\/product\/10956","targetHints":{"allow":["GET"]}}],"collection":[{"href":"https:\/\/www.laboratoire-diamex.com\/es\/wp-json\/wp\/v2\/product"}],"about":[{"href":"https:\/\/www.laboratoire-diamex.com\/es\/wp-json\/wp\/v2\/types\/product"}],"version-history":[{"count":0,"href":"https:\/\/www.laboratoire-diamex.com\/es\/wp-json\/wp\/v2\/product\/10956\/revisions"}],"wp:featuredmedia":[{"embeddable":true,"href":"https:\/\/www.laboratoire-diamex.com\/es\/wp-json\/wp\/v2\/media\/10969"}],"wp:attachment":[{"href":"https:\/\/www.laboratoire-diamex.com\/es\/wp-json\/wp\/v2\/media?parent=10956"}],"wp:term":[{"taxonomy":"product_brand","embeddable":true,"href":"https:\/\/www.laboratoire-diamex.com\/es\/wp-json\/wp\/v2\/product_brand?post=10956"},{"taxonomy":"product_cat","embeddable":true,"href":"https:\/\/www.laboratoire-diamex.com\/es\/wp-json\/wp\/v2\/product_cat?post=10956"},{"taxonomy":"product_tag","embeddable":true,"href":"https:\/\/www.laboratoire-diamex.com\/es\/wp-json\/wp\/v2\/product_tag?post=10956"}],"curies":[{"name":"wp","href":"https:\/\/api.w.org\/{rel}","templated":true}]}}