{"id":11059,"date":"2023-07-11T13:00:20","date_gmt":"2023-07-11T11:00:20","guid":{"rendered":"https:\/\/www.laboratoire-diamex.com\/catalogue\/diamex-pure-champu-hidratante-y-reparador\/"},"modified":"2024-07-10T15:06:59","modified_gmt":"2024-07-10T13:06:59","slug":"diamex-pure-champu-hidratante-y-reparador","status":"publish","type":"product","link":"https:\/\/www.laboratoire-diamex.com\/es\/cat\u00e1logo\/diamex-pure-champu-hidratante-y-reparador\/","title":{"rendered":"Champ\u00fa Diamex PURE Hidratante &amp; Reparador"},"content":{"rendered":"<h2>Descripci\u00f3n<\/h2>\n<p>El champ\u00fa <strong>HIDRATANTE &amp; REPARADOR<\/strong> est\u00e1 enriquecido con \u00e1cido hialur\u00f3nico y Aloe Vera para hidratar en profundidad y reparar el cabello da\u00f1ado.<\/p>\n<p>El <strong>\u00e1cido hialur\u00f3nico <\/strong> es un potente hidratante que beneficia al cabello y a la piel. Retiene la humedad de la piel, mejora la elasticidad y favorece la producci\u00f3n de col\u00e1geno. Tambi\u00e9n previene la sequedad y la irritaci\u00f3n. Gracias a sus m\u00faltiples beneficios, el \u00e1cido hialur\u00f3nico hidrata en profundidad, repara y fortalece el cabello, aport\u00e1ndole flexibilidad, brillo, suavidad y sedosidad.<\/p>\n<p>El <strong>aloe vera<\/strong>, rico en vitaminas A, B6 y B9, proporciona una hidrataci\u00f3n intensa al pelaje y la piel. Calma las irritaciones cut\u00e1neas gracias a sus propiedades antiinflamatorias, reduce la caspa y favorece el crecimiento sano del cabello. Fortalece el cabello, dej\u00e1ndolo brillante, suave y f\u00e1cil de peinar.<\/p>\n<p><strong>Formulado sin alcohol, silicona, colorantes ni sulfatos. <\/strong><\/p>\n<h2>Embalaje<\/h2>\n<p>300 mililitros, 1 litro y 5 litros.<\/p>\n<h2>Instrucciones de uso<\/h2>\n<p>Moje el pelo, aplique el champ\u00fa diluido o sin diluir por todo el cuerpo, masajeando suavemente, y despu\u00e9s aclare abundantemente. Evitar el contacto con los ojos.<\/p>\n<h2>Diluci\u00f3n<\/h2>\n<p>125 mililitros de champ\u00fa por 1 litro de agua.<br \/>\n*Puede utilizarse puro o diluido.<\/p>\n<h2>Propiedades<\/h2>\n<p><strong>Hidrata:<\/strong> contiene humectantes que hidratan el cabello y la piel en profundidad y de forma duradera.<br \/>\n<strong>Repara: <\/strong> ayuda a reconstruir la fibra capilar da\u00f1ada, fortifica el cabello y reduce el riesgo de rotura.<br \/>\n<strong>Prot\u00e8ge : <\/strong> forme une barri\u00e8re protectrice contre les agressions ext\u00e9rieures telles que la chaleur et la pollution.<span style=\"font-size: 16px;\"> <\/span><br \/>\n<strong>Calma: <\/strong> reduce la irritaci\u00f3n cut\u00e1nea, mantiene el equilibrio de hidrataci\u00f3n y contribuye a una piel sana.<br \/>\n<strong>Aporta brillo:<\/strong> aporta brillo al pelaje.<\/p>\n<h2>Instrucciones de uso<\/h2>\n<p>El champ\u00fa <strong>HIDRATANTE &amp; REPARADOR<\/strong> de la gama PURE es un producto de primera calidad especialmente dise\u00f1ado para perros de exposici\u00f3n cuyo pelaje necesita una atenci\u00f3n especial. Hidrata, repara y protege el pelaje de los perros de \u00e9lite de forma eficaz y duradera.<\/p>\n<h2>Composici\u00f3n<\/h2>\n<p>&#8211;<\/p>\n<h2>C\u00f3digo EAN<\/h2>\n<ul>\n<li>300 mililitros: 54 250 1685 659 8<\/li>\n<li>1 litro: 54 250 1685 678 9<\/li>\n<li>5 litros: 54 250 1685 679 6<\/li>\n<\/ul>\n<h2>Referencias<\/h2>\n<ul>\n<li>300 mililitros: 5301620<\/li>\n<li>1 litro: 5301610<\/li>\n<li>5 litros: 5301630<\/li>\n<\/ul>\n","protected":false},"excerpt":{"rendered":"<p>El champ\u00fa <strong>HIDRATANTE &amp; REPARADOR<\/strong> est\u00e1 enriquecido con \u00e1cido hialur\u00f3nico y Aloe Vera para hidratar en profundidad y reparar el cabello da\u00f1ado.<\/p>\n<p><strong>Formulado sin alcohol, silicona, colorantes ni sulfatos. <\/strong><\/p>\n","protected":false},"featured_media":13527,"template":"","meta":{"site-sidebar-layout":"default","site-content-layout":"default","ast-site-content-layout":"default","site-content-style":"default","site-sidebar-style":"default","ast-global-header-display":"","ast-banner-title-visibility":"","ast-main-header-display":"","ast-hfb-above-header-display":"","ast-hfb-below-header-display":"","ast-hfb-mobile-header-display":"","site-post-title":"","ast-breadcrumbs-content":"","ast-featured-img":"","footer-sml-layout":"","ast-disable-related-posts":"","theme-transparent-header-meta":"default","adv-header-id-meta":"","stick-header-meta":"default","header-above-stick-meta":"","header-main-stick-meta":"","header-below-stick-meta":"","astra-migrate-meta-layouts":"default","ast-page-background-enabled":"default","ast-page-background-meta":{"desktop":{"background-color":"var(--ast-global-color-4)","background-image":"","background-repeat":"repeat","background-position":"center center","background-size":"auto","background-attachment":"scroll","background-type":"","background-media":"","overlay-type":"","overlay-color":"","overlay-opacity":"","overlay-gradient":""},"tablet":{"background-color":"","background-image":"","background-repeat":"repeat","background-position":"center center","background-size":"auto","background-attachment":"scroll","background-type":"","background-media":"","overlay-type":"","overlay-color":"","overlay-opacity":"","overlay-gradient":""},"mobile":{"background-color":"","background-image":"","background-repeat":"repeat","background-position":"center center","background-size":"auto","background-attachment":"scroll","background-type":"","background-media":"","overlay-type":"","overlay-color":"","overlay-opacity":"","overlay-gradient":""}},"ast-content-background-meta":{"desktop":{"background-color":"var(--ast-global-color-5)","background-image":"","background-repeat":"repeat","background-position":"center center","background-size":"auto","background-attachment":"scroll","background-type":"","background-media":"","overlay-type":"","overlay-color":"","overlay-opacity":"","overlay-gradient":""},"tablet":{"background-color":"var(--ast-global-color-5)","background-image":"","background-repeat":"repeat","background-position":"center center","background-size":"auto","background-attachment":"scroll","background-type":"","background-media":"","overlay-type":"","overlay-color":"","overlay-opacity":"","overlay-gradient":""},"mobile":{"background-color":"var(--ast-global-color-5)","background-image":"","background-repeat":"repeat","background-position":"center center","background-size":"auto","background-attachment":"scroll","background-type":"","background-media":"","overlay-type":"","overlay-color":"","overlay-opacity":"","overlay-gradient":""}}},"product_brand":[],"product_cat":[784],"product_tag":[],"class_list":{"0":"post-11059","1":"product","2":"type-product","3":"status-publish","4":"has-post-thumbnail","6":"product_cat-pure-es","7":"pa_animal-perro","8":"pa_proprietes-dar-volumen","9":"pa_proprietes-fortificante","10":"pa_proprietes-hidratante","11":"pa_proprietes-protector","12":"pa_proprietes-regenerante","13":"pa_proprietes-reparador","14":"pa_type-de-poils-cada-tipo","15":"desktop-align-left","16":"tablet-align-left","17":"mobile-align-left","18":"ast-product-gallery-layout-horizontal-slider","19":"ast-product-gallery-with-no-image","20":"ast-product-tabs-layout-horizontal","22":"first","23":"instock","24":"shipping-taxable","25":"product-type-simple"},"_links":{"self":[{"href":"https:\/\/www.laboratoire-diamex.com\/es\/wp-json\/wp\/v2\/product\/11059","targetHints":{"allow":["GET"]}}],"collection":[{"href":"https:\/\/www.laboratoire-diamex.com\/es\/wp-json\/wp\/v2\/product"}],"about":[{"href":"https:\/\/www.laboratoire-diamex.com\/es\/wp-json\/wp\/v2\/types\/product"}],"version-history":[{"count":0,"href":"https:\/\/www.laboratoire-diamex.com\/es\/wp-json\/wp\/v2\/product\/11059\/revisions"}],"wp:featuredmedia":[{"embeddable":true,"href":"https:\/\/www.laboratoire-diamex.com\/es\/wp-json\/wp\/v2\/media\/13527"}],"wp:attachment":[{"href":"https:\/\/www.laboratoire-diamex.com\/es\/wp-json\/wp\/v2\/media?parent=11059"}],"wp:term":[{"taxonomy":"product_brand","embeddable":true,"href":"https:\/\/www.laboratoire-diamex.com\/es\/wp-json\/wp\/v2\/product_brand?post=11059"},{"taxonomy":"product_cat","embeddable":true,"href":"https:\/\/www.laboratoire-diamex.com\/es\/wp-json\/wp\/v2\/product_cat?post=11059"},{"taxonomy":"product_tag","embeddable":true,"href":"https:\/\/www.laboratoire-diamex.com\/es\/wp-json\/wp\/v2\/product_tag?post=11059"}],"curies":[{"name":"wp","href":"https:\/\/api.w.org\/{rel}","templated":true}]}}