{"id":11136,"date":"2023-07-11T13:00:17","date_gmt":"2023-07-11T11:00:17","guid":{"rendered":"https:\/\/www.laboratoire-diamex.com\/catalogue\/diamex-bio-technic-deo-bucal-cuidado-bucal\/"},"modified":"2024-07-10T15:10:32","modified_gmt":"2024-07-10T13:10:32","slug":"diamex-bio-technic-deo-bucal-cuidado-bucal","status":"publish","type":"product","link":"https:\/\/www.laboratoire-diamex.com\/es\/cat\u00e1logo\/diamex-bio-technic-deo-bucal-cuidado-bucal\/","title":{"rendered":"Cuidado bucal Diamex BIO-TECHNIC Deo Buccal"},"content":{"rendered":"<h2>Descripci\u00f3n<\/h2>\n<p>Este producto de cuidado bucal para perros mantiene la higiene de la boca de su perro. Los aceites esenciales de este producto previenen la acumulaci\u00f3n de sarro, el mal aliento y la irritaci\u00f3n de las enc\u00edas.<\/p>\n<h2>Embalaje<\/h2>\n<p>50 mililitros y 1 litro.<\/p>\n<h2>Instrucciones de uso<\/h2>\n<p>Pulverizar los dientes del perro una vez al d\u00eda. No cepillar ni aclarar.<\/p>\n<h2>Propiedades<\/h2>\n<p>&#8211;<\/p>\n<h2>Instrucciones de uso<\/h2>\n<p>&#8211;<\/p>\n<h2>Composici\u00f3n<\/h2>\n<p>Eugenia caryophyllus, melaleuca alternifolia, litsea citrata, citruc senensis<\/p>\n<h2>c\u00f3digos ean<\/h2>\n<ul>\n<li>50 mililitros: 54 250 1685 076 3<\/li>\n<li>1 litro: 54 250 1685 316 0<\/li>\n<\/ul>\n<h2>Referencias<\/h2>\n<ul>\n<li>50 mililitros : 5301370<\/li>\n<li>1 litro : 5301380<\/li>\n<\/ul>\n","protected":false},"excerpt":{"rendered":"<p>Este producto de cuidado bucal para perros mantiene la higiene de la boca de su perro.<\/p>\n","protected":false},"featured_media":11146,"template":"","meta":{"site-sidebar-layout":"default","site-content-layout":"default","ast-site-content-layout":"default","site-content-style":"default","site-sidebar-style":"default","ast-global-header-display":"","ast-banner-title-visibility":"","ast-main-header-display":"","ast-hfb-above-header-display":"","ast-hfb-below-header-display":"","ast-hfb-mobile-header-display":"","site-post-title":"","ast-breadcrumbs-content":"","ast-featured-img":"","footer-sml-layout":"","ast-disable-related-posts":"","theme-transparent-header-meta":"default","adv-header-id-meta":"","stick-header-meta":"default","header-above-stick-meta":"","header-main-stick-meta":"","header-below-stick-meta":"","astra-migrate-meta-layouts":"default","ast-page-background-enabled":"default","ast-page-background-meta":{"desktop":{"background-color":"var(--ast-global-color-4)","background-image":"","background-repeat":"repeat","background-position":"center center","background-size":"auto","background-attachment":"scroll","background-type":"","background-media":"","overlay-type":"","overlay-color":"","overlay-opacity":"","overlay-gradient":""},"tablet":{"background-color":"","background-image":"","background-repeat":"repeat","background-position":"center center","background-size":"auto","background-attachment":"scroll","background-type":"","background-media":"","overlay-type":"","overlay-color":"","overlay-opacity":"","overlay-gradient":""},"mobile":{"background-color":"","background-image":"","background-repeat":"repeat","background-position":"center center","background-size":"auto","background-attachment":"scroll","background-type":"","background-media":"","overlay-type":"","overlay-color":"","overlay-opacity":"","overlay-gradient":""}},"ast-content-background-meta":{"desktop":{"background-color":"var(--ast-global-color-5)","background-image":"","background-repeat":"repeat","background-position":"center center","background-size":"auto","background-attachment":"scroll","background-type":"","background-media":"","overlay-type":"","overlay-color":"","overlay-opacity":"","overlay-gradient":""},"tablet":{"background-color":"var(--ast-global-color-5)","background-image":"","background-repeat":"repeat","background-position":"center center","background-size":"auto","background-attachment":"scroll","background-type":"","background-media":"","overlay-type":"","overlay-color":"","overlay-opacity":"","overlay-gradient":""},"mobile":{"background-color":"var(--ast-global-color-5)","background-image":"","background-repeat":"repeat","background-position":"center center","background-size":"auto","background-attachment":"scroll","background-type":"","background-media":"","overlay-type":"","overlay-color":"","overlay-opacity":"","overlay-gradient":""}}},"product_brand":[],"product_cat":[819],"product_tag":[],"class_list":{"0":"post-11136","1":"product","2":"type-product","3":"status-publish","4":"has-post-thumbnail","6":"product_cat-vegetale-es","7":"pa_animal-perro","8":"pa_specificites-vegetal-es-2","9":"desktop-align-left","10":"tablet-align-left","11":"mobile-align-left","12":"ast-product-gallery-layout-horizontal-slider","13":"ast-product-gallery-with-no-image","14":"ast-product-tabs-layout-horizontal","16":"first","17":"instock","18":"shipping-taxable","19":"product-type-simple"},"_links":{"self":[{"href":"https:\/\/www.laboratoire-diamex.com\/es\/wp-json\/wp\/v2\/product\/11136","targetHints":{"allow":["GET"]}}],"collection":[{"href":"https:\/\/www.laboratoire-diamex.com\/es\/wp-json\/wp\/v2\/product"}],"about":[{"href":"https:\/\/www.laboratoire-diamex.com\/es\/wp-json\/wp\/v2\/types\/product"}],"version-history":[{"count":0,"href":"https:\/\/www.laboratoire-diamex.com\/es\/wp-json\/wp\/v2\/product\/11136\/revisions"}],"wp:featuredmedia":[{"embeddable":true,"href":"https:\/\/www.laboratoire-diamex.com\/es\/wp-json\/wp\/v2\/media\/11146"}],"wp:attachment":[{"href":"https:\/\/www.laboratoire-diamex.com\/es\/wp-json\/wp\/v2\/media?parent=11136"}],"wp:term":[{"taxonomy":"product_brand","embeddable":true,"href":"https:\/\/www.laboratoire-diamex.com\/es\/wp-json\/wp\/v2\/product_brand?post=11136"},{"taxonomy":"product_cat","embeddable":true,"href":"https:\/\/www.laboratoire-diamex.com\/es\/wp-json\/wp\/v2\/product_cat?post=11136"},{"taxonomy":"product_tag","embeddable":true,"href":"https:\/\/www.laboratoire-diamex.com\/es\/wp-json\/wp\/v2\/product_tag?post=11136"}],"curies":[{"name":"wp","href":"https:\/\/api.w.org\/{rel}","templated":true}]}}