{"id":11427,"date":"2023-07-11T13:00:15","date_gmt":"2023-07-11T11:00:15","guid":{"rendered":"https:\/\/www.laboratoire-diamex.com\/catalogue\/diamex-dianor-cuidado-del-oido\/"},"modified":"2024-07-10T15:15:08","modified_gmt":"2024-07-10T13:15:08","slug":"diamex-dianor-cuidado-del-oido","status":"publish","type":"product","link":"https:\/\/www.laboratoire-diamex.com\/es\/cat\u00e1logo\/diamex-dianor-cuidado-del-oido\/","title":{"rendered":"Cuidado de los o\u00eddos Diamex Dianor"},"content":{"rendered":"<h2>Descripci\u00f3n<\/h2>\n<p>Cuidado de los o\u00eddos Dianor, ideal para librar el conducto auditivo de todas las impurezas. El uso de este producto permite que las impurezas suban a la superficie del conducto auditivo, donde pueden eliminarse f\u00e1cilmente sin irritar el o\u00eddo. El uso de DIANOR previene el riesgo de infecci\u00f3n.<\/p>\n<h2>Embalaje<\/h2>\n<p>30 mililitros, 200 mililitros y 1 litro.<\/p>\n<h2>Instrucciones de uso<\/h2>\n<p>Con el cuentagotas, poner de 2 a 3 gotas en el o\u00eddo, esperar 1 minuto y retirar las impurezas con un bastoncillo de algod\u00f3n.<\/p>\n<h2>Diluci\u00f3n<\/h2>\n<p>&#8211;<\/p>\n<h2>Propiedades<\/h2>\n<p>&#8211;<\/p>\n<h2>Instrucciones de uso<\/h2>\n<p>&#8211;<\/p>\n<h2>Composici\u00f3n<\/h2>\n<p>Alcohol, ocildodecanol, \u00e1cido salic\u00edlico, cloruro de benzalconio.<\/p>\n<h2>c\u00f3digos ean<\/h2>\n<ul>\n<li>30 mililitros: 54 250 1685 070 1<\/li>\n<li>200 mililitros: 54 250 1685 031 2<\/li>\n<li>1 litro: 54 250 1685 032 9<\/li>\n<\/ul>\n<h2>Referencias<\/h2>\n<ul>\n<li>30 mililitros : 020173<\/li>\n<li>200 mililitros : 020174<\/li>\n<li>1 litro : 020175<\/li>\n<\/ul>\n","protected":false},"excerpt":{"rendered":"<p>Cuidado de los o\u00eddos Dianor, ideal para librar el conducto auditivo de todas las impurezas.<\/p>\n","protected":false},"featured_media":11444,"template":"","meta":{"site-sidebar-layout":"default","site-content-layout":"default","ast-site-content-layout":"default","site-content-style":"default","site-sidebar-style":"default","ast-global-header-display":"","ast-banner-title-visibility":"","ast-main-header-display":"","ast-hfb-above-header-display":"","ast-hfb-below-header-display":"","ast-hfb-mobile-header-display":"","site-post-title":"","ast-breadcrumbs-content":"","ast-featured-img":"","footer-sml-layout":"","ast-disable-related-posts":"","theme-transparent-header-meta":"default","adv-header-id-meta":"","stick-header-meta":"default","header-above-stick-meta":"","header-main-stick-meta":"","header-below-stick-meta":"","astra-migrate-meta-layouts":"default","ast-page-background-enabled":"default","ast-page-background-meta":{"desktop":{"background-color":"var(--ast-global-color-4)","background-image":"","background-repeat":"repeat","background-position":"center center","background-size":"auto","background-attachment":"scroll","background-type":"","background-media":"","overlay-type":"","overlay-color":"","overlay-opacity":"","overlay-gradient":""},"tablet":{"background-color":"","background-image":"","background-repeat":"repeat","background-position":"center center","background-size":"auto","background-attachment":"scroll","background-type":"","background-media":"","overlay-type":"","overlay-color":"","overlay-opacity":"","overlay-gradient":""},"mobile":{"background-color":"","background-image":"","background-repeat":"repeat","background-position":"center center","background-size":"auto","background-attachment":"scroll","background-type":"","background-media":"","overlay-type":"","overlay-color":"","overlay-opacity":"","overlay-gradient":""}},"ast-content-background-meta":{"desktop":{"background-color":"var(--ast-global-color-5)","background-image":"","background-repeat":"repeat","background-position":"center center","background-size":"auto","background-attachment":"scroll","background-type":"","background-media":"","overlay-type":"","overlay-color":"","overlay-opacity":"","overlay-gradient":""},"tablet":{"background-color":"var(--ast-global-color-5)","background-image":"","background-repeat":"repeat","background-position":"center center","background-size":"auto","background-attachment":"scroll","background-type":"","background-media":"","overlay-type":"","overlay-color":"","overlay-opacity":"","overlay-gradient":""},"mobile":{"background-color":"var(--ast-global-color-5)","background-image":"","background-repeat":"repeat","background-position":"center center","background-size":"auto","background-attachment":"scroll","background-type":"","background-media":"","overlay-type":"","overlay-color":"","overlay-opacity":"","overlay-gradient":""}}},"product_brand":[],"product_cat":[754],"product_tag":[],"class_list":{"0":"post-11427","1":"product","2":"type-product","3":"status-publish","4":"has-post-thumbnail","6":"product_cat-classique-es","7":"pa_animal-perro","8":"desktop-align-left","9":"tablet-align-left","10":"mobile-align-left","11":"ast-product-gallery-layout-horizontal-slider","12":"ast-product-tabs-layout-horizontal","14":"first","15":"instock","16":"shipping-taxable","17":"product-type-simple"},"_links":{"self":[{"href":"https:\/\/www.laboratoire-diamex.com\/es\/wp-json\/wp\/v2\/product\/11427","targetHints":{"allow":["GET"]}}],"collection":[{"href":"https:\/\/www.laboratoire-diamex.com\/es\/wp-json\/wp\/v2\/product"}],"about":[{"href":"https:\/\/www.laboratoire-diamex.com\/es\/wp-json\/wp\/v2\/types\/product"}],"version-history":[{"count":0,"href":"https:\/\/www.laboratoire-diamex.com\/es\/wp-json\/wp\/v2\/product\/11427\/revisions"}],"wp:featuredmedia":[{"embeddable":true,"href":"https:\/\/www.laboratoire-diamex.com\/es\/wp-json\/wp\/v2\/media\/11444"}],"wp:attachment":[{"href":"https:\/\/www.laboratoire-diamex.com\/es\/wp-json\/wp\/v2\/media?parent=11427"}],"wp:term":[{"taxonomy":"product_brand","embeddable":true,"href":"https:\/\/www.laboratoire-diamex.com\/es\/wp-json\/wp\/v2\/product_brand?post=11427"},{"taxonomy":"product_cat","embeddable":true,"href":"https:\/\/www.laboratoire-diamex.com\/es\/wp-json\/wp\/v2\/product_cat?post=11427"},{"taxonomy":"product_tag","embeddable":true,"href":"https:\/\/www.laboratoire-diamex.com\/es\/wp-json\/wp\/v2\/product_tag?post=11427"}],"curies":[{"name":"wp","href":"https:\/\/api.w.org\/{rel}","templated":true}]}}