{"id":11556,"date":"2023-07-11T13:00:13","date_gmt":"2023-07-11T11:00:13","guid":{"rendered":"https:\/\/www.laboratoire-diamex.com\/catalogue\/limpiador-diamex-cascade\/"},"modified":"2024-07-10T15:18:42","modified_gmt":"2024-07-10T13:18:42","slug":"limpiador-diamex-cascade","status":"publish","type":"product","link":"https:\/\/www.laboratoire-diamex.com\/es\/cat\u00e1logo\/limpiador-diamex-cascade\/","title":{"rendered":"Limpiador de superficies Diamex Cleaner Cascade"},"content":{"rendered":"<h2>Descripci\u00f3n<\/h2>\n<p>Limpiador con aroma de cascada y potentes principios activos.<br \/>\nIdeal para limpiar mesas veterinarias de acero inoxidable, mesas de aseo, ba\u00f1eras, muebles y accesorios&#8230;<\/p>\n<h2>Embalaje<\/h2>\n<p>500 mililitros, 5 litros y 25 litros.<\/p>\n<h2>Instrucciones de uso<\/h2>\n<p>Pulverice el limpiador en cascada a 20 cm de distancia y l\u00edmpielo con un pa\u00f1o h\u00famedo o una toalla de papel.<\/p>\n<h2>Diluci\u00f3n<\/h2>\n<p>&#8211;<\/p>\n<h2>Propiedades<\/h2>\n<p>&#8211;<\/p>\n<h2>Instrucciones de uso<\/h2>\n<p>&#8211;<\/p>\n<h2>Composici\u00f3n<\/h2>\n<p>Agua, cloruro de benzalconio, lauril sulfato s\u00f3dico, hidr\u00f3xido s\u00f3dico, alcoholes c12-14 etoxilados, perfume.<\/p>\n<h2>c\u00f3digos ean<\/h2>\n<ul>\n<li>500 mililitros: 54 250 1685 041 1<\/li>\n<li>5 litros: 54 250 1685 415 0<\/li>\n<li>25 litros: 54 250 1685 351 1<\/li>\n<\/ul>\n<h2>Referencias<\/h2>\n<ul>\n<li>500 mililitros : 020156<\/li>\n<li>5 litros : 020157<\/li>\n<li>25 litros : 020158<\/li>\n<\/ul>\n","protected":false},"excerpt":{"rendered":"<p>Limpiador con aroma de cascada y potentes principios activos. Ideal para limpiar mesas veterinarias de acero inoxidable, mesas de aseo, ba\u00f1eras, muebles y accesorios &#8230;<\/p>\n","protected":false},"featured_media":15433,"template":"","meta":{"site-sidebar-layout":"default","site-content-layout":"default","ast-site-content-layout":"default","site-content-style":"default","site-sidebar-style":"default","ast-global-header-display":"","ast-banner-title-visibility":"","ast-main-header-display":"","ast-hfb-above-header-display":"","ast-hfb-below-header-display":"","ast-hfb-mobile-header-display":"","site-post-title":"","ast-breadcrumbs-content":"","ast-featured-img":"","footer-sml-layout":"","ast-disable-related-posts":"","theme-transparent-header-meta":"default","adv-header-id-meta":"","stick-header-meta":"default","header-above-stick-meta":"","header-main-stick-meta":"","header-below-stick-meta":"","astra-migrate-meta-layouts":"default","ast-page-background-enabled":"default","ast-page-background-meta":{"desktop":{"background-color":"var(--ast-global-color-4)","background-image":"","background-repeat":"repeat","background-position":"center center","background-size":"auto","background-attachment":"scroll","background-type":"","background-media":"","overlay-type":"","overlay-color":"","overlay-opacity":"","overlay-gradient":""},"tablet":{"background-color":"","background-image":"","background-repeat":"repeat","background-position":"center center","background-size":"auto","background-attachment":"scroll","background-type":"","background-media":"","overlay-type":"","overlay-color":"","overlay-opacity":"","overlay-gradient":""},"mobile":{"background-color":"","background-image":"","background-repeat":"repeat","background-position":"center center","background-size":"auto","background-attachment":"scroll","background-type":"","background-media":"","overlay-type":"","overlay-color":"","overlay-opacity":"","overlay-gradient":""}},"ast-content-background-meta":{"desktop":{"background-color":"var(--ast-global-color-5)","background-image":"","background-repeat":"repeat","background-position":"center center","background-size":"auto","background-attachment":"scroll","background-type":"","background-media":"","overlay-type":"","overlay-color":"","overlay-opacity":"","overlay-gradient":""},"tablet":{"background-color":"var(--ast-global-color-5)","background-image":"","background-repeat":"repeat","background-position":"center center","background-size":"auto","background-attachment":"scroll","background-type":"","background-media":"","overlay-type":"","overlay-color":"","overlay-opacity":"","overlay-gradient":""},"mobile":{"background-color":"var(--ast-global-color-5)","background-image":"","background-repeat":"repeat","background-position":"center center","background-size":"auto","background-attachment":"scroll","background-type":"","background-media":"","overlay-type":"","overlay-color":"","overlay-opacity":"","overlay-gradient":""}}},"product_brand":[],"product_cat":[807],"product_tag":[],"class_list":{"0":"post-11556","1":"product","2":"type-product","3":"status-publish","4":"has-post-thumbnail","6":"product_cat-hygine-et-entretien-es","7":"desktop-align-left","8":"tablet-align-left","9":"mobile-align-left","10":"ast-product-gallery-layout-horizontal-slider","11":"ast-product-tabs-layout-horizontal","13":"first","14":"instock","15":"shipping-taxable","16":"product-type-simple"},"_links":{"self":[{"href":"https:\/\/www.laboratoire-diamex.com\/es\/wp-json\/wp\/v2\/product\/11556","targetHints":{"allow":["GET"]}}],"collection":[{"href":"https:\/\/www.laboratoire-diamex.com\/es\/wp-json\/wp\/v2\/product"}],"about":[{"href":"https:\/\/www.laboratoire-diamex.com\/es\/wp-json\/wp\/v2\/types\/product"}],"version-history":[{"count":0,"href":"https:\/\/www.laboratoire-diamex.com\/es\/wp-json\/wp\/v2\/product\/11556\/revisions"}],"wp:featuredmedia":[{"embeddable":true,"href":"https:\/\/www.laboratoire-diamex.com\/es\/wp-json\/wp\/v2\/media\/15433"}],"wp:attachment":[{"href":"https:\/\/www.laboratoire-diamex.com\/es\/wp-json\/wp\/v2\/media?parent=11556"}],"wp:term":[{"taxonomy":"product_brand","embeddable":true,"href":"https:\/\/www.laboratoire-diamex.com\/es\/wp-json\/wp\/v2\/product_brand?post=11556"},{"taxonomy":"product_cat","embeddable":true,"href":"https:\/\/www.laboratoire-diamex.com\/es\/wp-json\/wp\/v2\/product_cat?post=11556"},{"taxonomy":"product_tag","embeddable":true,"href":"https:\/\/www.laboratoire-diamex.com\/es\/wp-json\/wp\/v2\/product_tag?post=11556"}],"curies":[{"name":"wp","href":"https:\/\/api.w.org\/{rel}","templated":true}]}}