{"id":11586,"date":"2023-07-11T13:00:14","date_gmt":"2023-07-11T11:00:14","guid":{"rendered":"https:\/\/www.laboratoire-diamex.com\/catalogue\/cuidado-del-cabello-diamex-gel-spray\/"},"modified":"2024-07-10T15:16:18","modified_gmt":"2024-07-10T13:16:18","slug":"cuidado-del-cabello-diamex-gel-spray","status":"publish","type":"product","link":"https:\/\/www.laboratoire-diamex.com\/es\/cat\u00e1logo\/cuidado-del-cabello-diamex-gel-spray\/","title":{"rendered":"Spray Diamex Gel Spray"},"content":{"rendered":"<h2>Descripci\u00f3n<\/h2>\n<p>Gel spray para la fijaci\u00f3n natural del cabello. Adecuado para moldear todo tipo de cabellos y para una fijaci\u00f3n duradera. Su textura no pegajosa es f\u00e1cil de usar, se seca r\u00e1pidamente y es f\u00e1cil de cepillar sin resecar el pelaje.<\/p>\n<h2>Embalaje<\/h2>\n<p>400 mililitros.<\/p>\n<h2>Instrucciones de uso<\/h2>\n<p>Pulverizar a unos 30 cm de la capa. Utilizar r\u00e1fagas cortas sin pulverizaciones prolongadas. No pulverizar hacia los ojos.<\/p>\n<h2>Diluci\u00f3n<\/h2>\n<p>&#8211;<\/p>\n<h2>Propiedades<\/h2>\n<p>&#8211;<\/p>\n<h2>Instrucciones de uso<\/h2>\n<p>&#8211;<\/p>\n<h2>Composici\u00f3n<\/h2>\n<p>Alcohol denat, isobutano, propano, octilacrilamida\/acrilatos\/copol\u00edmero de metacrilato de butilaminoetilo, butano, aminometil propanol, peg-12 dimeticona, perfume.<\/p>\n<h2>c\u00f3digos ean<\/h2>\n<p>400 mililitros: 54 250 1685 023 7<\/p>\n<h2>Referencias<\/h2>\n<p>400 mililitros : 020183<\/p>\n","protected":false},"excerpt":{"rendered":"<p>Gel spray para la fijaci\u00f3n natural del cabello. Adecuado para moldear todo tipo de cabellos y para una fijaci\u00f3n duradera.<\/p>\n","protected":false},"featured_media":11596,"template":"","meta":{"site-sidebar-layout":"default","site-content-layout":"default","ast-site-content-layout":"default","site-content-style":"default","site-sidebar-style":"default","ast-global-header-display":"","ast-banner-title-visibility":"","ast-main-header-display":"","ast-hfb-above-header-display":"","ast-hfb-below-header-display":"","ast-hfb-mobile-header-display":"","site-post-title":"","ast-breadcrumbs-content":"","ast-featured-img":"","footer-sml-layout":"","ast-disable-related-posts":"","theme-transparent-header-meta":"default","adv-header-id-meta":"","stick-header-meta":"default","header-above-stick-meta":"","header-main-stick-meta":"","header-below-stick-meta":"","astra-migrate-meta-layouts":"default","ast-page-background-enabled":"default","ast-page-background-meta":{"desktop":{"background-color":"var(--ast-global-color-4)","background-image":"","background-repeat":"repeat","background-position":"center center","background-size":"auto","background-attachment":"scroll","background-type":"","background-media":"","overlay-type":"","overlay-color":"","overlay-opacity":"","overlay-gradient":""},"tablet":{"background-color":"","background-image":"","background-repeat":"repeat","background-position":"center center","background-size":"auto","background-attachment":"scroll","background-type":"","background-media":"","overlay-type":"","overlay-color":"","overlay-opacity":"","overlay-gradient":""},"mobile":{"background-color":"","background-image":"","background-repeat":"repeat","background-position":"center center","background-size":"auto","background-attachment":"scroll","background-type":"","background-media":"","overlay-type":"","overlay-color":"","overlay-opacity":"","overlay-gradient":""}},"ast-content-background-meta":{"desktop":{"background-color":"var(--ast-global-color-5)","background-image":"","background-repeat":"repeat","background-position":"center center","background-size":"auto","background-attachment":"scroll","background-type":"","background-media":"","overlay-type":"","overlay-color":"","overlay-opacity":"","overlay-gradient":""},"tablet":{"background-color":"var(--ast-global-color-5)","background-image":"","background-repeat":"repeat","background-position":"center center","background-size":"auto","background-attachment":"scroll","background-type":"","background-media":"","overlay-type":"","overlay-color":"","overlay-opacity":"","overlay-gradient":""},"mobile":{"background-color":"var(--ast-global-color-5)","background-image":"","background-repeat":"repeat","background-position":"center center","background-size":"auto","background-attachment":"scroll","background-type":"","background-media":"","overlay-type":"","overlay-color":"","overlay-opacity":"","overlay-gradient":""}}},"product_brand":[],"product_cat":[754],"product_tag":[],"class_list":{"0":"post-11586","1":"product","2":"type-product","3":"status-publish","4":"has-post-thumbnail","6":"product_cat-classique-es","7":"pa_animal-perro","8":"pa_proprietes-fijador","9":"pa_type-de-poils-cabello-corto","10":"pa_type-de-poils-cada-tipo","11":"pa_type-de-poils-pelo-largo","12":"desktop-align-left","13":"tablet-align-left","14":"mobile-align-left","15":"ast-product-gallery-layout-horizontal-slider","16":"ast-product-gallery-with-no-image","17":"ast-product-tabs-layout-horizontal","19":"first","20":"instock","21":"shipping-taxable","22":"product-type-simple"},"_links":{"self":[{"href":"https:\/\/www.laboratoire-diamex.com\/es\/wp-json\/wp\/v2\/product\/11586","targetHints":{"allow":["GET"]}}],"collection":[{"href":"https:\/\/www.laboratoire-diamex.com\/es\/wp-json\/wp\/v2\/product"}],"about":[{"href":"https:\/\/www.laboratoire-diamex.com\/es\/wp-json\/wp\/v2\/types\/product"}],"version-history":[{"count":0,"href":"https:\/\/www.laboratoire-diamex.com\/es\/wp-json\/wp\/v2\/product\/11586\/revisions"}],"wp:featuredmedia":[{"embeddable":true,"href":"https:\/\/www.laboratoire-diamex.com\/es\/wp-json\/wp\/v2\/media\/11596"}],"wp:attachment":[{"href":"https:\/\/www.laboratoire-diamex.com\/es\/wp-json\/wp\/v2\/media?parent=11586"}],"wp:term":[{"taxonomy":"product_brand","embeddable":true,"href":"https:\/\/www.laboratoire-diamex.com\/es\/wp-json\/wp\/v2\/product_brand?post=11586"},{"taxonomy":"product_cat","embeddable":true,"href":"https:\/\/www.laboratoire-diamex.com\/es\/wp-json\/wp\/v2\/product_cat?post=11586"},{"taxonomy":"product_tag","embeddable":true,"href":"https:\/\/www.laboratoire-diamex.com\/es\/wp-json\/wp\/v2\/product_tag?post=11586"}],"curies":[{"name":"wp","href":"https:\/\/api.w.org\/{rel}","templated":true}]}}