{"id":11680,"date":"2023-07-11T13:00:12","date_gmt":"2023-07-11T11:00:12","guid":{"rendered":"https:\/\/www.laboratoire-diamex.com\/catalogue\/tratamiento-voluminizador-diamex-pure-hair-care\/"},"modified":"2024-07-10T15:26:15","modified_gmt":"2024-07-10T13:26:15","slug":"tratamiento-voluminizador-diamex-pure-hair-care","status":"publish","type":"product","link":"https:\/\/www.laboratoire-diamex.com\/es\/cat\u00e1logo\/tratamiento-voluminizador-diamex-pure-hair-care\/","title":{"rendered":"Loci\u00f3n Diamex PURE Tratante Voluminizador"},"content":{"rendered":"<h2>Descripci\u00f3n<\/h2>\n<p>El spray <strong>TRATANTE VOLUMINIZADOR<\/strong> es una loci\u00f3n enriquecida con queratina vegetal (fitoqueratina) y prote\u00edna B5 (pantenol). Fortalece, repara y aporta volumen al cabello.<\/p>\n<p>La <strong>queratina vegetal<\/strong>, rica en amino\u00e1cidos, refuerza la fibra capilar, reduciendo las puntas abiertas. Mejora la textura del cabello, aporta volumen y brillo y facilita el cepillado. La queratina tambi\u00e9n mantiene la hidrataci\u00f3n, elasticidad y firmeza de la piel, haci\u00e9ndola m\u00e1s resistente a las agresiones externas.<\/p>\n<p>La <strong>prote\u00edna B5<\/strong> refuerza la fibra capilar, reduce la rotura, favorece el crecimiento y embellece el cabello de la ra\u00edz a las puntas. Hidrata el cabello en profundidad, dej\u00e1ndolo brillante y suave.<\/p>\n<p><strong>Formulado sin alcohol, silicona ni colorantes.<\/strong><\/p>\n<h2>Embalaje<\/h2>\n<p>300 mililitros.<\/p>\n<h2>Instrucciones de uso<\/h2>\n<p>Sobre una capa seca: pulverizar, dejar penetrar y despu\u00e9s cepillar. Despu\u00e9s del ba\u00f1o: pulverizar sobre el cabello secado con toalla y secar sin aclarar. Como tratamiento: 1 vez a la semana. Para cabellos muy da\u00f1ados, se completa con champ\u00fa y mascarilla.<\/p>\n<h2>Propiedades<\/h2>\n<p>Aporta <strong>volumen:<\/strong> hincha la fibra capilar y mejora la textura del cabello, d\u00e1ndole volumen al instante.<br \/>\n<strong>Hidrata: <\/strong> hidrata el cabello en profundidad sin apelmazarlo, lo que es fundamental para conservar el volumen.<br \/>\n<strong>Fortalece:<\/strong> rellena los huecos de la fibra capilar, aumentando su fuerza y elasticidad.<br \/>\n<strong>Aporta brillo:<\/strong> aporta brillo al pelaje.<\/p>\n<h2>Instrucciones de uso<\/h2>\n<p>El spray <strong>TRATANTE VOLUMINIZADOR<\/strong><strong> <\/strong>de la gama PURE es un producto de primera calidad especialmente dise\u00f1ado para perros de exposici\u00f3n cuyo pelaje necesita una atenci\u00f3n especial. Aporta volumen al pelo y una textura ligera y duradera.<\/p>\n<h2>Composici\u00f3n<\/h2>\n<p>Agua, alcohol cetear\u00edlico (y) metosulfato de dipalmitoiletilhidroxietilmonio (y) cetearet-20, cloruro de cetrimonio, octildodecanol, prote\u00edna de trigo hidrolizada (y) gluten de trigo hidrolizado, glicerina, cocoato de peg-7 glicerilo, aceite de ricino hidrogenado, cloruro de guar hidroxipropiltrimonio, perfume, \u00e1cido c\u00edtrico, benzoato s\u00f3dico, sorbato pot\u00e1sico.<\/p>\n<h2>C\u00f3digo EAN<\/h2>\n<p>300 mililitros: 54 250 1685 654 3<\/p>\n<h2>Referencia<\/h2>\n<p>300 mililitros: 5301320<\/p>\n<p>&nbsp;<\/p>\n","protected":false},"excerpt":{"rendered":"<p>El spray <strong>TRATANTE VOLUMINIZADOR<\/strong> es una loci\u00f3n enriquecida con queratina vegetal (fitoqueratina) y prote\u00edna B5 (pantenol). Fortalece, repara y aporta volumen al cabello.<\/p>\n<p><strong>Formulado sin alcohol, silicona ni colorantes.<\/strong><\/p>\n","protected":false},"featured_media":13510,"template":"","meta":{"site-sidebar-layout":"default","site-content-layout":"default","ast-site-content-layout":"default","site-content-style":"default","site-sidebar-style":"default","ast-global-header-display":"","ast-banner-title-visibility":"","ast-main-header-display":"","ast-hfb-above-header-display":"","ast-hfb-below-header-display":"","ast-hfb-mobile-header-display":"","site-post-title":"","ast-breadcrumbs-content":"","ast-featured-img":"","footer-sml-layout":"","ast-disable-related-posts":"","theme-transparent-header-meta":"default","adv-header-id-meta":"","stick-header-meta":"default","header-above-stick-meta":"","header-main-stick-meta":"","header-below-stick-meta":"","astra-migrate-meta-layouts":"default","ast-page-background-enabled":"default","ast-page-background-meta":{"desktop":{"background-color":"var(--ast-global-color-4)","background-image":"","background-repeat":"repeat","background-position":"center center","background-size":"auto","background-attachment":"scroll","background-type":"","background-media":"","overlay-type":"","overlay-color":"","overlay-opacity":"","overlay-gradient":""},"tablet":{"background-color":"","background-image":"","background-repeat":"repeat","background-position":"center center","background-size":"auto","background-attachment":"scroll","background-type":"","background-media":"","overlay-type":"","overlay-color":"","overlay-opacity":"","overlay-gradient":""},"mobile":{"background-color":"","background-image":"","background-repeat":"repeat","background-position":"center center","background-size":"auto","background-attachment":"scroll","background-type":"","background-media":"","overlay-type":"","overlay-color":"","overlay-opacity":"","overlay-gradient":""}},"ast-content-background-meta":{"desktop":{"background-color":"var(--ast-global-color-5)","background-image":"","background-repeat":"repeat","background-position":"center center","background-size":"auto","background-attachment":"scroll","background-type":"","background-media":"","overlay-type":"","overlay-color":"","overlay-opacity":"","overlay-gradient":""},"tablet":{"background-color":"var(--ast-global-color-5)","background-image":"","background-repeat":"repeat","background-position":"center center","background-size":"auto","background-attachment":"scroll","background-type":"","background-media":"","overlay-type":"","overlay-color":"","overlay-opacity":"","overlay-gradient":""},"mobile":{"background-color":"var(--ast-global-color-5)","background-image":"","background-repeat":"repeat","background-position":"center center","background-size":"auto","background-attachment":"scroll","background-type":"","background-media":"","overlay-type":"","overlay-color":"","overlay-opacity":"","overlay-gradient":""}}},"product_brand":[],"product_cat":[784],"product_tag":[],"class_list":{"0":"post-11680","1":"product","2":"type-product","3":"status-publish","4":"has-post-thumbnail","6":"product_cat-pure-es","7":"pa_animal-perro","8":"pa_proprietes-dar-volumen","9":"pa_proprietes-fortificante","10":"pa_proprietes-reparador","11":"desktop-align-left","12":"tablet-align-left","13":"mobile-align-left","14":"ast-product-gallery-layout-horizontal-slider","15":"ast-product-gallery-with-no-image","16":"ast-product-tabs-layout-horizontal","18":"first","19":"instock","20":"shipping-taxable","21":"product-type-simple"},"_links":{"self":[{"href":"https:\/\/www.laboratoire-diamex.com\/es\/wp-json\/wp\/v2\/product\/11680","targetHints":{"allow":["GET"]}}],"collection":[{"href":"https:\/\/www.laboratoire-diamex.com\/es\/wp-json\/wp\/v2\/product"}],"about":[{"href":"https:\/\/www.laboratoire-diamex.com\/es\/wp-json\/wp\/v2\/types\/product"}],"version-history":[{"count":0,"href":"https:\/\/www.laboratoire-diamex.com\/es\/wp-json\/wp\/v2\/product\/11680\/revisions"}],"wp:featuredmedia":[{"embeddable":true,"href":"https:\/\/www.laboratoire-diamex.com\/es\/wp-json\/wp\/v2\/media\/13510"}],"wp:attachment":[{"href":"https:\/\/www.laboratoire-diamex.com\/es\/wp-json\/wp\/v2\/media?parent=11680"}],"wp:term":[{"taxonomy":"product_brand","embeddable":true,"href":"https:\/\/www.laboratoire-diamex.com\/es\/wp-json\/wp\/v2\/product_brand?post=11680"},{"taxonomy":"product_cat","embeddable":true,"href":"https:\/\/www.laboratoire-diamex.com\/es\/wp-json\/wp\/v2\/product_cat?post=11680"},{"taxonomy":"product_tag","embeddable":true,"href":"https:\/\/www.laboratoire-diamex.com\/es\/wp-json\/wp\/v2\/product_tag?post=11680"}],"curies":[{"name":"wp","href":"https:\/\/api.w.org\/{rel}","templated":true}]}}