{"id":11739,"date":"2023-07-11T13:00:13","date_gmt":"2023-07-11T11:00:13","guid":{"rendered":"https:\/\/www.laboratoire-diamex.com\/catalogue\/cuidado-del-cabello-diamex-tahiti-dog-spray-splendid\/"},"modified":"2024-07-10T15:17:52","modified_gmt":"2024-07-10T13:17:52","slug":"cuidado-del-cabello-diamex-tahiti-dog-spray-splendid","status":"publish","type":"product","link":"https:\/\/www.laboratoire-diamex.com\/es\/cat\u00e1logo\/cuidado-del-cabello-diamex-tahiti-dog-spray-splendid\/","title":{"rendered":"Spray Diamex TAHITI DOG Spray Splendid Mono\u00ef"},"content":{"rendered":"<h2>Descripci\u00f3n<\/h2>\n<p>El spray Splendid de la gama Tahiti Dog es un spray nutritivo que protege y revitaliza el pelo y la piel de su perro. Este cuidado devuelve el brillo y la luminosidad al pelaje, a la vez que favorece el crecimiento del pelo y previene el apelmazamiento y el pelo quebradizo. Tambi\u00e9n facilita el desenredado y puede utilizarse como spray de acabado. Gracias a su suave aroma a Monoi, el pelaje de su perro se impregna de una fragancia que recuerda a las m\u00e1s bellas playas ex\u00f3ticas, sin molestarle.<\/p>\n<h2>Embalaje<\/h2>\n<p>400 mililitros.<\/p>\n<h2>Instrucciones de uso<\/h2>\n<p>Agitar antes de usar y pulverizar uniformemente a una distancia de 20 cm. Dejar actuar 2 minutos. Un peine o un cepillo realzar\u00e1n toda la belleza del pelaje.<\/p>\n<h2>Propiedades<\/h2>\n<p>&#8211;<\/p>\n<h2>Instrucciones de uso<\/h2>\n<p>&#8211;<\/p>\n<h2>Composici\u00f3n<\/h2>\n<p>Alcohol denat, diclorometano, butano, propano, \u00e9ster but\u00edlico de pvm\/ma, copol\u00edmero, \u00e9ster et\u00edlico de pvm\/ma copol\u00edmero, alcohol n-but\u00edlico, perfume.<\/p>\n<h2>c\u00f3digos ean<\/h2>\n<p>400 mililitros: 54 250 1685 417 4<\/p>\n<h2>Referencias<\/h2>\n<p>400 mililitros: 020263<\/p>\n","protected":false},"excerpt":{"rendered":"<p>El spray Splendid de la gama Tahiti Dog es un spray nutritivo que protege y revitaliza el pelo y la piel de su perro.<\/p>\n","protected":false},"featured_media":11750,"template":"","meta":{"site-sidebar-layout":"default","site-content-layout":"default","ast-site-content-layout":"default","site-content-style":"default","site-sidebar-style":"default","ast-global-header-display":"","ast-banner-title-visibility":"","ast-main-header-display":"","ast-hfb-above-header-display":"","ast-hfb-below-header-display":"","ast-hfb-mobile-header-display":"","site-post-title":"","ast-breadcrumbs-content":"","ast-featured-img":"","footer-sml-layout":"","ast-disable-related-posts":"","theme-transparent-header-meta":"default","adv-header-id-meta":"","stick-header-meta":"default","header-above-stick-meta":"","header-main-stick-meta":"","header-below-stick-meta":"","astra-migrate-meta-layouts":"default","ast-page-background-enabled":"default","ast-page-background-meta":{"desktop":{"background-color":"var(--ast-global-color-4)","background-image":"","background-repeat":"repeat","background-position":"center center","background-size":"auto","background-attachment":"scroll","background-type":"","background-media":"","overlay-type":"","overlay-color":"","overlay-opacity":"","overlay-gradient":""},"tablet":{"background-color":"","background-image":"","background-repeat":"repeat","background-position":"center center","background-size":"auto","background-attachment":"scroll","background-type":"","background-media":"","overlay-type":"","overlay-color":"","overlay-opacity":"","overlay-gradient":""},"mobile":{"background-color":"","background-image":"","background-repeat":"repeat","background-position":"center center","background-size":"auto","background-attachment":"scroll","background-type":"","background-media":"","overlay-type":"","overlay-color":"","overlay-opacity":"","overlay-gradient":""}},"ast-content-background-meta":{"desktop":{"background-color":"var(--ast-global-color-5)","background-image":"","background-repeat":"repeat","background-position":"center center","background-size":"auto","background-attachment":"scroll","background-type":"","background-media":"","overlay-type":"","overlay-color":"","overlay-opacity":"","overlay-gradient":""},"tablet":{"background-color":"var(--ast-global-color-5)","background-image":"","background-repeat":"repeat","background-position":"center center","background-size":"auto","background-attachment":"scroll","background-type":"","background-media":"","overlay-type":"","overlay-color":"","overlay-opacity":"","overlay-gradient":""},"mobile":{"background-color":"var(--ast-global-color-5)","background-image":"","background-repeat":"repeat","background-position":"center center","background-size":"auto","background-attachment":"scroll","background-type":"","background-media":"","overlay-type":"","overlay-color":"","overlay-opacity":"","overlay-gradient":""}}},"product_brand":[],"product_cat":[793],"product_tag":[],"class_list":{"0":"post-11739","1":"product","2":"type-product","3":"status-publish","4":"has-post-thumbnail","6":"product_cat-tahiti-dog-es","7":"pa_animal-perro","8":"pa_proprietes-acondicionador","9":"pa_proprietes-desenredante","10":"pa_proprietes-nutritivo","11":"pa_proprietes-polaco","12":"pa_type-de-poils-cabello-corto","13":"pa_type-de-poils-cada-tipo","14":"pa_type-de-poils-pelo-largo","15":"desktop-align-left","16":"tablet-align-left","17":"mobile-align-left","18":"ast-product-gallery-layout-horizontal-slider","19":"ast-product-gallery-with-no-image","20":"ast-product-tabs-layout-horizontal","22":"first","23":"instock","24":"shipping-taxable","25":"product-type-simple"},"_links":{"self":[{"href":"https:\/\/www.laboratoire-diamex.com\/es\/wp-json\/wp\/v2\/product\/11739","targetHints":{"allow":["GET"]}}],"collection":[{"href":"https:\/\/www.laboratoire-diamex.com\/es\/wp-json\/wp\/v2\/product"}],"about":[{"href":"https:\/\/www.laboratoire-diamex.com\/es\/wp-json\/wp\/v2\/types\/product"}],"version-history":[{"count":0,"href":"https:\/\/www.laboratoire-diamex.com\/es\/wp-json\/wp\/v2\/product\/11739\/revisions"}],"wp:featuredmedia":[{"embeddable":true,"href":"https:\/\/www.laboratoire-diamex.com\/es\/wp-json\/wp\/v2\/media\/11750"}],"wp:attachment":[{"href":"https:\/\/www.laboratoire-diamex.com\/es\/wp-json\/wp\/v2\/media?parent=11739"}],"wp:term":[{"taxonomy":"product_brand","embeddable":true,"href":"https:\/\/www.laboratoire-diamex.com\/es\/wp-json\/wp\/v2\/product_brand?post=11739"},{"taxonomy":"product_cat","embeddable":true,"href":"https:\/\/www.laboratoire-diamex.com\/es\/wp-json\/wp\/v2\/product_cat?post=11739"},{"taxonomy":"product_tag","embeddable":true,"href":"https:\/\/www.laboratoire-diamex.com\/es\/wp-json\/wp\/v2\/product_tag?post=11739"}],"curies":[{"name":"wp","href":"https:\/\/api.w.org\/{rel}","templated":true}]}}