{"id":13427,"date":"2024-05-30T08:48:13","date_gmt":"2024-05-30T06:48:13","guid":{"rendered":"https:\/\/www.laboratoire-diamex.com\/?post_type=product&#038;p=13427"},"modified":"2025-02-25T14:59:47","modified_gmt":"2025-02-25T13:59:47","slug":"diamex-pure-balsamo-tratante-voluminizador-copie","status":"publish","type":"product","link":"https:\/\/www.laboratoire-diamex.com\/es\/cat\u00e1logo\/diamex-pure-balsamo-tratante-voluminizador-copie\/","title":{"rendered":"Loci\u00f3n Diamex PURE Crecimiento &amp; Fuerza"},"content":{"rendered":"<h2>Descripci\u00f3n<\/h2>\n<p>  La loci\u00f3n Diamex <strong>FUERZA Y CRECIMIENTO<\/strong> de la gama <strong>PURE<\/strong> es una loci\u00f3n revolucionaria que estimula el crecimiento del cabello, lo recubre y le da brillo, fortalece y fortifica la fibra capilar e hidrata en profundidad el cabello y la piel. Producto sin aclarado que no engrasa el cabello. El <strong>\u00e1cido l\u00e1ctico<\/strong> tiene numerosos beneficios para el cabello y la piel. Como exfoliante suave, ayuda a eliminar las c\u00e9lulas muertas de la piel. Esta acci\u00f3n exfoliante tambi\u00e9n permite que los fol\u00edculos pilosos respiren mejor, lo que estimula el crecimiento del vello. Gracias a sus propiedades hidratantes, el \u00e1cido l\u00e1ctico mantiene el pelo y la piel hidratados, dejando el pelaje suave y brillante. Por \u00faltimo, equilibra el nivel de pH de la piel y contribuye a mejorar la salud del cabello y la piel. El <strong>\u00e1cido hialur\u00f3nico <\/strong> es un potente hidratante que beneficia al cabello y a la piel. Retiene la humedad de la piel, mejora la elasticidad y favorece la producci\u00f3n de col\u00e1geno. Tambi\u00e9n previene la sequedad y la irritaci\u00f3n. Gracias a sus m\u00faltiples beneficios, el \u00e1cido hialur\u00f3nico hidrata en profundidad, repara y fortalece el cabello, aport\u00e1ndole flexibilidad, brillo, suavidad y sedosidad. El <strong>aceite de ricino<\/strong> es famoso por sus numerosos beneficios para el cabello y la piel. Rico en \u00e1cidos grasos esenciales, hidrata la piel en profundidad. Nutre los fol\u00edculos pilosos, favoreciendo el crecimiento del cabello al tiempo que los fortalece, ayudando a prevenir la rotura y las puntas abiertas. Aporta brillo y suavidad al pelaje. La <strong>queratina vegetal<\/strong>, rica en amino\u00e1cidos, refuerza la fibra capilar, reduciendo las puntas abiertas. Mejora la textura del cabello, haci\u00e9ndolo m\u00e1s suave, brillante y f\u00e1cil de peinar. La queratina tambi\u00e9n mantiene la hidrataci\u00f3n, elasticidad y firmeza de la piel, haci\u00e9ndola m\u00e1s resistente a las agresiones externas. Al reparar y proteger la barrera cut\u00e1nea, favorece una piel m\u00e1s sana.  <strong>Formulado sin alcohol, silicona ni colorantes.<\/strong><\/p>\n<h2>Instrucciones de uso<\/h2>\n<p>  Pulveriza el producto de la ra\u00edz a las puntas por todo el pelaje o en las zonas que quieras estimular. Frotar para estimular la penetraci\u00f3n de los principios activos. Cepillar si es necesario. Evita el contacto con los ojos.  <\/p>\n<h2>Propiedades<\/h2>\n<p><strong>Acelera el crecimiento:<\/strong> contiene agentes activos que estimulan los fol\u00edculos pilosos, acelerando significativamente el crecimiento del pelo.  <strong>Fortalece:<\/strong> contiene potentes principios activos que fortalecen la estructura del cabello y lo hacen menos quebradizo.  <strong>Hidrata:<\/strong> proporciona una hidrataci\u00f3n duradera y eficaz al cabello y la piel.  <strong>Aporta brillo:<\/strong> aporta brillo al pelaje.  <\/p>\n<h2>Instrucciones de uso<\/h2>\n<p>  La loci\u00f3n  <strong>FUERZA Y CRECIMIENTO<\/strong><strong> <\/strong>de la gama PURE es un producto de primera calidad especialmente dise\u00f1ado para perros de exposici\u00f3n cuyo pelaje necesita una atenci\u00f3n especial. Optimiza el tiempo de recubrimiento entre competiciones, al tiempo que mejora la calidad.  <\/p>\n<h2>Embalaje<\/h2>\n<p>  300 mililitros.  <\/p>\n<h2>Composici\u00f3n<\/h2>\n<p>  AGUA OSM\u00d3TICA, PROTE\u00cdNA DE TRIGO HIDROLIZADA, ACEITE DE RICINO (RICINA), \u00c1CIDO L\u00c1CTICO, PERFUME, BENZOATO S\u00d3DICO.  <\/p>\n<h2>C\u00f3digo EAN<\/h2>\n<p>  300 mililitros: 54 250 1685 693 2  <\/p>\n<h2>Referencia<\/h2>\n<p>  300 mililitros : 5301720<\/p>\n","protected":false},"excerpt":{"rendered":"<p>Loci\u00f3n que refuerza la estructura capilar y acelera el crecimiento.  &nbsp;<\/p>\n","protected":false},"featured_media":13446,"template":"","meta":{"site-sidebar-layout":"default","site-content-layout":"default","ast-site-content-layout":"default","site-content-style":"default","site-sidebar-style":"default","ast-global-header-display":"","ast-banner-title-visibility":"","ast-main-header-display":"","ast-hfb-above-header-display":"","ast-hfb-below-header-display":"","ast-hfb-mobile-header-display":"","site-post-title":"","ast-breadcrumbs-content":"","ast-featured-img":"","footer-sml-layout":"","ast-disable-related-posts":"","theme-transparent-header-meta":"default","adv-header-id-meta":"","stick-header-meta":"default","header-above-stick-meta":"","header-main-stick-meta":"","header-below-stick-meta":"","astra-migrate-meta-layouts":"set","ast-page-background-enabled":"default","ast-page-background-meta":{"desktop":{"background-color":"var(--ast-global-color-4)","background-image":"","background-repeat":"repeat","background-position":"center center","background-size":"auto","background-attachment":"scroll","background-type":"","background-media":"","overlay-type":"","overlay-color":"","overlay-opacity":"","overlay-gradient":""},"tablet":{"background-color":"","background-image":"","background-repeat":"repeat","background-position":"center center","background-size":"auto","background-attachment":"scroll","background-type":"","background-media":"","overlay-type":"","overlay-color":"","overlay-opacity":"","overlay-gradient":""},"mobile":{"background-color":"","background-image":"","background-repeat":"repeat","background-position":"center center","background-size":"auto","background-attachment":"scroll","background-type":"","background-media":"","overlay-type":"","overlay-color":"","overlay-opacity":"","overlay-gradient":""}},"ast-content-background-meta":{"desktop":{"background-color":"var(--ast-global-color-5)","background-image":"","background-repeat":"repeat","background-position":"center center","background-size":"auto","background-attachment":"scroll","background-type":"","background-media":"","overlay-type":"","overlay-color":"","overlay-opacity":"","overlay-gradient":""},"tablet":{"background-color":"var(--ast-global-color-5)","background-image":"","background-repeat":"repeat","background-position":"center center","background-size":"auto","background-attachment":"scroll","background-type":"","background-media":"","overlay-type":"","overlay-color":"","overlay-opacity":"","overlay-gradient":""},"mobile":{"background-color":"var(--ast-global-color-5)","background-image":"","background-repeat":"repeat","background-position":"center center","background-size":"auto","background-attachment":"scroll","background-type":"","background-media":"","overlay-type":"","overlay-color":"","overlay-opacity":"","overlay-gradient":""}}},"product_brand":[],"product_cat":[784],"product_tag":[],"class_list":{"0":"post-13427","1":"product","2":"type-product","3":"status-publish","4":"has-post-thumbnail","6":"product_cat-pure-es","7":"pa_animal-perro","8":"pa_proprietes-anti-caida","9":"pa_proprietes-fortificante","10":"pa_proprietes-hidratante","11":"pa_proprietes-reparador","12":"pa_type-de-poils-pelo-largo","13":"desktop-align-left","14":"tablet-align-left","15":"mobile-align-left","16":"ast-product-gallery-layout-horizontal-slider","17":"ast-product-gallery-with-no-image","18":"ast-product-tabs-layout-horizontal","20":"first","21":"instock","22":"shipping-taxable","23":"product-type-simple"},"_links":{"self":[{"href":"https:\/\/www.laboratoire-diamex.com\/es\/wp-json\/wp\/v2\/product\/13427","targetHints":{"allow":["GET"]}}],"collection":[{"href":"https:\/\/www.laboratoire-diamex.com\/es\/wp-json\/wp\/v2\/product"}],"about":[{"href":"https:\/\/www.laboratoire-diamex.com\/es\/wp-json\/wp\/v2\/types\/product"}],"version-history":[{"count":0,"href":"https:\/\/www.laboratoire-diamex.com\/es\/wp-json\/wp\/v2\/product\/13427\/revisions"}],"wp:featuredmedia":[{"embeddable":true,"href":"https:\/\/www.laboratoire-diamex.com\/es\/wp-json\/wp\/v2\/media\/13446"}],"wp:attachment":[{"href":"https:\/\/www.laboratoire-diamex.com\/es\/wp-json\/wp\/v2\/media?parent=13427"}],"wp:term":[{"taxonomy":"product_brand","embeddable":true,"href":"https:\/\/www.laboratoire-diamex.com\/es\/wp-json\/wp\/v2\/product_brand?post=13427"},{"taxonomy":"product_cat","embeddable":true,"href":"https:\/\/www.laboratoire-diamex.com\/es\/wp-json\/wp\/v2\/product_cat?post=13427"},{"taxonomy":"product_tag","embeddable":true,"href":"https:\/\/www.laboratoire-diamex.com\/es\/wp-json\/wp\/v2\/product_tag?post=13427"}],"curies":[{"name":"wp","href":"https:\/\/api.w.org\/{rel}","templated":true}]}}