{"id":13463,"date":"2024-05-30T10:18:13","date_gmt":"2024-05-30T08:18:13","guid":{"rendered":"https:\/\/www.laboratoire-diamex.com\/?post_type=product&#038;p=13463"},"modified":"2024-07-10T14:29:56","modified_gmt":"2024-07-10T12:29:56","slug":"diamex-pure-balsamo-tratante-voluminizador-copie-copie","status":"publish","type":"product","link":"https:\/\/www.laboratoire-diamex.com\/es\/cat\u00e1logo\/diamex-pure-balsamo-tratante-voluminizador-copie-copie\/","title":{"rendered":"Champ\u00fa seco Diamex PURE Limpiador &amp; Volumen"},"content":{"rendered":"<h2>Descripci\u00f3n<\/h2>\n<p><strong>LIMPIADOR &amp; VOLUMEN<\/strong> es un producto dos en uno que limpia el pelaje sin mojarlo y acondiciona el pelo antes del corte a la vez que aporta volumen. Pero no es como otros productos: \u00a1ha sido especialmente formulado para ser <strong>INVISIBLE<\/strong>! No deja residuos visibles en el pelo, garantizando un pelaje impecable, incluso para perros de pelo oscuro. Al absorber el exceso de sebo, devuelve instant\u00e1neamente ligereza y volumen al cabello, creando un aspecto m\u00e1s denso y cuidado.<\/p>\n<p><strong>Formulado sin silicona ni colorantes.<\/strong><\/p>\n<h2>Embalaje<\/h2>\n<p>300 mililitros.<\/p>\n<h2>Instrucciones de uso<\/h2>\n<p><strong>Limpieza:<\/strong> pulverizar el producto a una distancia de 20 cent\u00edmetros, evitando el contacto con los ojos. Dejar actuar unos 30 segundos y frotar con un pa\u00f1o limpio.<br \/>\n<strong>Acondicionamiento:<\/strong> pulverizar el producto a una distancia de 20 cent\u00edmetros, evitando el contacto con los ojos. Frote directamente con un pa\u00f1o limpio.<\/p>\n<h2>Propiedades<\/h2>\n<p><strong>Absorbe:<\/strong> retiene las impurezas y absorbe el exceso de sebo, facilitando despu\u00e9s su eliminaci\u00f3n al cepillar.<br \/>\n<strong>Limpia:<\/strong> elimina las impurezas, las part\u00edculas de suciedad y los olores, y refresca el pelaje entre acicalamientos o cuando el ba\u00f1o no resulta pr\u00e1ctico.<br \/>\nAporta <strong>volumen:<\/strong> hincha la fibra capilar y mejora la textura del cabello, d\u00e1ndole volumen al instante.<br \/>\n<strong>Facilita el cepillado:<\/strong> facilita el cepillado y el corte al proporcionar un mejor agarre, para unos cortes duraderos y con estilo.<\/p>\n<h2>Consejos sobre el producto<\/h2>\n<p>El champ\u00f9 <strong> LIMPIADOR &amp; VOLUMEN <\/strong><strong> <\/strong>de la gama PURE es un producto de primera calidad especialmente dise\u00f1ado para perros de exposici\u00f3n cuyo pelaje necesita una atenci\u00f3n especial. No s\u00f3lo lava r\u00e1pidamente el pelaje del perro, sino que tambi\u00e9n le aporta volumen durante la competici\u00f3n sin dejar rastro.<\/p>\n<h2>Composici\u00f3n<\/h2>\n<p>&#8211;<\/p>\n<h2>C\u00f3digo EAN<\/h2>\n<p>300 mililitros: 54 250 1685 687 1<\/p>\n<h2>Referencia<\/h2>\n<p>300 mililitros: 5301640<\/p>\n","protected":false},"excerpt":{"rendered":"<p>El champ\u00fa <strong>LIMPIADOR &amp; VOLUMEN<\/strong> es un producto dos en uno <strong>INVISIBLE<\/strong> que limpia el pelaje sin mojarlo y acondiciona el pelo antes del corte al tiempo que aporta volumen.<\/p>\n<p><strong>Formulado sin silicona ni colorantes.<\/strong><\/p>\n<p>&nbsp;<\/p>\n","protected":false},"featured_media":13456,"template":"","meta":{"site-sidebar-layout":"default","site-content-layout":"default","ast-site-content-layout":"default","site-content-style":"default","site-sidebar-style":"default","ast-global-header-display":"","ast-banner-title-visibility":"","ast-main-header-display":"","ast-hfb-above-header-display":"","ast-hfb-below-header-display":"","ast-hfb-mobile-header-display":"","site-post-title":"","ast-breadcrumbs-content":"","ast-featured-img":"","footer-sml-layout":"","ast-disable-related-posts":"","theme-transparent-header-meta":"default","adv-header-id-meta":"","stick-header-meta":"default","header-above-stick-meta":"","header-main-stick-meta":"","header-below-stick-meta":"","astra-migrate-meta-layouts":"set","ast-page-background-enabled":"default","ast-page-background-meta":{"desktop":{"background-color":"var(--ast-global-color-4)","background-image":"","background-repeat":"repeat","background-position":"center center","background-size":"auto","background-attachment":"scroll","background-type":"","background-media":"","overlay-type":"","overlay-color":"","overlay-opacity":"","overlay-gradient":""},"tablet":{"background-color":"","background-image":"","background-repeat":"repeat","background-position":"center center","background-size":"auto","background-attachment":"scroll","background-type":"","background-media":"","overlay-type":"","overlay-color":"","overlay-opacity":"","overlay-gradient":""},"mobile":{"background-color":"","background-image":"","background-repeat":"repeat","background-position":"center center","background-size":"auto","background-attachment":"scroll","background-type":"","background-media":"","overlay-type":"","overlay-color":"","overlay-opacity":"","overlay-gradient":""}},"ast-content-background-meta":{"desktop":{"background-color":"var(--ast-global-color-5)","background-image":"","background-repeat":"repeat","background-position":"center center","background-size":"auto","background-attachment":"scroll","background-type":"","background-media":"","overlay-type":"","overlay-color":"","overlay-opacity":"","overlay-gradient":""},"tablet":{"background-color":"var(--ast-global-color-5)","background-image":"","background-repeat":"repeat","background-position":"center center","background-size":"auto","background-attachment":"scroll","background-type":"","background-media":"","overlay-type":"","overlay-color":"","overlay-opacity":"","overlay-gradient":""},"mobile":{"background-color":"var(--ast-global-color-5)","background-image":"","background-repeat":"repeat","background-position":"center center","background-size":"auto","background-attachment":"scroll","background-type":"","background-media":"","overlay-type":"","overlay-color":"","overlay-opacity":"","overlay-gradient":""}}},"product_brand":[],"product_cat":[784],"product_tag":[],"class_list":{"0":"post-13463","1":"product","2":"type-product","3":"status-publish","4":"has-post-thumbnail","6":"product_cat-pure-es","7":"pa_animal-perro","8":"pa_proprietes-dar-volumen","9":"pa_proprietes-limpiador","10":"pa_type-de-poils-cada-tipo","11":"pa_type-de-poils-pelo-largo","12":"desktop-align-left","13":"tablet-align-left","14":"mobile-align-left","15":"ast-product-gallery-layout-horizontal-slider","16":"ast-product-gallery-with-no-image","17":"ast-product-tabs-layout-horizontal","19":"first","20":"instock","21":"shipping-taxable","22":"product-type-simple"},"_links":{"self":[{"href":"https:\/\/www.laboratoire-diamex.com\/es\/wp-json\/wp\/v2\/product\/13463","targetHints":{"allow":["GET"]}}],"collection":[{"href":"https:\/\/www.laboratoire-diamex.com\/es\/wp-json\/wp\/v2\/product"}],"about":[{"href":"https:\/\/www.laboratoire-diamex.com\/es\/wp-json\/wp\/v2\/types\/product"}],"version-history":[{"count":0,"href":"https:\/\/www.laboratoire-diamex.com\/es\/wp-json\/wp\/v2\/product\/13463\/revisions"}],"wp:featuredmedia":[{"embeddable":true,"href":"https:\/\/www.laboratoire-diamex.com\/es\/wp-json\/wp\/v2\/media\/13456"}],"wp:attachment":[{"href":"https:\/\/www.laboratoire-diamex.com\/es\/wp-json\/wp\/v2\/media?parent=13463"}],"wp:term":[{"taxonomy":"product_brand","embeddable":true,"href":"https:\/\/www.laboratoire-diamex.com\/es\/wp-json\/wp\/v2\/product_brand?post=13463"},{"taxonomy":"product_cat","embeddable":true,"href":"https:\/\/www.laboratoire-diamex.com\/es\/wp-json\/wp\/v2\/product_cat?post=13463"},{"taxonomy":"product_tag","embeddable":true,"href":"https:\/\/www.laboratoire-diamex.com\/es\/wp-json\/wp\/v2\/product_tag?post=13463"}],"curies":[{"name":"wp","href":"https:\/\/api.w.org\/{rel}","templated":true}]}}