{"id":21548,"date":"2025-02-24T15:06:59","date_gmt":"2025-02-24T14:06:59","guid":{"rendered":"https:\/\/www.laboratoire-diamex.com\/?post_type=product&#038;p=21548"},"modified":"2025-02-25T15:46:57","modified_gmt":"2025-02-25T14:46:57","slug":"locion-diamex-pure-crecimiento-fuerza-copie","status":"publish","type":"product","link":"https:\/\/www.laboratoire-diamex.com\/es\/cat\u00e1logo\/locion-diamex-pure-crecimiento-fuerza-copie\/","title":{"rendered":"Espuma Diamex PURE Alisador &amp; Estructurante"},"content":{"rendered":"<h2>Descripci\u00f3n<\/h2>\n<p>La espuma <strong>ALISADORA Y ESTRUCTURADORA<\/strong> Diamex de la gama <strong>PURE<\/strong> destaca por su excelente rendimiento. Este producto est\u00e1 especialmente formulado para todo tipo de pelajes. Gracias a su f\u00f3rmula innovadora, resiste el paso del tiempo, facilita el secado, garantiza una fijaci\u00f3n duradera y realza el pelo. Su textura ligera no apelmaza y garantiza una fijaci\u00f3n impecable. Enriquecido con agentes protectores e ingredientes de brillo natural, es ideal para cortes creativos como el Asian Style.<br \/>\n<strong>Formulado sin silicona ni colorantes.<\/strong><\/p>\n<h2>Instrucciones de uso<\/h2>\n<p>Aplica un poco de espuma sobre el pelo limpio y ligeramente h\u00famedo. Distrib\u00fayela uniformemente con un peine. Peina y cepilla en la direcci\u00f3n deseada. Seca con secador para mejorar la fijaci\u00f3n y el estilo.   <\/p>\n<h2>Propiedades<\/h2>\n<p data-start=\"406\" data-end=\"549\"><strong data-start=\"406\" data-end=\"428\" data-is-only-node=\"\">Resistencia duradera: <\/strong>mantiene sus efectos durante todo el d\u00eda, resistiendo los caprichos del tiempo y las agresiones externas.<br \/>\n<strong data-start=\"553\" data-end=\"577\" data-is-only-node=\"\">Facilita el secado: <\/strong>al simplificar el peinado, reduce el tiempo necesario para conseguir un secado impecable.<br \/>\n<strong data-start=\"824\" data-end=\"843\" data-is-only-node=\"\">Realza el cabello: <\/strong>resalta el brillo natural y la textura del pelo para un acabado radiante.<\/p>\n<h2>Instrucciones de uso<\/h2>\n<p>La espuma <strong>ALISADORA Y ESTRUCTURADORA<\/strong> Diamex de la gama PURE es un producto de primera calidad especialmente dise\u00f1ado para perros de exposici\u00f3n cuyo pelaje necesita una atenci\u00f3n especial. Tanto si te preparas para una exposici\u00f3n como <\/p>\n<h2>Embalaje<\/h2>\n<p>150 mililitros.<\/p>\n<h2>C\u00f3digo EAN<\/h2>\n<p>150 mililitros: 54 250 1685 801 1<\/p>\n<h2>Referencia<\/h2>\n<p>150 mililitros : 5301390<\/p>\n","protected":false},"excerpt":{"rendered":"<p>Espuma innovadora: fijaci\u00f3n, brillo y ligereza para todo tipo de pelaje.<\/p>\n<p>&nbsp;<\/p>\n","protected":false},"featured_media":22692,"template":"","meta":{"site-sidebar-layout":"default","site-content-layout":"default","ast-site-content-layout":"default","site-content-style":"default","site-sidebar-style":"default","ast-global-header-display":"","ast-banner-title-visibility":"","ast-main-header-display":"","ast-hfb-above-header-display":"","ast-hfb-below-header-display":"","ast-hfb-mobile-header-display":"","site-post-title":"","ast-breadcrumbs-content":"","ast-featured-img":"","footer-sml-layout":"","ast-disable-related-posts":"","theme-transparent-header-meta":"default","adv-header-id-meta":"","stick-header-meta":"default","header-above-stick-meta":"","header-main-stick-meta":"","header-below-stick-meta":"","astra-migrate-meta-layouts":"set","ast-page-background-enabled":"default","ast-page-background-meta":{"desktop":{"background-color":"var(--ast-global-color-4)","background-image":"","background-repeat":"repeat","background-position":"center center","background-size":"auto","background-attachment":"scroll","background-type":"","background-media":"","overlay-type":"","overlay-color":"","overlay-opacity":"","overlay-gradient":""},"tablet":{"background-color":"","background-image":"","background-repeat":"repeat","background-position":"center center","background-size":"auto","background-attachment":"scroll","background-type":"","background-media":"","overlay-type":"","overlay-color":"","overlay-opacity":"","overlay-gradient":""},"mobile":{"background-color":"","background-image":"","background-repeat":"repeat","background-position":"center center","background-size":"auto","background-attachment":"scroll","background-type":"","background-media":"","overlay-type":"","overlay-color":"","overlay-opacity":"","overlay-gradient":""}},"ast-content-background-meta":{"desktop":{"background-color":"var(--ast-global-color-5)","background-image":"","background-repeat":"repeat","background-position":"center center","background-size":"auto","background-attachment":"scroll","background-type":"","background-media":"","overlay-type":"","overlay-color":"","overlay-opacity":"","overlay-gradient":""},"tablet":{"background-color":"var(--ast-global-color-5)","background-image":"","background-repeat":"repeat","background-position":"center center","background-size":"auto","background-attachment":"scroll","background-type":"","background-media":"","overlay-type":"","overlay-color":"","overlay-opacity":"","overlay-gradient":""},"mobile":{"background-color":"var(--ast-global-color-5)","background-image":"","background-repeat":"repeat","background-position":"center center","background-size":"auto","background-attachment":"scroll","background-type":"","background-media":"","overlay-type":"","overlay-color":"","overlay-opacity":"","overlay-gradient":""}}},"product_brand":[],"product_cat":[784],"product_tag":[],"class_list":{"0":"post-21548","1":"product","2":"type-product","3":"status-publish","4":"has-post-thumbnail","6":"product_cat-pure-es","7":"pa_animal-perro","8":"pa_proprietes-anti-estatico","9":"pa_proprietes-dar-volumen","10":"pa_proprietes-fijador","11":"pa_proprietes-polaco","12":"pa_proprietes-suavizado","13":"pa_type-de-poils-cabello-corto","14":"pa_type-de-poils-cada-tipo","15":"pa_type-de-poils-pelo-largo","16":"desktop-align-left","17":"tablet-align-left","18":"mobile-align-left","19":"ast-product-gallery-layout-horizontal-slider","20":"ast-product-gallery-with-no-image","21":"ast-product-tabs-layout-horizontal","23":"first","24":"instock","25":"shipping-taxable","26":"product-type-simple"},"_links":{"self":[{"href":"https:\/\/www.laboratoire-diamex.com\/es\/wp-json\/wp\/v2\/product\/21548","targetHints":{"allow":["GET"]}}],"collection":[{"href":"https:\/\/www.laboratoire-diamex.com\/es\/wp-json\/wp\/v2\/product"}],"about":[{"href":"https:\/\/www.laboratoire-diamex.com\/es\/wp-json\/wp\/v2\/types\/product"}],"version-history":[{"count":0,"href":"https:\/\/www.laboratoire-diamex.com\/es\/wp-json\/wp\/v2\/product\/21548\/revisions"}],"wp:featuredmedia":[{"embeddable":true,"href":"https:\/\/www.laboratoire-diamex.com\/es\/wp-json\/wp\/v2\/media\/22692"}],"wp:attachment":[{"href":"https:\/\/www.laboratoire-diamex.com\/es\/wp-json\/wp\/v2\/media?parent=21548"}],"wp:term":[{"taxonomy":"product_brand","embeddable":true,"href":"https:\/\/www.laboratoire-diamex.com\/es\/wp-json\/wp\/v2\/product_brand?post=21548"},{"taxonomy":"product_cat","embeddable":true,"href":"https:\/\/www.laboratoire-diamex.com\/es\/wp-json\/wp\/v2\/product_cat?post=21548"},{"taxonomy":"product_tag","embeddable":true,"href":"https:\/\/www.laboratoire-diamex.com\/es\/wp-json\/wp\/v2\/product_tag?post=21548"}],"curies":[{"name":"wp","href":"https:\/\/api.w.org\/{rel}","templated":true}]}}