{"id":10040,"date":"2023-07-11T13:00:37","date_gmt":"2023-07-11T11:00:37","guid":{"rendered":"https:\/\/www.laboratoire-diamex.com\/catalogue\/diamex-aloe-vera-sampon\/"},"modified":"2024-07-03T10:34:45","modified_gmt":"2024-07-03T08:34:45","slug":"diamex-aloe-vera-sampon","status":"publish","type":"product","link":"https:\/\/www.laboratoire-diamex.com\/hu\/katalogus\/diamex-aloe-vera-sampon\/","title":{"rendered":"Diamex Aloe Ver\u00e1t sampon"},"content":{"rendered":"<h2>Le\u00edr\u00e1s<\/h2>\n<p>A Diamex Aloe Vera sampon ismert arr\u00f3l, hogy rehidrat\u00e1lja a s\u00e9r\u00fclt sz\u0151rzetet, stabiliz\u00e1lja a b\u0151r pH-szintj\u00e9t, serkenti a v\u00e9rkering\u00e9st \u00e9s felgyors\u00edtja az \u00faj sejtek termel\u0151d\u00e9s\u00e9t, valamint k\u00fczd a sz\u00e1raz szeborrea (korp\u00e1sod\u00e1s) ellen.<\/p>\n<h2>Csomagol\u00e1s<\/h2>\n<p>250 milliliter, 1 liter, 5 liter \u00e9s 25 liter.<\/p>\n<h2>Haszn\u00e1lati utas\u00edt\u00e1s<\/h2>\n<p>Alaposan nedves\u00edtse be, \u00e9s a sampont finoman massz\u00edrozva vigye fel a teljes sz\u0151rzetre. 2-3 percig hagyja hatni, majd alaposan \u00f6bl\u00edtse le. Ker\u00fclje a szemmel val\u00f3 \u00e9rintkez\u00e9st.<\/p>\n<h2>H\u00edg\u00edt\u00e1s<\/h2>\n<p>125 milliliter sampon 1 liter v\u00edzhez.<\/p>\n<h2>Tulajdons\u00e1gok<\/h2>\n<p>&#8211;<\/p>\n<h2>Haszn\u00e1lati utas\u00edt\u00e1s<\/h2>\n<p>&#8211;<\/p>\n<h2>\u00d6sszet\u00e9tel<\/h2>\n<p>V\u00edz, n\u00e1trium-lauret-szulf\u00e1t, tea-lauril-szulf\u00e1t, glicerin, cocamide dea \u00e9s glicerin, n\u00e1trium-klorid, k\u00f3kuszamidopropil-b\u00e9tain, aloe barbadensis lev\u00e9lpor, oktil-dodecanol, szorbit\u00e1n-laur\u00e1t, parf\u00fcm, citromsav, n\u00e1trium-benzo\u00e1t, sz\u00ednez\u00e9k, k\u00e1lium-szorb\u00e1t.<\/p>\n<h2>EAN-k\u00f3dok<\/h2>\n<ul>\n<li>250 milliliter: 54 250 1685 453 2<\/li>\n<li>1 liter: 54 250 1685 454 9<\/li>\n<li>5 liter: 54 250 1685 455 6<\/li>\n<li>25 liter: 54 250 1685 456 3<\/li>\n<\/ul>\n<h2>Referenci\u00e1k<\/h2>\n<ul>\n<li>250 milliliter: 5301150<\/li>\n<li>1 liter : 5301160<\/li>\n<li>5 literes : 5301170<\/li>\n<li>25 literes : 5301180<\/li>\n<\/ul>\n","protected":false},"excerpt":{"rendered":"<p>A Diamex Aloe Vera sampon ismert arr\u00f3l, hogy rehidrat\u00e1lja a s\u00e9r\u00fclt sz\u0151rzetet, stabiliz\u00e1lja a b\u0151r pH-szintj\u00e9t, serkenti a v\u00e9rkering\u00e9st \u00e9s felgyors\u00edtja az \u00faj sejtek termel\u0151d\u00e9s\u00e9t, valamint k\u00fczd a sz\u00e1raz szeborrea (korp\u00e1sod\u00e1s) ellen.<\/p>\n","protected":false},"featured_media":10043,"template":"","meta":{"site-sidebar-layout":"default","site-content-layout":"default","ast-site-content-layout":"default","site-content-style":"default","site-sidebar-style":"default","ast-global-header-display":"","ast-banner-title-visibility":"","ast-main-header-display":"","ast-hfb-above-header-display":"","ast-hfb-below-header-display":"","ast-hfb-mobile-header-display":"","site-post-title":"","ast-breadcrumbs-content":"","ast-featured-img":"","footer-sml-layout":"","ast-disable-related-posts":"","theme-transparent-header-meta":"default","adv-header-id-meta":"","stick-header-meta":"default","header-above-stick-meta":"","header-main-stick-meta":"","header-below-stick-meta":"","astra-migrate-meta-layouts":"default","ast-page-background-enabled":"default","ast-page-background-meta":{"desktop":{"background-color":"var(--ast-global-color-4)","background-image":"","background-repeat":"repeat","background-position":"center center","background-size":"auto","background-attachment":"scroll","background-type":"","background-media":"","overlay-type":"","overlay-color":"","overlay-opacity":"","overlay-gradient":""},"tablet":{"background-color":"","background-image":"","background-repeat":"repeat","background-position":"center center","background-size":"auto","background-attachment":"scroll","background-type":"","background-media":"","overlay-type":"","overlay-color":"","overlay-opacity":"","overlay-gradient":""},"mobile":{"background-color":"","background-image":"","background-repeat":"repeat","background-position":"center center","background-size":"auto","background-attachment":"scroll","background-type":"","background-media":"","overlay-type":"","overlay-color":"","overlay-opacity":"","overlay-gradient":""}},"ast-content-background-meta":{"desktop":{"background-color":"var(--ast-global-color-5)","background-image":"","background-repeat":"repeat","background-position":"center center","background-size":"auto","background-attachment":"scroll","background-type":"","background-media":"","overlay-type":"","overlay-color":"","overlay-opacity":"","overlay-gradient":""},"tablet":{"background-color":"var(--ast-global-color-5)","background-image":"","background-repeat":"repeat","background-position":"center center","background-size":"auto","background-attachment":"scroll","background-type":"","background-media":"","overlay-type":"","overlay-color":"","overlay-opacity":"","overlay-gradient":""},"mobile":{"background-color":"var(--ast-global-color-5)","background-image":"","background-repeat":"repeat","background-position":"center center","background-size":"auto","background-attachment":"scroll","background-type":"","background-media":"","overlay-type":"","overlay-color":"","overlay-opacity":"","overlay-gradient":""}}},"product_brand":[],"product_cat":[755],"product_tag":[],"class_list":{"0":"post-10040","1":"product","2":"type-product","3":"status-publish","4":"has-post-thumbnail","6":"product_cat-classique-hu","7":"pa_animal-kutya","8":"pa_proprietes-hajjavito","9":"pa_proprietes-hidratalo-krem","10":"pa_proprietes-korpasodas-elleni","11":"pa_proprietes-zsirtalanito","12":"pa_specificites-erzekeny-borre","13":"pa_type-de-poils-hosszu-haj","14":"pa_type-de-poils-minden-tipus","15":"pa_type-de-poils-rovid-haj","16":"desktop-align-left","17":"tablet-align-left","18":"mobile-align-left","19":"ast-product-gallery-layout-horizontal-slider","20":"ast-product-gallery-with-no-image","21":"ast-product-tabs-layout-horizontal","23":"first","24":"instock","25":"shipping-taxable","26":"product-type-simple"},"_links":{"self":[{"href":"https:\/\/www.laboratoire-diamex.com\/hu\/wp-json\/wp\/v2\/product\/10040","targetHints":{"allow":["GET"]}}],"collection":[{"href":"https:\/\/www.laboratoire-diamex.com\/hu\/wp-json\/wp\/v2\/product"}],"about":[{"href":"https:\/\/www.laboratoire-diamex.com\/hu\/wp-json\/wp\/v2\/types\/product"}],"version-history":[{"count":0,"href":"https:\/\/www.laboratoire-diamex.com\/hu\/wp-json\/wp\/v2\/product\/10040\/revisions"}],"wp:featuredmedia":[{"embeddable":true,"href":"https:\/\/www.laboratoire-diamex.com\/hu\/wp-json\/wp\/v2\/media\/10043"}],"wp:attachment":[{"href":"https:\/\/www.laboratoire-diamex.com\/hu\/wp-json\/wp\/v2\/media?parent=10040"}],"wp:term":[{"taxonomy":"product_brand","embeddable":true,"href":"https:\/\/www.laboratoire-diamex.com\/hu\/wp-json\/wp\/v2\/product_brand?post=10040"},{"taxonomy":"product_cat","embeddable":true,"href":"https:\/\/www.laboratoire-diamex.com\/hu\/wp-json\/wp\/v2\/product_cat?post=10040"},{"taxonomy":"product_tag","embeddable":true,"href":"https:\/\/www.laboratoire-diamex.com\/hu\/wp-json\/wp\/v2\/product_tag?post=10040"}],"curies":[{"name":"wp","href":"https:\/\/api.w.org\/{rel}","templated":true}]}}