{"id":10186,"date":"2023-07-19T16:23:45","date_gmt":"2023-07-19T14:23:45","guid":{"rendered":"https:\/\/www.laboratoire-diamex.com\/catalogue\/diamex-macarons-speculoos-sampon\/"},"modified":"2024-07-03T10:06:36","modified_gmt":"2024-07-03T08:06:36","slug":"diamex-macarons-speculoos-sampon","status":"publish","type":"product","link":"https:\/\/www.laboratoire-diamex.com\/hu\/katalogus\/diamex-macarons-speculoos-sampon\/","title":{"rendered":"Diamex MACARONS Speculoos sampon"},"content":{"rendered":"<h2>Le\u00edr\u00e1s<\/h2>\n<p>A B5 feh\u00e9rj\u00e9vel d\u00fas\u00edtott Macaroons Sp\u00e9culoos sampon er\u0151s\u00edti \u00e9s sz\u00e9p\u00edti a sz\u0151rzetet, el\u0151seg\u00edti a sz\u0151r n\u00f6veked\u00e9s\u00e9t \u00e9s megnyugtatja az \u00e9rz\u00e9keny b\u0151rt. Ez a sampon minden sz\u0151rt\u00edpussal kompatibilis, \u00e9s kuty\u00e1j\u00e1nak olyan illata lesz, mint a speculoos-\u00edz\u0171 makar\u00f3ni. Ez a sampon limit\u00e1lt kiad\u00e1s\u00fa.<\/p>\n<h2>Csomagol\u00e1s<\/h2>\n<p>5 liter.<\/p>\n<h2>Haszn\u00e1lati utas\u00edt\u00e1s<\/h2>\n<p>Alaposan nedves\u00edtse be \u00e9s massz\u00edrozza be a sampont az eg\u00e9sz sz\u0151rzetbe, majd alaposan \u00f6bl\u00edtse le. Ker\u00fclje a szemmel val\u00f3 \u00e9rintkez\u00e9st.<\/p>\n<h2>H\u00edg\u00edt\u00e1s<\/h2>\n<p>125 milliliter sampon 1 liter v\u00edzhez.<\/p>\n<h2>Tulajdons\u00e1gok<\/h2>\n<p>&#8211;<\/p>\n<h2>Term\u00e9ktan\u00e1csad\u00e1s<\/h2>\n<p>&#8211;<\/p>\n<h2>\u00d6sszet\u00e9tel<\/h2>\n<p>&#8211;<\/p>\n<h2>EAN-k\u00f3d<\/h2>\n<p>5 liter:<\/p>\n<h2>Referencia<\/h2>\n<p>5 liter:<\/p>\n","protected":false},"excerpt":{"rendered":"<p>A B5 feh\u00e9rj\u00e9vel d\u00fas\u00edtott Macaroons Sp\u00e9culoos sampon er\u0151s\u00edti \u00e9s sz\u00e9p\u00edti a sz\u0151rzetet, el\u0151seg\u00edti a sz\u0151r n\u00f6veked\u00e9s\u00e9t \u00e9s megnyugtatja az \u00e9rz\u00e9keny b\u0151rt.<\/p>\n","protected":false},"featured_media":10198,"template":"","meta":{"site-sidebar-layout":"default","site-content-layout":"default","ast-site-content-layout":"default","site-content-style":"default","site-sidebar-style":"default","ast-global-header-display":"","ast-banner-title-visibility":"","ast-main-header-display":"","ast-hfb-above-header-display":"","ast-hfb-below-header-display":"","ast-hfb-mobile-header-display":"","site-post-title":"","ast-breadcrumbs-content":"","ast-featured-img":"","footer-sml-layout":"","ast-disable-related-posts":"","theme-transparent-header-meta":"default","adv-header-id-meta":"","stick-header-meta":"default","header-above-stick-meta":"","header-main-stick-meta":"","header-below-stick-meta":"","astra-migrate-meta-layouts":"default","ast-page-background-enabled":"default","ast-page-background-meta":{"desktop":{"background-color":"var(--ast-global-color-4)","background-image":"","background-repeat":"repeat","background-position":"center center","background-size":"auto","background-attachment":"scroll","background-type":"","background-media":"","overlay-type":"","overlay-color":"","overlay-opacity":"","overlay-gradient":""},"tablet":{"background-color":"","background-image":"","background-repeat":"repeat","background-position":"center center","background-size":"auto","background-attachment":"scroll","background-type":"","background-media":"","overlay-type":"","overlay-color":"","overlay-opacity":"","overlay-gradient":""},"mobile":{"background-color":"","background-image":"","background-repeat":"repeat","background-position":"center center","background-size":"auto","background-attachment":"scroll","background-type":"","background-media":"","overlay-type":"","overlay-color":"","overlay-opacity":"","overlay-gradient":""}},"ast-content-background-meta":{"desktop":{"background-color":"var(--ast-global-color-5)","background-image":"","background-repeat":"repeat","background-position":"center center","background-size":"auto","background-attachment":"scroll","background-type":"","background-media":"","overlay-type":"","overlay-color":"","overlay-opacity":"","overlay-gradient":""},"tablet":{"background-color":"var(--ast-global-color-5)","background-image":"","background-repeat":"repeat","background-position":"center center","background-size":"auto","background-attachment":"scroll","background-type":"","background-media":"","overlay-type":"","overlay-color":"","overlay-opacity":"","overlay-gradient":""},"mobile":{"background-color":"var(--ast-global-color-5)","background-image":"","background-repeat":"repeat","background-position":"center center","background-size":"auto","background-attachment":"scroll","background-type":"","background-media":"","overlay-type":"","overlay-color":"","overlay-opacity":"","overlay-gradient":""}}},"product_brand":[],"product_cat":[762],"product_tag":[],"class_list":{"0":"post-10186","1":"product","2":"type-product","3":"status-publish","4":"has-post-thumbnail","6":"product_cat-gourmande-hu","7":"pa_animal-kutya","8":"pa_proprietes-erosito","9":"pa_proprietes-nyugtato","10":"pa_specificites-erzekeny-borre","11":"pa_type-de-poils-hosszu-haj","12":"pa_type-de-poils-minden-tipus","13":"pa_type-de-poils-rovid-haj","14":"desktop-align-left","15":"tablet-align-left","16":"mobile-align-left","17":"ast-product-gallery-layout-horizontal-slider","18":"ast-product-gallery-with-no-image","19":"ast-product-tabs-layout-horizontal","21":"first","22":"instock","23":"shipping-taxable","24":"product-type-simple"},"_links":{"self":[{"href":"https:\/\/www.laboratoire-diamex.com\/hu\/wp-json\/wp\/v2\/product\/10186","targetHints":{"allow":["GET"]}}],"collection":[{"href":"https:\/\/www.laboratoire-diamex.com\/hu\/wp-json\/wp\/v2\/product"}],"about":[{"href":"https:\/\/www.laboratoire-diamex.com\/hu\/wp-json\/wp\/v2\/types\/product"}],"version-history":[{"count":0,"href":"https:\/\/www.laboratoire-diamex.com\/hu\/wp-json\/wp\/v2\/product\/10186\/revisions"}],"wp:featuredmedia":[{"embeddable":true,"href":"https:\/\/www.laboratoire-diamex.com\/hu\/wp-json\/wp\/v2\/media\/10198"}],"wp:attachment":[{"href":"https:\/\/www.laboratoire-diamex.com\/hu\/wp-json\/wp\/v2\/media?parent=10186"}],"wp:term":[{"taxonomy":"product_brand","embeddable":true,"href":"https:\/\/www.laboratoire-diamex.com\/hu\/wp-json\/wp\/v2\/product_brand?post=10186"},{"taxonomy":"product_cat","embeddable":true,"href":"https:\/\/www.laboratoire-diamex.com\/hu\/wp-json\/wp\/v2\/product_cat?post=10186"},{"taxonomy":"product_tag","embeddable":true,"href":"https:\/\/www.laboratoire-diamex.com\/hu\/wp-json\/wp\/v2\/product_tag?post=10186"}],"curies":[{"name":"wp","href":"https:\/\/api.w.org\/{rel}","templated":true}]}}