{"id":10213,"date":"2023-07-19T18:00:14","date_gmt":"2023-07-19T16:00:14","guid":{"rendered":"https:\/\/www.laboratoire-diamex.com\/catalogue\/diamex-mineral-lotion-hajapolas\/"},"modified":"2024-07-03T10:05:39","modified_gmt":"2024-07-03T08:05:39","slug":"diamex-mineral-lotion-hajapolas","status":"publish","type":"product","link":"https:\/\/www.laboratoire-diamex.com\/hu\/katalogus\/diamex-mineral-lotion-hajapolas\/","title":{"rendered":"Diamex MINERAL detangling lotion"},"content":{"rendered":"<h2>Le\u00edr\u00e1s<\/h2>\n<p>Az \u00e1sv\u00e1nyi test\u00e1pol\u00f3 egy ultra detangul\u00e1l\u00f3 term\u00e9k, amelyet arra fejlesztettek ki, hogy kisim\u00edtsa, t\u00e1pl\u00e1lja \u00e9s bevonja az elhalt hajat. Aj\u00e1nlott a nagyon csom\u00f3s \u00e9s\/vagy nehezen kibogozhat\u00f3 sz\u0151rzet intenz\u00edv kibogoz\u00e1s\u00e1hoz. Ez a test\u00e1pol\u00f3 m\u00e9lyen hidrat\u00e1lja \u00e9s selymess\u00e9 teszi a hajat.<\/p>\n<h2>Csomagol\u00e1s<\/h2>\n<p>250 milliliter, 500 milliliter, 1 liter \u00e9s 5 liter.<\/p>\n<h2>Haszn\u00e1lati utas\u00edt\u00e1s<\/h2>\n<p>Sz\u00e1raz sz\u0151r\u00f6n: vigye fel a term\u00e9ket a csom\u00f3s sz\u0151rre, a nagyon csom\u00f3s ter\u00fcletekre koncentr\u00e1lva, hagyja a term\u00e9ket n\u00e9h\u00e1ny pillanatig behatolni, majd f\u00e9s\u00fclje ki.<br \/>\nNedves hajra: f\u00fcrd\u00e9s ut\u00e1n vigye fel a term\u00e9ket a megmosott \u00e9s kicsavart hajra. Ide\u00e1lis a k\u00f6nny\u0171 sz\u00e1r\u00edt\u00e1shoz.<\/p>\n<h2>H\u00edg\u00edt\u00e1s<\/h2>\n<p>&#8211;<\/p>\n<h2>Tulajdons\u00e1gok<\/h2>\n<p>&#8211;<\/p>\n<h2>Term\u00e9ktan\u00e1csad\u00e1s<\/h2>\n<p>&#8211;<\/p>\n<h2>\u00d6sszet\u00e9tel<\/h2>\n<p>V\u00edz, cetrimonium-klorid, glicerin, citromsav, n\u00e1trium-benzo\u00e1t.<\/p>\n<h2>Kieg\u00e9sz\u00edt\u0151 term\u00e9kek<\/h2>\n<p>Baume mineral | sampon \u00e1sv\u00e1nyi<\/p>\n<h2>EAN-k\u00f3dok<\/h2>\n<ul>\n<li>250 milliliter: 54 250 1685 452 5<\/li>\n<li>500 milliliter: 54 250 1685 448 8<\/li>\n<li>1 liter: 54 250 1685 451 8<\/li>\n<li>5 liter: 54 250 1685 483 9<\/li>\n<\/ul>\n<h2>Referenci\u00e1k<\/h2>\n<ul>\n<li>250 milliliter : 020283<\/li>\n<li>500 milliliter: 020274<\/li>\n<li>1 liter : 020275<\/li>\n<li>5 literes : 020766<\/li>\n<\/ul>\n","protected":false},"excerpt":{"rendered":"<p>Az \u00e1sv\u00e1nyi test\u00e1pol\u00f3 egy ultra detangul\u00e1l\u00f3 term\u00e9k, amelyet arra fejlesztettek ki, hogy kisim\u00edtsa, t\u00e1pl\u00e1lja \u00e9s bevonja az elhalt hajat.<\/p>\n","protected":false},"featured_media":10227,"template":"","meta":{"site-sidebar-layout":"default","site-content-layout":"default","ast-site-content-layout":"default","site-content-style":"default","site-sidebar-style":"default","ast-global-header-display":"","ast-banner-title-visibility":"","ast-main-header-display":"","ast-hfb-above-header-display":"","ast-hfb-below-header-display":"","ast-hfb-mobile-header-display":"","site-post-title":"","ast-breadcrumbs-content":"","ast-featured-img":"","footer-sml-layout":"","ast-disable-related-posts":"","theme-transparent-header-meta":"default","adv-header-id-meta":"","stick-header-meta":"default","header-above-stick-meta":"","header-main-stick-meta":"","header-below-stick-meta":"","astra-migrate-meta-layouts":"default","ast-page-background-enabled":"default","ast-page-background-meta":{"desktop":{"background-color":"var(--ast-global-color-4)","background-image":"","background-repeat":"repeat","background-position":"center center","background-size":"auto","background-attachment":"scroll","background-type":"","background-media":"","overlay-type":"","overlay-color":"","overlay-opacity":"","overlay-gradient":""},"tablet":{"background-color":"","background-image":"","background-repeat":"repeat","background-position":"center center","background-size":"auto","background-attachment":"scroll","background-type":"","background-media":"","overlay-type":"","overlay-color":"","overlay-opacity":"","overlay-gradient":""},"mobile":{"background-color":"","background-image":"","background-repeat":"repeat","background-position":"center center","background-size":"auto","background-attachment":"scroll","background-type":"","background-media":"","overlay-type":"","overlay-color":"","overlay-opacity":"","overlay-gradient":""}},"ast-content-background-meta":{"desktop":{"background-color":"var(--ast-global-color-5)","background-image":"","background-repeat":"repeat","background-position":"center center","background-size":"auto","background-attachment":"scroll","background-type":"","background-media":"","overlay-type":"","overlay-color":"","overlay-opacity":"","overlay-gradient":""},"tablet":{"background-color":"var(--ast-global-color-5)","background-image":"","background-repeat":"repeat","background-position":"center center","background-size":"auto","background-attachment":"scroll","background-type":"","background-media":"","overlay-type":"","overlay-color":"","overlay-opacity":"","overlay-gradient":""},"mobile":{"background-color":"var(--ast-global-color-5)","background-image":"","background-repeat":"repeat","background-position":"center center","background-size":"auto","background-attachment":"scroll","background-type":"","background-media":"","overlay-type":"","overlay-color":"","overlay-opacity":"","overlay-gradient":""}}},"product_brand":[],"product_cat":[771],"product_tag":[],"class_list":{"0":"post-10213","1":"product","2":"type-product","3":"status-publish","4":"has-post-thumbnail","6":"product_cat-mineral-hu","7":"pa_animal-kutya","8":"pa_proprietes-detangler-hu","9":"pa_proprietes-hajjavito","10":"pa_type-de-poils-hosszu-haj","11":"desktop-align-left","12":"tablet-align-left","13":"mobile-align-left","14":"ast-product-gallery-layout-horizontal-slider","15":"ast-product-tabs-layout-horizontal","17":"first","18":"instock","19":"shipping-taxable","20":"product-type-simple"},"_links":{"self":[{"href":"https:\/\/www.laboratoire-diamex.com\/hu\/wp-json\/wp\/v2\/product\/10213","targetHints":{"allow":["GET"]}}],"collection":[{"href":"https:\/\/www.laboratoire-diamex.com\/hu\/wp-json\/wp\/v2\/product"}],"about":[{"href":"https:\/\/www.laboratoire-diamex.com\/hu\/wp-json\/wp\/v2\/types\/product"}],"version-history":[{"count":0,"href":"https:\/\/www.laboratoire-diamex.com\/hu\/wp-json\/wp\/v2\/product\/10213\/revisions"}],"wp:featuredmedia":[{"embeddable":true,"href":"https:\/\/www.laboratoire-diamex.com\/hu\/wp-json\/wp\/v2\/media\/10227"}],"wp:attachment":[{"href":"https:\/\/www.laboratoire-diamex.com\/hu\/wp-json\/wp\/v2\/media?parent=10213"}],"wp:term":[{"taxonomy":"product_brand","embeddable":true,"href":"https:\/\/www.laboratoire-diamex.com\/hu\/wp-json\/wp\/v2\/product_brand?post=10213"},{"taxonomy":"product_cat","embeddable":true,"href":"https:\/\/www.laboratoire-diamex.com\/hu\/wp-json\/wp\/v2\/product_cat?post=10213"},{"taxonomy":"product_tag","embeddable":true,"href":"https:\/\/www.laboratoire-diamex.com\/hu\/wp-json\/wp\/v2\/product_tag?post=10213"}],"curies":[{"name":"wp","href":"https:\/\/api.w.org\/{rel}","templated":true}]}}