{"id":10269,"date":"2023-07-11T13:00:55","date_gmt":"2023-07-11T11:00:55","guid":{"rendered":"https:\/\/www.laboratoire-diamex.com\/catalogue\/diamex-organic-coconut-conditioner\/"},"modified":"2024-07-03T10:07:12","modified_gmt":"2024-07-03T08:07:12","slug":"diamex-organic-coconut-conditioner","status":"publish","type":"product","link":"https:\/\/www.laboratoire-diamex.com\/hu\/katalogus\/diamex-organic-coconut-conditioner\/","title":{"rendered":"Diamex Coco Bio kondicion\u00e1l\u00f3"},"content":{"rendered":"<h2>Le\u00edr\u00e1s<\/h2>\n<p>Sz\u00e1raz, t\u00f6r\u00e9keny hajra aj\u00e1nlott kondicion\u00e1l\u00f3. K\u00fcl\u00f6n\u00f6sen alkalmas s\u0171r\u0171 sz\u0151rzet\u0171 \u00e9s sok aljsz\u0151rzettel rendelkez\u0151 kuty\u00e1k sz\u00e1m\u00e1ra, amelyeket neh\u00e9z kibogozni. Ez a term\u00e9k m\u00e9lyen hidrat\u00e1lja \u00e9s t\u00e1pl\u00e1lja a hajat, visszaadja a f\u00e9nyt \u00e9s a ragyog\u00e1st, \u00e9s nyugtatja a kipirosodott b\u0151rt.<\/p>\n<h2>Csomagol\u00e1s<\/h2>\n<p>350 milliliter \u00e9s 800 milliliter.<\/p>\n<h2>Haszn\u00e1lati utas\u00edt\u00e1s<\/h2>\n<p><strong>A jav\u00edt\u00e1shoz:<\/strong> H\u00edg\u00edtatlanul vigye fel a term\u00e9ket a sz\u00e1raz hajra, hagyja rajta 10-20 percig, alaposan \u00f6bl\u00edtse le, majd samponozza be. A nagyobb hat\u00e9konys\u00e1g \u00e9rdek\u00e9ben vigye fel \u00fajra a term\u00e9ket a kicsavart hajhosszokra, \u00e9s alaposan \u00f6bl\u00edtse le.<\/p>\n<p><strong>A haj kibont\u00e1s\u00e1hoz:<\/strong> Vigye fel a h\u00edg\u00edtott term\u00e9ket a sz\u00e1raz hajra, massz\u00edrozza \u00e9s f\u00e9s\u00fclje \u00e1t, hogy behatoljon, hagyja hatni n\u00e9h\u00e1ny percig, alaposan \u00f6bl\u00edtse ki, majd samponozza be.<\/p>\n<p><strong>T\u00e1pl\u00e1lni:<\/strong> A term\u00e9ket h\u00edg\u00edtatlanul vagy h\u00edg\u00edtva vigye fel a t\u00f6r\u00f6lk\u00f6z\u0151sz\u00e1raz sz\u0151rre, hagyja rajta n\u00e9h\u00e1ny percig, majd alaposan \u00f6bl\u00edtse le.<br \/>\nH\u00edg\u00edt\u00e1s<\/p>\n<h2>Tulajdons\u00e1gok<\/h2>\n<p>&#8211;<\/p>\n<h2>Term\u00e9ktan\u00e1csad\u00e1s<\/h2>\n<p>&#8211;<\/p>\n<h2>\u00d6sszet\u00e9tel<\/h2>\n<p>V\u00edz, cetearil-alkohol (\u00e9s) dipalmitoyletil-hidroxi-etil-monium-metoszulf\u00e1t (\u00e9s) ceteareth-20, cetrimonium-klorid, oktil-dodecanol, cocos nucifera olaj, guar-hidroxi-propil-trim\u00f3nium-klorid, citromsav, parf\u00fcm, n\u00e1trium-benzo\u00e1t, k\u00e1lium-szorb\u00e1t.<br \/>\nKieg\u00e9sz\u00edt\u0151 term\u00e9kek<\/p>\n<h2>EAN-k\u00f3dok<\/h2>\n<ul>\n<li>350 milliliter: 54 250 1685 485 3<\/li>\n<li>800 milliliter: 54 250 1685 484 6<\/li>\n<\/ul>\n<h2>Referenci\u00e1k<\/h2>\n<ul>\n<li>350 milliliter : 5301210<\/li>\n<li>800 milliliter : 5301201<\/li>\n<\/ul>\n","protected":false},"excerpt":{"rendered":"<p>Sz\u00e1raz, t\u00f6r\u00e9keny hajra aj\u00e1nlott kondicion\u00e1l\u00f3.<\/p>\n","protected":false},"featured_media":10284,"template":"","meta":{"site-sidebar-layout":"default","site-content-layout":"default","ast-site-content-layout":"default","site-content-style":"default","site-sidebar-style":"default","ast-global-header-display":"","ast-banner-title-visibility":"","ast-main-header-display":"","ast-hfb-above-header-display":"","ast-hfb-below-header-display":"","ast-hfb-mobile-header-display":"","site-post-title":"","ast-breadcrumbs-content":"","ast-featured-img":"","footer-sml-layout":"","ast-disable-related-posts":"","theme-transparent-header-meta":"default","adv-header-id-meta":"","stick-header-meta":"default","header-above-stick-meta":"","header-main-stick-meta":"","header-below-stick-meta":"","astra-migrate-meta-layouts":"default","ast-page-background-enabled":"default","ast-page-background-meta":{"desktop":{"background-color":"var(--ast-global-color-4)","background-image":"","background-repeat":"repeat","background-position":"center center","background-size":"auto","background-attachment":"scroll","background-type":"","background-media":"","overlay-type":"","overlay-color":"","overlay-opacity":"","overlay-gradient":""},"tablet":{"background-color":"","background-image":"","background-repeat":"repeat","background-position":"center center","background-size":"auto","background-attachment":"scroll","background-type":"","background-media":"","overlay-type":"","overlay-color":"","overlay-opacity":"","overlay-gradient":""},"mobile":{"background-color":"","background-image":"","background-repeat":"repeat","background-position":"center center","background-size":"auto","background-attachment":"scroll","background-type":"","background-media":"","overlay-type":"","overlay-color":"","overlay-opacity":"","overlay-gradient":""}},"ast-content-background-meta":{"desktop":{"background-color":"var(--ast-global-color-5)","background-image":"","background-repeat":"repeat","background-position":"center center","background-size":"auto","background-attachment":"scroll","background-type":"","background-media":"","overlay-type":"","overlay-color":"","overlay-opacity":"","overlay-gradient":""},"tablet":{"background-color":"var(--ast-global-color-5)","background-image":"","background-repeat":"repeat","background-position":"center center","background-size":"auto","background-attachment":"scroll","background-type":"","background-media":"","overlay-type":"","overlay-color":"","overlay-opacity":"","overlay-gradient":""},"mobile":{"background-color":"var(--ast-global-color-5)","background-image":"","background-repeat":"repeat","background-position":"center center","background-size":"auto","background-attachment":"scroll","background-type":"","background-media":"","overlay-type":"","overlay-color":"","overlay-opacity":"","overlay-gradient":""}}},"product_brand":[],"product_cat":[755],"product_tag":[],"class_list":{"0":"post-10269","1":"product","2":"type-product","3":"status-publish","4":"has-post-thumbnail","6":"product_cat-classique-hu","7":"pa_animal-kutya","8":"pa_proprietes-detangler-hu","9":"pa_proprietes-hajjavito","10":"pa_proprietes-hidratalo-krem","11":"pa_proprietes-kondicionalo","12":"pa_proprietes-nyugtato","13":"pa_proprietes-taplalas","14":"pa_specificites-erzekeny-borre","15":"pa_specificites-novenyi","16":"pa_type-de-poils-hosszu-haj","17":"desktop-align-left","18":"tablet-align-left","19":"mobile-align-left","20":"ast-product-gallery-layout-horizontal-slider","21":"ast-product-tabs-layout-horizontal","23":"first","24":"instock","25":"shipping-taxable","26":"product-type-simple"},"_links":{"self":[{"href":"https:\/\/www.laboratoire-diamex.com\/hu\/wp-json\/wp\/v2\/product\/10269","targetHints":{"allow":["GET"]}}],"collection":[{"href":"https:\/\/www.laboratoire-diamex.com\/hu\/wp-json\/wp\/v2\/product"}],"about":[{"href":"https:\/\/www.laboratoire-diamex.com\/hu\/wp-json\/wp\/v2\/types\/product"}],"version-history":[{"count":0,"href":"https:\/\/www.laboratoire-diamex.com\/hu\/wp-json\/wp\/v2\/product\/10269\/revisions"}],"wp:featuredmedia":[{"embeddable":true,"href":"https:\/\/www.laboratoire-diamex.com\/hu\/wp-json\/wp\/v2\/media\/10284"}],"wp:attachment":[{"href":"https:\/\/www.laboratoire-diamex.com\/hu\/wp-json\/wp\/v2\/media?parent=10269"}],"wp:term":[{"taxonomy":"product_brand","embeddable":true,"href":"https:\/\/www.laboratoire-diamex.com\/hu\/wp-json\/wp\/v2\/product_brand?post=10269"},{"taxonomy":"product_cat","embeddable":true,"href":"https:\/\/www.laboratoire-diamex.com\/hu\/wp-json\/wp\/v2\/product_cat?post=10269"},{"taxonomy":"product_tag","embeddable":true,"href":"https:\/\/www.laboratoire-diamex.com\/hu\/wp-json\/wp\/v2\/product_tag?post=10269"}],"curies":[{"name":"wp","href":"https:\/\/api.w.org\/{rel}","templated":true}]}}