{"id":10341,"date":"2023-07-11T13:00:55","date_gmt":"2023-07-11T11:00:55","guid":{"rendered":"https:\/\/www.laboratoire-diamex.com\/catalogue\/diamex-tahiti-dog-balzsam-balzsam-kondicionalo\/"},"modified":"2024-07-03T10:06:48","modified_gmt":"2024-07-03T08:06:48","slug":"diamex-tahiti-dog-balzsam-balzsam-kondicionalo","status":"publish","type":"product","link":"https:\/\/www.laboratoire-diamex.com\/hu\/katalogus\/diamex-tahiti-dog-balzsam-balzsam-kondicionalo\/","title":{"rendered":"Diamex TAHITI DOG Monoi kondicion\u00e1l\u00f3"},"content":{"rendered":"<h2>Le\u00edr\u00e1s<\/h2>\n<p>A Tahiti Dog term\u00e9kcsal\u00e1d balzsam kondicion\u00e1l\u00f3ja egy olyan hajbont\u00f3 term\u00e9k, amely semleges\u00edti a statikus elektromoss\u00e1got. A sz\u0151rzetet f\u00e9nyess\u00e9 \u00e9s csillog\u00f3v\u00e1 teszi, mik\u00f6zben l\u00e1gy Mono\u00ef illatot hagy maga ut\u00e1n.<\/p>\n<h2>Csomagol\u00e1s<\/h2>\n<p>250 milliliter, 1 liter \u00e9s 5 liter.<\/p>\n<h2>Haszn\u00e1lati utas\u00edt\u00e1s<\/h2>\n<p>Hajmos\u00e1s ut\u00e1n h\u00edg\u00edtott vagy tiszta balzsamot kenjen a haj hossz\u00e1ra \u00e9s a hajv\u00e9gekre. Hagyja rajta n\u00e9h\u00e1ny percig, majd alaposan \u00f6bl\u00edtse le.<\/p>\n<h2>H\u00edg\u00edt\u00e1s<\/h2>\n<p>125 milliliter sampon 1 liter v\u00edzhez.<\/p>\n<h2>Tulajdons\u00e1gok<\/h2>\n<p>&#8211;<\/p>\n<h2>Term\u00e9ktan\u00e1csad\u00e1s<\/h2>\n<p>&#8211;<\/p>\n<h2>\u00d6sszet\u00e9tel<\/h2>\n<p>V\u00edz, cetearil-alkohol (\u00e9s) dipalmitoyletil-hidroxi-etilmonium, metoszulf\u00e1t (\u00e9s) ceteareth-20, octyldodecanol, cetrimonium-klorid, glicerin, guarhidroxi-propil-trim\u00f3nium-klorid, parf\u00fcm, citromsav, sz\u00ednez\u00e9k, n\u00e1trium-benzo\u00e1t, k\u00e1lium-szorb\u00e1t.<\/p>\n<h2>EAN-k\u00f3dok<\/h2>\n<ul>\n<li>250 milliliter: 54 250 1685 320 7<\/li>\n<li>1 liter: 54 250 1685 420 4<\/li>\n<li>5 liter: 54 250 1685 369 6<\/li>\n<\/ul>\n<h2>Referenci\u00e1k<\/h2>\n<ul>\n<li>250 milliliter : 020257<\/li>\n<li>1 liter : 020258<\/li>\n<li>5 literes : 020259<\/li>\n<\/ul>\n","protected":false},"excerpt":{"rendered":"<p>A Tahiti Dog term\u00e9kcsal\u00e1d balzsam kondicion\u00e1l\u00f3ja egy olyan hajbont\u00f3 term\u00e9k, amely semleges\u00edti a statikus elektromoss\u00e1got.<\/p>\n","protected":false},"featured_media":10344,"template":"","meta":{"site-sidebar-layout":"default","site-content-layout":"default","ast-site-content-layout":"default","site-content-style":"default","site-sidebar-style":"default","ast-global-header-display":"","ast-banner-title-visibility":"","ast-main-header-display":"","ast-hfb-above-header-display":"","ast-hfb-below-header-display":"","ast-hfb-mobile-header-display":"","site-post-title":"","ast-breadcrumbs-content":"","ast-featured-img":"","footer-sml-layout":"","ast-disable-related-posts":"","theme-transparent-header-meta":"default","adv-header-id-meta":"","stick-header-meta":"default","header-above-stick-meta":"","header-main-stick-meta":"","header-below-stick-meta":"","astra-migrate-meta-layouts":"default","ast-page-background-enabled":"default","ast-page-background-meta":{"desktop":{"background-color":"var(--ast-global-color-4)","background-image":"","background-repeat":"repeat","background-position":"center center","background-size":"auto","background-attachment":"scroll","background-type":"","background-media":"","overlay-type":"","overlay-color":"","overlay-opacity":"","overlay-gradient":""},"tablet":{"background-color":"","background-image":"","background-repeat":"repeat","background-position":"center center","background-size":"auto","background-attachment":"scroll","background-type":"","background-media":"","overlay-type":"","overlay-color":"","overlay-opacity":"","overlay-gradient":""},"mobile":{"background-color":"","background-image":"","background-repeat":"repeat","background-position":"center center","background-size":"auto","background-attachment":"scroll","background-type":"","background-media":"","overlay-type":"","overlay-color":"","overlay-opacity":"","overlay-gradient":""}},"ast-content-background-meta":{"desktop":{"background-color":"var(--ast-global-color-5)","background-image":"","background-repeat":"repeat","background-position":"center center","background-size":"auto","background-attachment":"scroll","background-type":"","background-media":"","overlay-type":"","overlay-color":"","overlay-opacity":"","overlay-gradient":""},"tablet":{"background-color":"var(--ast-global-color-5)","background-image":"","background-repeat":"repeat","background-position":"center center","background-size":"auto","background-attachment":"scroll","background-type":"","background-media":"","overlay-type":"","overlay-color":"","overlay-opacity":"","overlay-gradient":""},"mobile":{"background-color":"var(--ast-global-color-5)","background-image":"","background-repeat":"repeat","background-position":"center center","background-size":"auto","background-attachment":"scroll","background-type":"","background-media":"","overlay-type":"","overlay-color":"","overlay-opacity":"","overlay-gradient":""}}},"product_brand":[],"product_cat":[794],"product_tag":[],"class_list":{"0":"post-10341","1":"product","2":"type-product","3":"status-publish","4":"has-post-thumbnail","6":"product_cat-tahiti-dog-hu","7":"pa_animal-kutya","8":"pa_proprietes-antisztatikus","9":"pa_proprietes-detangler-hu","10":"pa_proprietes-hidratalo-krem","11":"pa_proprietes-volumennovelo","12":"pa_type-de-poils-hosszu-haj","13":"pa_type-de-poils-minden-tipus","14":"pa_type-de-poils-rovid-haj","15":"desktop-align-left","16":"tablet-align-left","17":"mobile-align-left","18":"ast-product-gallery-layout-horizontal-slider","19":"ast-product-gallery-with-no-image","20":"ast-product-tabs-layout-horizontal","22":"first","23":"instock","24":"shipping-taxable","25":"product-type-simple"},"_links":{"self":[{"href":"https:\/\/www.laboratoire-diamex.com\/hu\/wp-json\/wp\/v2\/product\/10341","targetHints":{"allow":["GET"]}}],"collection":[{"href":"https:\/\/www.laboratoire-diamex.com\/hu\/wp-json\/wp\/v2\/product"}],"about":[{"href":"https:\/\/www.laboratoire-diamex.com\/hu\/wp-json\/wp\/v2\/types\/product"}],"version-history":[{"count":0,"href":"https:\/\/www.laboratoire-diamex.com\/hu\/wp-json\/wp\/v2\/product\/10341\/revisions"}],"wp:featuredmedia":[{"embeddable":true,"href":"https:\/\/www.laboratoire-diamex.com\/hu\/wp-json\/wp\/v2\/media\/10344"}],"wp:attachment":[{"href":"https:\/\/www.laboratoire-diamex.com\/hu\/wp-json\/wp\/v2\/media?parent=10341"}],"wp:term":[{"taxonomy":"product_brand","embeddable":true,"href":"https:\/\/www.laboratoire-diamex.com\/hu\/wp-json\/wp\/v2\/product_brand?post=10341"},{"taxonomy":"product_cat","embeddable":true,"href":"https:\/\/www.laboratoire-diamex.com\/hu\/wp-json\/wp\/v2\/product_cat?post=10341"},{"taxonomy":"product_tag","embeddable":true,"href":"https:\/\/www.laboratoire-diamex.com\/hu\/wp-json\/wp\/v2\/product_tag?post=10341"}],"curies":[{"name":"wp","href":"https:\/\/api.w.org\/{rel}","templated":true}]}}