{"id":10363,"date":"2023-07-11T13:00:54","date_gmt":"2023-07-11T11:00:54","guid":{"rendered":"https:\/\/www.laboratoire-diamex.com\/catalogue\/diamex-pure-simito-es-vedo-balzsam\/"},"modified":"2024-07-03T10:07:20","modified_gmt":"2024-07-03T08:07:20","slug":"diamex-pure-simito-es-vedo-balzsam","status":"publish","type":"product","link":"https:\/\/www.laboratoire-diamex.com\/hu\/katalogus\/diamex-pure-simito-es-vedo-balzsam\/","title":{"rendered":"Diamex PURE Sim\u00edt\u00f3 &amp; V\u00e9d\u0151 balzsam"},"content":{"rendered":"<h2>Le\u00edr\u00e1s<\/h2>\n<p>A selyem- \u00e9s sz\u00f3jafeh\u00e9rj\u00e9kkel d\u00fas\u00edtott <strong>SIM\u00cdT\u00d3 &amp; V\u00c9D\u0150<\/strong> balzsam hidrat\u00e1lja, jav\u00edtja \u00e9s er\u0151s\u00edti a hajat, mik\u00f6zben pajzsot k\u00e9pez, hogy megv\u00e9dje a k\u00fcls\u0151 agresszi\u00f3kt\u00f3l. A sz\u0151rzet sima, f\u00e9nyes \u00e9s selymes.<\/p>\n<p>A <strong>selyemfeh\u00e9rje <\/strong> egy f\u00e9ny\u0171z\u0151 \u00e9s hat\u00e9kony \u00f6sszetev\u0151, amelyet a hajra \u00e9s a b\u0151rre gyakorolt sz\u00e1mos el\u0151nye miatt tartanak sz\u00e1mon. Hidrat\u00e1l\u00f3, er\u0151s\u00edt\u0151 \u00e9s v\u00e9d\u0151 tulajdons\u00e1gokkal rendelkezik.<\/p>\n<p>Az <strong> esszenci\u00e1lis <\/strong> aminosavakban gazdag sz\u00f3jafeh\u00e9rje a sz\u0151rzet \u00e9s a b\u0151r er\u0151teljes \u00e9l\u00e9nk\u00edt\u0151je. Er\u0151s\u00edti, hidrat\u00e1lja \u00e9s d\u00fas\u00edtja a hajat.<\/p>\n<p><strong>Alkohol, szilikon \u00e9s sz\u00ednez\u0151anyagok n\u00e9lk\u00fcl k\u00e9sz\u00fclt.<\/strong><\/p>\n<h2>Csomagol\u00e1s<\/h2>\n<p>500 milliliter.<\/p>\n<h2>Haszn\u00e1lati utas\u00edt\u00e1s<\/h2>\n<p>Sz\u00e1raz bund\u00e1n: vigye fel a maszkot b\u0151s\u00e9gesen az eg\u00e9sz testre, hagyja rajta 20 percig, \u00f6bl\u00edtse le, majd f\u00fcr\u00f6dj\u00f6n meg. Nedves hajon: a megmosott \u00e9s t\u00f6r\u00f6lk\u00f6z\u0151sz\u00e1raz hajra vigye fel a maszkot a hossz\u00e1ra, a term\u00e9ket a t\u00f6vekt\u0151l a hajv\u00e9gek fel\u00e9 ny\u00fajtva, hagyja hatni n\u00e9h\u00e1ny percig, majd alaposan \u00f6bl\u00edtse le.<\/p>\n<h2>H\u00edg\u00edt\u00e1s<\/h2>\n<p>Haszn\u00e1lhat\u00f3 tiszt\u00e1n vagy h\u00edg\u00edtva.<\/p>\n<h2>Tulajdons\u00e1gok<\/h2>\n<p><strong>Er\u0151s\u00edt:<\/strong> a jav\u00edt\u00e1s hozz\u00e1j\u00e1rul az eg\u00e9szs\u00e9ges hajhoz az\u00e1ltal, hogy meger\u0151s\u00edti annak szerkezet\u00e9t, cs\u00f6kkenti a t\u00f6redez\u00e9st \u00e9s a t\u00f6redezett hajv\u00e9geket.<br \/>\n<strong>Hidrat\u00e1l:<\/strong> jav\u00edtja a sz\u0151rzet nedvess\u00e9gtartalm\u00e1t, \u00edgy az puh\u00e1bb \u00e9s k\u00f6nnyebben kif\u00e9s\u00fclhet\u0151 lesz.<br \/>\n<strong>V\u00e9d:<\/strong> v\u00e9d\u0151g\u00e1tat k\u00e9pez a k\u00fcls\u0151 behat\u00e1sok, p\u00e9ld\u00e1ul a h\u0151 \u00e9s a szennyez\u00e9s ellen.<span style=\"font-size: 16px;\"> <\/span><br \/>\n<strong>Kisim\u00edtja: <\/strong> olyan hat\u00f3anyagokat tartalmaz, amelyek seg\u00edtenek kisim\u00edtani a haj h\u00e1mr\u00e9teg\u00e9t.<br \/>\n<strong>F\u00e9nyt ad:<\/strong> f\u00e9nyt ad a sz\u0151rzetnek.<\/p>\n<h2>Term\u00e9ktan\u00e1csad\u00e1s<\/h2>\n<p>A PURE <strong>SIM\u00cdT\u00d3 &amp; V\u00c9D\u0150 <\/strong> balzsam egy pr\u00e9mium term\u00e9k, amelyet kifejezetten olyan ki\u00e1ll\u00edt\u00e1si kuty\u00e1k sz\u00e1m\u00e1ra fejlesztettek ki, amelyek bund\u00e1ja k\u00fcl\u00f6nleges figyelmet ig\u00e9nyel. Kisim\u00edtja \u00e9s f\u00e9nyess\u00e9 teszi a hajat, mik\u00f6zben v\u00e9di a k\u00fcls\u0151 k\u00e1rosod\u00e1st\u00f3l.<\/p>\n<h2>\u00d6sszet\u00e9tel<\/h2>\n<p>&#8211;<\/p>\n<h2>EAN-k\u00f3d<\/h2>\n<p>500 milliliter: 54 250 1685 656 7<\/p>\n<h2>Referencia<\/h2>\n<p>500 milliliter: 5301340<\/p>\n","protected":false},"excerpt":{"rendered":"<p>A selyem- \u00e9s sz\u00f3jafeh\u00e9rj\u00e9kkel d\u00fas\u00edtott <strong>SIM\u00cdT\u00d3 &amp; V\u00c9D\u0150<\/strong> balzsam hidrat\u00e1lja, jav\u00edtja \u00e9s er\u0151s\u00edti a hajat, mik\u00f6zben pajzsot k\u00e9pez, hogy megv\u00e9dje a k\u00fcls\u0151 agresszi\u00f3kt\u00f3l. A sz\u0151rzet sima, f\u00e9nyes \u00e9s selymes.<\/p>\n<p><strong>Alkohol, szilikon \u00e9s sz\u00ednez\u0151anyagok n\u00e9lk\u00fcl k\u00e9sz\u00fclt.<\/strong><\/p>\n","protected":false},"featured_media":13418,"template":"","meta":{"site-sidebar-layout":"default","site-content-layout":"default","ast-site-content-layout":"default","site-content-style":"default","site-sidebar-style":"default","ast-global-header-display":"","ast-banner-title-visibility":"","ast-main-header-display":"","ast-hfb-above-header-display":"","ast-hfb-below-header-display":"","ast-hfb-mobile-header-display":"","site-post-title":"","ast-breadcrumbs-content":"","ast-featured-img":"","footer-sml-layout":"","ast-disable-related-posts":"","theme-transparent-header-meta":"default","adv-header-id-meta":"","stick-header-meta":"default","header-above-stick-meta":"","header-main-stick-meta":"","header-below-stick-meta":"","astra-migrate-meta-layouts":"default","ast-page-background-enabled":"default","ast-page-background-meta":{"desktop":{"background-color":"var(--ast-global-color-4)","background-image":"","background-repeat":"repeat","background-position":"center center","background-size":"auto","background-attachment":"scroll","background-type":"","background-media":"","overlay-type":"","overlay-color":"","overlay-opacity":"","overlay-gradient":""},"tablet":{"background-color":"","background-image":"","background-repeat":"repeat","background-position":"center center","background-size":"auto","background-attachment":"scroll","background-type":"","background-media":"","overlay-type":"","overlay-color":"","overlay-opacity":"","overlay-gradient":""},"mobile":{"background-color":"","background-image":"","background-repeat":"repeat","background-position":"center center","background-size":"auto","background-attachment":"scroll","background-type":"","background-media":"","overlay-type":"","overlay-color":"","overlay-opacity":"","overlay-gradient":""}},"ast-content-background-meta":{"desktop":{"background-color":"var(--ast-global-color-5)","background-image":"","background-repeat":"repeat","background-position":"center center","background-size":"auto","background-attachment":"scroll","background-type":"","background-media":"","overlay-type":"","overlay-color":"","overlay-opacity":"","overlay-gradient":""},"tablet":{"background-color":"var(--ast-global-color-5)","background-image":"","background-repeat":"repeat","background-position":"center center","background-size":"auto","background-attachment":"scroll","background-type":"","background-media":"","overlay-type":"","overlay-color":"","overlay-opacity":"","overlay-gradient":""},"mobile":{"background-color":"var(--ast-global-color-5)","background-image":"","background-repeat":"repeat","background-position":"center center","background-size":"auto","background-attachment":"scroll","background-type":"","background-media":"","overlay-type":"","overlay-color":"","overlay-opacity":"","overlay-gradient":""}}},"product_brand":[],"product_cat":[787],"product_tag":[],"class_list":{"0":"post-10363","1":"product","2":"type-product","3":"status-publish","4":"has-post-thumbnail","6":"product_cat-pure-hu","7":"pa_animal-kutya","8":"pa_proprietes-detangler-hu","9":"pa_proprietes-erosito","10":"pa_proprietes-hajjavito","11":"pa_proprietes-hidratalo-krem","12":"pa_proprietes-simitas","13":"pa_proprietes-vedo","14":"pa_type-de-poils-hosszu-haj","15":"desktop-align-left","16":"tablet-align-left","17":"mobile-align-left","18":"ast-product-gallery-layout-horizontal-slider","19":"ast-product-gallery-with-no-image","20":"ast-product-tabs-layout-horizontal","22":"first","23":"instock","24":"shipping-taxable","25":"product-type-simple"},"_links":{"self":[{"href":"https:\/\/www.laboratoire-diamex.com\/hu\/wp-json\/wp\/v2\/product\/10363","targetHints":{"allow":["GET"]}}],"collection":[{"href":"https:\/\/www.laboratoire-diamex.com\/hu\/wp-json\/wp\/v2\/product"}],"about":[{"href":"https:\/\/www.laboratoire-diamex.com\/hu\/wp-json\/wp\/v2\/types\/product"}],"version-history":[{"count":0,"href":"https:\/\/www.laboratoire-diamex.com\/hu\/wp-json\/wp\/v2\/product\/10363\/revisions"}],"wp:featuredmedia":[{"embeddable":true,"href":"https:\/\/www.laboratoire-diamex.com\/hu\/wp-json\/wp\/v2\/media\/13418"}],"wp:attachment":[{"href":"https:\/\/www.laboratoire-diamex.com\/hu\/wp-json\/wp\/v2\/media?parent=10363"}],"wp:term":[{"taxonomy":"product_brand","embeddable":true,"href":"https:\/\/www.laboratoire-diamex.com\/hu\/wp-json\/wp\/v2\/product_brand?post=10363"},{"taxonomy":"product_cat","embeddable":true,"href":"https:\/\/www.laboratoire-diamex.com\/hu\/wp-json\/wp\/v2\/product_cat?post=10363"},{"taxonomy":"product_tag","embeddable":true,"href":"https:\/\/www.laboratoire-diamex.com\/hu\/wp-json\/wp\/v2\/product_tag?post=10363"}],"curies":[{"name":"wp","href":"https:\/\/api.w.org\/{rel}","templated":true}]}}