{"id":10404,"date":"2023-07-11T13:00:54","date_gmt":"2023-07-11T11:00:54","guid":{"rendered":"https:\/\/www.laboratoire-diamex.com\/catalogue\/diamex-pure-volumising-treatment-balzsam\/"},"modified":"2024-07-03T10:07:37","modified_gmt":"2024-07-03T08:07:37","slug":"diamex-pure-volumising-treatment-balzsam","status":"publish","type":"product","link":"https:\/\/www.laboratoire-diamex.com\/hu\/katalogus\/diamex-pure-volumising-treatment-balzsam\/","title":{"rendered":"Diamex PURE Volumiz\u00e1l\u00f3 Kezel\u00e9s balzsam"},"content":{"rendered":"<h2>Le\u00edr\u00e1s<\/h2>\n<p>A <strong>VOLUMIZ\u00c1L\u00d3 KEZEL\u00c9S<\/strong> balzsam n\u00f6v\u00e9nyi keratinnal (fitokeratin) \u00e9s B5 feh\u00e9rj\u00e9vel (panthenol) d\u00fas\u00edtott, hogy er\u0151s\u00edtse, jav\u00edtsa \u00e9s volument adjon a hajnak.<\/p>\n<p>Az aminosavakban gazdag <strong>n\u00f6v\u00e9nyi keratin<\/strong> er\u0151s\u00edti a hajsz\u00e1lakat, cs\u00f6kkenti a t\u00f6redezett hajv\u00e9geket. Jav\u00edtja a haj text\u00far\u00e1j\u00e1t, volument \u00e9s f\u00e9nyt ad a hajnak, \u00e9s megk\u00f6nny\u00edti a f\u00e9s\u00fcl\u00e9st. A keratin emellett fenntartja a b\u0151r hidrat\u00e1lts\u00e1g\u00e1t, rugalmass\u00e1g\u00e1t \u00e9s feszess\u00e9g\u00e9t, \u00edgy az ellen\u00e1ll\u00f3bb\u00e1 v\u00e1lik a k\u00fcls\u0151 behat\u00e1sokkal szemben.<\/p>\n<p>A <strong>B5 protein<\/strong> er\u0151s\u00edti a hajsz\u00e1lakat, cs\u00f6kkenti a t\u00f6redez\u00e9st, el\u0151seg\u00edti a n\u00f6veked\u00e9st \u00e9s megsz\u00e9p\u00edti a hajat a gy\u00f6kerekt\u0151l a hajv\u00e9gekig. M\u00e9lyen hidrat\u00e1lja a hajat, f\u00e9nyes \u00e9s puha lesz t\u0151le.<\/p>\n<p><strong>Alkohol, szilikon \u00e9s sz\u00ednez\u0151anyagok n\u00e9lk\u00fcl k\u00e9sz\u00fclt.<\/strong><\/p>\n<h2>Csomagol\u00e1s<\/h2>\n<p>500 milliliter.<\/p>\n<h2>Haszn\u00e1lati utas\u00edt\u00e1s<\/h2>\n<p>Sz\u00e1raz bund\u00e1n: vigye fel a maszkot b\u0151s\u00e9gesen az eg\u00e9sz testre, hagyja rajta 20 percig, \u00f6bl\u00edtse le, majd f\u00fcr\u00f6dj\u00f6n meg. Nedves hajon: a megmosott \u00e9s t\u00f6r\u00f6lk\u00f6z\u0151sz\u00e1raz hajra vigye fel a maszkot a hossz\u00e1ra, a term\u00e9ket a t\u00f6vekt\u0151l a hajv\u00e9gek fel\u00e9 ny\u00fajtva, hagyja hatni n\u00e9h\u00e1ny percig, majd alaposan \u00f6bl\u00edtse le.<\/p>\n<h2>H\u00edg\u00edt\u00e1s<\/h2>\n<p>Haszn\u00e1lhat\u00f3 tiszt\u00e1n vagy h\u00edg\u00edtva.<\/p>\n<h2>Tulajdons\u00e1gok<\/h2>\n<p><strong>T\u00f6meget ad:<\/strong> megduzzasztja a hajsz\u00e1lakat \u00e9s jav\u00edtja a haj text\u00far\u00e1j\u00e1t, azonnali volument adva a hajnak.<br \/>\n<strong>Hidrat\u00e1l:<\/strong> m\u00e9lyen hidrat\u00e1lja a hajat an\u00e9lk\u00fcl, hogy elnehez\u00edten\u00e9, ami elengedhetetlen a volumen meg\u0151rz\u00e9s\u00e9hez.<br \/>\n<strong>Er\u0151s\u00edti: <\/strong> kit\u00f6lti a hajsz\u00e1lak h\u00e9zagait, n\u00f6velve annak er\u0151ss\u00e9g\u00e9t \u00e9s rugalmass\u00e1g\u00e1t.<br \/>\n<strong>F\u00e9nyt ad:<\/strong> f\u00e9nyt ad a sz\u0151rzetnek.<\/p>\n<h2>Term\u00e9ktan\u00e1csad\u00e1s<\/h2>\n<p>A <strong>VOLUMIZ\u00c1L\u00d3 KEZEL\u00c9S <\/strong> balzsam<strong> <\/strong>a PURE term\u00e9kcsal\u00e1db\u00f3l egy pr\u00e9mium term\u00e9k, amelyet kifejezetten olyan ki\u00e1ll\u00edt\u00e1si kuty\u00e1k sz\u00e1m\u00e1ra fejlesztettek ki, amelyek bund\u00e1ja k\u00fcl\u00f6nleges figyelmet ig\u00e9nyel. A sz\u0151rzetnek t\u00e9rfogatot ad, \u00e9s k\u00f6nny\u0171 text\u00far\u00e1t k\u00f6lcs\u00f6n\u00f6z, amely tart\u00f3s.<\/p>\n<h2>\u00d6sszet\u00e9tel<\/h2>\n<p>&#8211;<\/p>\n<h2>EAN-k\u00f3d<\/h2>\n<p>500 milliliter: 54 250 1685 655 0<\/p>\n<h2>Referencia<\/h2>\n<p>500 milliliter: 5301350<\/p>\n","protected":false},"excerpt":{"rendered":"<p>A <strong>VOLUMIZ\u00c1L\u00d3 KEZEL\u00c9S<\/strong> balzsam n\u00f6v\u00e9nyi keratinnal (fitokeratin) \u00e9s B5 feh\u00e9rj\u00e9vel (panthenol) d\u00fas\u00edtott, hogy er\u0151s\u00edtse, jav\u00edtsa \u00e9s volument adjon a hajnak.<\/p>\n<p><strong>Alkohol, szilikon \u00e9s sz\u00ednez\u0151anyagok n\u00e9lk\u00fcl k\u00e9sz\u00fclt.<\/strong><\/p>\n","protected":false},"featured_media":13407,"template":"","meta":{"site-sidebar-layout":"default","site-content-layout":"default","ast-site-content-layout":"default","site-content-style":"default","site-sidebar-style":"default","ast-global-header-display":"","ast-banner-title-visibility":"","ast-main-header-display":"","ast-hfb-above-header-display":"","ast-hfb-below-header-display":"","ast-hfb-mobile-header-display":"","site-post-title":"","ast-breadcrumbs-content":"","ast-featured-img":"","footer-sml-layout":"","ast-disable-related-posts":"","theme-transparent-header-meta":"default","adv-header-id-meta":"","stick-header-meta":"default","header-above-stick-meta":"","header-main-stick-meta":"","header-below-stick-meta":"","astra-migrate-meta-layouts":"default","ast-page-background-enabled":"default","ast-page-background-meta":{"desktop":{"background-color":"var(--ast-global-color-4)","background-image":"","background-repeat":"repeat","background-position":"center center","background-size":"auto","background-attachment":"scroll","background-type":"","background-media":"","overlay-type":"","overlay-color":"","overlay-opacity":"","overlay-gradient":""},"tablet":{"background-color":"","background-image":"","background-repeat":"repeat","background-position":"center center","background-size":"auto","background-attachment":"scroll","background-type":"","background-media":"","overlay-type":"","overlay-color":"","overlay-opacity":"","overlay-gradient":""},"mobile":{"background-color":"","background-image":"","background-repeat":"repeat","background-position":"center center","background-size":"auto","background-attachment":"scroll","background-type":"","background-media":"","overlay-type":"","overlay-color":"","overlay-opacity":"","overlay-gradient":""}},"ast-content-background-meta":{"desktop":{"background-color":"var(--ast-global-color-5)","background-image":"","background-repeat":"repeat","background-position":"center center","background-size":"auto","background-attachment":"scroll","background-type":"","background-media":"","overlay-type":"","overlay-color":"","overlay-opacity":"","overlay-gradient":""},"tablet":{"background-color":"var(--ast-global-color-5)","background-image":"","background-repeat":"repeat","background-position":"center center","background-size":"auto","background-attachment":"scroll","background-type":"","background-media":"","overlay-type":"","overlay-color":"","overlay-opacity":"","overlay-gradient":""},"mobile":{"background-color":"var(--ast-global-color-5)","background-image":"","background-repeat":"repeat","background-position":"center center","background-size":"auto","background-attachment":"scroll","background-type":"","background-media":"","overlay-type":"","overlay-color":"","overlay-opacity":"","overlay-gradient":""}}},"product_brand":[],"product_cat":[787],"product_tag":[],"class_list":{"0":"post-10404","1":"product","2":"type-product","3":"status-publish","4":"has-post-thumbnail","6":"product_cat-pure-hu","7":"pa_animal-kutya","8":"pa_proprietes-erosito","9":"pa_proprietes-hajjavito","10":"pa_proprietes-regeneralo","11":"pa_proprietes-volumennovelo","12":"pa_type-de-poils-hosszu-haj","13":"desktop-align-left","14":"tablet-align-left","15":"mobile-align-left","16":"ast-product-gallery-layout-horizontal-slider","17":"ast-product-gallery-with-no-image","18":"ast-product-tabs-layout-horizontal","20":"first","21":"instock","22":"shipping-taxable","23":"product-type-simple"},"_links":{"self":[{"href":"https:\/\/www.laboratoire-diamex.com\/hu\/wp-json\/wp\/v2\/product\/10404","targetHints":{"allow":["GET"]}}],"collection":[{"href":"https:\/\/www.laboratoire-diamex.com\/hu\/wp-json\/wp\/v2\/product"}],"about":[{"href":"https:\/\/www.laboratoire-diamex.com\/hu\/wp-json\/wp\/v2\/types\/product"}],"version-history":[{"count":0,"href":"https:\/\/www.laboratoire-diamex.com\/hu\/wp-json\/wp\/v2\/product\/10404\/revisions"}],"wp:featuredmedia":[{"embeddable":true,"href":"https:\/\/www.laboratoire-diamex.com\/hu\/wp-json\/wp\/v2\/media\/13407"}],"wp:attachment":[{"href":"https:\/\/www.laboratoire-diamex.com\/hu\/wp-json\/wp\/v2\/media?parent=10404"}],"wp:term":[{"taxonomy":"product_brand","embeddable":true,"href":"https:\/\/www.laboratoire-diamex.com\/hu\/wp-json\/wp\/v2\/product_brand?post=10404"},{"taxonomy":"product_cat","embeddable":true,"href":"https:\/\/www.laboratoire-diamex.com\/hu\/wp-json\/wp\/v2\/product_cat?post=10404"},{"taxonomy":"product_tag","embeddable":true,"href":"https:\/\/www.laboratoire-diamex.com\/hu\/wp-json\/wp\/v2\/product_tag?post=10404"}],"curies":[{"name":"wp","href":"https:\/\/api.w.org\/{rel}","templated":true}]}}