{"id":10429,"date":"2023-07-11T13:00:53","date_gmt":"2023-07-11T11:00:53","guid":{"rendered":"https:\/\/www.laboratoire-diamex.com\/catalogue\/diamex-cleaner-szalon-padlotisztito-citronella\/"},"modified":"2024-07-03T10:07:46","modified_gmt":"2024-07-03T08:07:46","slug":"diamex-cleaner-szalon-padlotisztito-citronella","status":"publish","type":"product","link":"https:\/\/www.laboratoire-diamex.com\/hu\/katalogus\/diamex-cleaner-szalon-padlotisztito-citronella\/","title":{"rendered":"Diamex Cleaner Salon Citromf\u0171 padl\u00f3tiszt\u00edt\u00f3"},"content":{"rendered":"<h2>Le\u00edr\u00e1s<\/h2>\n<p>Padl\u00f3k \u00e9s moshat\u00f3 fel\u00fcletek tiszt\u00edt\u00e1s\u00e1ra szolg\u00e1l\u00f3 tiszt\u00edt\u00f3szer, amely friss\u00edt \u00e9s szagtalan\u00edt, \u00e9s t\u00f6bb \u00f3r\u00e1n kereszt\u00fcl kellemes citronella illatot hagy a helyis\u00e9gekben. Garant\u00e1ltan mentes a k\u00e1ros anyagokt\u00f3l.<\/p>\n<h2>Csomagol\u00e1s<\/h2>\n<p>1 liter, 5 liter \u00e9s 25 liter.<\/p>\n<h2>Haszn\u00e1lati utas\u00edt\u00e1s<\/h2>\n<p>\u00d6ntse a term\u00e9ket meleg vagy forr\u00f3 v\u00edzbe, \u00e9s tiszt\u00edtsa meg a padl\u00f3t.<\/p>\n<h2>H\u00edg\u00edt\u00e1s<\/h2>\n<p>1 kupaknyi term\u00e9k 5 liter v\u00edzhez.<\/p>\n<h2>Tulajdons\u00e1gok<\/h2>\n<p>&#8211;<\/p>\n<h2>Haszn\u00e1lati utas\u00edt\u00e1s<\/h2>\n<p>&#8211;<\/p>\n<h2>\u00d6sszet\u00e9tel<\/h2>\n<p>V\u00edz, n\u00e1trium-lauret-szulf\u00e1t, peg-160 szorbit\u00e1n-triizosztear\u00e1t, cymbopogon winterianus gy\u00f3gyn\u00f6v\u00e9nyolaj, benzalk\u00f3nium-klorid.<\/p>\n<h2>EAN-k\u00f3dok<\/h2>\n<ul>\n<li>1 liter : 54 250 1685 038 1<\/li>\n<li>5 liter: 54 250 1685 207 1<\/li>\n<li>25 liter: 54 250 1685 321 4<\/li>\n<\/ul>\n<h2>Referenci\u00e1k<\/h2>\n<ul>\n<li>1 liter : 020144<\/li>\n<li>5 literes : 020145<\/li>\n<li>25 literes : 020146<\/li>\n<\/ul>\n","protected":false},"excerpt":{"rendered":"<p>Padl\u00f3k \u00e9s moshat\u00f3 fel\u00fcletek tiszt\u00edt\u00e1s\u00e1ra szolg\u00e1l\u00f3 tiszt\u00edt\u00f3szer, amely friss\u00edt \u00e9s szagtalan\u00edt, \u00e9s t\u00f6bb \u00f3r\u00e1n kereszt\u00fcl kellemes citronella illatot hagy a helyis\u00e9gekben.<\/p>\n","protected":false},"featured_media":10439,"template":"","meta":{"site-sidebar-layout":"default","site-content-layout":"default","ast-site-content-layout":"default","site-content-style":"default","site-sidebar-style":"default","ast-global-header-display":"","ast-banner-title-visibility":"","ast-main-header-display":"","ast-hfb-above-header-display":"","ast-hfb-below-header-display":"","ast-hfb-mobile-header-display":"","site-post-title":"","ast-breadcrumbs-content":"","ast-featured-img":"","footer-sml-layout":"","ast-disable-related-posts":"","theme-transparent-header-meta":"default","adv-header-id-meta":"","stick-header-meta":"default","header-above-stick-meta":"","header-main-stick-meta":"","header-below-stick-meta":"","astra-migrate-meta-layouts":"default","ast-page-background-enabled":"default","ast-page-background-meta":{"desktop":{"background-color":"var(--ast-global-color-4)","background-image":"","background-repeat":"repeat","background-position":"center center","background-size":"auto","background-attachment":"scroll","background-type":"","background-media":"","overlay-type":"","overlay-color":"","overlay-opacity":"","overlay-gradient":""},"tablet":{"background-color":"","background-image":"","background-repeat":"repeat","background-position":"center center","background-size":"auto","background-attachment":"scroll","background-type":"","background-media":"","overlay-type":"","overlay-color":"","overlay-opacity":"","overlay-gradient":""},"mobile":{"background-color":"","background-image":"","background-repeat":"repeat","background-position":"center center","background-size":"auto","background-attachment":"scroll","background-type":"","background-media":"","overlay-type":"","overlay-color":"","overlay-opacity":"","overlay-gradient":""}},"ast-content-background-meta":{"desktop":{"background-color":"var(--ast-global-color-5)","background-image":"","background-repeat":"repeat","background-position":"center center","background-size":"auto","background-attachment":"scroll","background-type":"","background-media":"","overlay-type":"","overlay-color":"","overlay-opacity":"","overlay-gradient":""},"tablet":{"background-color":"var(--ast-global-color-5)","background-image":"","background-repeat":"repeat","background-position":"center center","background-size":"auto","background-attachment":"scroll","background-type":"","background-media":"","overlay-type":"","overlay-color":"","overlay-opacity":"","overlay-gradient":""},"mobile":{"background-color":"var(--ast-global-color-5)","background-image":"","background-repeat":"repeat","background-position":"center center","background-size":"auto","background-attachment":"scroll","background-type":"","background-media":"","overlay-type":"","overlay-color":"","overlay-opacity":"","overlay-gradient":""}}},"product_brand":[],"product_cat":[809],"product_tag":[],"class_list":{"0":"post-10429","1":"product","2":"type-product","3":"status-publish","4":"has-post-thumbnail","6":"product_cat-hygine-et-entretien-hu","7":"desktop-align-left","8":"tablet-align-left","9":"mobile-align-left","10":"ast-product-gallery-layout-horizontal-slider","11":"ast-product-gallery-with-no-image","12":"ast-product-tabs-layout-horizontal","14":"first","15":"instock","16":"shipping-taxable","17":"product-type-simple"},"_links":{"self":[{"href":"https:\/\/www.laboratoire-diamex.com\/hu\/wp-json\/wp\/v2\/product\/10429","targetHints":{"allow":["GET"]}}],"collection":[{"href":"https:\/\/www.laboratoire-diamex.com\/hu\/wp-json\/wp\/v2\/product"}],"about":[{"href":"https:\/\/www.laboratoire-diamex.com\/hu\/wp-json\/wp\/v2\/types\/product"}],"version-history":[{"count":0,"href":"https:\/\/www.laboratoire-diamex.com\/hu\/wp-json\/wp\/v2\/product\/10429\/revisions"}],"wp:featuredmedia":[{"embeddable":true,"href":"https:\/\/www.laboratoire-diamex.com\/hu\/wp-json\/wp\/v2\/media\/10439"}],"wp:attachment":[{"href":"https:\/\/www.laboratoire-diamex.com\/hu\/wp-json\/wp\/v2\/media?parent=10429"}],"wp:term":[{"taxonomy":"product_brand","embeddable":true,"href":"https:\/\/www.laboratoire-diamex.com\/hu\/wp-json\/wp\/v2\/product_brand?post=10429"},{"taxonomy":"product_cat","embeddable":true,"href":"https:\/\/www.laboratoire-diamex.com\/hu\/wp-json\/wp\/v2\/product_cat?post=10429"},{"taxonomy":"product_tag","embeddable":true,"href":"https:\/\/www.laboratoire-diamex.com\/hu\/wp-json\/wp\/v2\/product_tag?post=10429"}],"curies":[{"name":"wp","href":"https:\/\/api.w.org\/{rel}","templated":true}]}}