{"id":10468,"date":"2023-07-11T13:00:53","date_gmt":"2023-07-11T11:00:53","guid":{"rendered":"https:\/\/www.laboratoire-diamex.com\/catalogue\/diamex-clean-arc-test-sampon\/"},"modified":"2024-07-03T10:07:36","modified_gmt":"2024-07-03T08:07:36","slug":"diamex-clean-arc-test-sampon","status":"publish","type":"product","link":"https:\/\/www.laboratoire-diamex.com\/hu\/katalogus\/diamex-clean-arc-test-sampon\/","title":{"rendered":"Diamex Clean Face &amp; Body n\u00f6v\u00e9nyi alap\u00fa sampon"},"content":{"rendered":"<h2>Le\u00edr\u00e1s<\/h2>\n<p>A Clean Face &amp; Body sampon 100% n\u00f6v\u00e9nyi alap\u00fa sampon, amelyet kifejezetten az arc alapos tiszt\u00edt\u00e1s\u00e1ra terveztek. Nem cs\u00edpi a szemet \u00e9s nem irrit\u00e1lja a b\u0151rt.<\/p>\n<p>Garant\u00e1ltan parab\u00e9n-, sz\u00ednez\u00e9k-, illatanyag- \u00e9s szulf\u00e1tmentes.<\/p>\n<p>Ezt a term\u00e9ket a k\u00f6vetkez\u0151 szervezetek \u00e1ltal elismert, tan\u00fas\u00edtott z\u00f6ld alapon fejlesztett\u00e9k ki: Cosmos, Ecocent, Natural Product Association, \u00e9s a TSCA (Toxic Substances Control Act) \u00e1ltal j\u00f3v\u00e1hagyott.<\/p>\n<h2>Csomagol\u00e1s<\/h2>\n<p>500 milliliter, 5 liter \u00e9s 10 liter.<\/p>\n<h2>Haszn\u00e1lati utas\u00edt\u00e1s<\/h2>\n<p>Alaposan nedves\u00edtse be \u00e9s massz\u00edrozza be a sampont az eg\u00e9sz sz\u0151rzetbe, majd alaposan \u00f6bl\u00edtse le. Nem cs\u00edpi vagy irrit\u00e1lja a szemet.<\/p>\n<h2>H\u00edg\u00edt\u00e1s<\/h2>\n<p>&#8211;<\/p>\n<h2>Tulajdons\u00e1gok<\/h2>\n<p>&#8211;<\/p>\n<h2>Term\u00e9ktan\u00e1csad\u00e1s<\/h2>\n<p>&#8211;<\/p>\n<h2>\u00d6sszet\u00e9tel<\/h2>\n<p>V\u00edz, n\u00e1trium-lauril-gl\u00fck\u00f3z-karboxil\u00e1t (\u00e9s) lauril-gl\u00fckozid, glicerin, peg-4 rapeseedamid, citromsav, n\u00e1trium-benzo\u00e1t.<\/p>\n<h2>EAN-k\u00f3dok<\/h2>\n<ul>\n<li>500 milliliter: 54 250 1685 471 6<\/li>\n<li>5 liter: 54 250 1685 461 7<\/li>\n<li>10 liter: 54 250 1685 462 4<\/li>\n<\/ul>\n<h2>Referenci\u00e1k<\/h2>\n<ul>\n<li>500 milliliter: 020282<\/li>\n<li>5 literes : 020277<\/li>\n<li>10 literes : 020278<\/li>\n<\/ul>\n","protected":false},"excerpt":{"rendered":"<p>A Clean Face &amp; Body sampon 100% n\u00f6v\u00e9nyi alap\u00fa sampon, amelyet kifejezetten az arc alapos tiszt\u00edt\u00e1s\u00e1ra terveztek.<\/p>\n","protected":false},"featured_media":10479,"template":"","meta":{"site-sidebar-layout":"default","site-content-layout":"default","ast-site-content-layout":"default","site-content-style":"default","site-sidebar-style":"default","ast-global-header-display":"","ast-banner-title-visibility":"","ast-main-header-display":"","ast-hfb-above-header-display":"","ast-hfb-below-header-display":"","ast-hfb-mobile-header-display":"","site-post-title":"","ast-breadcrumbs-content":"","ast-featured-img":"","footer-sml-layout":"","ast-disable-related-posts":"","theme-transparent-header-meta":"default","adv-header-id-meta":"","stick-header-meta":"default","header-above-stick-meta":"","header-main-stick-meta":"","header-below-stick-meta":"","astra-migrate-meta-layouts":"default","ast-page-background-enabled":"default","ast-page-background-meta":{"desktop":{"background-color":"var(--ast-global-color-4)","background-image":"","background-repeat":"repeat","background-position":"center center","background-size":"auto","background-attachment":"scroll","background-type":"","background-media":"","overlay-type":"","overlay-color":"","overlay-opacity":"","overlay-gradient":""},"tablet":{"background-color":"","background-image":"","background-repeat":"repeat","background-position":"center center","background-size":"auto","background-attachment":"scroll","background-type":"","background-media":"","overlay-type":"","overlay-color":"","overlay-opacity":"","overlay-gradient":""},"mobile":{"background-color":"","background-image":"","background-repeat":"repeat","background-position":"center center","background-size":"auto","background-attachment":"scroll","background-type":"","background-media":"","overlay-type":"","overlay-color":"","overlay-opacity":"","overlay-gradient":""}},"ast-content-background-meta":{"desktop":{"background-color":"var(--ast-global-color-5)","background-image":"","background-repeat":"repeat","background-position":"center center","background-size":"auto","background-attachment":"scroll","background-type":"","background-media":"","overlay-type":"","overlay-color":"","overlay-opacity":"","overlay-gradient":""},"tablet":{"background-color":"var(--ast-global-color-5)","background-image":"","background-repeat":"repeat","background-position":"center center","background-size":"auto","background-attachment":"scroll","background-type":"","background-media":"","overlay-type":"","overlay-color":"","overlay-opacity":"","overlay-gradient":""},"mobile":{"background-color":"var(--ast-global-color-5)","background-image":"","background-repeat":"repeat","background-position":"center center","background-size":"auto","background-attachment":"scroll","background-type":"","background-media":"","overlay-type":"","overlay-color":"","overlay-opacity":"","overlay-gradient":""}}},"product_brand":[],"product_cat":[823],"product_tag":[],"class_list":{"0":"post-10468","1":"product","2":"type-product","3":"status-publish","4":"has-post-thumbnail","6":"product_cat-vegetale-hu","7":"pa_animal-kutya","8":"pa_proprietes-tisztito","9":"pa_specificites-novenyi","10":"pa_type-de-poils-hosszu-haj","11":"pa_type-de-poils-minden-tipus","12":"pa_type-de-poils-rovid-haj","13":"desktop-align-left","14":"tablet-align-left","15":"mobile-align-left","16":"ast-product-gallery-layout-horizontal-slider","17":"ast-product-tabs-layout-horizontal","19":"first","20":"instock","21":"shipping-taxable","22":"product-type-simple"},"_links":{"self":[{"href":"https:\/\/www.laboratoire-diamex.com\/hu\/wp-json\/wp\/v2\/product\/10468","targetHints":{"allow":["GET"]}}],"collection":[{"href":"https:\/\/www.laboratoire-diamex.com\/hu\/wp-json\/wp\/v2\/product"}],"about":[{"href":"https:\/\/www.laboratoire-diamex.com\/hu\/wp-json\/wp\/v2\/types\/product"}],"version-history":[{"count":0,"href":"https:\/\/www.laboratoire-diamex.com\/hu\/wp-json\/wp\/v2\/product\/10468\/revisions"}],"wp:featuredmedia":[{"embeddable":true,"href":"https:\/\/www.laboratoire-diamex.com\/hu\/wp-json\/wp\/v2\/media\/10479"}],"wp:attachment":[{"href":"https:\/\/www.laboratoire-diamex.com\/hu\/wp-json\/wp\/v2\/media?parent=10468"}],"wp:term":[{"taxonomy":"product_brand","embeddable":true,"href":"https:\/\/www.laboratoire-diamex.com\/hu\/wp-json\/wp\/v2\/product_brand?post=10468"},{"taxonomy":"product_cat","embeddable":true,"href":"https:\/\/www.laboratoire-diamex.com\/hu\/wp-json\/wp\/v2\/product_cat?post=10468"},{"taxonomy":"product_tag","embeddable":true,"href":"https:\/\/www.laboratoire-diamex.com\/hu\/wp-json\/wp\/v2\/product_tag?post=10468"}],"curies":[{"name":"wp","href":"https:\/\/api.w.org\/{rel}","templated":true}]}}