{"id":10492,"date":"2023-07-11T13:00:53","date_gmt":"2023-07-11T11:00:53","guid":{"rendered":"https:\/\/www.laboratoire-diamex.com\/catalogue\/diamex-frist-melytisztito-sampon\/"},"modified":"2024-07-03T10:07:48","modified_gmt":"2024-07-03T08:07:48","slug":"diamex-frist-melytisztito-sampon","status":"publish","type":"product","link":"https:\/\/www.laboratoire-diamex.com\/hu\/katalogus\/diamex-frist-melytisztito-sampon\/","title":{"rendered":"Diamex First Deep Cleaning sampon"},"content":{"rendered":"<h2>Le\u00edr\u00e1s<\/h2>\n<p>Minden hajt\u00edpuson haszn\u00e1lhat\u00f3, ker\u00fclve a szemmel val\u00f3 \u00e9rintkez\u00e9st. M\u00e9lyen hat, hogy a haj selymesen sima maradjon.<\/p>\n<h2>Csomagol\u00e1s<\/h2>\n<p>5 liter.<\/p>\n<h2>Haszn\u00e1lati utas\u00edt\u00e1s<\/h2>\n<p>Alaposan nedves\u00edtse be \u00e9s massz\u00edrozza be a sampont az eg\u00e9sz sz\u0151rzetbe, majd alaposan \u00f6bl\u00edtse le. Ker\u00fclje a szemmel val\u00f3 \u00e9rintkez\u00e9st.<\/p>\n<h2>H\u00edg\u00edt\u00e1s<\/h2>\n<p>1 adag term\u00e9k 16 adag v\u00edzhez.<\/p>\n<h2>Tulajdons\u00e1gok<\/h2>\n<p>&#8211;<\/p>\n<h2>Term\u00e9ktan\u00e1csad\u00e1s<\/h2>\n<p>&#8211;<\/p>\n<h2>\u00d6sszet\u00e9tel<\/h2>\n<p>V\u00edz, dodecil-benzensulf\u00e1t de soude, peg-160 szorbit\u00e1n-triizosztear\u00e1t, tea-lauril-szulf\u00e1t, glicerin, citromsav, n\u00e1trium-benzo\u00e1t, k\u00e1lium-szorb\u00e1t.<\/p>\n<h2>EAN-k\u00f3d<\/h2>\n<p>5 liter: 54 250 1685 486 0<\/p>\n<h2>Referencia<\/h2>\n<p>5 literes : 022021<\/p>\n","protected":false},"excerpt":{"rendered":"<p>Le\u00edr\u00e1s Minden hajt\u00edpuson haszn\u00e1lhat\u00f3, ker\u00fclve a szemmel val\u00f3 \u00e9rintkez\u00e9st. M\u00e9lyen hat, hogy a haj selymesen sima maradjon. Csomagol\u00e1s 5 liter. Haszn\u00e1lati utas\u00edt\u00e1s Alaposan nedves\u00edtse be \u00e9s massz\u00edrozza be a sampont az eg\u00e9sz sz\u0151rzetbe, majd alaposan \u00f6bl\u00edtse le. Ker\u00fclje a szemmel val\u00f3 \u00e9rintkez\u00e9st. H\u00edg\u00edt\u00e1s 1 adag term\u00e9k 16 adag v\u00edzhez. Tulajdons\u00e1gok &#8211; Term\u00e9ktan\u00e1csad\u00e1s &#8211; \u00d6sszet\u00e9tel V\u00edz, [&hellip;]<\/p>\n","protected":false},"featured_media":10507,"template":"","meta":{"site-sidebar-layout":"default","site-content-layout":"default","ast-site-content-layout":"default","site-content-style":"default","site-sidebar-style":"default","ast-global-header-display":"","ast-banner-title-visibility":"","ast-main-header-display":"","ast-hfb-above-header-display":"","ast-hfb-below-header-display":"","ast-hfb-mobile-header-display":"","site-post-title":"","ast-breadcrumbs-content":"","ast-featured-img":"","footer-sml-layout":"","ast-disable-related-posts":"","theme-transparent-header-meta":"default","adv-header-id-meta":"","stick-header-meta":"default","header-above-stick-meta":"","header-main-stick-meta":"","header-below-stick-meta":"","astra-migrate-meta-layouts":"default","ast-page-background-enabled":"default","ast-page-background-meta":{"desktop":{"background-color":"var(--ast-global-color-4)","background-image":"","background-repeat":"repeat","background-position":"center center","background-size":"auto","background-attachment":"scroll","background-type":"","background-media":"","overlay-type":"","overlay-color":"","overlay-opacity":"","overlay-gradient":""},"tablet":{"background-color":"","background-image":"","background-repeat":"repeat","background-position":"center center","background-size":"auto","background-attachment":"scroll","background-type":"","background-media":"","overlay-type":"","overlay-color":"","overlay-opacity":"","overlay-gradient":""},"mobile":{"background-color":"","background-image":"","background-repeat":"repeat","background-position":"center center","background-size":"auto","background-attachment":"scroll","background-type":"","background-media":"","overlay-type":"","overlay-color":"","overlay-opacity":"","overlay-gradient":""}},"ast-content-background-meta":{"desktop":{"background-color":"var(--ast-global-color-5)","background-image":"","background-repeat":"repeat","background-position":"center center","background-size":"auto","background-attachment":"scroll","background-type":"","background-media":"","overlay-type":"","overlay-color":"","overlay-opacity":"","overlay-gradient":""},"tablet":{"background-color":"var(--ast-global-color-5)","background-image":"","background-repeat":"repeat","background-position":"center center","background-size":"auto","background-attachment":"scroll","background-type":"","background-media":"","overlay-type":"","overlay-color":"","overlay-opacity":"","overlay-gradient":""},"mobile":{"background-color":"var(--ast-global-color-5)","background-image":"","background-repeat":"repeat","background-position":"center center","background-size":"auto","background-attachment":"scroll","background-type":"","background-media":"","overlay-type":"","overlay-color":"","overlay-opacity":"","overlay-gradient":""}}},"product_brand":[],"product_cat":[755],"product_tag":[],"class_list":{"0":"post-10492","1":"product","2":"type-product","3":"status-publish","4":"has-post-thumbnail","6":"product_cat-classique-hu","7":"pa_animal-kutya","8":"pa_animal-macska","9":"pa_proprietes-zsirtalanito","10":"pa_specificites-professzionalis-hasznalat","11":"pa_type-de-poils-hosszu-haj","12":"pa_type-de-poils-minden-tipus","13":"pa_type-de-poils-rovid-haj","14":"desktop-align-left","15":"tablet-align-left","16":"mobile-align-left","17":"ast-product-gallery-layout-horizontal-slider","18":"ast-product-gallery-with-no-image","19":"ast-product-tabs-layout-horizontal","21":"first","22":"instock","23":"shipping-taxable","24":"product-type-simple"},"_links":{"self":[{"href":"https:\/\/www.laboratoire-diamex.com\/hu\/wp-json\/wp\/v2\/product\/10492","targetHints":{"allow":["GET"]}}],"collection":[{"href":"https:\/\/www.laboratoire-diamex.com\/hu\/wp-json\/wp\/v2\/product"}],"about":[{"href":"https:\/\/www.laboratoire-diamex.com\/hu\/wp-json\/wp\/v2\/types\/product"}],"version-history":[{"count":0,"href":"https:\/\/www.laboratoire-diamex.com\/hu\/wp-json\/wp\/v2\/product\/10492\/revisions"}],"wp:featuredmedia":[{"embeddable":true,"href":"https:\/\/www.laboratoire-diamex.com\/hu\/wp-json\/wp\/v2\/media\/10507"}],"wp:attachment":[{"href":"https:\/\/www.laboratoire-diamex.com\/hu\/wp-json\/wp\/v2\/media?parent=10492"}],"wp:term":[{"taxonomy":"product_brand","embeddable":true,"href":"https:\/\/www.laboratoire-diamex.com\/hu\/wp-json\/wp\/v2\/product_brand?post=10492"},{"taxonomy":"product_cat","embeddable":true,"href":"https:\/\/www.laboratoire-diamex.com\/hu\/wp-json\/wp\/v2\/product_cat?post=10492"},{"taxonomy":"product_tag","embeddable":true,"href":"https:\/\/www.laboratoire-diamex.com\/hu\/wp-json\/wp\/v2\/product_tag?post=10492"}],"curies":[{"name":"wp","href":"https:\/\/api.w.org\/{rel}","templated":true}]}}