{"id":10618,"date":"2023-07-11T13:00:35","date_gmt":"2023-07-11T11:00:35","guid":{"rendered":"https:\/\/www.laboratoire-diamex.com\/catalogue\/diamex-bio-technic-gyenged-sampon\/"},"modified":"2024-07-03T10:35:24","modified_gmt":"2024-07-03T08:35:24","slug":"diamex-bio-technic-gyenged-sampon","status":"publish","type":"product","link":"https:\/\/www.laboratoire-diamex.com\/hu\/katalogus\/diamex-bio-technic-gyenged-sampon\/","title":{"rendered":"Diamex BIO-TECHNIC Gyeng\u00e9d sampon"},"content":{"rendered":"<h2>Le\u00edr\u00e1s<\/h2>\n<p>Ez a n\u00f6v\u00e9nyi alap\u00fa sampon 99,9%-ban term\u00e9szetes eredet\u0171 \u00f6sszetev\u0151ket tartalmaz. Aloe Vera g\u00e9llel \u00e9s szappanf\u0171lev\u00e9l kivonattal gazdag\u00edtva minden hajt\u00edpusra alkalmas.<\/p>\n<p>A hidrat\u00e1l\u00f3 tulajdons\u00e1gair\u00f3l ismert m\u00e9z puh\u00e1v\u00e1 \u00e9s f\u00e9nyess\u00e9 teszi a sz\u0151rzetet. A terp\u00e9nekben gazdag \u00e9des narancsolaj tiszt\u00edtja a b\u0151rt \u00e9s er\u0151s\u00edti a hajat.<\/p>\n<p>Garant\u00e1ltan petrolk\u00e9mia-, parab\u00e9n-, sz\u00ednez\u00e9k-, szintetikus illatanyag- \u00e9s szilikonmentes.<\/p>\n<h2>Csomagol\u00e1s<\/h2>\n<p>200 milliliter, 1 liter \u00e9s 5 liter.<\/p>\n<h2>Haszn\u00e1lati utas\u00edt\u00e1s<\/h2>\n<p>Alaposan nedves\u00edtse be \u00e9s massz\u00edrozza be a sampont az eg\u00e9sz sz\u0151rzetbe, majd alaposan \u00f6bl\u00edtse le. Ker\u00fclje a szemmel val\u00f3 \u00e9rintkez\u00e9st.<\/p>\n<h2>H\u00edg\u00edt\u00e1s<\/h2>\n<p>60 ml term\u00e9k 1 liter v\u00edzhez.<\/p>\n<h2>Tulajdons\u00e1gok<\/h2>\n<p>&#8211;<\/p>\n<h2>Haszn\u00e1lati utas\u00edt\u00e1s<\/h2>\n<p>&#8211;<\/p>\n<h2>\u00d6sszet\u00e9tel<\/h2>\n<p>V\u00edz, n\u00e1trium-lauril-gl\u00fck\u00f3z-karboxil\u00e1t (\u00e9s) lauril-gl\u00fckozid, alkil-poligl\u00fckozid c8-c10, saponaria officinalis lev\u00e9lkivonat, citromsav, n\u00e1trium-benzo\u00e1t, parf\u00fcm, citrus aurantium dulcis h\u00e9jolaj, k\u00e1lium-szorb\u00e1t, xant\u00e1n gumi, aloe barbadensis lev\u00e9ll\u00e9.<\/p>\n<h2>EAN-k\u00f3dok<\/h2>\n<ul>\n<li>200 milliliter: 54 250 1685 175 3<\/li>\n<li>1 liter :<\/li>\n<li>5 liter: 54 250 1685 319 1<\/li>\n<\/ul>\n<h2>Referenci\u00e1k<\/h2>\n<ul>\n<li>200 milliliter: 5301400<\/li>\n<li>1 liter : 5301480<\/li>\n<li>5 literes : 5301490<\/li>\n<\/ul>\n","protected":false},"excerpt":{"rendered":"<p>Ez a n\u00f6v\u00e9nyi alap\u00fa sampon 99,9%-ban term\u00e9szetes eredet\u0171 \u00f6sszetev\u0151ket tartalmaz. Aloe Vera g\u00e9llel \u00e9s szappanf\u0171lev\u00e9l kivonattal gazdag\u00edtva minden hajt\u00edpusra alkalmas.<\/p>\n","protected":false},"featured_media":10626,"template":"","meta":{"site-sidebar-layout":"default","site-content-layout":"default","ast-site-content-layout":"default","site-content-style":"default","site-sidebar-style":"default","ast-global-header-display":"","ast-banner-title-visibility":"","ast-main-header-display":"","ast-hfb-above-header-display":"","ast-hfb-below-header-display":"","ast-hfb-mobile-header-display":"","site-post-title":"","ast-breadcrumbs-content":"","ast-featured-img":"","footer-sml-layout":"","ast-disable-related-posts":"","theme-transparent-header-meta":"default","adv-header-id-meta":"","stick-header-meta":"default","header-above-stick-meta":"","header-main-stick-meta":"","header-below-stick-meta":"","astra-migrate-meta-layouts":"default","ast-page-background-enabled":"default","ast-page-background-meta":{"desktop":{"background-color":"var(--ast-global-color-4)","background-image":"","background-repeat":"repeat","background-position":"center center","background-size":"auto","background-attachment":"scroll","background-type":"","background-media":"","overlay-type":"","overlay-color":"","overlay-opacity":"","overlay-gradient":""},"tablet":{"background-color":"","background-image":"","background-repeat":"repeat","background-position":"center center","background-size":"auto","background-attachment":"scroll","background-type":"","background-media":"","overlay-type":"","overlay-color":"","overlay-opacity":"","overlay-gradient":""},"mobile":{"background-color":"","background-image":"","background-repeat":"repeat","background-position":"center center","background-size":"auto","background-attachment":"scroll","background-type":"","background-media":"","overlay-type":"","overlay-color":"","overlay-opacity":"","overlay-gradient":""}},"ast-content-background-meta":{"desktop":{"background-color":"var(--ast-global-color-5)","background-image":"","background-repeat":"repeat","background-position":"center center","background-size":"auto","background-attachment":"scroll","background-type":"","background-media":"","overlay-type":"","overlay-color":"","overlay-opacity":"","overlay-gradient":""},"tablet":{"background-color":"var(--ast-global-color-5)","background-image":"","background-repeat":"repeat","background-position":"center center","background-size":"auto","background-attachment":"scroll","background-type":"","background-media":"","overlay-type":"","overlay-color":"","overlay-opacity":"","overlay-gradient":""},"mobile":{"background-color":"var(--ast-global-color-5)","background-image":"","background-repeat":"repeat","background-position":"center center","background-size":"auto","background-attachment":"scroll","background-type":"","background-media":"","overlay-type":"","overlay-color":"","overlay-opacity":"","overlay-gradient":""}}},"product_brand":[],"product_cat":[823],"product_tag":[],"class_list":{"0":"post-10618","1":"product","2":"type-product","3":"status-publish","4":"has-post-thumbnail","6":"product_cat-vegetale-hu","7":"pa_animal-kutya","8":"pa_proprietes-erosito","9":"pa_proprietes-hajjavito","10":"pa_proprietes-hidratalo-krem","11":"pa_proprietes-nyugtato","12":"pa_specificites-erzekeny-borre","13":"pa_specificites-novenyi","14":"pa_type-de-poils-hosszu-haj","15":"pa_type-de-poils-minden-tipus","16":"pa_type-de-poils-rovid-haj","17":"desktop-align-left","18":"tablet-align-left","19":"mobile-align-left","20":"ast-product-gallery-layout-horizontal-slider","21":"ast-product-gallery-with-no-image","22":"ast-product-tabs-layout-horizontal","24":"first","25":"instock","26":"shipping-taxable","27":"product-type-simple"},"_links":{"self":[{"href":"https:\/\/www.laboratoire-diamex.com\/hu\/wp-json\/wp\/v2\/product\/10618","targetHints":{"allow":["GET"]}}],"collection":[{"href":"https:\/\/www.laboratoire-diamex.com\/hu\/wp-json\/wp\/v2\/product"}],"about":[{"href":"https:\/\/www.laboratoire-diamex.com\/hu\/wp-json\/wp\/v2\/types\/product"}],"version-history":[{"count":0,"href":"https:\/\/www.laboratoire-diamex.com\/hu\/wp-json\/wp\/v2\/product\/10618\/revisions"}],"wp:featuredmedia":[{"embeddable":true,"href":"https:\/\/www.laboratoire-diamex.com\/hu\/wp-json\/wp\/v2\/media\/10626"}],"wp:attachment":[{"href":"https:\/\/www.laboratoire-diamex.com\/hu\/wp-json\/wp\/v2\/media?parent=10618"}],"wp:term":[{"taxonomy":"product_brand","embeddable":true,"href":"https:\/\/www.laboratoire-diamex.com\/hu\/wp-json\/wp\/v2\/product_brand?post=10618"},{"taxonomy":"product_cat","embeddable":true,"href":"https:\/\/www.laboratoire-diamex.com\/hu\/wp-json\/wp\/v2\/product_cat?post=10618"},{"taxonomy":"product_tag","embeddable":true,"href":"https:\/\/www.laboratoire-diamex.com\/hu\/wp-json\/wp\/v2\/product_tag?post=10618"}],"curies":[{"name":"wp","href":"https:\/\/api.w.org\/{rel}","templated":true}]}}