{"id":10707,"date":"2023-07-11T13:00:26","date_gmt":"2023-07-11T11:00:26","guid":{"rendered":"https:\/\/www.laboratoire-diamex.com\/catalogue\/diamex-jojoba-sampon\/"},"modified":"2024-07-03T10:34:09","modified_gmt":"2024-07-03T08:34:09","slug":"diamex-jojoba-sampon","status":"publish","type":"product","link":"https:\/\/www.laboratoire-diamex.com\/hu\/katalogus\/diamex-jojoba-sampon\/","title":{"rendered":"Diamex Jojoba sampon"},"content":{"rendered":"<h2>Le\u00edr\u00e1s<\/h2>\n<p>Jojobaolajos sampon kiegyens\u00falyozott PH \u00e9rt\u00e9kkel; revitaliz\u00e1l\u00f3. Seg\u00edt fenntartani az eg\u00e9szs\u00e9ges b\u0151rt \u00e9s hajat. A haj f\u00e9nyes \u00e9s k\u00f6nnyen form\u00e1zhat\u00f3, nem zs\u00edrosodik. K\u00fcl\u00f6n\u00f6sen alkalmas hossz\u00fa sz\u0151r\u0171 kuty\u00e1k sz\u00e1m\u00e1ra.<\/p>\n<h2>Csomagol\u00e1s<\/h2>\n<p>250 milliliter, 1 liter, 5 liter \u00e9s 25 liter.<\/p>\n<h2>Haszn\u00e1lati utas\u00edt\u00e1s<\/h2>\n<p>Alaposan nedves\u00edtse be \u00e9s massz\u00edrozza be a sampont az eg\u00e9sz sz\u0151rzetbe, majd alaposan \u00f6bl\u00edtse le. Ker\u00fclje a szemmel val\u00f3 \u00e9rintkez\u00e9st.<\/p>\n<h2>H\u00edg\u00edt\u00e1s<\/h2>\n<p>125 milliliter sampon 1 liter v\u00edzhez.<\/p>\n<h2>Tulajdons\u00e1gok<\/h2>\n<p>&#8211;<\/p>\n<h2>Haszn\u00e1lati utas\u00edt\u00e1s<\/h2>\n<p>&#8211;<\/p>\n<h2>\u00d6sszet\u00e9tel<\/h2>\n<p>V\u00edz, n\u00e1trium-lauret-szulf\u00e1t, tea-lauril-szulf\u00e1t, k\u00f3kuszamidopropil-b\u00e9tain, glicerin, kokamid-dea \u00e9s glicerin, n\u00e1trium-klorid, peg-15 kokopoliamin, hidrog\u00e9nezett jojobaolaj, parf\u00fcm, citromsav, n\u00e1trium-benzo\u00e1t, k\u00e1lium-szorb\u00e1t.<\/p>\n<h2>EAN-k\u00f3dok<\/h2>\n<ul>\n<li>250 milliliter: 54 250 1685 004 6<\/li>\n<li>1 liter: 54 250 1685 230 9<\/li>\n<li>5 liter: 54 250 1685 231 6<\/li>\n<li>25 liter: 54 250 1685 334 4<\/li>\n<\/ul>\n<h2>Referenci\u00e1k<\/h2>\n<ul>\n<li>250 milliliter: 020062<\/li>\n<li>1 liter : 020063<\/li>\n<li>5 literes : 020064<\/li>\n<li>25 literes : 020065<\/li>\n<\/ul>\n","protected":false},"excerpt":{"rendered":"<p>Le\u00edr\u00e1s Jojobaolajos sampon kiegyens\u00falyozott PH \u00e9rt\u00e9kkel; revitaliz\u00e1l\u00f3. Seg\u00edt fenntartani az eg\u00e9szs\u00e9ges b\u0151rt \u00e9s hajat. A haj f\u00e9nyes \u00e9s k\u00f6nnyen form\u00e1zhat\u00f3, nem zs\u00edrosodik. K\u00fcl\u00f6n\u00f6sen alkalmas hossz\u00fa sz\u0151r\u0171 kuty\u00e1k sz\u00e1m\u00e1ra. Csomagol\u00e1s 250 milliliter, 1 liter, 5 liter \u00e9s 25 liter. Haszn\u00e1lati utas\u00edt\u00e1s Alaposan nedves\u00edtse be \u00e9s massz\u00edrozza be a sampont az eg\u00e9sz sz\u0151rzetbe, majd alaposan \u00f6bl\u00edtse le. [&hellip;]<\/p>\n","protected":false},"featured_media":10718,"template":"","meta":{"site-sidebar-layout":"default","site-content-layout":"default","ast-site-content-layout":"default","site-content-style":"default","site-sidebar-style":"default","ast-global-header-display":"","ast-banner-title-visibility":"","ast-main-header-display":"","ast-hfb-above-header-display":"","ast-hfb-below-header-display":"","ast-hfb-mobile-header-display":"","site-post-title":"","ast-breadcrumbs-content":"","ast-featured-img":"","footer-sml-layout":"","ast-disable-related-posts":"","theme-transparent-header-meta":"default","adv-header-id-meta":"","stick-header-meta":"default","header-above-stick-meta":"","header-main-stick-meta":"","header-below-stick-meta":"","astra-migrate-meta-layouts":"default","ast-page-background-enabled":"default","ast-page-background-meta":{"desktop":{"background-color":"var(--ast-global-color-4)","background-image":"","background-repeat":"repeat","background-position":"center center","background-size":"auto","background-attachment":"scroll","background-type":"","background-media":"","overlay-type":"","overlay-color":"","overlay-opacity":"","overlay-gradient":""},"tablet":{"background-color":"","background-image":"","background-repeat":"repeat","background-position":"center center","background-size":"auto","background-attachment":"scroll","background-type":"","background-media":"","overlay-type":"","overlay-color":"","overlay-opacity":"","overlay-gradient":""},"mobile":{"background-color":"","background-image":"","background-repeat":"repeat","background-position":"center center","background-size":"auto","background-attachment":"scroll","background-type":"","background-media":"","overlay-type":"","overlay-color":"","overlay-opacity":"","overlay-gradient":""}},"ast-content-background-meta":{"desktop":{"background-color":"var(--ast-global-color-5)","background-image":"","background-repeat":"repeat","background-position":"center center","background-size":"auto","background-attachment":"scroll","background-type":"","background-media":"","overlay-type":"","overlay-color":"","overlay-opacity":"","overlay-gradient":""},"tablet":{"background-color":"var(--ast-global-color-5)","background-image":"","background-repeat":"repeat","background-position":"center center","background-size":"auto","background-attachment":"scroll","background-type":"","background-media":"","overlay-type":"","overlay-color":"","overlay-opacity":"","overlay-gradient":""},"mobile":{"background-color":"var(--ast-global-color-5)","background-image":"","background-repeat":"repeat","background-position":"center center","background-size":"auto","background-attachment":"scroll","background-type":"","background-media":"","overlay-type":"","overlay-color":"","overlay-opacity":"","overlay-gradient":""}}},"product_brand":[],"product_cat":[755],"product_tag":[],"class_list":{"0":"post-10707","1":"product","2":"type-product","3":"status-publish","4":"has-post-thumbnail","6":"product_cat-classique-hu","7":"pa_animal-kutya","8":"pa_proprietes-detangler-hu","9":"pa_proprietes-hidratalo-krem","10":"pa_proprietes-kondicionalo","11":"pa_proprietes-taplalas","12":"pa_specificites-erzekeny-borre","13":"pa_type-de-poils-hosszu-haj","14":"desktop-align-left","15":"tablet-align-left","16":"mobile-align-left","17":"ast-product-gallery-layout-horizontal-slider","18":"ast-product-gallery-with-no-image","19":"ast-product-tabs-layout-horizontal","21":"first","22":"instock","23":"shipping-taxable","24":"product-type-simple"},"_links":{"self":[{"href":"https:\/\/www.laboratoire-diamex.com\/hu\/wp-json\/wp\/v2\/product\/10707","targetHints":{"allow":["GET"]}}],"collection":[{"href":"https:\/\/www.laboratoire-diamex.com\/hu\/wp-json\/wp\/v2\/product"}],"about":[{"href":"https:\/\/www.laboratoire-diamex.com\/hu\/wp-json\/wp\/v2\/types\/product"}],"version-history":[{"count":0,"href":"https:\/\/www.laboratoire-diamex.com\/hu\/wp-json\/wp\/v2\/product\/10707\/revisions"}],"wp:featuredmedia":[{"embeddable":true,"href":"https:\/\/www.laboratoire-diamex.com\/hu\/wp-json\/wp\/v2\/media\/10718"}],"wp:attachment":[{"href":"https:\/\/www.laboratoire-diamex.com\/hu\/wp-json\/wp\/v2\/media?parent=10707"}],"wp:term":[{"taxonomy":"product_brand","embeddable":true,"href":"https:\/\/www.laboratoire-diamex.com\/hu\/wp-json\/wp\/v2\/product_brand?post=10707"},{"taxonomy":"product_cat","embeddable":true,"href":"https:\/\/www.laboratoire-diamex.com\/hu\/wp-json\/wp\/v2\/product_cat?post=10707"},{"taxonomy":"product_tag","embeddable":true,"href":"https:\/\/www.laboratoire-diamex.com\/hu\/wp-json\/wp\/v2\/product_tag?post=10707"}],"curies":[{"name":"wp","href":"https:\/\/api.w.org\/{rel}","templated":true}]}}